{"id":109,"date":"2023-02-22T09:14:43","date_gmt":"2023-02-22T09:14:43","guid":{"rendered":"https:\/\/www.aquadivo.com\/?page_id=109"},"modified":"2023-11-29T17:41:48","modified_gmt":"2023-11-29T16:41:48","slug":"impressum","status":"publish","type":"page","link":"https:\/\/www.aquadivo.com\/cs\/otisk\/","title":{"rendered":"Impressum \u2013 Pr\u00e1vn\u00ed upozorn\u011bn\u00ed"},"content":{"rendered":"<p>[et_pb_section fb_built=&#8221;1&#8243; custom_padding_last_edited=&#8221;on|phone&#8221; _builder_version=&#8221;4.19.5&#8243; _module_preset=&#8221;default&#8221; custom_padding=&#8221;8vh||8vh||true|false&#8221; custom_padding_tablet=&#8221;6vh||6vh||true|false&#8221; custom_padding_phone=&#8221;4vh||4vh||true|false&#8221; global_colors_info=&#8221;{}&#8221;][et_pb_row _builder_version=&#8221;4.19.5&#8243; _module_preset=&#8221;default&#8221; width=&#8221;95%&#8221; width_tablet=&#8221;90%&#8221; width_phone=&#8221;90%&#8221; width_last_edited=&#8221;on|desktop&#8221; max_width=&#8221;1200px&#8221; custom_padding=&#8221;0px||0px||false|false&#8221; global_colors_info=&#8221;{}&#8221;][et_pb_column type=&#8221;4_4&#8243; _builder_version=&#8221;4.19.5&#8243; _module_preset=&#8221;default&#8221; global_colors_info=&#8221;{}&#8221;][et_pb_text _builder_version=&#8221;4.19.5&#8243; _module_preset=&#8221;default&#8221; text_text_color=&#8221;#6B7D87&#8243; text_font_size=&#8221;1.3rem&#8221; text_line_height=&#8221;1.7rem&#8221; header_2_text_color=&#8221;#244F8A&#8221; header_2_font_size=&#8221;2rem&#8221; text_font_size_tablet=&#8221;1.1rem&#8221; text_font_size_phone=&#8221;1rem&#8221; text_font_size_last_edited=&#8221;on|desktop&#8221; header_2_font_size_tablet=&#8221;1.7rem&#8221; header_2_font_size_phone=&#8221;1.4rem&#8221; header_2_font_size_last_edited=&#8221;on|desktop&#8221; global_colors_info=&#8221;{}&#8221;]<\/p>\n<h2>Impressum \u2013 Pr\u00e1vn\u00ed upozorn\u011bn\u00ed<\/h2>\n<p>Aquadivo GmbH<\/p>\n<p>Hlavn\u00ed s\u00eddlo:<\/p>\n<p>Alfons-Petzold-Gasse 17\/2\/2<br \/>A-2345 Brunn am Gebirge<br \/>telefon: <span>+43(0)2236\/866 409<\/span><br \/>E-mailem: <a href=\"mailto:office@aquadivo.com\">office@aquadivo.com<\/a><\/p>\n<p><span>V\u00fdkonn\u00fd \u0159editel: Davor Hinger<\/span><br \/><span>Akcion\u00e1\u0159 s \u00fa\u010dast\u00ed prost\u0159ednictv\u00edm 25%<\/span><\/p>\n<p>UID: ATU68703557<\/p>\n<p>Bankovn\u00ed detaily:<br \/>Bankovn\u00ed \u00fadaje Rakousko:<br \/>\u00dav\u011brov\u00e1 instituce: Erste Bank<br \/>IBAN: AT962011182526532600<br \/>BIC: GIBAATWWXXX<\/p>\n<p>P\u0159edm\u011bt spole\u010dnosti:<br \/>Velkoobchod s vodn\u00edmi prvky, okrasn\u00fdmi font\u00e1nami, zahradn\u00edmi font\u00e1nami, p\u0159\u00edrodn\u00edmi kameny a dopl\u0148ky.<br \/>V\u00fdrobce designov\u00fdch vodn\u00edch objekt\u016f<\/p>\n<p>Dozor\u010d\u00ed org\u00e1n:<br \/>Okresn\u00ed \u00fa\u0159ad M\u00f6dling, Rakousko<\/p>\n<p>\u010clen rakousk\u00e9 hospod\u00e1\u0159sk\u00e9 komory (http:\/\/www.wko.at) v odborn\u00fdch skupin\u00e1ch<br \/>Gener\u00e1ln\u00ed st\u00e1tn\u00ed org\u00e1n pro obchod<\/p>\n<p>[\/et_pb_text][et_pb_text _module_preset=&#8221;default&#8221;]<\/p>\n<div class=\"woocommerce woocommerce-gzd woocommerce-gzd-complaints-shortcode\">\n\t\t\t<h3>Information pursuant to \u00a7 19 (3) AStG<\/h3>\n\t\t<p>Alternative Dispute Resolution Act - Online stores<\/p>\n\t\n<p>Die Europ\u00e4ische Kommission stellt eine Plattform zur Online-Streitbeilegung (OS) bereit, die du unter <a href=\"https:\/\/ec.europa.eu\/consumers\/odr\" target=\"_blank\">https:\/\/ec.europa.eu\/consumers\/odr<\/a> findest. Zur Teilnahme an einem Streitbeilegungsverfahren vor einer Verbraucherschlichtungsstelle sind wir nicht verpflichtet und nicht bereit.<\/p>\n<\/div>\n<p>[\/et_pb_text][\/et_pb_column][\/et_pb_row][\/et_pb_section][et_pb_section fb_built=&#8221;1&#8243; admin_label=&#8221;button_vertrieb&#8221; _builder_version=&#8221;4.19.5&#8243; _module_preset=&#8221;default&#8221; custom_padding=&#8221;0px||0px||false|false&#8221; global_colors_info=&#8221;{}&#8221;][et_pb_row _builder_version=&#8221;4.19.5&#8243; _module_preset=&#8221;default&#8221; width=&#8221;100%&#8221; max_width=&#8221;100%&#8221; custom_padding=&#8221;0px||0px||false|false&#8221; global_colors_info=&#8221;{}&#8221;][et_pb_column type=&#8221;4_4&#8243; _builder_version=&#8221;4.19.5&#8243; _module_preset=&#8221;default&#8221; global_colors_info=&#8221;{}&#8221;][et_pb_button button_url=&#8221;@ET-DC@eyJkeW5hbWljIjp0cnVlLCJjb250ZW50IjoicG9zdF9saW5rX3VybF9wYWdlIiwic2V0dGluZ3MiOnsicG9zdF9pZCI6IjQ0In19@&#8221; button_text=&#8221;Vertriebspartner werden&#8221; button_alignment=&#8221;right&#8221; _builder_version=&#8221;4.19.5&#8243; _dynamic_attributes=&#8221;button_url&#8221; _module_preset=&#8221;aa163f75-f00b-419a-aa44-e001467aabec&#8221; positioning=&#8221;fixed&#8221; position_origin_f=&#8221;bottom_right&#8221; vertical_offset=&#8221;10px&#8221; horizontal_offset=&#8221;10px&#8221; z_index=&#8221;9998&#8243; global_colors_info=&#8221;{}&#8221;][\/et_pb_button][\/et_pb_column][\/et_pb_row][\/et_pb_section]<\/p>","protected":false},"excerpt":{"rendered":"<p>Impressum Aquadivo GmbH Firmensitz: Alfons-Petzold-Gasse 17\/2\/2A-2345 Brunn am GebirgePhone.: +43(0)2236\/866 409E-Mail: office@aquadivo.com Gesch\u00e4ftsf\u00fchrer: Davor HingerGesellschafter mit Beteiligung \u00fcber 25% UID: ATU68703557 Bankverbindung:Bankverbindung \u00d6sterreich:Kreditinstitut: Erste BankIBAN: AT962011182526532600BIC: GIBAATWWXXX Unternehmensgegenstand:Gro\u00dfhandel f\u00fcr Wasserspiele, Zierbrunnen, Gartenbrunnen, Natursteine und Zubeh\u00f6r.Hersteller von Design Wasserobjekten Zust\u00e4ndige Aufsichtsbeh\u00f6rde:Bezirkshauptmannschaft M\u00f6dling, \u00d6sterreich Mitglied der Wirtschaftskammer \u00d6sterreich (http:\/\/www.wko.at) in den FachgruppenAllgemeines Landesgremium des Handels<div class=\"woocommerce woocommerce-gzd woocommerce-gzd-complaints-shortcode\">\n\t\t\t<h3>Information pursuant to \u00a7 19 (3) AStG<\/h3>\n\t\t<p>Alternative Dispute Resolution Act - Online stores<\/p>\n\t\n<p>Die Europ\u00e4ische Kommission stellt eine Plattform zur Online-Streitbeilegung (OS) bereit, die du unter <a href=\"https:\/\/ec.europa.eu\/consumers\/odr\" target=\"_blank\">https:\/\/ec.europa.eu\/consumers\/odr<\/a> findest. Zur Teilnahme an einem Streitbeilegungsverfahren vor einer Verbraucherschlichtungsstelle sind wir nicht verpflichtet und nicht bereit.<\/p>\n<\/div><\/p>","protected":false},"author":1,"featured_media":0,"parent":0,"menu_order":0,"comment_status":"closed","ping_status":"closed","template":"","meta":{"_et_pb_use_builder":"on","_et_pb_old_content":"","_et_gb_content_width":"","footnotes":""},"class_list":["post-109","page","type-page","status-publish","hentry"],"_links":{"self":[{"href":"https:\/\/www.aquadivo.com\/cs\/wp-json\/wp\/v2\/pages\/109","targetHints":{"allow":["GET"]}}],"collection":[{"href":"https:\/\/www.aquadivo.com\/cs\/wp-json\/wp\/v2\/pages"}],"about":[{"href":"https:\/\/www.aquadivo.com\/cs\/wp-json\/wp\/v2\/types\/page"}],"author":[{"embeddable":true,"href":"https:\/\/www.aquadivo.com\/cs\/wp-json\/wp\/v2\/users\/1"}],"replies":[{"embeddable":true,"href":"https:\/\/www.aquadivo.com\/cs\/wp-json\/wp\/v2\/comments?post=109"}],"version-history":[{"count":1,"href":"https:\/\/www.aquadivo.com\/cs\/wp-json\/wp\/v2\/pages\/109\/revisions"}],"predecessor-version":[{"id":4401,"href":"https:\/\/www.aquadivo.com\/cs\/wp-json\/wp\/v2\/pages\/109\/revisions\/4401"}],"wp:attachment":[{"href":"https:\/\/www.aquadivo.com\/cs\/wp-json\/wp\/v2\/media?parent=109"}],"curies":[{"name":"wp","href":"https:\/\/api.w.org\/{rel}","templated":true}]}}