{"id":2,"date":"2023-02-20T13:02:56","date_gmt":"2023-02-20T13:02:56","guid":{"rendered":"https:\/\/www.aquadivo.com\/?page_id=2"},"modified":"2023-03-29T22:55:50","modified_gmt":"2023-03-29T21:55:50","slug":"sample-page","status":"publish","type":"page","link":"https:\/\/www.aquadivo.com\/cs\/ukazkova-stranka\/","title":{"rendered":"Uk\u00e1zkov\u00e1 str\u00e1nka"},"content":{"rendered":"<p>[et_pb_section fb_built=&#8221;1&#8243; _builder_version=&#8221;4.16&#8243; global_colors_info=&#8221;{}&#8221;][et_pb_row _builder_version=&#8221;4.16&#8243; background_size=&#8221;initial&#8221; background_position=&#8221;top_left&#8221; background_repeat=&#8221;repeat&#8221; global_colors_info=&#8221;{}&#8221;][et_pb_column type=&#8221;4_4&#8243; _builder_version=&#8221;4.16&#8243; custom_padding=&#8221;|||&#8221; global_colors_info=&#8221;{}&#8221; custom_padding__hover=&#8221;|||&#8221;][et_pb_text _builder_version=&#8221;4.19.5&#8243; background_size=&#8221;initial&#8221; background_position=&#8221;top_left&#8221; background_repeat=&#8221;repeat&#8221; hover_enabled=&#8221;0&#8243; global_colors_info=&#8221;{}&#8221; sticky_enabled=&#8221;0&#8243; text_font=&#8221;barlow condensed regular||||||||&#8221;]<\/p>\n<p><!-- divi:paragraph -->Toto je p\u0159\u00edklad str\u00e1nky. Li\u0161\u00ed se od p\u0159\u00edsp\u011bvku na blogu, proto\u017ee z\u016fstane na jednom m\u00edst\u011b a zobraz\u00ed se na va\u0161em webu (ve v\u011bt\u0161in\u011b t\u00e9mat). V\u011bt\u0161ina lid\u00ed za\u010d\u00edn\u00e1 str\u00e1nkou O aplikaci, kter\u00e1 je p\u0159edstavuje potenci\u00e1ln\u00edm n\u00e1v\u0161t\u011bvn\u00edk\u016fm webu. M\u016f\u017ee to \u0159\u00edkat n\u011bco takov\u00e9ho:<\/p>\n<p><!-- \/divi:paragraph --><\/p>\n<p><!-- divi:quote --><\/p>\n<blockquote class=\"wp-block-quote\">\n<p><!-- divi:paragraph -->Ahoj! Ve dne jsem posl\u00ed\u010dek na kole, v noci cti\u017e\u00e1dostiv\u00fd herec a toto je m\u016fj web. \u017diji v Los Angeles, m\u00e1m skv\u011bl\u00e9ho psa jm\u00e9nem Jack a m\u00e1m r\u00e1d pi\u00f1a coladas. (A chytit se v de\u0161ti.)<\/p>\n<p><!-- \/divi:paragraph --><\/p>\n<\/blockquote>\n<p><!-- \/divi:quote --><\/p>\n<p><!-- divi:paragraph -->...nebo n\u011bco takov\u00e9ho:<\/p>\n<p><!-- \/divi:paragraph --><\/p>\n<p><!-- divi:quote --><\/p>\n<blockquote class=\"wp-block-quote\">\n<p><!-- divi:paragraph -->Spole\u010dnost XYZ Doohickey Company byla zalo\u017eena v roce 1971 a od t\u00e9 doby poskytuje ve\u0159ejnosti kvalitn\u00ed doohickey. Spole\u010dnost XYZ se s\u00eddlem v Gotham City zam\u011bstn\u00e1v\u00e1 v\u00edce ne\u017e 2 000 lid\u00ed a d\u011bl\u00e1 pro komunitu Gothamu v\u0161echny druhy \u00fa\u017easn\u00fdch v\u011bc\u00ed.<\/p>\n<p><!-- \/divi:paragraph --><\/p>\n<\/blockquote>\n<p><!-- \/divi:quote --><\/p>\n<p><!-- divi:paragraph -->Jako nov\u00fd u\u017eivatel WordPress byste m\u011bli p\u0159ej\u00edt na <a href=\"https:\/\/www.aquadivo.com\/wp-admin\/\">v\u00e1\u0161 p\u0159\u00edstrojov\u00fd panel<\/a> smazat tuto str\u00e1nku a vytvo\u0159it nov\u00e9 str\u00e1nky pro v\u00e1\u0161 obsah. Bavte se!<\/p>\n<p>&nbsp;<\/p>\n<p><span>Ahoj. Jsem trochu slep\u00fd texta\u0159. A bylo to tak dlouho, jak si pamatuji. Nebylo snadn\u00e9 pochopit, co to znamen\u00e1 b\u00fdt slep\u00fdm textem: ned\u00e1v\u00e1te smysl. Opravdu nem\u00e1 smysl. Jsou vkl\u00e1d\u00e1ny a obraceny nesouvisle \u2013 a \u010dasto se ani ne\u010dtou. Ale d\u011bl\u00e1 to ze m\u011b samo o sob\u011b hor\u0161\u00ed text ne\u017e ostatn\u00ed? No, nikdy nebudu na seznamu bestseller\u016f. To ale ned\u011blaj\u00ed ani jin\u00e9 texty. A proto m\u011b nijak zvl\u00e1\u0161\u0165 netr\u00e1p\u00ed b\u00fdt slep\u00fd. A pokud je\u0161t\u011b \u010dtete tyto \u0159\u00e1dky, jako mal\u00fd slep\u00fd text jsem dos\u00e1hl n\u011b\u010deho, o \u010dem v\u0161echny skute\u010dn\u00e9 a d\u016fle\u017eit\u00e9 texty v\u011bt\u0161inou jen sn\u00ed.<\/span><\/p>\n<p><!-- \/divi:paragraph --><\/p>\n<p>[\/et_pb_text][\/et_pb_column][\/et_pb_row][\/et_pb_section]<\/p>","protected":false},"excerpt":{"rendered":"<p>This is an example page. It&#8217;s different from a blog post because it will stay in one place and will show up in your site navigation (in most themes). Most people start with an About page that introduces them to potential site visitors. It might say something like this: Hi there! I&#8217;m a bike messenger [&hellip;]<\/p>","protected":false},"author":1,"featured_media":0,"parent":0,"menu_order":0,"comment_status":"closed","ping_status":"open","template":"","meta":{"_et_pb_use_builder":"on","_et_pb_old_content":"<!-- wp:paragraph -->\n<p>This is an example page. It's different from a blog post because it will stay in one place and will show up in your site navigation (in most themes). Most people start with an About page that introduces them to potential site visitors. It might say something like this:<\/p>\n<!-- \/wp:paragraph -->\n\n<!-- wp:quote -->\n<blockquote class=\"wp-block-quote\"><!-- wp:paragraph -->\n<p>Hi there! I'm a bike messenger by day, aspiring actor by night, and this is my website. I live in Los Angeles, have a great dog named Jack, and I like pi\u00f1a coladas. (And gettin' caught in the rain.)<\/p>\n<!-- \/wp:paragraph --><\/blockquote>\n<!-- \/wp:quote -->\n\n<!-- wp:paragraph -->\n<p>...or something like this:<\/p>\n<!-- \/wp:paragraph -->\n\n<!-- wp:quote -->\n<blockquote class=\"wp-block-quote\"><!-- wp:paragraph -->\n<p>The XYZ Doohickey Company was founded in 1971, and has been providing quality doohickeys to the public ever since. Located in Gotham City, XYZ employs over 2,000 people and does all kinds of awesome things for the Gotham community.<\/p>\n<!-- \/wp:paragraph --><\/blockquote>\n<!-- \/wp:quote -->\n\n<!-- wp:paragraph -->\n<p>As a new WordPress user, you should go to <a href=\"https:\/\/www.aquadivo.com\/wp-admin\/\">your dashboard<\/a> to delete this page and create new pages for your content. Have fun!<\/p>\n<!-- \/wp:paragraph -->","_et_gb_content_width":"","footnotes":""},"class_list":["post-2","page","type-page","status-publish","hentry"],"_links":{"self":[{"href":"https:\/\/www.aquadivo.com\/cs\/wp-json\/wp\/v2\/pages\/2","targetHints":{"allow":["GET"]}}],"collection":[{"href":"https:\/\/www.aquadivo.com\/cs\/wp-json\/wp\/v2\/pages"}],"about":[{"href":"https:\/\/www.aquadivo.com\/cs\/wp-json\/wp\/v2\/types\/page"}],"author":[{"embeddable":true,"href":"https:\/\/www.aquadivo.com\/cs\/wp-json\/wp\/v2\/users\/1"}],"replies":[{"embeddable":true,"href":"https:\/\/www.aquadivo.com\/cs\/wp-json\/wp\/v2\/comments?post=2"}],"version-history":[{"count":0,"href":"https:\/\/www.aquadivo.com\/cs\/wp-json\/wp\/v2\/pages\/2\/revisions"}],"wp:attachment":[{"href":"https:\/\/www.aquadivo.com\/cs\/wp-json\/wp\/v2\/media?parent=2"}],"curies":[{"name":"wp","href":"https:\/\/api.w.org\/{rel}","templated":true}]}}