{"id":34,"date":"2023-02-20T15:18:29","date_gmt":"2023-02-20T15:18:29","guid":{"rendered":"https:\/\/www.aquadivo.com\/?page_id=34"},"modified":"2023-04-01T00:22:13","modified_gmt":"2023-03-31T23:22:13","slug":"design-lichtbrunnen","status":"publish","type":"page","link":"https:\/\/www.aquadivo.com\/cs\/designova-svetelna-fontana\/","title":{"rendered":"Designov\u00e1 sv\u011bteln\u00e1 font\u00e1na"},"content":{"rendered":"<p>[et_pb_section fb_built=&#8221;1&#8243; module_class=&#8221;pa-parallax-background-image-size&#8221; _builder_version=&#8221;4.19.5&#8243; _module_preset=&#8221;a7dd5aff-7621-4b17-83f8-ba8d3ae5a575&#8243; use_background_color_gradient=&#8221;off&#8221; background_image=&#8221;https:\/\/www.aquadivo.com\/wp-content\/uploads\/2023\/03\/steinlicht-banner1800x650-01-1.jpg&#8221; parallax=&#8221;off&#8221; height_phone=&#8221;490px&#8221; background_last_edited=&#8221;on|phone&#8221; background_image_phone=&#8221;https:\/\/www.aquadivo.com\/wp-content\/uploads\/2023\/03\/WhatsApp-Image-2023-03-21-at-16.24.33.jpeg&#8221; background_enable_image_phone=&#8221;on&#8221; global_colors_info=&#8221;{}&#8221;][\/et_pb_section][et_pb_section fb_built=&#8221;1&#8243; custom_padding_last_edited=&#8221;on|phone&#8221; _builder_version=&#8221;4.19.5&#8243; _module_preset=&#8221;default&#8221; custom_padding=&#8221;8vh||8vh||true|false&#8221; custom_padding_tablet=&#8221;6vh||6vh||true|false&#8221; custom_padding_phone=&#8221;4vh||4vh||true|false&#8221; global_colors_info=&#8221;{}&#8221;][et_pb_row custom_padding_last_edited=&#8221;on|phone&#8221; _builder_version=&#8221;4.19.5&#8243; _module_preset=&#8221;default&#8221; width=&#8221;100%&#8221; width_tablet=&#8221;90%&#8221; width_phone=&#8221;90%&#8221; width_last_edited=&#8221;on|phone&#8221; max_width=&#8221;1200px&#8221; custom_padding=&#8221;0px||6vh||false|false&#8221; custom_padding_tablet=&#8221;0px||6vh||false|false&#8221; custom_padding_phone=&#8221;||4vh||false|false&#8221; global_colors_info=&#8221;{}&#8221;][et_pb_column type=&#8221;4_4&#8243; _builder_version=&#8221;4.19.5&#8243; _module_preset=&#8221;default&#8221; global_colors_info=&#8221;{}&#8221;][et_pb_text _builder_version=&#8221;4.19.5&#8243; _module_preset=&#8221;default&#8221; text_text_color=&#8221;#6B7D87&#8243; text_font_size=&#8221;1.3rem&#8221; text_line_height=&#8221;1.7rem&#8221; header_text_color=&#8221;#FFFFFF&#8221; header_2_text_color=&#8221;#244F8A&#8221; header_2_font_size=&#8221;2.7rem&#8221; header_2_line_height=&#8221;1.3em&#8221; text_font_size_tablet=&#8221;1.1rem&#8221; text_font_size_phone=&#8221;1rem&#8221; text_font_size_last_edited=&#8221;on|phone&#8221; header_2_font_size_tablet=&#8221;2.3rem&#8221; header_2_font_size_phone=&#8221;1.8rem&#8221; header_2_font_size_last_edited=&#8221;on|phone&#8221; inline_fonts=&#8221;Barlow Bold,barlow bold&#8221; global_colors_info=&#8221;{}&#8221;]<\/p>\n<h2><strong>Designov\u00e1 sv\u011bteln\u00e1 font\u00e1na<\/strong><\/h2>\n<p>Designov\u00e9 sv\u011bteln\u00e9 font\u00e1ny jsou zvl\u00e1\u0161t\u011b prosp\u011b\u0161n\u00e9 pro pohodu. Krom\u011b v\u00fdhod b\u011b\u017en\u00e9 font\u00e1ny toto <span style=\"font-family: 'Barlow Bold'; font-weight: normal;\"><strong>tepl\u00e9 sv\u011btlo<\/strong><\/span> tato font\u00e1na d\u00e1v\u00e1 zvl\u00e1\u0161tn\u00ed pocit <span style=\"font-family: 'barlow bold';\"><strong>\u00fatulnost <\/strong><\/span>a <span style=\"font-family: 'Barlow Bold'; font-weight: normal;\"><strong>bezpe\u010dnostn\u00ed<\/strong> <\/span>\u0161\u00ed\u0159en\u00ed. Font\u00e1ny jsou vhodn\u00e9 do r\u016fzn\u00fdch m\u00edstnost\u00ed a dod\u00e1vaj\u00ed ka\u017ed\u00e9mu m\u00edstu individu\u00e1ln\u00ed kouzlo.<\/p>\n<p>[\/et_pb_text][\/et_pb_column][\/et_pb_row][et_pb_row column_structure=&#8221;1_2,1_2&#8243; make_equal=&#8221;on&#8221; custom_padding_last_edited=&#8221;on|phone&#8221; _builder_version=&#8221;4.19.5&#8243; _module_preset=&#8221;default&#8221; width=&#8221;100%&#8221; width_tablet=&#8221;90%&#8221; width_phone=&#8221;90%&#8221; width_last_edited=&#8221;on|phone&#8221; max_width=&#8221;1200px&#8221; custom_padding=&#8221;0px||6vh||false|false&#8221; custom_padding_tablet=&#8221;||4vh||false|false&#8221; custom_padding_phone=&#8221;||4vh||false|false&#8221; global_colors_info=&#8221;{}&#8221;][et_pb_column type=&#8221;1_2&#8243; _builder_version=&#8221;4.19.5&#8243; _module_preset=&#8221;default&#8221; global_colors_info=&#8221;{}&#8221;][et_pb_image src=&#8221;https:\/\/www.aquadivo.com\/wp-content\/uploads\/2023\/03\/soelker-marmor-gartenbrunnen-lichbrunnen-SET3-yale14.jpg&#8221; alt=&#8221;Lichtbrunnen s\u00f6lker marmor gartenbrunnen&#8221; title_text=&#8221;soelker-marmor-gartenbrunnen-lichbrunnen-SET3-yale14&#8243; module_class=&#8221;et-zoom-in&#8221; _builder_version=&#8221;4.19.5&#8243; _module_preset=&#8221;default&#8221; custom_padding_tablet=&#8221;&#8221; custom_padding_phone=&#8221;&#8221; custom_padding_last_edited=&#8221;on|phone&#8221; border_radii=&#8221;on|3px|3px|3px|3px&#8221; global_colors_info=&#8221;{}&#8221;][\/et_pb_image][\/et_pb_column][et_pb_column type=&#8221;1_2&#8243; _builder_version=&#8221;4.19.5&#8243; _module_preset=&#8221;default&#8221; custom_css_main_element=&#8221;margin:auto;&#8221; global_colors_info=&#8221;{}&#8221;][et_pb_text _builder_version=&#8221;4.19.5&#8243; _module_preset=&#8221;default&#8221; text_text_color=&#8221;#6B7D87&#8243; text_font_size=&#8221;1.3rem&#8221; text_line_height=&#8221;1.7rem&#8221; text_font_size_tablet=&#8221;1.1rem&#8221; text_font_size_phone=&#8221;1rem&#8221; text_font_size_last_edited=&#8221;on|phone&#8221; inline_fonts=&#8221;Barlow Bold&#8221; global_colors_info=&#8221;{}&#8221;]<\/p>\n<p>Designov\u00e9 sv\u011bteln\u00e9 font\u00e1ny jsou vyrobeny z ,,<span style=\"font-family: 'Barlow Bold'; font-weight: normal;\"><strong>S\u00f6lker mramor<\/strong><\/span>&#039; nebo jin\u00fd krystalick\u00fd mramor v\u00fdhradn\u011b v na\u0161em <span style=\"font-family: 'Barlow Bold'; font-weight: normal;\"><strong>vlastn\u00ed d\u00edlnu v Rakousku<\/strong><\/span> vyroben. Neobvykl\u00fd design t\u00e9to font\u00e1ny charakterizuje mramor. Skaln\u00ed inkluze a kresby vytv\u00e1\u0159ej\u00ed v ka\u017ed\u00e9m modelu r\u016fzn\u00e9 sv\u011bteln\u00e9 efekty. K osv\u011btlen\u00ed se v\u011bt\u0161inou pou\u017e\u00edvaj\u00ed podvodn\u00ed halogenov\u00e9 \u017e\u00e1rovky.<\/p>\n<p>Je tu i p\u00e1r exempl\u00e1\u0159\u016f z toho vz\u00e1cn\u00e9ho z Portugalska <span style=\"font-family: 'Barlow Bold'; font-weight: normal;\"><strong>Mramor Rosa Portugallo<\/strong><\/span> a p\u016fvodem z It\u00e1lie, <span style=\"font-family: 'Barlow Bold';\"><strong>Carrarsk\u00fd mramor<\/strong><\/span>. Kresby mramoru a hra vody spolupracuj\u00ed a zvou k \u00fa\u017easu a odpo\u010dinku. Sv\u016fj pln\u00fd \u00fa\u010dinek mohou rozvinout tak\u00e9 venku a zejm\u00e9na v noci <span style=\"font-family: 'Barlow Bold';\"><strong>stylov\u011b dopl\u0148uj\u00ed design \u0161irok\u00e9 \u0161k\u00e1ly venkovn\u00edch za\u0159\u00edzen\u00ed<\/strong><\/span>.<\/p>\n<p>[\/et_pb_text][\/et_pb_column][\/et_pb_row][et_pb_row column_structure=&#8221;1_3,1_3,1_3&#8243; _builder_version=&#8221;4.19.5&#8243; _module_preset=&#8221;default&#8221; width=&#8221;95%&#8221; width_tablet=&#8221;90%&#8221; width_phone=&#8221;90%&#8221; width_last_edited=&#8221;on|phone&#8221; max_width=&#8221;1200px&#8221; custom_padding=&#8221;0px||0px||false|false&#8221; global_colors_info=&#8221;{}&#8221;][et_pb_column type=&#8221;1_3&#8243; _builder_version=&#8221;4.19.5&#8243; _module_preset=&#8221;default&#8221; global_colors_info=&#8221;{}&#8221;][et_pb_image src=&#8221;https:\/\/www.aquadivo.com\/wp-content\/uploads\/2023\/03\/gartenbrunnen-soelker-marmor40x40cm-Wuerfel-06.jpg&#8221; alt=&#8221;Gartenbrunnen S\u00f6lker Marmor W\u00fcrfel&#8221; title_text=&#8221;gartenbrunnen-soelker-marmor40x40cm-Wuerfel-06&#8243; module_class=&#8221;et-zoom-in&#8221; _builder_version=&#8221;4.19.5&#8243; _module_preset=&#8221;default&#8221; border_radii=&#8221;on|3px|3px|3px|3px&#8221; global_colors_info=&#8221;{}&#8221;][\/et_pb_image][\/et_pb_column][et_pb_column type=&#8221;1_3&#8243; _builder_version=&#8221;4.19.5&#8243; _module_preset=&#8221;default&#8221; global_colors_info=&#8221;{}&#8221;][et_pb_image src=&#8221;https:\/\/www.aquadivo.com\/wp-content\/uploads\/2023\/03\/lichtbrunnen-design-gartenbrunnen-emperador2022-01.jpg&#8221; alt=&#8221;Gartenbrunnen S\u00f6lker Marmor&#8221; title_text=&#8221;lichtbrunnen-design-gartenbrunnen-emperador2022-01&#8243; module_class=&#8221;et-zoom-in&#8221; _builder_version=&#8221;4.19.5&#8243; _module_preset=&#8221;default&#8221; border_radii=&#8221;on|3px|3px|3px|3px&#8221; locked=&#8221;off&#8221; global_colors_info=&#8221;{}&#8221;][\/et_pb_image][\/et_pb_column][et_pb_column type=&#8221;1_3&#8243; _builder_version=&#8221;4.19.5&#8243; _module_preset=&#8221;default&#8221; global_colors_info=&#8221;{}&#8221;][et_pb_image src=&#8221;https:\/\/www.aquadivo.com\/wp-content\/uploads\/2023\/03\/wasserwand-garten-lichtbrunnen-bonvidas2022-02.jpg&#8221; alt=&#8221;Wasserwand Lichtbrunnen S\u00f6lker Marmor&#8221; title_text=&#8221;wasserwand-garten-lichtbrunnen-bonvidas2022-02&#8243; module_class=&#8221;et-zoom-in&#8221; _builder_version=&#8221;4.19.5&#8243; _module_preset=&#8221;default&#8221; border_radii=&#8221;on|3px|3px|3px|3px&#8221; locked=&#8221;off&#8221; global_colors_info=&#8221;{}&#8221;][\/et_pb_image][\/et_pb_column][\/et_pb_row][\/et_pb_section][et_pb_section fb_built=&#8221;1&#8243; admin_label=&#8221;button_vertrieb&#8221; _builder_version=&#8221;4.19.5&#8243; _module_preset=&#8221;default&#8221; custom_padding=&#8221;0px||0px||false|false&#8221; global_colors_info=&#8221;{}&#8221;][et_pb_row _builder_version=&#8221;4.19.5&#8243; _module_preset=&#8221;default&#8221; width=&#8221;100%&#8221; max_width=&#8221;100%&#8221; custom_padding=&#8221;0px||0px||false|false&#8221; global_colors_info=&#8221;{}&#8221;][et_pb_column type=&#8221;4_4&#8243; _builder_version=&#8221;4.19.5&#8243; _module_preset=&#8221;default&#8221; global_colors_info=&#8221;{}&#8221;][et_pb_button button_url=&#8221;@ET-DC@eyJkeW5hbWljIjp0cnVlLCJjb250ZW50IjoicG9zdF9saW5rX3VybF9wYWdlIiwic2V0dGluZ3MiOnsicG9zdF9pZCI6IjQ0In19@&#8221; button_text=&#8221;Vertriebspartner werden&#8221; button_alignment=&#8221;right&#8221; _builder_version=&#8221;4.19.5&#8243; _dynamic_attributes=&#8221;button_url&#8221; _module_preset=&#8221;aa163f75-f00b-419a-aa44-e001467aabec&#8221; positioning=&#8221;fixed&#8221; position_origin_f=&#8221;bottom_right&#8221; vertical_offset=&#8221;10px&#8221; horizontal_offset=&#8221;10px&#8221; z_index=&#8221;9998&#8243; global_colors_info=&#8221;{}&#8221;][\/et_pb_button][\/et_pb_column][\/et_pb_row][\/et_pb_section]<\/p>","protected":false},"excerpt":{"rendered":"<p>Design Lichtbrunnen Design Lichtbrunnen sind besonders f\u00f6rdernd f\u00fcr das Wohlbefinden. Zus\u00e4tzlich zu den Vorteilen eines normalen Brunnens wird durch das warme Licht dieser Brunnen ein besonderes Gef\u00fchl an Gem\u00fctlichkeit und Geborgenheit verbreitet. Die Brunnen sind f\u00fcr diverse R\u00e4umlichkeiten geeignet und verleihen jedem Ort einen individuellen Charme.Design Lichtbrunnen werden mit ,,S\u00f6lker Marmor\u201c oder anderem kristallinnen Marmor [&hellip;]<\/p>","protected":false},"author":1,"featured_media":0,"parent":0,"menu_order":0,"comment_status":"closed","ping_status":"closed","template":"","meta":{"_et_pb_use_builder":"on","_et_pb_old_content":"<!-- wp:divi\/placeholder \/-->","_et_gb_content_width":"","footnotes":""},"class_list":["post-34","page","type-page","status-publish","hentry"],"_links":{"self":[{"href":"https:\/\/www.aquadivo.com\/cs\/wp-json\/wp\/v2\/pages\/34","targetHints":{"allow":["GET"]}}],"collection":[{"href":"https:\/\/www.aquadivo.com\/cs\/wp-json\/wp\/v2\/pages"}],"about":[{"href":"https:\/\/www.aquadivo.com\/cs\/wp-json\/wp\/v2\/types\/page"}],"author":[{"embeddable":true,"href":"https:\/\/www.aquadivo.com\/cs\/wp-json\/wp\/v2\/users\/1"}],"replies":[{"embeddable":true,"href":"https:\/\/www.aquadivo.com\/cs\/wp-json\/wp\/v2\/comments?post=34"}],"version-history":[{"count":0,"href":"https:\/\/www.aquadivo.com\/cs\/wp-json\/wp\/v2\/pages\/34\/revisions"}],"wp:attachment":[{"href":"https:\/\/www.aquadivo.com\/cs\/wp-json\/wp\/v2\/media?parent=34"}],"curies":[{"name":"wp","href":"https:\/\/api.w.org\/{rel}","templated":true}]}}