{"id":36,"date":"2023-02-20T15:18:53","date_gmt":"2023-02-20T15:18:53","guid":{"rendered":"https:\/\/www.aquadivo.com\/?page_id=36"},"modified":"2023-08-24T18:01:01","modified_gmt":"2023-08-24T17:01:01","slug":"interieur","status":"publish","type":"page","link":"https:\/\/www.aquadivo.com\/cs\/interier\/","title":{"rendered":"Interi\u00e9r"},"content":{"rendered":"<p>[et_pb_section fb_built=&#8221;1&#8243; _builder_version=&#8221;4.19.5&#8243; _module_preset=&#8221;1b58ed5b-6370-4c81-9ae9-39a9863c86e3&#8243; background_image=&#8221;https:\/\/www.aquadivo.com\/wp-content\/uploads\/2023\/03\/wasserwand-exklusiv-banner01.jpg&#8221; parallax=&#8221;off&#8221; height_tablet=&#8221;600px&#8221; height_phone=&#8221;490px&#8221; height_last_edited=&#8221;on|phone&#8221; animation_duration=&#8221;1000ms&#8221; animation_delay=&#8221;300ms&#8221; animation_intensity_slide=&#8221;2%&#8221; animation_duration_tablet=&#8221;&#8221; animation_duration_phone=&#8221;500ms&#8221; animation_duration_last_edited=&#8221;on|phone&#8221; global_colors_info=&#8221;{}&#8221;][\/et_pb_section][et_pb_section fb_built=&#8221;1&#8243; custom_padding_last_edited=&#8221;on|phone&#8221; _builder_version=&#8221;4.19.5&#8243; _module_preset=&#8221;default&#8221; custom_padding=&#8221;8vh||8vh||true|false&#8221; custom_padding_tablet=&#8221;6vh||6vh||true|false&#8221; custom_padding_phone=&#8221;4vh||4vh||true|false&#8221; global_colors_info=&#8221;{}&#8221;][et_pb_row custom_padding_last_edited=&#8221;on|phone&#8221; _builder_version=&#8221;4.19.5&#8243; _module_preset=&#8221;default&#8221; width=&#8221;95%&#8221; width_tablet=&#8221;90%&#8221; width_phone=&#8221;90%&#8221; width_last_edited=&#8221;on|tablet&#8221; max_width=&#8221;1200px&#8221; custom_margin=&#8221;0px||||false|false&#8221; custom_margin_tablet=&#8221;&#8221; custom_margin_phone=&#8221;0vh||||false|false&#8221; custom_margin_last_edited=&#8221;on|phone&#8221; custom_padding=&#8221;||0px||false|false&#8221; custom_padding_tablet=&#8221;6vh||0px||false|false&#8221; custom_padding_phone=&#8221;3vh||||false|false&#8221; animation_style=&#8221;slide&#8221; animation_direction=&#8221;bottom&#8221; animation_delay=&#8221;300ms&#8221; animation_intensity_slide=&#8221;2%&#8221; animation_delay_tablet=&#8221;300ms&#8221; animation_delay_phone=&#8221;200ms&#8221; animation_delay_last_edited=&#8221;on|phone&#8221; global_colors_info=&#8221;{}&#8221;][et_pb_column type=&#8221;4_4&#8243; _builder_version=&#8221;4.19.5&#8243; _module_preset=&#8221;default&#8221; global_colors_info=&#8221;{}&#8221;][et_pb_text _builder_version=&#8221;4.22.1&#8243; _module_preset=&#8221;default&#8221; text_text_color=&#8221;#6B7D87&#8243; text_font_size=&#8221;1.3rem&#8221; text_line_height=&#8221;1.72em&#8221; header_2_font=&#8221;Barlow condensed||||||||&#8221; header_2_text_color=&#8221;#244F8A&#8221; header_2_font_size=&#8221;2.7rem&#8221; header_3_text_color=&#8221;#244F8A&#8221; header_3_font_size=&#8221;2rem&#8221; header_3_line_height=&#8221;1.3em&#8221; custom_margin=&#8221;||6vh||false|false&#8221; custom_margin_tablet=&#8221;||4vh||false|false&#8221; custom_margin_phone=&#8221;||3vh||false|false&#8221; custom_margin_last_edited=&#8221;on|phone&#8221; animation_direction=&#8221;left&#8221; hover_enabled=&#8221;0&#8243; text_font_size_tablet=&#8221;1.1rem&#8221; text_font_size_phone=&#8221;1rem&#8221; text_font_size_last_edited=&#8221;on|phone&#8221; header_2_font_size_tablet=&#8221;2.3rem&#8221; header_2_font_size_phone=&#8221;1.8rem&#8221; header_2_font_size_last_edited=&#8221;on|desktop&#8221; header_3_font_size_tablet=&#8221;1.7rem&#8221; header_3_font_size_phone=&#8221;1.3rem&#8221; header_3_font_size_last_edited=&#8221;on|phone&#8221; inline_fonts=&#8221;Barlow Bold,barlow condensed bold,barlow bold&#8221; global_colors_info=&#8221;{}&#8221; sticky_enabled=&#8221;0&#8243;]<\/p>\n<h2><span style=\"font-family: 'barlow condensed bold';\"><strong>Interi\u00e9r - Font\u00e1na jako exkluzivn\u00ed design interi\u00e9ru<\/strong><\/span><\/h2>\n<p><strong><\/strong><\/p>\n<h3><strong>Font\u00e1na jako faktor pro dobr\u00fd pocit pro vnit\u0159n\u00ed pou\u017eit\u00ed<\/strong><\/h3>\n<p>Voda v jak\u00e9koli form\u011b ovliv\u0148uje na\u0161i du\u0161evn\u00ed i fyzickou pohodu. Jemn\u00fd zvuk proud\u00edc\u00ed vody, vizu\u00e1ln\u011b p\u0159ita\u017eliv\u00e1 kulisa a p\u0159\u00edjemn\u00e9 p\u016fsoben\u00ed font\u00e1ny na vzduch v m\u00edstnosti p\u0159isp\u00edvaj\u00ed k tomu, \u017ee lid\u00e9 v interi\u00e9rech nejrozmanit\u011bj\u0161\u00edch budov c\u00edt\u00ed <span style=\"color: #6b7d87; font-family: 'barlow bold'; font-weight: normal;\">blahod\u00e1rn\u00e9 \u00fa\u010dinky vody<\/span> m\u016f\u017ee c\u00edtit. Font\u00e1ny jako interi\u00e9r lze vyu\u017e\u00edt mnoha zp\u016fsoby nebo nastavit. Oboj\u00ed <span style=\"font-family: 'barlow bold'; font-weight: normal;\">design<\/span>, stejn\u011b jako <span style=\"font-family: 'barlow bold'; font-weight: normal;\">kvalita zpracov\u00e1n\u00ed<\/span> k tomu tak\u00e9 p\u0159isp\u011bt <span style=\"font-family: 'barlow bold'; font-weight: normal;\">exkluzivn\u00ed interi\u00e9r<\/span> jsou platn\u00e9.<\/p>\n<p>[\/et_pb_text][et_pb_text _builder_version=&#8221;4.22.1&#8243; _module_preset=&#8221;default&#8221; text_text_color=&#8221;#6B7D87&#8243; text_font_size=&#8221;1.3rem&#8221; text_line_height=&#8221;1.72em&#8221; header_2_font=&#8221;Barlow condensed||||||||&#8221; header_2_text_color=&#8221;#244F8A&#8221; header_2_font_size=&#8221;2.7rem&#8221; header_3_text_color=&#8221;#244F8A&#8221; header_3_font_size=&#8221;2rem&#8221; header_3_line_height=&#8221;1.3em&#8221; custom_margin=&#8221;||6vh||false|false&#8221; custom_margin_tablet=&#8221;||4vh||false|false&#8221; custom_margin_phone=&#8221;||3vh||false|false&#8221; custom_margin_last_edited=&#8221;on|phone&#8221; animation_direction=&#8221;left&#8221; hover_enabled=&#8221;0&#8243; text_font_size_tablet=&#8221;1.1rem&#8221; text_font_size_phone=&#8221;1rem&#8221; text_font_size_last_edited=&#8221;on|phone&#8221; header_2_font_size_tablet=&#8221;2.7rem&#8221; header_2_font_size_phone=&#8221;2.7rem&#8221; header_2_font_size_last_edited=&#8221;on|phone&#8221; header_3_font_size_tablet=&#8221;1.7rem&#8221; header_3_font_size_phone=&#8221;1.3rem&#8221; header_3_font_size_last_edited=&#8221;on|tablet&#8221; inline_fonts=&#8221;Barlow Bold,Barlow Regular,barlow bold&#8221; global_colors_info=&#8221;{}&#8221; sticky_enabled=&#8221;0&#8243;]<\/p>\n<h3>Zlep\u0161en\u00ed vlhkosti pomoc\u00ed studn\u00ed<\/h3>\n<p>vlhkost je <span style=\"font-family: 'barlow bold'; font-weight: normal;\"><strong>d\u016fle\u017eit\u00e9 pro zdrav\u00ed<\/strong><\/span>. Zejm\u00e9na b\u011bhem topn\u00e9ho obdob\u00ed v\u0161ak vnit\u0159n\u00ed vlhkost drasticky kles\u00e1. \u010c\u00e1stice nav\u00edc st\u00e1le v\u00edce zne\u010di\u0161\u0165uj\u00ed ovzdu\u0161\u00ed. Ka\u017ed\u00fd za\u017eil \u00fa\u010dinky, jako je bolest v krku nebo podr\u00e1\u017ed\u011bn\u00ed d\u00fdchac\u00edch cest.<\/p>\n<p>Na\u0161e font\u00e1ny maj\u00ed tak\u00e9 pozitivn\u00ed vliv na vlhkost v prostor\u00e1ch. B\u011bhem mnoha let test\u016f a n\u011bkolika diskus\u00ed s na\u0161imi z\u00e1kazn\u00edky bylo zji\u0161t\u011bno, \u017ee vodou sm\u00e1\u010den\u00e1 plocha font\u00e1ny o velikosti 1 m\u00b2 posta\u010duje k napln\u011bn\u00ed m\u00edstnosti (v\u00fd\u0161ka m\u00edstnosti 260 cm) 40 m\u00b2 obytn\u00e9 plochy a\u017e do pr\u016fm\u011brn\u00e9 hodnoty<span style=\"font-family: 'barlow bold'; font-weight: normal;\"> <strong>45% Vlhkost <\/strong><\/span>navlh\u010dit.<\/p>\n<p>S <span style=\"font-family: 'barlow bold'; font-weight: normal;\">v\u011bt\u0161\u00ed vodn\u00ed objekty<\/span> je mo\u017en\u00e9 ve v\u011bt\u0161\u00edch m\u00edstnostech <span style=\"font-family: 'barlow bold'; font-weight: normal;\">vlhkost vzduchu<\/span> znateln\u00fd <span style=\"font-family: 'barlow bold'; font-weight: normal;\">zv\u00fd\u0161it<\/span>. Toto se d\u011bje na<span style=\"font-family: 'Barlow Regular'; font-weight: normal;\"> p\u0159irozenou cestou.<\/span> K tomu jsou zvl\u00e1\u0161t\u011b vhodn\u00e9 vodn\u00ed st\u011bny a vodn\u00ed sloupce. Krom\u011b toho, <span style=\"font-family: 'barlow bold'; font-weight: normal;\"><strong>obsah pevn\u00fdch \u010d\u00e1stic <\/strong><\/span>ve vzduchu v m\u00edstnosti <span style=\"font-family: 'barlow bold'; font-weight: normal;\"><strong>zmen\u0161ila font\u00e1na<\/strong><\/span>, proto\u017ee \u010d\u00e1stice jsou p\u0159itahov\u00e1ny vodou a odfiltrov\u00e1ny filtrem \u010derpadla.<\/p>\n<p>pokyny pro <span style=\"font-family: 'barlow bold'; font-weight: normal;\">optim\u00e1ln\u00ed vlhkost v m\u00edstnosti<\/span> pro dosa\u017een\u00ed pocitu pohodl\u00ed:<\/p>\n<p><span style=\"font-family: 'barlow bold';\"><strong>22\u00b0C pokojov\u00e1 teplota 40% RH <\/strong><\/span><br \/><span style=\"font-family: 'barlow bold';\"><strong>20\u00b0C pokojov\u00e1 teplota 50% RH<\/strong><\/span><\/p>\n<p>[\/et_pb_text][\/et_pb_column][\/et_pb_row][et_pb_row custom_padding_last_edited=&#8221;on|phone&#8221; _builder_version=&#8221;4.19.5&#8243; _module_preset=&#8221;default&#8221; width=&#8221;100%&#8221; width_tablet=&#8221;90%&#8221; width_phone=&#8221;90%&#8221; width_last_edited=&#8221;on|desktop&#8221; max_width=&#8221;1200px&#8221; custom_padding=&#8221;0px||0px||false|false&#8221; custom_padding_tablet=&#8221;0px||0vh||false|false&#8221; custom_padding_phone=&#8221;0px||0vh||false|false&#8221; animation_style=&#8221;slide&#8221; animation_direction=&#8221;bottom&#8221; animation_delay=&#8221;300ms&#8221; animation_intensity_slide=&#8221;2%&#8221; animation_duration_tablet=&#8221;&#8221; animation_duration_phone=&#8221;0ms&#8221; animation_duration_last_edited=&#8221;on|phone&#8221; animation_delay_tablet=&#8221;0ms&#8221; animation_delay_phone=&#8221;0ms&#8221; animation_delay_last_edited=&#8221;on|tablet&#8221; global_colors_info=&#8221;{}&#8221;][et_pb_column type=&#8221;4_4&#8243; _builder_version=&#8221;4.19.5&#8243; _module_preset=&#8221;default&#8221; global_colors_info=&#8221;{}&#8221;][et_pb_text _builder_version=&#8221;4.19.5&#8243; _module_preset=&#8221;7ea19da9-fe49-4ff8-89fe-69ba67c08c82&#8243; custom_margin=&#8221;||6vh||false|false&#8221; custom_margin_tablet=&#8221;||4vh||false|false&#8221; custom_margin_phone=&#8221;||3vh||false|false&#8221; custom_margin_last_edited=&#8221;on|phone&#8221; animation_style=&#8221;none&#8221; text_font_size_tablet=&#8221;1.1rem&#8221; text_font_size_phone=&#8221;1rem&#8221; text_font_size_last_edited=&#8221;on|phone&#8221; header_2_font_size_tablet=&#8221;&#8221; header_2_font_size_phone=&#8221;&#8221; header_2_font_size_last_edited=&#8221;on|phone&#8221; header_3_font_size_tablet=&#8221;1.7rem&#8221; header_3_font_size_phone=&#8221;1.3rem&#8221; header_3_font_size_last_edited=&#8221;on|phone&#8221; inline_fonts=&#8221;Barlow Bold,Barlow Regular,barlow bold&#8221; global_colors_info=&#8221;{}&#8221;]<\/p>\n<h3>Sv\u011bteln\u00e1 font\u00e1na \u2013 noblesn\u00ed design<\/h3>\n<p>Sv\u011bteln\u00e9 font\u00e1ny jsou zvl\u00e1\u0161t\u011b prosp\u011b\u0161n\u00e9 pro pohodu. Krom\u011b v\u00fdhod b\u011b\u017en\u00e9 font\u00e1ny toto <strong>tepl\u00e9 sv\u011btlo<\/strong> tato font\u00e1na d\u00e1v\u00e1 zvl\u00e1\u0161tn\u00ed pocit <span style=\"font-family: 'Barlow Bold'; font-weight: normal;\"><strong><span style=\"font-family: 'barlow bold';\">\u00fatulnost<\/span> <\/strong><\/span>a <span style=\"font-family: 'barlow bold'; font-weight: normal;\"><strong>bezpe\u010dnostn\u00ed<\/strong><\/span> \u0161\u00ed\u0159en\u00ed. Budete p\u0159ipojeni k <span style=\"font-family: 'barlow bold'; font-weight: normal;\">,,<strong>S\u00f6lker mramor<\/strong>&quot;<\/span> nebo jin\u00fd krystalick\u00fd mramor v\u00fdhradn\u011b v na\u0161\u00ed <span style=\"font-family: 'barlow bold';\"><strong>vlastn\u00ed d\u00edlnu v Rakousku<\/strong><\/span> vyroben. Neobvykl\u00fd design t\u00e9to font\u00e1ny charakterizuje mramor. Font\u00e1ny jsou vhodn\u00e9 do r\u016fzn\u00fdch m\u00edstnost\u00ed a dod\u00e1vaj\u00ed m\u00edstu individu\u00e1ln\u00ed kouzlo.<\/p>\n<p>[\/et_pb_text][et_pb_text _builder_version=&#8221;4.19.5&#8243; _module_preset=&#8221;default&#8221; text_text_color=&#8221;#6B7D87&#8243; text_font_size=&#8221;1.3rem&#8221; text_line_height=&#8221;1.72em&#8221; header_2_font=&#8221;Barlow condensed||||||||&#8221; header_2_text_color=&#8221;#244F8A&#8221; header_2_font_size=&#8221;2.7rem&#8221; header_3_text_color=&#8221;#244F8A&#8221; header_3_font_size=&#8221;2rem&#8221; header_3_line_height=&#8221;1.3em&#8221; custom_margin=&#8221;||2vh||false|false&#8221; animation_direction=&#8221;left&#8221; text_font_size_tablet=&#8221;1.1rem&#8221; text_font_size_phone=&#8221;1rem&#8221; text_font_size_last_edited=&#8221;on|phone&#8221; header_3_font_size_tablet=&#8221;1.7rem&#8221; header_3_font_size_phone=&#8221;1.3rem&#8221; header_3_font_size_last_edited=&#8221;on|phone&#8221; inline_fonts=&#8221;Barlow Bold,Barlow Regular,barlow bold&#8221; global_colors_info=&#8221;{}&#8221;]<\/p>\n<h3><strong>Na\u0161e nab\u00eddka pro v\u00e1s<\/strong><\/h3>\n<p>R\u00e1di byste za\u0159adili na\u0161e produkty do sv\u00e9ho sortimentu? M\u00e1te kreativn\u00ed n\u00e1vrhy a n\u00e1pady pro sv\u016fj vlastn\u00ed sortiment?<br \/>Nab\u00edz\u00edme v\u00e1m mo\u017enost <span style=\"font-family: 'barlow bold';\"><strong>kvalitativn\u00ed obchodn\u00ed partnerstv\u00ed<\/strong><\/span>.<\/p>\n<p>[\/et_pb_text][et_pb_button button_url=&#8221;@ET-DC@eyJkeW5hbWljIjp0cnVlLCJjb250ZW50IjoicG9zdF9saW5rX3VybF9wYWdlIiwic2V0dGluZ3MiOnsicG9zdF9pZCI6IjQ0In19@&#8221; button_text=&#8221;Jetzt Vertriebspartner werden!&#8221; _builder_version=&#8221;4.19.5&#8243; _dynamic_attributes=&#8221;button_url&#8221; _module_preset=&#8221;aa163f75-f00b-419a-aa44-e001467aabec&#8221; custom_margin_phone=&#8221;||2vh|0vw|false|false&#8221; button_text_size_tablet=&#8221;1.7em&#8221; button_text_size_phone=&#8221;1.1em&#8221; global_colors_info=&#8221;{}&#8221;][\/et_pb_button][et_pb_text _builder_version=&#8221;4.19.5&#8243; _module_preset=&#8221;default&#8221; text_text_color=&#8221;#6B7D87&#8243; text_font_size=&#8221;1.3rem&#8221; text_line_height=&#8221;1.72em&#8221; link_text_color=&#8221;#00AFEF&#8221; header_2_font=&#8221;Barlow condensed||||||||&#8221; header_2_text_color=&#8221;#244F8A&#8221; header_2_font_size=&#8221;2.7rem&#8221; header_3_text_color=&#8221;#244F8A&#8221; header_3_font_size=&#8221;2rem&#8221; header_3_line_height=&#8221;1.3em&#8221; custom_margin=&#8221;||0px||false|false&#8221; custom_margin_tablet=&#8221;||2vh||false|false&#8221; custom_margin_phone=&#8221;||0vh||false|false&#8221; custom_margin_last_edited=&#8221;on|phone&#8221; animation_direction=&#8221;bottom&#8221; text_font_size_tablet=&#8221;1.1rem&#8221; text_font_size_phone=&#8221;1rem&#8221; text_font_size_last_edited=&#8221;on|phone&#8221; inline_fonts=&#8221;Barlow Bold,Barlow Regular&#8221; global_colors_info=&#8221;{}&#8221; link_text_color__hover_enabled=&#8221;on|desktop&#8221; link_text_color__hover=&#8221;#244F8A&#8221;]<\/p>\n<p>Krom\u011b toho se m\u016f\u017eete dozv\u011bd\u011bt o <a href=\"https:\/\/www.aquadivo.com\/cs\/produktentwicklung\/\">v\u00fdvoj produkt\u016f<\/a> a <a href=\"https:\/\/www.aquadivo.com\/cs\/vyrobky-na-zakazku\/\">vyroben\u00e9 na m\u00edru<\/a> informovat.<\/p>\n<p>[\/et_pb_text][\/et_pb_column][\/et_pb_row][\/et_pb_section][et_pb_section fb_built=&#8221;1&#8243; admin_label=&#8221;button_vertrieb&#8221; _builder_version=&#8221;4.19.5&#8243; _module_preset=&#8221;default&#8221; custom_padding=&#8221;0px||0px||false|false&#8221; global_colors_info=&#8221;{}&#8221;][et_pb_row _builder_version=&#8221;4.19.5&#8243; _module_preset=&#8221;default&#8221; width=&#8221;100%&#8221; max_width=&#8221;100%&#8221; custom_padding=&#8221;0px||0px||false|false&#8221; global_colors_info=&#8221;{}&#8221;][et_pb_column type=&#8221;4_4&#8243; _builder_version=&#8221;4.19.5&#8243; _module_preset=&#8221;default&#8221; global_colors_info=&#8221;{}&#8221;][et_pb_button button_url=&#8221;@ET-DC@eyJkeW5hbWljIjp0cnVlLCJjb250ZW50IjoicG9zdF9saW5rX3VybF9wYWdlIiwic2V0dGluZ3MiOnsicG9zdF9pZCI6IjQ0In19@&#8221; button_text=&#8221;Vertriebspartner werden&#8221; button_alignment=&#8221;right&#8221; _builder_version=&#8221;4.19.5&#8243; _dynamic_attributes=&#8221;button_url&#8221; _module_preset=&#8221;aa163f75-f00b-419a-aa44-e001467aabec&#8221; positioning=&#8221;fixed&#8221; position_origin_f=&#8221;bottom_right&#8221; vertical_offset=&#8221;10px&#8221; horizontal_offset=&#8221;10px&#8221; z_index=&#8221;9998&#8243; global_colors_info=&#8221;{}&#8221;][\/et_pb_button][\/et_pb_column][\/et_pb_row][\/et_pb_section]<\/p>","protected":false},"excerpt":{"rendered":"<p>Interieur \u2013 Brunnen als exklusive Innenausstattung Brunnen als Wohlf\u00fchlfaktor f\u00fcr den Innenbereich Wasser in jeglicher Form nimmt Einfluss auf unser mentales, sowie k\u00f6rperliches Wohlbefinden. Der leise Wasserklang des flie\u00dfenden Wassers, die optisch ansprechende Kulisse, sowie die angenehme Wirkung der Brunnen auf die Raumluft tragen dazu bei, dass Menschen auch in den Innenr\u00e4umen verschiedenster Geb\u00e4ude die [&hellip;]<\/p>","protected":false},"author":1,"featured_media":0,"parent":0,"menu_order":0,"comment_status":"closed","ping_status":"closed","template":"","meta":{"_et_pb_use_builder":"on","_et_pb_old_content":"","_et_gb_content_width":"","footnotes":""},"class_list":["post-36","page","type-page","status-publish","hentry"],"_links":{"self":[{"href":"https:\/\/www.aquadivo.com\/cs\/wp-json\/wp\/v2\/pages\/36","targetHints":{"allow":["GET"]}}],"collection":[{"href":"https:\/\/www.aquadivo.com\/cs\/wp-json\/wp\/v2\/pages"}],"about":[{"href":"https:\/\/www.aquadivo.com\/cs\/wp-json\/wp\/v2\/types\/page"}],"author":[{"embeddable":true,"href":"https:\/\/www.aquadivo.com\/cs\/wp-json\/wp\/v2\/users\/1"}],"replies":[{"embeddable":true,"href":"https:\/\/www.aquadivo.com\/cs\/wp-json\/wp\/v2\/comments?post=36"}],"version-history":[{"count":1,"href":"https:\/\/www.aquadivo.com\/cs\/wp-json\/wp\/v2\/pages\/36\/revisions"}],"predecessor-version":[{"id":3978,"href":"https:\/\/www.aquadivo.com\/cs\/wp-json\/wp\/v2\/pages\/36\/revisions\/3978"}],"wp:attachment":[{"href":"https:\/\/www.aquadivo.com\/cs\/wp-json\/wp\/v2\/media?parent=36"}],"curies":[{"name":"wp","href":"https:\/\/api.w.org\/{rel}","templated":true}]}}