{"id":38,"date":"2023-02-20T15:19:08","date_gmt":"2023-02-20T15:19:08","guid":{"rendered":"https:\/\/www.aquadivo.com\/?page_id=38"},"modified":"2023-04-13T09:38:23","modified_gmt":"2023-04-13T08:38:23","slug":"aussenbereich","status":"publish","type":"page","link":"https:\/\/www.aquadivo.com\/cs\/venkovni-prostor\/","title":{"rendered":"venkovn\u00ed prostor"},"content":{"rendered":"<p>[et_pb_section fb_built=&#8221;1&#8243; _builder_version=&#8221;4.19.5&#8243; _module_preset=&#8221;1b58ed5b-6370-4c81-9ae9-39a9863c86e3&#8243; background_image=&#8221;https:\/\/www.aquadivo.com\/wp-content\/uploads\/2023\/03\/wasserfall-brunnen-banner1800x650-02.jpg&#8221; parallax=&#8221;off&#8221; height_tablet=&#8221;600px&#8221; height_phone=&#8221;490px&#8221; height_last_edited=&#8221;on|phone&#8221; animation_duration=&#8221;1000ms&#8221; animation_delay=&#8221;300ms&#8221; animation_intensity_slide=&#8221;2%&#8221; animation_duration_tablet=&#8221;1000ms&#8221; animation_duration_phone=&#8221;500ms&#8221; animation_duration_last_edited=&#8221;on|phone&#8221; global_colors_info=&#8221;{}&#8221;][\/et_pb_section][et_pb_section fb_built=&#8221;1&#8243; custom_padding_last_edited=&#8221;on|phone&#8221; _builder_version=&#8221;4.19.5&#8243; _module_preset=&#8221;default&#8221; custom_padding=&#8221;8vh||8vh||true|false&#8221; custom_padding_tablet=&#8221;6vh||6vh||true|false&#8221; custom_padding_phone=&#8221;4vh||4vh||true|false&#8221; global_colors_info=&#8221;{}&#8221;][et_pb_row custom_padding_last_edited=&#8221;on|phone&#8221; _builder_version=&#8221;4.19.5&#8243; _module_preset=&#8221;default&#8221; width=&#8221;100%&#8221; width_tablet=&#8221;90%&#8221; width_phone=&#8221;90%&#8221; width_last_edited=&#8221;on|tablet&#8221; max_width=&#8221;1200px&#8221; max_width_tablet=&#8221;1200px&#8221; max_width_phone=&#8221;1200px&#8221; max_width_last_edited=&#8221;on|phone&#8221; custom_padding=&#8221;0px||||false|false&#8221; custom_padding_tablet=&#8221;0px||0px||false|false&#8221; custom_padding_phone=&#8221;0px||0px||false|false&#8221; animation_style=&#8221;slide&#8221; animation_direction=&#8221;bottom&#8221; animation_delay=&#8221;300ms&#8221; animation_intensity_slide=&#8221;2%&#8221; animation_delay_tablet=&#8221;200ms&#8221; animation_delay_phone=&#8221;100ms&#8221; animation_delay_last_edited=&#8221;on|phone&#8221; global_colors_info=&#8221;{}&#8221;][et_pb_column type=&#8221;4_4&#8243; _builder_version=&#8221;4.19.5&#8243; _module_preset=&#8221;default&#8221; global_colors_info=&#8221;{}&#8221;][et_pb_text _builder_version=&#8221;4.19.5&#8243; _module_preset=&#8221;7ea19da9-fe49-4ff8-89fe-69ba67c08c82&#8243; header_2_font=&#8221;barlow condensed bold||||||||&#8221; custom_margin=&#8221;||6vh||false|false&#8221; custom_margin_tablet=&#8221;||4vh||false|false&#8221; custom_margin_phone=&#8221;||3vh||false|false&#8221; custom_margin_last_edited=&#8221;on|phone&#8221; custom_padding=&#8221;||||false|false&#8221; animation_style=&#8221;none&#8221; text_font_size_tablet=&#8221;1.1rem&#8221; text_font_size_phone=&#8221;1rem&#8221; text_font_size_last_edited=&#8221;on|phone&#8221; header_2_font_size_tablet=&#8221;2.3rem&#8221; header_2_font_size_phone=&#8221;1.8rem&#8221; header_2_font_size_last_edited=&#8221;on|phone&#8221; header_3_font_size_tablet=&#8221;1.7rem&#8221; header_3_font_size_phone=&#8221;1.3rem&#8221; header_3_font_size_last_edited=&#8221;on|phone&#8221; inline_fonts=&#8221;Barlow Bold,barlow bold&#8221; global_colors_info=&#8221;{}&#8221;]<\/p>\n<h2><strong>Outdoor - stylov\u00e9 font\u00e1ny a materi\u00e1ly<\/strong><\/h2>\n<h3><strong><\/strong><\/h3>\n<h3><strong>Font\u00e1na jako estetick\u00fd prvek pro venkovn\u00ed za\u0159\u00edzen\u00ed<\/strong><\/h3>\n<p>Venku je \u010dasto ide\u00e1ln\u00ed p\u0159\u00edle\u017eitost pro font\u00e1nu. A\u0165 u\u017e v parku, na soukrom\u00e9m pozemku nebo v are\u00e1lu firmy. Lid\u00e9 to berou <span style=\"font-family: 'barlow bold'; font-weight: normal;\"><strong>pozitivn\u00ed vliv font\u00e1ny<\/strong><\/span> na n\u00ed <span style=\"font-family: 'barlow bold'; font-weight: normal;\"><strong>blahobyt<\/strong><\/span> pravda a shrom\u00e1\u017edit se pobl\u00ed\u017e studny. Tam si mohou odpo\u010dinout, odpo\u010dinout si a u\u017e\u00edt si chladn\u00fd vzduch kolem font\u00e1ny.<\/p>\n<p>S r\u016fzn\u00fdmi <span style=\"font-family: 'barlow bold'; font-weight: normal;\"><strong>povaha materi\u00e1l\u016f<\/strong><\/span>, stejn\u011b jako<span style=\"font-family: 'barlow bold'; font-weight: normal;\"> <strong>design<\/strong><\/span> zahradn\u00ed font\u00e1ny vytv\u00e1\u0159ej\u00ed efektn\u00ed akcent v ka\u017ed\u00e9m venkovn\u00edm prostoru. Font\u00e1ny prosv\u00edtaj\u00ed<span style=\"font-family: 'barlow bold'; font-weight: normal;\"> <strong>osv\u011btlen\u00ed <\/strong><\/span>i v noci v jednom <span style=\"font-family: 'barlow bold'; font-weight: normal;\"><strong>jedine\u010dn\u00e1 estetika<\/strong><\/span> a pono\u0159it sv\u00e9 okol\u00ed do m\u011bkk\u00e9ho sv\u011btla. konkr\u00e9tn\u011b v <span style=\"font-family: 'barlow bold'; font-weight: normal;\"><strong>Rakousko vyrobilo sv\u011btelnou font\u00e1nu<\/strong><\/span> vyroben\u00e9 z kvalitn\u00edho &quot;S\u00f6lker&quot; mramoru lesknou se zejm\u00e9na v noci a vstupuj\u00ed do zahrad<span style=\"font-family: 'barlow bold'; font-weight: normal;\"> <strong>dechberouc\u00ed atmosf\u00e9ra.<\/strong><\/span><\/p>\n<p>[\/et_pb_text][et_pb_text _builder_version=&#8221;4.19.5&#8243; _module_preset=&#8221;7ea19da9-fe49-4ff8-89fe-69ba67c08c82&#8243; custom_margin_tablet=&#8221;||4vh||false|false&#8221; custom_margin_phone=&#8221;||3vh||false|false&#8221; custom_margin_last_edited=&#8221;on|phone&#8221; animation_style=&#8221;none&#8221; text_font_size_tablet=&#8221;1.1rem&#8221; text_font_size_phone=&#8221;1rem&#8221; text_font_size_last_edited=&#8221;on|phone&#8221; header_3_font_size_tablet=&#8221;1.7rem&#8221; header_3_font_size_phone=&#8221;1.3rem&#8221; header_3_font_size_last_edited=&#8221;on|phone&#8221; inline_fonts=&#8221;Barlow Bold,barlow bold&#8221; global_colors_info=&#8221;{}&#8221;]<\/p>\n<h3><strong>Ocel, p\u0159\u00edrodn\u00ed a drah\u00e9 kameny - u\u0161lechtil\u00e9 materi\u00e1ly<\/strong><\/h3>\n<p>D\u016fle\u017eit\u00fdm faktorem je tak\u00e9 materi\u00e1l pro exteri\u00e9r.<span style=\"font-family: 'barlow bold'; font-weight: normal;\"> <strong>nerezov\u00e1 ocel <\/strong><\/span>splyne v jedno <span style=\"font-family: 'barlow bold'; font-weight: normal;\"><strong>modern\u00ed prost\u0159ed\u00ed<\/strong><\/span> \u00fa\u017easn\u00fd. Naproti tomu nab\u00eddky <span style=\"font-family: 'barlow bold'; font-weight: normal;\"><strong>cortenovou ocel <\/strong><\/span>tepl\u00e1 verze z nerezov\u00e9 oceli. P\u0159es <strong>a <span style=\"font-family: 'barlow bold'; font-weight: normal;\">na\u010dervenal\u00e1 barva<\/span><\/strong> vn\u011bj\u0161\u00ed vrstva rzi, materi\u00e1l se jev\u00ed teplej\u0161\u00ed a lze jej snadn\u011bji \u010distit <span style=\"font-family: 'barlow bold'; font-weight: normal;\"><strong>p\u0159\u00edrodn\u00ed styl<\/strong> <\/span>b\u00fdt kombinov\u00e1n.<\/p>\n<p>Jako p\u0159\u00edrodn\u00ed k\u00e1men m\u016f\u017eeme <span style=\"font-family: 'barlow bold'; font-weight: normal;\"><strong>P\u00edskovec, \u017eula a dal\u0161\u00ed p\u0159\u00edrodn\u00ed kameny<\/strong><\/span> nab\u00eddka. Tyto jsou vhodn\u00e9 zejm\u00e9na pro... <span style=\"font-family: 'barlow bold'; font-weight: normal;\"><strong>St\u0159edomo\u0159sk\u00fd a antick\u00fd styl<\/strong><\/span>. Nicm\u00e9n\u011b i s t\u00edm <span style=\"font-family: 'barlow bold'; font-weight: normal;\"><strong>Font\u00e1na Sourcestone<\/strong><\/span> vyroben. Zdrojov\u00fd k\u00e1men je p\u0159\u00edrodn\u00ed k\u00e1men, kter\u00fd m\u00e1 a <span style=\"font-family: 'barlow bold';\"><strong>vertik\u00e1ln\u00ed vrt\u00e1n\u00ed<\/strong><\/span> je poskytov\u00e1n. Na\u0161e spole\u010dnost dod\u00e1v\u00e1 tak\u00e9 p\u0159\u00edrodn\u00ed kameny, jako jsou p\u00edskovce in <strong>v\u011bt\u0161\u00ed mno\u017estv\u00ed<\/strong> pro vlastn\u00ed dal\u0161\u00ed zpracov\u00e1n\u00ed nebo pro dal\u0161\u00ed prodej.<\/p>\n<p>[\/et_pb_text][\/et_pb_column][\/et_pb_row][et_pb_row custom_padding_last_edited=&#8221;on|phone&#8221; _builder_version=&#8221;4.19.5&#8243; _module_preset=&#8221;default&#8221; width=&#8221;100%&#8221; width_tablet=&#8221;90%&#8221; width_phone=&#8221;90%&#8221; width_last_edited=&#8221;on|tablet&#8221; max_width=&#8221;1200px&#8221; custom_padding=&#8221;||0px||false|false&#8221; custom_padding_tablet=&#8221;0px||0px||false|false&#8221; custom_padding_phone=&#8221;0px||0px||false|false&#8221; animation_style=&#8221;slide&#8221; animation_direction=&#8221;bottom&#8221; animation_delay=&#8221;300ms&#8221; animation_intensity_slide=&#8221;2%&#8221; animation_duration_tablet=&#8221;1000ms&#8221; animation_duration_phone=&#8221;0ms&#8221; animation_duration_last_edited=&#8221;on|phone&#8221; animation_delay_tablet=&#8221;100ms&#8221; animation_delay_phone=&#8221;0ms&#8221; animation_delay_last_edited=&#8221;on|phone&#8221; global_colors_info=&#8221;{}&#8221;][et_pb_column type=&#8221;4_4&#8243; _builder_version=&#8221;4.19.5&#8243; _module_preset=&#8221;default&#8221; global_colors_info=&#8221;{}&#8221;][et_pb_text _builder_version=&#8221;4.19.5&#8243; _module_preset=&#8221;7ea19da9-fe49-4ff8-89fe-69ba67c08c82&#8243; animation_style=&#8221;none&#8221; text_font_size_tablet=&#8221;1.1rem&#8221; text_font_size_phone=&#8221;1rem&#8221; text_font_size_last_edited=&#8221;on|phone&#8221; header_3_font_size_tablet=&#8221;1.7rem&#8221; header_3_font_size_phone=&#8221;1.3rem&#8221; header_3_font_size_last_edited=&#8221;on|phone&#8221; inline_fonts=&#8221;Barlow Bold,barlow bold&#8221; global_colors_info=&#8221;{}&#8221;]<\/p>\n<h3>Na\u0161e nab\u00eddka pro v\u00e1s<\/h3>\n<p>R\u00e1di byste za\u0159adili na\u0161e produkty do sv\u00e9ho sortimentu? M\u00e1te kreativn\u00ed n\u00e1vrhy a n\u00e1pady pro sv\u016fj vlastn\u00ed sortiment?<br \/>Nab\u00edz\u00edme v\u00e1m mo\u017enost <span style=\"font-family: 'barlow bold';\"><strong>kvalitativn\u00ed obchodn\u00ed partnerstv\u00ed.<\/strong><\/span><\/p>\n<p>[\/et_pb_text][et_pb_button button_text=&#8221;Jetzt Vertriebspartner werden!&#8221; _builder_version=&#8221;4.19.5&#8243; _module_preset=&#8221;aa163f75-f00b-419a-aa44-e001467aabec&#8221; custom_margin=&#8221;2vh||2vh|0px|true|false&#8221; custom_margin_phone=&#8221;|||0vw|false|false&#8221; button_text_size_phone=&#8221;1.1em&#8221; global_colors_info=&#8221;{}&#8221; button_border_color__hover=&#8221;&#8221; button_border_color__hover_enabled=&#8221;on|desktop&#8221;][\/et_pb_button][et_pb_text _builder_version=&#8221;4.19.5&#8243; _module_preset=&#8221;default&#8221; text_font_size=&#8221;1.3rem&#8221; text_line_height=&#8221;1.72em&#8221; link_text_color=&#8221;#00AFEF&#8221; text_font_size_tablet=&#8221;1.1rem&#8221; text_font_size_phone=&#8221;1rem&#8221; text_font_size_last_edited=&#8221;on|phone&#8221; global_colors_info=&#8221;{}&#8221; link_text_color__hover_enabled=&#8221;on|hover&#8221; link_text_color__hover=&#8221;#244F8A&#8221;]<\/p>\n<p>Krom\u011b toho se m\u016f\u017eete dozv\u011bd\u011bt o <a href=\"https:\/\/www.aquadivo.com\/cs\/produktentwicklung\/\">v\u00fdvoj produkt\u016f <\/a>a <a href=\"https:\/\/www.aquadivo.com\/cs\/produktentwicklung\/\">vyroben\u00e9 na m\u00edru<\/a> informovat.<\/p>\n<p>[\/et_pb_text][\/et_pb_column][\/et_pb_row][\/et_pb_section][et_pb_section fb_built=&#8221;1&#8243; admin_label=&#8221;button_vertrieb&#8221; _builder_version=&#8221;4.19.5&#8243; _module_preset=&#8221;default&#8221; custom_padding=&#8221;0px||0px||false|false&#8221; global_colors_info=&#8221;{}&#8221;][et_pb_row _builder_version=&#8221;4.19.5&#8243; _module_preset=&#8221;default&#8221; width=&#8221;100%&#8221; max_width=&#8221;100%&#8221; custom_padding=&#8221;0px||0px||false|false&#8221; global_colors_info=&#8221;{}&#8221;][et_pb_column type=&#8221;4_4&#8243; _builder_version=&#8221;4.19.5&#8243; _module_preset=&#8221;default&#8221; global_colors_info=&#8221;{}&#8221;][et_pb_button button_url=&#8221;@ET-DC@eyJkeW5hbWljIjp0cnVlLCJjb250ZW50IjoicG9zdF9saW5rX3VybF9wYWdlIiwic2V0dGluZ3MiOnsicG9zdF9pZCI6IjQ0In19@&#8221; button_text=&#8221;Vertriebspartner werden&#8221; button_alignment=&#8221;right&#8221; _builder_version=&#8221;4.19.5&#8243; _dynamic_attributes=&#8221;button_url&#8221; _module_preset=&#8221;aa163f75-f00b-419a-aa44-e001467aabec&#8221; positioning=&#8221;fixed&#8221; position_origin_f=&#8221;bottom_right&#8221; vertical_offset=&#8221;10px&#8221; horizontal_offset=&#8221;10px&#8221; z_index=&#8221;9998&#8243; global_colors_info=&#8221;{}&#8221;][\/et_pb_button][\/et_pb_column][\/et_pb_row][\/et_pb_section]<\/p>","protected":false},"excerpt":{"rendered":"<p>Outdoor \u2013 stilvolle Brunnen und Materialien Brunnen als \u00e4sthetisches Element f\u00fcr Au\u00dfenanlagen Im Au\u00dfenbereich bietet sich oftmals die perfekte Gelegenheit f\u00fcr einen Brunnen. Ob im Park, auf einem Privatgrundst\u00fcck oder auf einem Firmengel\u00e4nde. Die Menschen nehmen den positiven Einfluss des Brunnens auf ihr Wohlbefinden wahr und sammeln sich in der N\u00e4he des Brunnens. Dort k\u00f6nnen [&hellip;]<\/p>","protected":false},"author":1,"featured_media":0,"parent":0,"menu_order":0,"comment_status":"closed","ping_status":"closed","template":"","meta":{"_et_pb_use_builder":"on","_et_pb_old_content":"<!-- wp:divi\/placeholder \/-->","_et_gb_content_width":"","footnotes":""},"class_list":["post-38","page","type-page","status-publish","hentry"],"_links":{"self":[{"href":"https:\/\/www.aquadivo.com\/cs\/wp-json\/wp\/v2\/pages\/38","targetHints":{"allow":["GET"]}}],"collection":[{"href":"https:\/\/www.aquadivo.com\/cs\/wp-json\/wp\/v2\/pages"}],"about":[{"href":"https:\/\/www.aquadivo.com\/cs\/wp-json\/wp\/v2\/types\/page"}],"author":[{"embeddable":true,"href":"https:\/\/www.aquadivo.com\/cs\/wp-json\/wp\/v2\/users\/1"}],"replies":[{"embeddable":true,"href":"https:\/\/www.aquadivo.com\/cs\/wp-json\/wp\/v2\/comments?post=38"}],"version-history":[{"count":0,"href":"https:\/\/www.aquadivo.com\/cs\/wp-json\/wp\/v2\/pages\/38\/revisions"}],"wp:attachment":[{"href":"https:\/\/www.aquadivo.com\/cs\/wp-json\/wp\/v2\/media?parent=38"}],"curies":[{"name":"wp","href":"https:\/\/api.w.org\/{rel}","templated":true}]}}