{"id":42,"date":"2023-02-20T15:21:14","date_gmt":"2023-02-20T15:21:14","guid":{"rendered":"https:\/\/www.aquadivo.com\/?page_id=42"},"modified":"2023-03-30T00:21:22","modified_gmt":"2023-03-29T23:21:22","slug":"produktentwicklung","status":"publish","type":"page","link":"https:\/\/www.aquadivo.com\/cs\/produktentwicklung\/","title":{"rendered":"v\u00fdvoj produkt\u016f"},"content":{"rendered":"<p>[et_pb_section fb_built=&#8221;1&#8243; admin_label=&#8221;Section&#8221; _builder_version=&#8221;4.19.5&#8243; _module_preset=&#8221;1b58ed5b-6370-4c81-9ae9-39a9863c86e3&#8243; background_image=&#8221;https:\/\/www.aquadivo.com\/wp-content\/uploads\/2023\/03\/trinkbrunnen-exklusiv-banner03.jpg&#8221; parallax=&#8221;off&#8221; height_tablet=&#8221;600px&#8221; height_phone=&#8221;490px&#8221; height_last_edited=&#8221;on|phone&#8221; animation_duration=&#8221;1000ms&#8221; animation_delay=&#8221;300ms&#8221; animation_intensity_slide=&#8221;2%&#8221; animation_duration_tablet=&#8221;&#8221; animation_duration_phone=&#8221;500ms&#8221; animation_duration_last_edited=&#8221;on|phone&#8221; global_colors_info=&#8221;{}&#8221;][\/et_pb_section][et_pb_section fb_built=&#8221;1&#8243; custom_padding_last_edited=&#8221;on|phone&#8221; _builder_version=&#8221;4.19.5&#8243; _module_preset=&#8221;default&#8221; custom_padding=&#8221;8vh||8vh||true|false&#8221; custom_padding_tablet=&#8221;6vh||6vh||true|false&#8221; custom_padding_phone=&#8221;4vh||4vh||true|false&#8221; global_colors_info=&#8221;{}&#8221;][et_pb_row custom_padding_last_edited=&#8221;on|phone&#8221; _builder_version=&#8221;4.19.5&#8243; _module_preset=&#8221;default&#8221; width=&#8221;95%&#8221; width_tablet=&#8221;90%&#8221; width_phone=&#8221;90%&#8221; width_last_edited=&#8221;on|tablet&#8221; max_width=&#8221;1200px&#8221; custom_padding=&#8221;0px||0px||false|false&#8221; custom_padding_tablet=&#8221;0px||0px||false|false&#8221; custom_padding_phone=&#8221;0px||0px||false|false&#8221; animation_style=&#8221;slide&#8221; animation_direction=&#8221;bottom&#8221; animation_delay=&#8221;300ms&#8221; animation_intensity_slide=&#8221;2%&#8221; global_colors_info=&#8221;{}&#8221;][et_pb_column type=&#8221;4_4&#8243; _builder_version=&#8221;4.19.5&#8243; _module_preset=&#8221;default&#8221; global_colors_info=&#8221;{}&#8221;][et_pb_text _builder_version=&#8221;4.19.5&#8243; _module_preset=&#8221;7ea19da9-fe49-4ff8-89fe-69ba67c08c82&#8243; text_line_height=&#8221;1.7rem&#8221; ol_line_height=&#8221;1.7rem&#8221; header_2_font=&#8221;||||||||&#8221; custom_margin=&#8221;||0vh||false|false&#8221; custom_margin_tablet=&#8221;||0vh||false|false&#8221; custom_margin_phone=&#8221;||0vh||false|false&#8221; custom_margin_last_edited=&#8221;on|phone&#8221; animation_style=&#8221;none&#8221; animation_direction=&#8221;bottom&#8221; text_font_size_tablet=&#8221;1.1rem&#8221; text_font_size_phone=&#8221;1rem&#8221; text_font_size_last_edited=&#8221;on|desktop&#8221; header_2_font_size_tablet=&#8221;2.3rem&#8221; header_2_font_size_phone=&#8221;1.8rem&#8221; header_2_font_size_last_edited=&#8221;on|phone&#8221; inline_fonts=&#8221;Barlow Bold,barlow bold&#8221; global_colors_info=&#8221;{}&#8221;]<\/p>\n<h2 style=\"font-weight: 400;\"><strong><\/strong><\/h2>\n<h2 style=\"font-weight: 400;\"><strong>v\u00fdvoj produkt\u016f<\/strong><\/h2>\n<p style=\"font-weight: 400;\">Ji\u017e l\u00e9ta spolupracujeme s \u0161irokou \u0161k\u00e1lou z\u00e1kazn\u00edk\u016f a tak\u00e9 ji\u017e m\u00e1me u na\u0161ich z\u00e1kazn\u00edk\u016f \u0159adu produkt\u016f <span style=\"font-family: 'barlow bold'; font-weight: normal;\"><strong>vyvinuty spole\u010dn\u011b<\/strong>.<\/span> <span>\u00a0<\/span>Nab\u00edz\u00edme konzultaci va\u0161eho n\u00e1padu s v\u00e1mi a v\u00e1mi <strong><span style=\"font-family: 'barlow bold'; font-weight: normal;\">k v\u00fdrob\u011b jednotliv\u00e9ho produktu<\/span>.<\/strong><\/p>\n<p style=\"font-weight: 400;\">\n<p style=\"font-weight: 400;\">V\u00fd\u0161e uveden\u00fd obr\u00e1zek p\u0159edstavuje spole\u010dn\u00fd v\u00fdvoj produktu s n\u00e1kupn\u00edm centrem Varena V\u00f6klabruck. \u00dakolem bylo vyvinout mobiln\u00ed p\u00edtko pro pou\u017eit\u00ed na akc\u00edch. Tyto nebo podobn\u00e9 projekty lze bez probl\u00e9m\u016f realizovat. A\u0165 u\u017e jde o jednor\u00e1zovou v\u00fdrobu nebo produkty s velk\u00fdm mno\u017estv\u00edm, jsme jist\u011b perfektn\u00edm kontaktem pro v\u00e1\u0161 projekt.<\/p>\n<p style=\"font-weight: 400;\">\n<p style=\"font-weight: 400;\">Tady m\u016f\u017eete <span style=\"font-family: 'barlow bold';\"><strong>Proces v\u00fdvoje produktu<\/strong><\/span> vid\u011bt:<\/p>\n<p style=\"font-weight: 400;\">\n<ol>\n<li>Diskuse o n\u00e1padu a vytvo\u0159en\u00ed n\u00e1vrhu<\/li>\n<li>Proveden\u00ed studie proveditelnosti<\/li>\n<li>Stanoven\u00ed v\u00fddaj\u016f<\/li>\n<li>V\u00fdroba prototypu<\/li>\n<li>kontroly kvality<\/li>\n<li>V\u00fdroba<\/li>\n<li>Prezentace produkt\u016f a fotografov\u00e1n\u00ed<\/li>\n<li>V\u00fdroba n\u00e1vodu k obsluze, mont\u00e1\u017ei a \u00fadr\u017eb\u011b<\/li>\n<li>Obal<\/li>\n<li>n\u00e1klad<\/li>\n<\/ol>\n<p>&nbsp;<\/p>\n<p>&nbsp;<\/p>\n<p>&nbsp;<\/p>\n<p>[\/et_pb_text][et_pb_text _builder_version=&#8221;4.19.5&#8243; _module_preset=&#8221;7ea19da9-fe49-4ff8-89fe-69ba67c08c82&#8243; animation_style=&#8221;none&#8221; animation_direction=&#8221;bottom&#8221; hover_enabled=&#8221;0&#8243; text_font_size_tablet=&#8221;1.1rem&#8221; text_font_size_phone=&#8221;1rem&#8221; text_font_size_last_edited=&#8221;on|desktop&#8221; header_2_font_size_tablet=&#8221;&#8221; header_2_font_size_phone=&#8221;1.8rem&#8221; header_2_font_size_last_edited=&#8221;on|phone&#8221; animation_duration_tablet=&#8221;&#8221; animation_duration_phone=&#8221;0ms&#8221; animation_duration_last_edited=&#8221;on|phone&#8221; animation_delay_tablet=&#8221;300ms&#8221; animation_delay_phone=&#8221;0ms&#8221; animation_delay_last_edited=&#8221;on|phone&#8221; inline_fonts=&#8221;Barlow Bold,barlow bold&#8221; global_colors_info=&#8221;{}&#8221; sticky_enabled=&#8221;0&#8243;]<\/p>\n<p style=\"font-weight: 400;\">chce\u0161 <span style=\"font-family: 'barlow bold'; font-weight: normal;\"><strong>tv\u016fj n\u00e1pad<\/strong><\/span> s n\u00e1mi<span style=\"font-family: 'barlow bold'; font-weight: normal;\"> <strong>n\u00e1\u0159ad\u00ed<\/strong><\/span>? Pak n\u00e1s nev\u00e1hejte kontaktovat!<\/p>\n<p>[\/et_pb_text][et_pb_button button_url=&#8221;@ET-DC@eyJkeW5hbWljIjp0cnVlLCJjb250ZW50IjoicG9zdF9saW5rX3VybF9wYWdlIiwic2V0dGluZ3MiOnsicG9zdF9pZCI6IjQ4In19@&#8221; button_text=&#8221;Jetzt Beratung vereinbaren!&#8221; _builder_version=&#8221;4.19.5&#8243; _dynamic_attributes=&#8221;button_url&#8221; _module_preset=&#8221;aa163f75-f00b-419a-aa44-e001467aabec&#8221; custom_margin=&#8221;2vh|||0px|false|false&#8221; custom_margin_tablet=&#8221;2vh|||0px|false|false&#8221; custom_margin_phone=&#8221;2vh|||0vw|false|false&#8221; custom_margin_last_edited=&#8221;on|phone&#8221; button_text_size_phone=&#8221;1.1em&#8221; animation_duration_tablet=&#8221;&#8221; animation_duration_phone=&#8221;0ms&#8221; animation_duration_last_edited=&#8221;on|phone&#8221; animation_delay_tablet=&#8221;300ms&#8221; animation_delay_phone=&#8221;0ms&#8221; animation_delay_last_edited=&#8221;on|phone&#8221; global_colors_info=&#8221;{}&#8221; button_border_color__hover=&#8221;&#8221; button_border_color__hover_enabled=&#8221;on|desktop&#8221;][\/et_pb_button][\/et_pb_column][\/et_pb_row][\/et_pb_section][et_pb_section fb_built=&#8221;1&#8243; admin_label=&#8221;button_vertrieb&#8221; _builder_version=&#8221;4.19.5&#8243; _module_preset=&#8221;default&#8221; custom_padding=&#8221;0px||0px||false|false&#8221; global_colors_info=&#8221;{}&#8221;][et_pb_row _builder_version=&#8221;4.19.5&#8243; _module_preset=&#8221;default&#8221; width=&#8221;100%&#8221; max_width=&#8221;100%&#8221; custom_padding=&#8221;0px||0px||false|false&#8221; global_colors_info=&#8221;{}&#8221;][et_pb_column type=&#8221;4_4&#8243; _builder_version=&#8221;4.19.5&#8243; _module_preset=&#8221;default&#8221; global_colors_info=&#8221;{}&#8221;][et_pb_button button_url=&#8221;@ET-DC@eyJkeW5hbWljIjp0cnVlLCJjb250ZW50IjoicG9zdF9saW5rX3VybF9wYWdlIiwic2V0dGluZ3MiOnsicG9zdF9pZCI6IjQ0In19@&#8221; button_text=&#8221;Vertriebspartner werden&#8221; button_alignment=&#8221;right&#8221; _builder_version=&#8221;4.19.5&#8243; _dynamic_attributes=&#8221;button_url&#8221; _module_preset=&#8221;aa163f75-f00b-419a-aa44-e001467aabec&#8221; positioning=&#8221;fixed&#8221; position_origin_f=&#8221;bottom_right&#8221; vertical_offset=&#8221;10px&#8221; horizontal_offset=&#8221;10px&#8221; z_index=&#8221;9998&#8243; global_colors_info=&#8221;{}&#8221;][\/et_pb_button][\/et_pb_column][\/et_pb_row][\/et_pb_section]<\/p>","protected":false},"excerpt":{"rendered":"<p>Produktentwicklung Wir arbeiten seit Jahren mit den verschiedensten Kunden zusammen und haben zudem auch schon einige Produkte mit unseren Kunden gemeinsam entwickelt. \u00a0Wir bieten Ihnen an, Ihre Idee mit Ihnen zu besprechen und Ihr individuelles Produkt zu fertigen. Das oben gezeigte Bild ist eine gemeinsame Produktentwicklung mit dem Einkaufszentrum Varena V\u00f6klabruck. Aufgabe war einen mobilen [&hellip;]<\/p>","protected":false},"author":1,"featured_media":0,"parent":0,"menu_order":0,"comment_status":"closed","ping_status":"closed","template":"","meta":{"_et_pb_use_builder":"on","_et_pb_old_content":"<!-- wp:divi\/placeholder \/-->","_et_gb_content_width":"","footnotes":""},"class_list":["post-42","page","type-page","status-publish","hentry"],"_links":{"self":[{"href":"https:\/\/www.aquadivo.com\/cs\/wp-json\/wp\/v2\/pages\/42","targetHints":{"allow":["GET"]}}],"collection":[{"href":"https:\/\/www.aquadivo.com\/cs\/wp-json\/wp\/v2\/pages"}],"about":[{"href":"https:\/\/www.aquadivo.com\/cs\/wp-json\/wp\/v2\/types\/page"}],"author":[{"embeddable":true,"href":"https:\/\/www.aquadivo.com\/cs\/wp-json\/wp\/v2\/users\/1"}],"replies":[{"embeddable":true,"href":"https:\/\/www.aquadivo.com\/cs\/wp-json\/wp\/v2\/comments?post=42"}],"version-history":[{"count":0,"href":"https:\/\/www.aquadivo.com\/cs\/wp-json\/wp\/v2\/pages\/42\/revisions"}],"wp:attachment":[{"href":"https:\/\/www.aquadivo.com\/cs\/wp-json\/wp\/v2\/media?parent=42"}],"curies":[{"name":"wp","href":"https:\/\/api.w.org\/{rel}","templated":true}]}}