{"id":44,"date":"2023-02-20T15:21:33","date_gmt":"2023-02-20T15:21:33","guid":{"rendered":"https:\/\/www.aquadivo.com\/?page_id=44"},"modified":"2023-03-30T00:24:19","modified_gmt":"2023-03-29T23:24:19","slug":"vertriebspartner-werden","status":"publish","type":"page","link":"https:\/\/www.aquadivo.com\/cs\/stat-se-prodejnim-partnerem\/","title":{"rendered":"st\u00e1t se prodejn\u00edm partnerem"},"content":{"rendered":"<p>[et_pb_section fb_built=&#8221;1&#8243; _builder_version=&#8221;4.19.5&#8243; _module_preset=&#8221;1b58ed5b-6370-4c81-9ae9-39a9863c86e3&#8243; background_image=&#8221;https:\/\/www.aquadivo.com\/wp-content\/uploads\/2023\/03\/gartenbrunnen-startseite-banner-edelstahl.jpg&#8221; parallax=&#8221;off&#8221; height_tablet=&#8221;600px&#8221; height_phone=&#8221;490px&#8221; height_last_edited=&#8221;on|phone&#8221; animation_duration=&#8221;1000ms&#8221; animation_delay=&#8221;300ms&#8221; animation_intensity_slide=&#8221;2%&#8221; animation_duration_tablet=&#8221;&#8221; animation_duration_phone=&#8221;500ms&#8221; animation_duration_last_edited=&#8221;on|phone&#8221; global_colors_info=&#8221;{}&#8221;][\/et_pb_section][et_pb_section fb_built=&#8221;1&#8243; custom_padding_last_edited=&#8221;on|phone&#8221; _builder_version=&#8221;4.19.5&#8243; _module_preset=&#8221;default&#8221; custom_padding=&#8221;8vh||8vh||true|false&#8221; custom_padding_tablet=&#8221;6vh||6vh||true|false&#8221; custom_padding_phone=&#8221;4vh||4vh||true|false&#8221; animation_style=&#8221;slide&#8221; animation_direction=&#8221;bottom&#8221; animation_delay=&#8221;300ms&#8221; animation_intensity_slide=&#8221;2%&#8221; global_colors_info=&#8221;{}&#8221;][et_pb_row custom_padding_last_edited=&#8221;on|phone&#8221; _builder_version=&#8221;4.19.5&#8243; _module_preset=&#8221;default&#8221; width=&#8221;95%&#8221; width_tablet=&#8221;90%&#8221; width_phone=&#8221;90%&#8221; width_last_edited=&#8221;on|desktop&#8221; max_width=&#8221;1200px&#8221; custom_padding=&#8221;0px||||false|false&#8221; custom_padding_tablet=&#8221;0px||0px||false|false&#8221; custom_padding_phone=&#8221;0px||0px||true|false&#8221; animation_direction=&#8221;bottom&#8221; animation_direction_tablet=&#8221;bottom&#8221; animation_direction_phone=&#8221;bottom&#8221; animation_direction_last_edited=&#8221;on|phone&#8221; animation_delay_tablet=&#8221;500ms&#8221; animation_delay_phone=&#8221;200ms&#8221; animation_delay_last_edited=&#8221;on|phone&#8221; animation_intensity_slide_tablet=&#8221;2%&#8221; animation_intensity_slide_phone=&#8221;2%&#8221; animation_intensity_slide_last_edited=&#8221;on|desktop&#8221; global_colors_info=&#8221;{}&#8221;][et_pb_column type=&#8221;4_4&#8243; _builder_version=&#8221;4.19.5&#8243; _module_preset=&#8221;default&#8221; global_colors_info=&#8221;{}&#8221;][et_pb_text _builder_version=&#8221;4.19.5&#8243; _module_preset=&#8221;7ea19da9-fe49-4ff8-89fe-69ba67c08c82&#8243; ol_font_size=&#8221;1.3rem&#8221; ol_line_height=&#8221;1.7rem&#8221; header_2_font=&#8221;||||||||&#8221; header_2_line_height=&#8221;1.3em&#8221; custom_margin=&#8221;||3vh||false|false&#8221; custom_margin_tablet=&#8221;||2vh||false|false&#8221; custom_margin_phone=&#8221;||0vh||false|false&#8221; custom_margin_last_edited=&#8221;on|phone&#8221; animation_style=&#8221;none&#8221; animation_direction=&#8221;bottom&#8221; text_font_size_tablet=&#8221;1.1rem&#8221; text_font_size_phone=&#8221;1rem&#8221; text_font_size_last_edited=&#8221;on|desktop&#8221; ol_font_size_tablet=&#8221;1.1rem&#8221; ol_font_size_phone=&#8221;1rem&#8221; ol_font_size_last_edited=&#8221;on|phone&#8221; header_2_font_size_tablet=&#8221;2.3rem&#8221; header_2_font_size_phone=&#8221;1.8rem&#8221; header_2_font_size_last_edited=&#8221;on|phone&#8221; inline_fonts=&#8221;Barlow Bold,barlow bold&#8221; global_colors_info=&#8221;{}&#8221;]<\/p>\n<h2><strong><\/strong><\/h2>\n<h2><strong>st\u00e1t se prodejn\u00edm partnerem<\/strong><\/h2>\n<p>M\u00e1te z\u00e1jem o obchodn\u00ed partnerstv\u00ed? T\u011b\u0161\u00edme se, \u017ee v\u00e1s osobn\u011b p\u0159iv\u00edt\u00e1me.<\/p>\n<p>Abychom v\u00e1s trochu l\u00e9pe poznali, \u017e\u00e1d\u00e1me v\u00e1s o to <a href=\"\/cs\/wp_aquadivo\/pozadejte-nyni\/\">registra\u010dn\u00ed formul\u00e1\u0159<\/a> aby obchodn\u00ed partne\u0159i nebo obchodn\u00ed partne\u0159i vyplnili co nej\u00fapln\u011bji. Zva\u017ete pros\u00edm na\u0161e z\u00e1sady ochrany osobn\u00edch \u00fadaj\u016f.<\/p>\n<p>Bav\u00ed n\u00e1s pracovat s partnery, kte\u0159\u00ed jsou nad\u0161en\u00ed a oddan\u00ed sv\u00fdm prodejn\u00edm a marketingov\u00fdm aktivit\u00e1m. V ka\u017ed\u00e9m p\u0159\u00edpad\u011b od n\u00e1s z\u00edsk\u00e1te kompetentn\u00ed poradenstv\u00ed a z\u00e1kaznicky orientovanou podporu, kter\u00e1 vych\u00e1z\u00ed z po\u017eadavk\u016f p\u0159\u00edslu\u0161n\u00e9 spole\u010dnosti.<\/p>\n<p>Bez ohledu na to, zda jste mikropodnikatel, st\u0159edn\u00ed firma nebo kupuj\u00edc\u00ed z obchodn\u00edho \u0159et\u011bzce, m\u00e1me lukrativn\u00ed nab\u00eddku pro ka\u017edou velikost spole\u010dnosti.<\/p>\n<p>Tento proces ukazuje, jak je to mo\u017en\u00e9 <span style=\"font-family: 'barlow bold'; font-weight: normal;\"><strong>n\u00e1\u0161 prodejn\u00ed partner <\/strong><\/span>na<span style=\"font-family: 'barlow bold'; font-weight: normal;\"><strong> st\u00e1t se<\/strong><\/span>:<\/p>\n<ol>\n<li>P\u0159ihlaste se na Aquadivo.com.<\/li>\n<li>B\u011bhem \u017e\u00e1dosti nahrajte \u017eivnostensk\u00fd list<\/li>\n<li>Toto bude zkontrolov\u00e1no n\u00e1mi<\/li>\n<li>\u00davodn\u00ed diskuse v pr\u016fb\u011bhu partnersk\u00e9 spolupr\u00e1ce<\/li>\n<li>Po ov\u011b\u0159en\u00ed bude v\u00e1\u0161 \u00fa\u010det aktivov\u00e1n<\/li>\n<li>V oblasti stahov\u00e1n\u00ed si pak m\u016f\u017eete st\u00e1hnout produkty a cen\u00edky<\/li>\n<\/ol>\n<p>&nbsp;<\/p>\n<p>Jste na jednom? <span style=\"font-family: 'barlow bold'; font-weight: normal;\"><strong>Z\u00e1jem o obchodn\u00ed partnerstv\u00ed<\/strong><\/span>?<\/p>\n<p>[\/et_pb_text][et_pb_button button_url=&#8221;@ET-DC@eyJkeW5hbWljIjp0cnVlLCJjb250ZW50IjoicG9zdF9saW5rX3VybF9wYWdlIiwic2V0dGluZ3MiOnsicG9zdF9pZCI6IjE4ODkifX0=@&#8221; button_text=&#8221;Jetzt bewerben!&#8221; _builder_version=&#8221;4.19.5&#8243; _dynamic_attributes=&#8221;button_url&#8221; _module_preset=&#8221;aa163f75-f00b-419a-aa44-e001467aabec&#8221; custom_margin=&#8221;||6vh|0px|false|false&#8221; custom_margin_tablet=&#8221;||4vh|0px|false|false&#8221; custom_margin_phone=&#8221;2vh||3vh|0vw|false|false&#8221; button_text_size_phone=&#8221;1.1em&#8221; global_colors_info=&#8221;{}&#8221;][\/et_pb_button][et_pb_text _builder_version=&#8221;4.19.5&#8243; _module_preset=&#8221;7ea19da9-fe49-4ff8-89fe-69ba67c08c82&#8243; header_2_line_height=&#8221;1.3em&#8221; custom_margin_tablet=&#8221;&#8221; custom_margin_phone=&#8221;||0vh||false|false&#8221; custom_margin_last_edited=&#8221;on|phone&#8221; animation_style=&#8221;none&#8221; animation_direction=&#8221;bottom&#8221; text_font_size_tablet=&#8221;1.1rem&#8221; text_font_size_phone=&#8221;1rem&#8221; text_font_size_last_edited=&#8221;on|desktop&#8221; header_3_font_size_tablet=&#8221;1.7rem&#8221; header_3_font_size_phone=&#8221;1.3rem&#8221; header_3_font_size_last_edited=&#8221;on|phone&#8221; animation_delay_tablet=&#8221;&#8221; animation_delay_phone=&#8221;200ms&#8221; animation_delay_last_edited=&#8221;on|phone&#8221; inline_fonts=&#8221;Barlow Bold,barlow bold&#8221; global_colors_info=&#8221;{}&#8221;]<\/p>\n<h3><strong>dropshipping<\/strong><\/h3>\n<p>Nab\u00edz\u00edme v r\u00e1mci <span style=\"font-family: 'barlow bold'; font-weight: normal;\"><strong>aktivn\u00ed \u010dlensk\u00e9 st\u00e1ty Evropsk\u00e9 unie<\/strong><\/span> dropshipping na. P\u0159i tomto zp\u016fsobu dopravy na\u0161i obchodn\u00ed partne\u0159i prezentuj\u00ed vybran\u00e9 produkty z na\u0161eho sortimentu ve sv\u00e9m internetov\u00e9m obchod\u011b.<\/p>\n<p>Pokud je pak takov\u00fd produkt zakoupen, bude m\u00edt objedn\u00e1vka formu a <span style=\"font-family: 'barlow bold'; font-weight: normal;\"><strong>dodac\u00ed list<\/strong><\/span> n\u00e1m p\u0159edal. Pokud produkt ji\u017e nen\u00ed dostupn\u00fd na sklad\u011b, je n\u00e1sledn\u011b vyroben a zabalen. Nakonec bal\u00edk vyzvedne a doru\u010d\u00ed spedice na\u0161eho obchodn\u00edho partnera. Pro na\u0161e obchodn\u00ed partnery z toho plyne v\u00fdhoda, \u017ee oni <span style=\"font-family: 'barlow bold';\"><strong>\u017e\u00e1dn\u00fd invent\u00e1\u0159<\/strong><\/span> vy\u017eadovat.<\/p>\n<p>[\/et_pb_text][\/et_pb_column][\/et_pb_row][\/et_pb_section]<\/p>","protected":false},"excerpt":{"rendered":"<p>Vertriebspartner werden Sie sind an einer Vertriebspartnerschaft interessiert? Wir freuen uns Sie pers\u00f6nlich begr\u00fc\u00dfen zu d\u00fcrfen. Um Sie ein wenig besser kennenzulernen, bitten wir Sie, das Anmeldeformular f\u00fcr Vertriebspartner bzw. Handelspartner m\u00f6glichst vollst\u00e4ndig auszuf\u00fcllen. Bitte ber\u00fccksichtigen Sie unsere Datenschutzhinweise. Wir arbeiten gerne mit Partnern zusammen, die Ihren Vertriebs- und Marketingt\u00e4tigkeiten mit Enthusiasmus und Engagement nachgehen. [&hellip;]<\/p>","protected":false},"author":1,"featured_media":0,"parent":0,"menu_order":0,"comment_status":"closed","ping_status":"closed","template":"","meta":{"_et_pb_use_builder":"on","_et_pb_old_content":"<!-- wp:divi\/placeholder \/-->","_et_gb_content_width":"","footnotes":""},"class_list":["post-44","page","type-page","status-publish","hentry"],"_links":{"self":[{"href":"https:\/\/www.aquadivo.com\/cs\/wp-json\/wp\/v2\/pages\/44","targetHints":{"allow":["GET"]}}],"collection":[{"href":"https:\/\/www.aquadivo.com\/cs\/wp-json\/wp\/v2\/pages"}],"about":[{"href":"https:\/\/www.aquadivo.com\/cs\/wp-json\/wp\/v2\/types\/page"}],"author":[{"embeddable":true,"href":"https:\/\/www.aquadivo.com\/cs\/wp-json\/wp\/v2\/users\/1"}],"replies":[{"embeddable":true,"href":"https:\/\/www.aquadivo.com\/cs\/wp-json\/wp\/v2\/comments?post=44"}],"version-history":[{"count":0,"href":"https:\/\/www.aquadivo.com\/cs\/wp-json\/wp\/v2\/pages\/44\/revisions"}],"wp:attachment":[{"href":"https:\/\/www.aquadivo.com\/cs\/wp-json\/wp\/v2\/media?parent=44"}],"curies":[{"name":"wp","href":"https:\/\/api.w.org\/{rel}","templated":true}]}}