{"id":11,"date":"2023-02-20T14:20:00","date_gmt":"2023-02-20T14:20:00","guid":{"rendered":"https:\/\/www.aquadivo.com\/?page_id=11"},"modified":"2023-11-28T14:07:29","modified_gmt":"2023-11-28T13:07:29","slug":"ueber-uns","status":"publish","type":"page","link":"https:\/\/www.aquadivo.com\/en\/about-us\/","title":{"rendered":"about Us"},"content":{"rendered":"<p>[et_pb_section fb_built=&#8221;1&#8243; admin_label=&#8221;Section&#8221; _builder_version=&#8221;4.23.1&#8243; _module_preset=&#8221;default&#8221; background_image=&#8221;https:\/\/www.aquadivo.com\/wp-content\/uploads\/2023\/03\/gartenbrunnen-shop-banner1800x650-01.jpg&#8221; z_index=&#8221;0&#8243; height=&#8221;600px&#8221; height_tablet=&#8221;600px&#8221; height_phone=&#8221;490px&#8221; height_last_edited=&#8221;on|phone&#8221; custom_margin=&#8221;||||false|false&#8221; animation_style=&#8221;slide&#8221; animation_direction=&#8221;bottom&#8221; animation_delay=&#8221;300ms&#8221; animation_intensity_slide=&#8221;2%&#8221; hover_enabled=&#8221;0&#8243; global_colors_info=&#8221;{}&#8221; sticky_enabled=&#8221;0&#8243;][\/et_pb_section][et_pb_section fb_built=&#8221;1&#8243; custom_padding_last_edited=&#8221;on|phone&#8221; _builder_version=&#8221;4.19.5&#8243; _module_preset=&#8221;default&#8221; custom_padding=&#8221;8vh||8vh||false|false&#8221; custom_padding_tablet=&#8221;6vh||6vh||false|false&#8221; custom_padding_phone=&#8221;4vh||4vh||false|false&#8221; animation_style=&#8221;slide&#8221; animation_direction=&#8221;bottom&#8221; animation_delay=&#8221;300ms&#8221; animation_intensity_slide=&#8221;2%&#8221; scroll_vertical_motion=&#8221;18|50|50|100|1|0|-4&#8243; motion_trigger_start=&#8221;top&#8221; global_colors_info=&#8221;{}&#8221;][et_pb_row custom_padding_last_edited=&#8221;on|tablet&#8221; _builder_version=&#8221;4.19.5&#8243; _module_preset=&#8221;default&#8221; width=&#8221;100%&#8221; width_tablet=&#8221;90%&#8221; width_phone=&#8221;90%&#8221; width_last_edited=&#8221;on|phone&#8221; max_width=&#8221;1200px&#8221; custom_padding=&#8221;0px||0px||false|false&#8221; custom_padding_tablet=&#8221;||0px||false|false&#8221; custom_padding_phone=&#8221;||3vh||false|false&#8221; animation_direction=&#8221;bottom&#8221; animation_duration_tablet=&#8221;1000ms&#8221; animation_duration_phone=&#8221;1000ms&#8221; animation_duration_last_edited=&#8221;on|tablet&#8221; animation_delay_tablet=&#8221;300ms&#8221; animation_delay_phone=&#8221;300ms&#8221; animation_delay_last_edited=&#8221;on|tablet&#8221; global_colors_info=&#8221;{}&#8221;][et_pb_column type=&#8221;4_4&#8243; _builder_version=&#8221;4.19.5&#8243; _module_preset=&#8221;default&#8221; global_colors_info=&#8221;{}&#8221;][et_pb_text admin_label=&#8221;Text&#8221; _builder_version=&#8221;4.19.5&#8243; _module_preset=&#8221;7ea19da9-fe49-4ff8-89fe-69ba67c08c82&#8243; header_2_font=&#8221;barlow condensed bold||||||||&#8221; custom_margin=&#8221;||6vh||false|false&#8221; custom_margin_tablet=&#8221;||4vh||false|false&#8221; custom_margin_phone=&#8221;||3vh||false|false&#8221; custom_margin_last_edited=&#8221;on|tablet&#8221; animation_style=&#8221;none&#8221; text_font_size_tablet=&#8221;1.1rem&#8221; text_font_size_phone=&#8221;1rem&#8221; text_font_size_last_edited=&#8221;on|phone&#8221; header_2_font_size_tablet=&#8221;2.3rem&#8221; header_2_font_size_phone=&#8221;1.8rem&#8221; header_2_font_size_last_edited=&#8221;on|phone&#8221; header_3_font_size_tablet=&#8221;1.7rem&#8221; header_3_font_size_phone=&#8221;1.3rem&#8221; header_3_font_size_last_edited=&#8221;on|phone&#8221; inline_fonts=&#8221;Barlow Bold,barlow bold&#8221; global_colors_info=&#8221;{}&#8221;]<\/p>\n<h2><strong>about Us<\/strong><\/h2>\n<p><strong><\/strong><\/p>\n<h3><strong>manufacturing and product development<\/strong><\/h3>\n<p>For 25 years we have been dealing with the construction of a wide variety of fountains and water features, both for indoor and outdoor use. The intensive study of the effect of water and its flow behavior on different materials is the cornerstone of our in-depth knowledge. Furthermore, the<span style=\"font-family: 'barlow bold'; font-weight: normal;\"> <strong>ongoing development of various fountains and individual fountain systems<\/strong><\/span> required and the basis of our success.<\/p>\n<p>We were able to establish contacts with selected producers in a wide variety of material stores due to our long activity in this industry. This allows us to do our <span style=\"font-family: 'barlow bold'; font-weight: normal;\"><strong>First-hand materials<\/strong><\/span> relate.<\/p>\n<p>We pay special attention to the<span style=\"font-family: 'barlow bold'; font-weight: normal;\"> <strong>quality in processing<\/strong><\/span> of the materials and offer a<span style=\"font-family: 'barlow bold'; font-weight: normal;\"> <strong>wide variation<\/strong><\/span> on optically effective <span style=\"font-family: 'barlow bold';\"><strong>designs<\/strong><\/span> at. This enables us to provide our customers with a high-quality range of unique products.<\/p>\n<p>[\/et_pb_text][et_pb_text admin_label=&#8221;Text&#8221; _builder_version=&#8221;4.19.5&#8243; _module_preset=&#8221;7ea19da9-fe49-4ff8-89fe-69ba67c08c82&#8243; custom_margin=&#8221;||6vh||false|false&#8221; custom_margin_tablet=&#8221;||4vh||false|false&#8221; custom_margin_phone=&#8221;||3vh||false|false&#8221; custom_margin_last_edited=&#8221;on|phone&#8221; animation_style=&#8221;none&#8221; text_font_size_tablet=&#8221;1.1rem&#8221; text_font_size_phone=&#8221;1rem&#8221; text_font_size_last_edited=&#8221;on|phone&#8221; header_2_font_size_tablet=&#8221;&#8221; header_2_font_size_phone=&#8221;1.8rem&#8221; header_2_font_size_last_edited=&#8221;on|phone&#8221; header_3_font_size_tablet=&#8221;1.7rem&#8221; header_3_font_size_phone=&#8221;1.3rem&#8221; header_3_font_size_last_edited=&#8221;on|phone&#8221; inline_fonts=&#8221;Barlow Bold,barlow bold&#8221; global_colors_info=&#8221;{}&#8221; link_text_color__hover_enabled=&#8221;on|hover&#8221; link_text_color__hover=&#8221;#244F8A&#8221;]<\/p>\n<h3><strong>sales and market <\/strong><\/h3>\n<p>Our sales region is mostly the European Union. However, it is also possible to send our products to other third countries such as Bosnia, Serbia, England, Switzerland or Canada on request.<span style=\"font-family: 'barlow bold'; font-weight: normal;\"> <strong>dropshipping <\/strong><\/span>is however only in active <span style=\"font-family: 'barlow bold'; font-weight: normal;\"><strong>Member States of the European Union<\/strong><\/span> possible.<\/p>\n<p>We want to go with you <span style=\"font-family: 'barlow bold'; font-weight: normal;\"><strong>selected partners<\/strong><\/span> in the regions mentioned above <span style=\"font-family: 'barlow bold'; font-weight: normal;\"><strong>distribution partnership<\/strong> <\/span>enter. It is always a pleasure for us to help you with the realization of your ideas with our experience and know-how.<\/p>\n<p>We would like to work with these industries:<\/p>\n<ul>\n<li><span style=\"font-family: 'barlow bold'; font-weight: normal;\">garden design<\/span><\/li>\n<li><span style=\"font-family: 'barlow bold'; font-weight: normal;\">garden center<\/span><\/li>\n<li><span style=\"font-family: 'barlow bold'; font-weight: normal;\">nurseries<\/span><\/li>\n<li><span style=\"font-family: 'barlow bold'; font-weight: normal;\">architects<\/span><\/li>\n<li><span style=\"font-family: 'barlow bold'; font-weight: normal;\">residential studios<\/span><\/li>\n<li><span style=\"font-family: 'barlow bold'; font-weight: normal;\">interior decorator<\/span><\/li>\n<li><span style=\"font-family: 'barlow bold'; font-weight: normal;\">building center<\/span><\/li>\n<li><span style=\"font-family: 'barlow bold'; font-weight: normal;\">stone dealers<\/span><\/li>\n<li><span style=\"font-family: 'barlow bold'; font-weight: normal;\">gemstone dealers<\/span><\/li>\n<\/ul>\n<p>More information about <span style=\"font-family: 'barlow bold';\"><strong>distribution partnership <\/strong><\/span>do you think ...? Find <a href=\"https:\/\/www.aquadivo.com\/en\/become-a-sales-partner\/\">here<\/a>!<\/p>\n<p>[\/et_pb_text][\/et_pb_column][\/et_pb_row][et_pb_row custom_padding_last_edited=&#8221;on|tablet&#8221; _builder_version=&#8221;4.19.5&#8243; _module_preset=&#8221;default&#8221; width=&#8221;100%&#8221; width_tablet=&#8221;90%&#8221; width_phone=&#8221;90%&#8221; width_last_edited=&#8221;on|phone&#8221; max_width=&#8221;1200px&#8221; custom_padding=&#8221;0px||0px||false|false&#8221; custom_padding_tablet=&#8221;||0px||false|false&#8221; custom_padding_phone=&#8221;||3vh||false|false&#8221; animation_style=&#8221;slide&#8221; animation_direction=&#8221;bottom&#8221; animation_delay=&#8221;300ms&#8221; animation_intensity_slide=&#8221;2%&#8221; animation_duration_tablet=&#8221;1000ms&#8221; animation_duration_phone=&#8221;1000ms&#8221; animation_duration_last_edited=&#8221;on|tablet&#8221; animation_delay_tablet=&#8221;300ms&#8221; animation_delay_phone=&#8221;300ms&#8221; animation_delay_last_edited=&#8221;on|tablet&#8221; global_colors_info=&#8221;{}&#8221;][et_pb_column type=&#8221;4_4&#8243; _builder_version=&#8221;4.19.5&#8243; _module_preset=&#8221;default&#8221; global_colors_info=&#8221;{}&#8221;][et_pb_text admin_label=&#8221;Text&#8221; _builder_version=&#8221;4.19.5&#8243; _module_preset=&#8221;7ea19da9-fe49-4ff8-89fe-69ba67c08c82&#8243; custom_margin=&#8221;||6vh||false|false&#8221; custom_margin_tablet=&#8221;||4vh||false|false&#8221; custom_margin_phone=&#8221;||3vh||false|false&#8221; custom_margin_last_edited=&#8221;on|phone&#8221; animation_style=&#8221;none&#8221; text_font_size_tablet=&#8221;1.1rem&#8221; text_font_size_phone=&#8221;1rem&#8221; text_font_size_last_edited=&#8221;on|phone&#8221; header_2_font_size_tablet=&#8221;&#8221; header_2_font_size_phone=&#8221;1.8rem&#8221; header_2_font_size_last_edited=&#8221;on|phone&#8221; header_3_font_size_tablet=&#8221;1.7rem&#8221; header_3_font_size_phone=&#8221;1.3rem&#8221; header_3_font_size_last_edited=&#8221;on|phone&#8221; inline_fonts=&#8221;Barlow Bold,barlow condensed bold,barlow bold&#8221; global_colors_info=&#8221;{}&#8221;]<\/p>\n<h3><strong>Our philosophy \u2013 how we work<\/strong><\/h3>\n<p>Our main goal is <span style=\"font-family: 'barlow bold'; font-weight: normal;\"><strong>the satisfaction of our customers<\/strong><\/span>. This is the only way to build long-term and successful business relationships. We rely on competent and professional advice. And if something doesn&#039;t &quot;work quite so well&quot; then our commandment applies:<\/p>\n<p><span style=\"color: #244f8a; font-family: 'barlow condensed bold'; font-size: x-large;\"><span style=\"font-weight: normal;\"><strong>Immediately an open word. This also creates friends. <\/strong><\/span><\/span><\/p>\n<p>We are always open to your suggestions. These are gratefully received, always considered and possibly also implemented.<\/p>\n<p>For 25 years we have been working with customers from a wide variety of industries, such as garden design, interior design and stone dealers. We have this customer to thank. It is only thanks to you that we have been able to be successful as a company and to gain invaluable knowledge and experience. We are very motivated to have one <span style=\"font-family: 'barlow bold'; font-weight: normal;\"><strong>successful concept <\/strong><\/span>and implement the goals we set ourselves. Since 1998, we have been passionately ensuring that our customers <span style=\"font-family: 'barlow bold'; font-weight: normal;\"><strong>best service<\/strong><\/span>, the <span style=\"font-family: 'barlow bold'; font-weight: normal;\"><strong>highest quality<\/strong> <\/span>and <span style=\"font-family: 'barlow bold';\"><strong>significant business partners<\/strong><\/span> receive.<\/p>\n<p>[\/et_pb_text][\/et_pb_column][\/et_pb_row][\/et_pb_section][et_pb_section fb_built=&#8221;1&#8243; custom_padding_last_edited=&#8221;on|phone&#8221; _builder_version=&#8221;4.19.5&#8243; _module_preset=&#8221;default&#8221; use_background_color_gradient=&#8221;on&#8221; background_color_gradient_stops=&#8221;#00afef 0%|#244f8a 100%&#8221; custom_padding=&#8221;8vh||8vh||true|false&#8221; custom_padding_tablet=&#8221;6vh||6vh||true|false&#8221; custom_padding_phone=&#8221;6vh||6vh||true|false&#8221; global_colors_info=&#8221;{}&#8221;][et_pb_row column_structure=&#8221;1_3,1_3,1_3&#8243; make_equal=&#8221;on&#8221; custom_padding_last_edited=&#8221;on|phone&#8221; admin_label=&#8221;Zahlen&#8221; _builder_version=&#8221;4.19.5&#8243; _module_preset=&#8221;default&#8221; width=&#8221;95%&#8221; width_tablet=&#8221;90%&#8221; width_phone=&#8221;90%&#8221; width_last_edited=&#8221;on|desktop&#8221; max_width=&#8221;1200px&#8221; custom_padding=&#8221;0px||0px||false|false&#8221; custom_padding_tablet=&#8221;0px||0px||false|false&#8221; custom_padding_phone=&#8221;||0px||false|false&#8221; global_colors_info=&#8221;{}&#8221;][et_pb_column type=&#8221;1_3&#8243; _builder_version=&#8221;4.19.5&#8243; _module_preset=&#8221;default&#8221; global_colors_info=&#8221;{}&#8221;][et_pb_number_counter title=&#8221;installierte Brunnen&#8221; number=&#8221;730&#8243; percent_sign=&#8221;off&#8221; _builder_version=&#8221;4.20.2&#8243; _module_preset=&#8221;default&#8221; title_text_color=&#8221;#FFFFFF&#8221; title_font_size=&#8221;2rem&#8221; number_font=&#8221;||||||||&#8221; number_text_color=&#8221;#FFFFFF&#8221; custom_padding=&#8221;||||false|false&#8221; title_font_size_tablet=&#8221;1.7rem&#8221; title_font_size_phone=&#8221;1.3rem&#8221; title_font_size_last_edited=&#8221;on|phone&#8221; number_font_size_tablet=&#8221;&#8221; number_font_size_phone=&#8221;66px&#8221; number_font_size_last_edited=&#8221;on|phone&#8221; global_colors_info=&#8221;{}&#8221;][\/et_pb_number_counter][\/et_pb_column][et_pb_column type=&#8221;1_3&#8243; _builder_version=&#8221;4.19.5&#8243; _module_preset=&#8221;default&#8221; global_colors_info=&#8221;{}&#8221;][et_pb_number_counter title=&#8221;Partner europaweit&#8221; number=&#8221;50&#8243; percent_sign=&#8221;off&#8221; _builder_version=&#8221;4.19.5&#8243; _module_preset=&#8221;default&#8221; title_text_color=&#8221;#FFFFFF&#8221; title_font_size=&#8221;2rem&#8221; number_font=&#8221;Barlow Regular||||||||&#8221; number_text_color=&#8221;#FFFFFF&#8221; custom_padding=&#8221;||||false|false&#8221; title_font_size_tablet=&#8221;1.7rem&#8221; title_font_size_phone=&#8221;1.3rem&#8221; title_font_size_last_edited=&#8221;on|phone&#8221; global_colors_info=&#8221;{}&#8221;][\/et_pb_number_counter][\/et_pb_column][et_pb_column type=&#8221;1_3&#8243; _builder_version=&#8221;4.19.5&#8243; _module_preset=&#8221;default&#8221; global_colors_info=&#8221;{}&#8221;][et_pb_number_counter title=&#8221;Kunden&#8221; number=&#8221;172&#8243; percent_sign=&#8221;off&#8221; _builder_version=&#8221;4.19.5&#8243; _module_preset=&#8221;default&#8221; title_text_color=&#8221;#FFFFFF&#8221; title_font_size=&#8221;2rem&#8221; number_font=&#8221;Barlow Regular||||||||&#8221; number_text_color=&#8221;#FFFFFF&#8221; custom_padding=&#8221;||||false|false&#8221; title_font_size_tablet=&#8221;1.7rem&#8221; title_font_size_phone=&#8221;1.3rem&#8221; title_font_size_last_edited=&#8221;on|phone&#8221; global_colors_info=&#8221;{}&#8221;][\/et_pb_number_counter][\/et_pb_column][\/et_pb_row][\/et_pb_section][et_pb_section fb_built=&#8221;1&#8243; admin_label=&#8221;Sektion&#8221; _builder_version=&#8221;4.20.2&#8243; _module_preset=&#8221;default&#8221; global_colors_info=&#8221;{}&#8221;][et_pb_row custom_padding_last_edited=&#8221;on|phone&#8221; _builder_version=&#8221;4.19.5&#8243; _module_preset=&#8221;default&#8221; width=&#8221;100%&#8221; width_tablet=&#8221;90%&#8221; width_phone=&#8221;90%&#8221; width_last_edited=&#8221;on|phone&#8221; max_width=&#8221;1200px&#8221; custom_padding=&#8221;0px||6vh||false|false&#8221; custom_padding_tablet=&#8221;||0px||false|false&#8221; custom_padding_phone=&#8221;||4vh||false|false&#8221; animation_style=&#8221;slide&#8221; animation_direction=&#8221;bottom&#8221; animation_delay=&#8221;300ms&#8221; animation_intensity_slide=&#8221;2%&#8221; animation_duration_tablet=&#8221;1000ms&#8221; animation_duration_phone=&#8221;1000ms&#8221; animation_duration_last_edited=&#8221;on|tablet&#8221; animation_delay_tablet=&#8221;300ms&#8221; animation_delay_phone=&#8221;300ms&#8221; animation_delay_last_edited=&#8221;on|tablet&#8221; global_colors_info=&#8221;{}&#8221;][et_pb_column type=&#8221;4_4&#8243; _builder_version=&#8221;4.19.5&#8243; _module_preset=&#8221;default&#8221; global_colors_info=&#8221;{}&#8221;][et_pb_text admin_label=&#8221;Text&#8221; _builder_version=&#8221;4.19.5&#8243; _module_preset=&#8221;7ea19da9-fe49-4ff8-89fe-69ba67c08c82&#8243; custom_margin=&#8221;||6vh||false|false&#8221; custom_margin_tablet=&#8221;||4vh||false|false&#8221; custom_margin_phone=&#8221;||3vh||false|false&#8221; custom_margin_last_edited=&#8221;on|phone&#8221; animation_style=&#8221;none&#8221; text_font_size_tablet=&#8221;1.1rem&#8221; text_font_size_phone=&#8221;1rem&#8221; text_font_size_last_edited=&#8221;on|phone&#8221; header_2_font_size_tablet=&#8221;&#8221; header_2_font_size_phone=&#8221;1.8rem&#8221; header_2_font_size_last_edited=&#8221;on|phone&#8221; header_3_font_size_tablet=&#8221;1.7rem&#8221; header_3_font_size_phone=&#8221;1.3rem&#8221; header_3_font_size_last_edited=&#8221;on|phone&#8221; inline_fonts=&#8221;Barlow Bold,barlow bold&#8221; global_colors_info=&#8221;{}&#8221; link_text_color__hover_enabled=&#8221;on|desktop&#8221; link_text_color__hover=&#8221;#244F8A&#8221;]<\/p>\n<h3><strong>Exhibition<\/strong><\/h3>\n<p>Visit us in our exhibition in M\u00f6dling. With an area of <span style=\"font-family: 'Barlow Bold'; font-weight: normal;\"><strong>a total of 3200 m\u00b2<\/strong>\u00a0<\/span>With exhibits of room and garden fountains, as well as the most diverse types of natural stone, we are able to show you our extensive range directly on site. In addition, we have our own workshop in which a large number of our products are manufactured.<\/p>\n<p>[\/et_pb_text][et_pb_text admin_label=&#8221;Text&#8221; _builder_version=&#8221;4.19.5&#8243; _module_preset=&#8221;7ea19da9-fe49-4ff8-89fe-69ba67c08c82&#8243; custom_margin=&#8221;||0vh||false|false&#8221; custom_margin_tablet=&#8221;||0vh||false|false&#8221; custom_margin_phone=&#8221;||0vh||false|false&#8221; custom_margin_last_edited=&#8221;on|phone&#8221; animation_style=&#8221;none&#8221; text_font_size_tablet=&#8221;1.1rem&#8221; text_font_size_phone=&#8221;1rem&#8221; text_font_size_last_edited=&#8221;on|phone&#8221; header_2_font_size_tablet=&#8221;&#8221; header_2_font_size_phone=&#8221;1.8rem&#8221; header_2_font_size_last_edited=&#8221;on|phone&#8221; header_3_font_size_tablet=&#8221;&#8221; header_3_font_size_phone=&#8221;1.3rem&#8221; header_3_font_size_last_edited=&#8221;on|phone&#8221; inline_fonts=&#8221;Barlow Bold,barlow bold&#8221; global_colors_info=&#8221;{}&#8221; link_text_color__hover_enabled=&#8221;on|desktop&#8221; link_text_color__hover=&#8221;#244F8A&#8221;]<\/p>\n<p>Point of sale Modling<br \/>A-2340 Modling, Grenzgasse 40<\/p>\n<p><span style=\"font-family: 'barlow bold';\"><strong>Opening hours:<\/strong><\/span><br \/>Monday \u2013 Friday from 9 a.m. to 5 p.m<br \/>Saturday from 9 a.m. to 2 p.m<\/p>\n<p>TEL: +43(0)2236\/866 409<br \/>E-MAIL:<span>\u00a0<\/span><a href=\"mailto:office@aquadivo.com\">office@aquadivo.com<\/a><\/p>\n<p>[\/et_pb_text][\/et_pb_column][\/et_pb_row][et_pb_row custom_padding_last_edited=&#8221;on|tablet&#8221; _builder_version=&#8221;4.19.5&#8243; _module_preset=&#8221;default&#8221; width=&#8221;100%&#8221; width_tablet=&#8221;90%&#8221; width_phone=&#8221;90%&#8221; width_last_edited=&#8221;on|phone&#8221; max_width=&#8221;1200px&#8221; custom_padding=&#8221;0px||0px||false|false&#8221; custom_padding_tablet=&#8221;||0px||false|false&#8221; custom_padding_phone=&#8221;||3vh||false|false&#8221; animation_style=&#8221;slide&#8221; animation_direction=&#8221;bottom&#8221; animation_delay=&#8221;300ms&#8221; animation_intensity_slide=&#8221;2%&#8221; animation_duration_tablet=&#8221;1000ms&#8221; animation_duration_phone=&#8221;1000ms&#8221; animation_duration_last_edited=&#8221;on|tablet&#8221; animation_delay_tablet=&#8221;300ms&#8221; animation_delay_phone=&#8221;300ms&#8221; animation_delay_last_edited=&#8221;on|tablet&#8221; global_colors_info=&#8221;{}&#8221;][et_pb_column type=&#8221;4_4&#8243; _builder_version=&#8221;4.19.5&#8243; _module_preset=&#8221;default&#8221; global_colors_info=&#8221;{}&#8221;][et_pb_text admin_label=&#8221;Text&#8221; _builder_version=&#8221;4.19.5&#8243; _module_preset=&#8221;7ea19da9-fe49-4ff8-89fe-69ba67c08c82&#8243; custom_margin=&#8221;||0vh||false|false&#8221; custom_margin_tablet=&#8221;3vh||1vh||false|false&#8221; custom_margin_phone=&#8221;||0vh||false|false&#8221; custom_margin_last_edited=&#8221;on|phone&#8221; animation_style=&#8221;none&#8221; text_font_size_tablet=&#8221;1.1rem&#8221; text_font_size_phone=&#8221;1rem&#8221; text_font_size_last_edited=&#8221;on|phone&#8221; header_2_font_size_tablet=&#8221;&#8221; header_2_font_size_phone=&#8221;1.8rem&#8221; header_2_font_size_last_edited=&#8221;on|phone&#8221; header_3_font_size_tablet=&#8221;1.7rem&#8221; header_3_font_size_phone=&#8221;1.3rem&#8221; header_3_font_size_last_edited=&#8221;on|phone&#8221; inline_fonts=&#8221;Barlow Bold&#8221; global_colors_info=&#8221;{}&#8221; link_text_color__hover_enabled=&#8221;on|desktop&#8221; link_text_color__hover=&#8221;#244F8A&#8221;]<\/p>\n<h3 style=\"text-align: left;\"><strong>We are partners of<\/strong><\/h3>\n<p>[\/et_pb_text][\/et_pb_column][\/et_pb_row][et_pb_row column_structure=&#8221;1_3,1_3,1_3&#8243; custom_padding_last_edited=&#8221;on|tablet&#8221; _builder_version=&#8221;4.19.5&#8243; _module_preset=&#8221;default&#8221; width=&#8221;100%&#8221; width_tablet=&#8221;90%&#8221; width_phone=&#8221;90%&#8221; width_last_edited=&#8221;on|phone&#8221; max_width=&#8221;1200px&#8221; custom_padding=&#8221;0px||0px||false|false&#8221; custom_padding_tablet=&#8221;||0px||false|false&#8221; custom_padding_phone=&#8221;||3vh||false|false&#8221; animation_style=&#8221;slide&#8221; animation_direction=&#8221;bottom&#8221; animation_delay=&#8221;300ms&#8221; animation_intensity_slide=&#8221;2%&#8221; animation_duration_tablet=&#8221;1000ms&#8221; animation_duration_phone=&#8221;1000ms&#8221; animation_duration_last_edited=&#8221;on|tablet&#8221; animation_delay_tablet=&#8221;300ms&#8221; animation_delay_phone=&#8221;300ms&#8221; animation_delay_last_edited=&#8221;on|tablet&#8221; global_colors_info=&#8221;{}&#8221;][et_pb_column type=&#8221;1_3&#8243; _builder_version=&#8221;4.19.5&#8243; _module_preset=&#8221;default&#8221; global_colors_info=&#8221;{}&#8221;][et_pb_image src=&#8221;https:\/\/www.aquadivo.com\/wp-content\/uploads\/2023\/03\/Logo_GALABAU.png&#8221; title_text=&#8221;Logo_GALABAU&#8221; url=&#8221;https:\/\/galabau-verband.at&#8221; url_new_window=&#8221;on&#8221; _builder_version=&#8221;4.19.5&#8243; _module_preset=&#8221;default&#8221; global_colors_info=&#8221;{}&#8221;][\/et_pb_image][\/et_pb_column][et_pb_column type=&#8221;1_3&#8243; _builder_version=&#8221;4.19.5&#8243; _module_preset=&#8221;default&#8221; global_colors_info=&#8221;{}&#8221;][\/et_pb_column][et_pb_column type=&#8221;1_3&#8243; _builder_version=&#8221;4.19.5&#8243; _module_preset=&#8221;default&#8221; global_colors_info=&#8221;{}&#8221;][\/et_pb_column][\/et_pb_row][\/et_pb_section][et_pb_section fb_built=&#8221;1&#8243; admin_label=&#8221;button_vertrieb&#8221; _builder_version=&#8221;4.19.5&#8243; _module_preset=&#8221;default&#8221; custom_padding=&#8221;0px||0px||false|false&#8221; global_colors_info=&#8221;{}&#8221;][et_pb_row _builder_version=&#8221;4.19.5&#8243; _module_preset=&#8221;default&#8221; width=&#8221;100%&#8221; max_width=&#8221;100%&#8221; custom_padding=&#8221;0px||0px||false|false&#8221; global_colors_info=&#8221;{}&#8221;][et_pb_column type=&#8221;4_4&#8243; _builder_version=&#8221;4.19.5&#8243; _module_preset=&#8221;default&#8221; global_colors_info=&#8221;{}&#8221;][et_pb_button button_url=&#8221;@ET-DC@eyJkeW5hbWljIjp0cnVlLCJjb250ZW50IjoicG9zdF9saW5rX3VybF9wYWdlIiwic2V0dGluZ3MiOnsicG9zdF9pZCI6IjQ0In19@&#8221; button_text=&#8221;Vertriebspartner werden&#8221; button_alignment=&#8221;right&#8221; _builder_version=&#8221;4.19.5&#8243; _dynamic_attributes=&#8221;button_url&#8221; _module_preset=&#8221;aa163f75-f00b-419a-aa44-e001467aabec&#8221; positioning=&#8221;fixed&#8221; position_origin_f=&#8221;bottom_right&#8221; vertical_offset=&#8221;10px&#8221; horizontal_offset=&#8221;10px&#8221; z_index=&#8221;9998&#8243; global_colors_info=&#8221;{}&#8221;][\/et_pb_button][\/et_pb_column][\/et_pb_row][\/et_pb_section]<\/p>","protected":false},"excerpt":{"rendered":"<p>\u00dcber Uns Herstellung und Produktentwicklung Seit 25 Jahren besch\u00e4ftigen wir uns mit dem Bau von verschiedensten Brunnen und Wasserspielen, sowohl f\u00fcr den Innen-, als auch f\u00fcr den Au\u00dfenbereich. Die intensive Befassung mit der Wirkung von Wasser und dessen Flie\u00dfverhalten auf verschiedenen Materialien ist der Grundstein f\u00fcr unser tiefgehendes Wissen. Des Weiteren ist die laufende Entwicklung [&hellip;]<\/p>","protected":false},"author":1,"featured_media":0,"parent":0,"menu_order":0,"comment_status":"closed","ping_status":"closed","template":"","meta":{"_et_pb_use_builder":"on","_et_pb_old_content":"","_et_gb_content_width":"1920","footnotes":""},"class_list":["post-11","page","type-page","status-publish","hentry"],"_links":{"self":[{"href":"https:\/\/www.aquadivo.com\/en\/wp-json\/wp\/v2\/pages\/11","targetHints":{"allow":["GET"]}}],"collection":[{"href":"https:\/\/www.aquadivo.com\/en\/wp-json\/wp\/v2\/pages"}],"about":[{"href":"https:\/\/www.aquadivo.com\/en\/wp-json\/wp\/v2\/types\/page"}],"author":[{"embeddable":true,"href":"https:\/\/www.aquadivo.com\/en\/wp-json\/wp\/v2\/users\/1"}],"replies":[{"embeddable":true,"href":"https:\/\/www.aquadivo.com\/en\/wp-json\/wp\/v2\/comments?post=11"}],"version-history":[{"count":1,"href":"https:\/\/www.aquadivo.com\/en\/wp-json\/wp\/v2\/pages\/11\/revisions"}],"predecessor-version":[{"id":4387,"href":"https:\/\/www.aquadivo.com\/en\/wp-json\/wp\/v2\/pages\/11\/revisions\/4387"}],"wp:attachment":[{"href":"https:\/\/www.aquadivo.com\/en\/wp-json\/wp\/v2\/media?parent=11"}],"curies":[{"name":"wp","href":"https:\/\/api.w.org\/{rel}","templated":true}]}}