{"id":38,"date":"2023-02-20T15:19:08","date_gmt":"2023-02-20T15:19:08","guid":{"rendered":"https:\/\/www.aquadivo.com\/?page_id=38"},"modified":"2023-04-13T09:38:23","modified_gmt":"2023-04-13T08:38:23","slug":"aussenbereich","status":"publish","type":"page","link":"https:\/\/www.aquadivo.com\/en\/outdoor-equipment-aquadivo\/","title":{"rendered":"outdoor area"},"content":{"rendered":"<p>[et_pb_section fb_built=&#8221;1&#8243; _builder_version=&#8221;4.19.5&#8243; _module_preset=&#8221;1b58ed5b-6370-4c81-9ae9-39a9863c86e3&#8243; background_image=&#8221;https:\/\/www.aquadivo.com\/wp-content\/uploads\/2023\/03\/wasserfall-brunnen-banner1800x650-02.jpg&#8221; parallax=&#8221;off&#8221; height_tablet=&#8221;600px&#8221; height_phone=&#8221;490px&#8221; height_last_edited=&#8221;on|phone&#8221; animation_duration=&#8221;1000ms&#8221; animation_delay=&#8221;300ms&#8221; animation_intensity_slide=&#8221;2%&#8221; animation_duration_tablet=&#8221;1000ms&#8221; animation_duration_phone=&#8221;500ms&#8221; animation_duration_last_edited=&#8221;on|phone&#8221; global_colors_info=&#8221;{}&#8221;][\/et_pb_section][et_pb_section fb_built=&#8221;1&#8243; custom_padding_last_edited=&#8221;on|phone&#8221; _builder_version=&#8221;4.19.5&#8243; _module_preset=&#8221;default&#8221; custom_padding=&#8221;8vh||8vh||true|false&#8221; custom_padding_tablet=&#8221;6vh||6vh||true|false&#8221; custom_padding_phone=&#8221;4vh||4vh||true|false&#8221; global_colors_info=&#8221;{}&#8221;][et_pb_row custom_padding_last_edited=&#8221;on|phone&#8221; _builder_version=&#8221;4.19.5&#8243; _module_preset=&#8221;default&#8221; width=&#8221;100%&#8221; width_tablet=&#8221;90%&#8221; width_phone=&#8221;90%&#8221; width_last_edited=&#8221;on|tablet&#8221; max_width=&#8221;1200px&#8221; max_width_tablet=&#8221;1200px&#8221; max_width_phone=&#8221;1200px&#8221; max_width_last_edited=&#8221;on|phone&#8221; custom_padding=&#8221;0px||||false|false&#8221; custom_padding_tablet=&#8221;0px||0px||false|false&#8221; custom_padding_phone=&#8221;0px||0px||false|false&#8221; animation_style=&#8221;slide&#8221; animation_direction=&#8221;bottom&#8221; animation_delay=&#8221;300ms&#8221; animation_intensity_slide=&#8221;2%&#8221; animation_delay_tablet=&#8221;200ms&#8221; animation_delay_phone=&#8221;100ms&#8221; animation_delay_last_edited=&#8221;on|phone&#8221; global_colors_info=&#8221;{}&#8221;][et_pb_column type=&#8221;4_4&#8243; _builder_version=&#8221;4.19.5&#8243; _module_preset=&#8221;default&#8221; global_colors_info=&#8221;{}&#8221;][et_pb_text _builder_version=&#8221;4.19.5&#8243; _module_preset=&#8221;7ea19da9-fe49-4ff8-89fe-69ba67c08c82&#8243; header_2_font=&#8221;barlow condensed bold||||||||&#8221; custom_margin=&#8221;||6vh||false|false&#8221; custom_margin_tablet=&#8221;||4vh||false|false&#8221; custom_margin_phone=&#8221;||3vh||false|false&#8221; custom_margin_last_edited=&#8221;on|phone&#8221; custom_padding=&#8221;||||false|false&#8221; animation_style=&#8221;none&#8221; text_font_size_tablet=&#8221;1.1rem&#8221; text_font_size_phone=&#8221;1rem&#8221; text_font_size_last_edited=&#8221;on|phone&#8221; header_2_font_size_tablet=&#8221;2.3rem&#8221; header_2_font_size_phone=&#8221;1.8rem&#8221; header_2_font_size_last_edited=&#8221;on|phone&#8221; header_3_font_size_tablet=&#8221;1.7rem&#8221; header_3_font_size_phone=&#8221;1.3rem&#8221; header_3_font_size_last_edited=&#8221;on|phone&#8221; inline_fonts=&#8221;Barlow Bold,barlow bold&#8221; global_colors_info=&#8221;{}&#8221;]<\/p>\n<h2><strong>Outdoor - stylish fountains and materials<\/strong><\/h2>\n<h3><strong><\/strong><\/h3>\n<h3><strong>Fountain as an aesthetic element for outdoor facilities<\/strong><\/h3>\n<p>Outdoors are often the perfect opportunity for a fountain. Whether in a park, on private property or on company premises. People take it <span style=\"font-family: 'barlow bold'; font-weight: normal;\"><strong>positive influence of the fountain<\/strong><\/span> on her <span style=\"font-family: 'barlow bold'; font-weight: normal;\"><strong>wellbeing<\/strong><\/span> true and gather near the well. There they can relax, take a break and enjoy the cool air around the fountain.<\/p>\n<p>With the different <span style=\"font-family: 'barlow bold'; font-weight: normal;\"><strong>nature of the materials<\/strong><\/span>, as well as the<span style=\"font-family: 'barlow bold'; font-weight: normal;\"> <strong>design<\/strong><\/span> garden fountains set an effective accent in every outdoor area. The fountains shine through<span style=\"font-family: 'barlow bold'; font-weight: normal;\"> <strong>a lighting <\/strong><\/span>even at night in one <span style=\"font-family: 'barlow bold'; font-weight: normal;\"><strong>unique aesthetics<\/strong><\/span> and immerse their surroundings in soft light. specifically in <span style=\"font-family: 'barlow bold'; font-weight: normal;\"><strong>Austria made light fountain<\/strong><\/span> made of qualitative &quot;S\u00f6lker&quot; marble shine especially at night and enter the gardens<span style=\"font-family: 'barlow bold'; font-weight: normal;\"> <strong>breathtaking ambience.<\/strong><\/span><\/p>\n<p>[\/et_pb_text][et_pb_text _builder_version=&#8221;4.19.5&#8243; _module_preset=&#8221;7ea19da9-fe49-4ff8-89fe-69ba67c08c82&#8243; custom_margin_tablet=&#8221;||4vh||false|false&#8221; custom_margin_phone=&#8221;||3vh||false|false&#8221; custom_margin_last_edited=&#8221;on|phone&#8221; animation_style=&#8221;none&#8221; text_font_size_tablet=&#8221;1.1rem&#8221; text_font_size_phone=&#8221;1rem&#8221; text_font_size_last_edited=&#8221;on|phone&#8221; header_3_font_size_tablet=&#8221;1.7rem&#8221; header_3_font_size_phone=&#8221;1.3rem&#8221; header_3_font_size_last_edited=&#8221;on|phone&#8221; inline_fonts=&#8221;Barlow Bold,barlow bold&#8221; global_colors_info=&#8221;{}&#8221;]<\/p>\n<h3><strong>Steel, natural and precious stones - noble materials<\/strong><\/h3>\n<p>The material for the exterior is also an important factor.<span style=\"font-family: 'barlow bold'; font-weight: normal;\"> <strong>stainless steel <\/strong><\/span>blends into one <span style=\"font-family: 'barlow bold'; font-weight: normal;\"><strong>modern environment<\/strong><\/span> wonderful one. In contrast, offers <span style=\"font-family: 'barlow bold'; font-weight: normal;\"><strong>corten steel <\/strong><\/span>a warm version of stainless steel. Through <strong>the <span style=\"font-family: 'barlow bold'; font-weight: normal;\">reddish colour<\/span><\/strong> the outer layer of rust, the material appears warmer and can be cleaned more easily <span style=\"font-family: 'barlow bold'; font-weight: normal;\"><strong>natural style<\/strong> <\/span>be combined.<\/p>\n<p>As natural stone we can <span style=\"font-family: 'barlow bold'; font-weight: normal;\"><strong>Sandstone, granite and other natural stones<\/strong><\/span> offer. These are particularly suitable for... <span style=\"font-family: 'barlow bold'; font-weight: normal;\"><strong>Mediterranean and antique style<\/strong><\/span>. However, with that too <span style=\"font-family: 'barlow bold'; font-weight: normal;\"><strong>Sourcestone Fountain<\/strong><\/span> manufactured. A source stone is a natural stone that has a <span style=\"font-family: 'barlow bold';\"><strong>vertical drilling<\/strong><\/span> is provided. Our company also supplies natural stones, such as sandstones in <strong>larger amounts<\/strong> for your own further processing or for resale.<\/p>\n<p>[\/et_pb_text][\/et_pb_column][\/et_pb_row][et_pb_row custom_padding_last_edited=&#8221;on|phone&#8221; _builder_version=&#8221;4.19.5&#8243; _module_preset=&#8221;default&#8221; width=&#8221;100%&#8221; width_tablet=&#8221;90%&#8221; width_phone=&#8221;90%&#8221; width_last_edited=&#8221;on|tablet&#8221; max_width=&#8221;1200px&#8221; custom_padding=&#8221;||0px||false|false&#8221; custom_padding_tablet=&#8221;0px||0px||false|false&#8221; custom_padding_phone=&#8221;0px||0px||false|false&#8221; animation_style=&#8221;slide&#8221; animation_direction=&#8221;bottom&#8221; animation_delay=&#8221;300ms&#8221; animation_intensity_slide=&#8221;2%&#8221; animation_duration_tablet=&#8221;1000ms&#8221; animation_duration_phone=&#8221;0ms&#8221; animation_duration_last_edited=&#8221;on|phone&#8221; animation_delay_tablet=&#8221;100ms&#8221; animation_delay_phone=&#8221;0ms&#8221; animation_delay_last_edited=&#8221;on|phone&#8221; global_colors_info=&#8221;{}&#8221;][et_pb_column type=&#8221;4_4&#8243; _builder_version=&#8221;4.19.5&#8243; _module_preset=&#8221;default&#8221; global_colors_info=&#8221;{}&#8221;][et_pb_text _builder_version=&#8221;4.19.5&#8243; _module_preset=&#8221;7ea19da9-fe49-4ff8-89fe-69ba67c08c82&#8243; animation_style=&#8221;none&#8221; text_font_size_tablet=&#8221;1.1rem&#8221; text_font_size_phone=&#8221;1rem&#8221; text_font_size_last_edited=&#8221;on|phone&#8221; header_3_font_size_tablet=&#8221;1.7rem&#8221; header_3_font_size_phone=&#8221;1.3rem&#8221; header_3_font_size_last_edited=&#8221;on|phone&#8221; inline_fonts=&#8221;Barlow Bold,barlow bold&#8221; global_colors_info=&#8221;{}&#8221;]<\/p>\n<h3>Our offer to you<\/h3>\n<p>Would you like to include our products in your range? Do you have creative suggestions and ideas for your own product range?<br \/>We offer you the opportunity to <span style=\"font-family: 'barlow bold';\"><strong>qualitative trading partnership.<\/strong><\/span><\/p>\n<p>[\/et_pb_text][et_pb_button button_text=&#8221;Jetzt Vertriebspartner werden!&#8221; _builder_version=&#8221;4.19.5&#8243; _module_preset=&#8221;aa163f75-f00b-419a-aa44-e001467aabec&#8221; custom_margin=&#8221;2vh||2vh|0px|true|false&#8221; custom_margin_phone=&#8221;|||0vw|false|false&#8221; button_text_size_phone=&#8221;1.1em&#8221; global_colors_info=&#8221;{}&#8221; button_border_color__hover=&#8221;&#8221; button_border_color__hover_enabled=&#8221;on|desktop&#8221;][\/et_pb_button][et_pb_text _builder_version=&#8221;4.19.5&#8243; _module_preset=&#8221;default&#8221; text_font_size=&#8221;1.3rem&#8221; text_line_height=&#8221;1.72em&#8221; link_text_color=&#8221;#00AFEF&#8221; text_font_size_tablet=&#8221;1.1rem&#8221; text_font_size_phone=&#8221;1rem&#8221; text_font_size_last_edited=&#8221;on|phone&#8221; global_colors_info=&#8221;{}&#8221; link_text_color__hover_enabled=&#8221;on|hover&#8221; link_text_color__hover=&#8221;#244F8A&#8221;]<\/p>\n<p>Additionally, you can find out about the <a href=\"https:\/\/www.aquadivo.com\/en\/product-development\/\">product development <\/a>and <a href=\"https:\/\/www.aquadivo.com\/en\/product-development\/\">customization<\/a> inform.<\/p>\n<p>[\/et_pb_text][\/et_pb_column][\/et_pb_row][\/et_pb_section][et_pb_section fb_built=&#8221;1&#8243; admin_label=&#8221;button_vertrieb&#8221; _builder_version=&#8221;4.19.5&#8243; _module_preset=&#8221;default&#8221; custom_padding=&#8221;0px||0px||false|false&#8221; global_colors_info=&#8221;{}&#8221;][et_pb_row _builder_version=&#8221;4.19.5&#8243; _module_preset=&#8221;default&#8221; width=&#8221;100%&#8221; max_width=&#8221;100%&#8221; custom_padding=&#8221;0px||0px||false|false&#8221; global_colors_info=&#8221;{}&#8221;][et_pb_column type=&#8221;4_4&#8243; _builder_version=&#8221;4.19.5&#8243; _module_preset=&#8221;default&#8221; global_colors_info=&#8221;{}&#8221;][et_pb_button button_url=&#8221;@ET-DC@eyJkeW5hbWljIjp0cnVlLCJjb250ZW50IjoicG9zdF9saW5rX3VybF9wYWdlIiwic2V0dGluZ3MiOnsicG9zdF9pZCI6IjQ0In19@&#8221; button_text=&#8221;Vertriebspartner werden&#8221; button_alignment=&#8221;right&#8221; _builder_version=&#8221;4.19.5&#8243; _dynamic_attributes=&#8221;button_url&#8221; _module_preset=&#8221;aa163f75-f00b-419a-aa44-e001467aabec&#8221; positioning=&#8221;fixed&#8221; position_origin_f=&#8221;bottom_right&#8221; vertical_offset=&#8221;10px&#8221; horizontal_offset=&#8221;10px&#8221; z_index=&#8221;9998&#8243; global_colors_info=&#8221;{}&#8221;][\/et_pb_button][\/et_pb_column][\/et_pb_row][\/et_pb_section]<\/p>","protected":false},"excerpt":{"rendered":"<p>Outdoor \u2013 stilvolle Brunnen und Materialien Brunnen als \u00e4sthetisches Element f\u00fcr Au\u00dfenanlagen Im Au\u00dfenbereich bietet sich oftmals die perfekte Gelegenheit f\u00fcr einen Brunnen. Ob im Park, auf einem Privatgrundst\u00fcck oder auf einem Firmengel\u00e4nde. Die Menschen nehmen den positiven Einfluss des Brunnens auf ihr Wohlbefinden wahr und sammeln sich in der N\u00e4he des Brunnens. Dort k\u00f6nnen [&hellip;]<\/p>","protected":false},"author":1,"featured_media":0,"parent":0,"menu_order":0,"comment_status":"closed","ping_status":"closed","template":"","meta":{"_et_pb_use_builder":"on","_et_pb_old_content":"<!-- wp:divi\/placeholder \/-->","_et_gb_content_width":"","footnotes":""},"class_list":["post-38","page","type-page","status-publish","hentry"],"_links":{"self":[{"href":"https:\/\/www.aquadivo.com\/en\/wp-json\/wp\/v2\/pages\/38","targetHints":{"allow":["GET"]}}],"collection":[{"href":"https:\/\/www.aquadivo.com\/en\/wp-json\/wp\/v2\/pages"}],"about":[{"href":"https:\/\/www.aquadivo.com\/en\/wp-json\/wp\/v2\/types\/page"}],"author":[{"embeddable":true,"href":"https:\/\/www.aquadivo.com\/en\/wp-json\/wp\/v2\/users\/1"}],"replies":[{"embeddable":true,"href":"https:\/\/www.aquadivo.com\/en\/wp-json\/wp\/v2\/comments?post=38"}],"version-history":[{"count":0,"href":"https:\/\/www.aquadivo.com\/en\/wp-json\/wp\/v2\/pages\/38\/revisions"}],"wp:attachment":[{"href":"https:\/\/www.aquadivo.com\/en\/wp-json\/wp\/v2\/media?parent=38"}],"curies":[{"name":"wp","href":"https:\/\/api.w.org\/{rel}","templated":true}]}}