{"id":44,"date":"2023-02-20T15:21:33","date_gmt":"2023-02-20T15:21:33","guid":{"rendered":"https:\/\/www.aquadivo.com\/?page_id=44"},"modified":"2023-03-30T00:24:19","modified_gmt":"2023-03-29T23:24:19","slug":"vertriebspartner-werden","status":"publish","type":"page","link":"https:\/\/www.aquadivo.com\/en\/become-a-sales-partner\/","title":{"rendered":"become a sales partner"},"content":{"rendered":"<p>[et_pb_section fb_built=&#8221;1&#8243; _builder_version=&#8221;4.19.5&#8243; _module_preset=&#8221;1b58ed5b-6370-4c81-9ae9-39a9863c86e3&#8243; background_image=&#8221;https:\/\/www.aquadivo.com\/wp-content\/uploads\/2023\/03\/gartenbrunnen-startseite-banner-edelstahl.jpg&#8221; parallax=&#8221;off&#8221; height_tablet=&#8221;600px&#8221; height_phone=&#8221;490px&#8221; height_last_edited=&#8221;on|phone&#8221; animation_duration=&#8221;1000ms&#8221; animation_delay=&#8221;300ms&#8221; animation_intensity_slide=&#8221;2%&#8221; animation_duration_tablet=&#8221;&#8221; animation_duration_phone=&#8221;500ms&#8221; animation_duration_last_edited=&#8221;on|phone&#8221; global_colors_info=&#8221;{}&#8221;][\/et_pb_section][et_pb_section fb_built=&#8221;1&#8243; custom_padding_last_edited=&#8221;on|phone&#8221; _builder_version=&#8221;4.19.5&#8243; _module_preset=&#8221;default&#8221; custom_padding=&#8221;8vh||8vh||true|false&#8221; custom_padding_tablet=&#8221;6vh||6vh||true|false&#8221; custom_padding_phone=&#8221;4vh||4vh||true|false&#8221; animation_style=&#8221;slide&#8221; animation_direction=&#8221;bottom&#8221; animation_delay=&#8221;300ms&#8221; animation_intensity_slide=&#8221;2%&#8221; global_colors_info=&#8221;{}&#8221;][et_pb_row custom_padding_last_edited=&#8221;on|phone&#8221; _builder_version=&#8221;4.19.5&#8243; _module_preset=&#8221;default&#8221; width=&#8221;95%&#8221; width_tablet=&#8221;90%&#8221; width_phone=&#8221;90%&#8221; width_last_edited=&#8221;on|desktop&#8221; max_width=&#8221;1200px&#8221; custom_padding=&#8221;0px||||false|false&#8221; custom_padding_tablet=&#8221;0px||0px||false|false&#8221; custom_padding_phone=&#8221;0px||0px||true|false&#8221; animation_direction=&#8221;bottom&#8221; animation_direction_tablet=&#8221;bottom&#8221; animation_direction_phone=&#8221;bottom&#8221; animation_direction_last_edited=&#8221;on|phone&#8221; animation_delay_tablet=&#8221;500ms&#8221; animation_delay_phone=&#8221;200ms&#8221; animation_delay_last_edited=&#8221;on|phone&#8221; animation_intensity_slide_tablet=&#8221;2%&#8221; animation_intensity_slide_phone=&#8221;2%&#8221; animation_intensity_slide_last_edited=&#8221;on|desktop&#8221; global_colors_info=&#8221;{}&#8221;][et_pb_column type=&#8221;4_4&#8243; _builder_version=&#8221;4.19.5&#8243; _module_preset=&#8221;default&#8221; global_colors_info=&#8221;{}&#8221;][et_pb_text _builder_version=&#8221;4.19.5&#8243; _module_preset=&#8221;7ea19da9-fe49-4ff8-89fe-69ba67c08c82&#8243; ol_font_size=&#8221;1.3rem&#8221; ol_line_height=&#8221;1.7rem&#8221; header_2_font=&#8221;||||||||&#8221; header_2_line_height=&#8221;1.3em&#8221; custom_margin=&#8221;||3vh||false|false&#8221; custom_margin_tablet=&#8221;||2vh||false|false&#8221; custom_margin_phone=&#8221;||0vh||false|false&#8221; custom_margin_last_edited=&#8221;on|phone&#8221; animation_style=&#8221;none&#8221; animation_direction=&#8221;bottom&#8221; text_font_size_tablet=&#8221;1.1rem&#8221; text_font_size_phone=&#8221;1rem&#8221; text_font_size_last_edited=&#8221;on|desktop&#8221; ol_font_size_tablet=&#8221;1.1rem&#8221; ol_font_size_phone=&#8221;1rem&#8221; ol_font_size_last_edited=&#8221;on|phone&#8221; header_2_font_size_tablet=&#8221;2.3rem&#8221; header_2_font_size_phone=&#8221;1.8rem&#8221; header_2_font_size_last_edited=&#8221;on|phone&#8221; inline_fonts=&#8221;Barlow Bold,barlow bold&#8221; global_colors_info=&#8221;{}&#8221;]<\/p>\n<h2><strong><\/strong><\/h2>\n<h2><strong>become a sales partner<\/strong><\/h2>\n<p>Are you interested in a sales partnership? We look forward to welcoming you personally.<\/p>\n<p>In order to get to know you a little better, we ask that you <a href=\"\/en\/wp_aquadivo\/apply-now\/\">the registration form<\/a> for sales partners or trading partners to be filled out as completely as possible. Please consider our privacy policy.<\/p>\n<p>We enjoy working with partners who are enthusiastic and committed to their sales and marketing activities. In any case, you will receive competent advice and customer-oriented support from us, which is based on the requirements of the respective company.<\/p>\n<p>Regardless of whether you are a micro-entrepreneur, a medium-sized company or a buyer from a retail chain, we have a lucrative offer for every size of company.<\/p>\n<p>This process shows how it is possible <span style=\"font-family: 'barlow bold'; font-weight: normal;\"><strong>our sales partner <\/strong><\/span>to<span style=\"font-family: 'barlow bold'; font-weight: normal;\"><strong> become<\/strong><\/span>:<\/p>\n<ol>\n<li>Apply on Aquadivo.com.<\/li>\n<li>Upload your business license during the application<\/li>\n<li>This will be checked by us<\/li>\n<li>Initial discussion in the course of the partnership cooperation<\/li>\n<li>After verification, your account will be activated<\/li>\n<li>You can then download products and price lists in the download area<\/li>\n<\/ol>\n<p>&nbsp;<\/p>\n<p>Are you on one? <span style=\"font-family: 'barlow bold'; font-weight: normal;\"><strong>Sales partnership interested<\/strong><\/span>?<\/p>\n<p>[\/et_pb_text][et_pb_button button_url=&#8221;@ET-DC@eyJkeW5hbWljIjp0cnVlLCJjb250ZW50IjoicG9zdF9saW5rX3VybF9wYWdlIiwic2V0dGluZ3MiOnsicG9zdF9pZCI6IjE4ODkifX0=@&#8221; button_text=&#8221;Jetzt bewerben!&#8221; _builder_version=&#8221;4.19.5&#8243; _dynamic_attributes=&#8221;button_url&#8221; _module_preset=&#8221;aa163f75-f00b-419a-aa44-e001467aabec&#8221; custom_margin=&#8221;||6vh|0px|false|false&#8221; custom_margin_tablet=&#8221;||4vh|0px|false|false&#8221; custom_margin_phone=&#8221;2vh||3vh|0vw|false|false&#8221; button_text_size_phone=&#8221;1.1em&#8221; global_colors_info=&#8221;{}&#8221;][\/et_pb_button][et_pb_text _builder_version=&#8221;4.19.5&#8243; _module_preset=&#8221;7ea19da9-fe49-4ff8-89fe-69ba67c08c82&#8243; header_2_line_height=&#8221;1.3em&#8221; custom_margin_tablet=&#8221;&#8221; custom_margin_phone=&#8221;||0vh||false|false&#8221; custom_margin_last_edited=&#8221;on|phone&#8221; animation_style=&#8221;none&#8221; animation_direction=&#8221;bottom&#8221; text_font_size_tablet=&#8221;1.1rem&#8221; text_font_size_phone=&#8221;1rem&#8221; text_font_size_last_edited=&#8221;on|desktop&#8221; header_3_font_size_tablet=&#8221;1.7rem&#8221; header_3_font_size_phone=&#8221;1.3rem&#8221; header_3_font_size_last_edited=&#8221;on|phone&#8221; animation_delay_tablet=&#8221;&#8221; animation_delay_phone=&#8221;200ms&#8221; animation_delay_last_edited=&#8221;on|phone&#8221; inline_fonts=&#8221;Barlow Bold,barlow bold&#8221; global_colors_info=&#8221;{}&#8221;]<\/p>\n<h3><strong>dropshipping<\/strong><\/h3>\n<p>We offer within the <span style=\"font-family: 'barlow bold'; font-weight: normal;\"><strong>active member states of the European Union<\/strong><\/span> dropshipping on. With this shipping method, our sales partners present selected products from our range in their online shop.<\/p>\n<p>If such a product is then purchased, the order will be in the form of a <span style=\"font-family: 'barlow bold'; font-weight: normal;\"><strong>delivery note<\/strong><\/span> forwarded to us. If the product is not already available in the warehouse, it is then produced and packaged. Finally, the package is picked up and delivered by the forwarding agent of our sales partner. For our trading partners, this results in the advantage that they <span style=\"font-family: 'barlow bold';\"><strong>no inventory<\/strong><\/span> require.<\/p>\n<p>[\/et_pb_text][\/et_pb_column][\/et_pb_row][\/et_pb_section]<\/p>","protected":false},"excerpt":{"rendered":"<p>Vertriebspartner werden Sie sind an einer Vertriebspartnerschaft interessiert? Wir freuen uns Sie pers\u00f6nlich begr\u00fc\u00dfen zu d\u00fcrfen. Um Sie ein wenig besser kennenzulernen, bitten wir Sie, das Anmeldeformular f\u00fcr Vertriebspartner bzw. Handelspartner m\u00f6glichst vollst\u00e4ndig auszuf\u00fcllen. Bitte ber\u00fccksichtigen Sie unsere Datenschutzhinweise. Wir arbeiten gerne mit Partnern zusammen, die Ihren Vertriebs- und Marketingt\u00e4tigkeiten mit Enthusiasmus und Engagement nachgehen. [&hellip;]<\/p>","protected":false},"author":1,"featured_media":0,"parent":0,"menu_order":0,"comment_status":"closed","ping_status":"closed","template":"","meta":{"_et_pb_use_builder":"on","_et_pb_old_content":"<!-- wp:divi\/placeholder \/-->","_et_gb_content_width":"","footnotes":""},"class_list":["post-44","page","type-page","status-publish","hentry"],"_links":{"self":[{"href":"https:\/\/www.aquadivo.com\/en\/wp-json\/wp\/v2\/pages\/44","targetHints":{"allow":["GET"]}}],"collection":[{"href":"https:\/\/www.aquadivo.com\/en\/wp-json\/wp\/v2\/pages"}],"about":[{"href":"https:\/\/www.aquadivo.com\/en\/wp-json\/wp\/v2\/types\/page"}],"author":[{"embeddable":true,"href":"https:\/\/www.aquadivo.com\/en\/wp-json\/wp\/v2\/users\/1"}],"replies":[{"embeddable":true,"href":"https:\/\/www.aquadivo.com\/en\/wp-json\/wp\/v2\/comments?post=44"}],"version-history":[{"count":0,"href":"https:\/\/www.aquadivo.com\/en\/wp-json\/wp\/v2\/pages\/44\/revisions"}],"wp:attachment":[{"href":"https:\/\/www.aquadivo.com\/en\/wp-json\/wp\/v2\/media?parent=44"}],"curies":[{"name":"wp","href":"https:\/\/api.w.org\/{rel}","templated":true}]}}