{"id":36,"date":"2023-02-20T15:18:53","date_gmt":"2023-02-20T15:18:53","guid":{"rendered":"https:\/\/www.aquadivo.com\/?page_id=36"},"modified":"2023-08-24T18:01:01","modified_gmt":"2023-08-24T17:01:01","slug":"interieur","status":"publish","type":"page","link":"https:\/\/www.aquadivo.com\/es\/interior\/","title":{"rendered":"Interior"},"content":{"rendered":"<p>[et_pb_section fb_built=&#8221;1&#8243; _builder_version=&#8221;4.19.5&#8243; _module_preset=&#8221;1b58ed5b-6370-4c81-9ae9-39a9863c86e3&#8243; background_image=&#8221;https:\/\/www.aquadivo.com\/wp-content\/uploads\/2023\/03\/wasserwand-exklusiv-banner01.jpg&#8221; parallax=&#8221;off&#8221; height_tablet=&#8221;600px&#8221; height_phone=&#8221;490px&#8221; height_last_edited=&#8221;on|phone&#8221; animation_duration=&#8221;1000ms&#8221; animation_delay=&#8221;300ms&#8221; animation_intensity_slide=&#8221;2%&#8221; animation_duration_tablet=&#8221;&#8221; animation_duration_phone=&#8221;500ms&#8221; animation_duration_last_edited=&#8221;on|phone&#8221; global_colors_info=&#8221;{}&#8221;][\/et_pb_section][et_pb_section fb_built=&#8221;1&#8243; custom_padding_last_edited=&#8221;on|phone&#8221; _builder_version=&#8221;4.19.5&#8243; _module_preset=&#8221;default&#8221; custom_padding=&#8221;8vh||8vh||true|false&#8221; custom_padding_tablet=&#8221;6vh||6vh||true|false&#8221; custom_padding_phone=&#8221;4vh||4vh||true|false&#8221; global_colors_info=&#8221;{}&#8221;][et_pb_row custom_padding_last_edited=&#8221;on|phone&#8221; _builder_version=&#8221;4.19.5&#8243; _module_preset=&#8221;default&#8221; width=&#8221;95%&#8221; width_tablet=&#8221;90%&#8221; width_phone=&#8221;90%&#8221; width_last_edited=&#8221;on|tablet&#8221; max_width=&#8221;1200px&#8221; custom_margin=&#8221;0px||||false|false&#8221; custom_margin_tablet=&#8221;&#8221; custom_margin_phone=&#8221;0vh||||false|false&#8221; custom_margin_last_edited=&#8221;on|phone&#8221; custom_padding=&#8221;||0px||false|false&#8221; custom_padding_tablet=&#8221;6vh||0px||false|false&#8221; custom_padding_phone=&#8221;3vh||||false|false&#8221; animation_style=&#8221;slide&#8221; animation_direction=&#8221;bottom&#8221; animation_delay=&#8221;300ms&#8221; animation_intensity_slide=&#8221;2%&#8221; animation_delay_tablet=&#8221;300ms&#8221; animation_delay_phone=&#8221;200ms&#8221; animation_delay_last_edited=&#8221;on|phone&#8221; global_colors_info=&#8221;{}&#8221;][et_pb_column type=&#8221;4_4&#8243; _builder_version=&#8221;4.19.5&#8243; _module_preset=&#8221;default&#8221; global_colors_info=&#8221;{}&#8221;][et_pb_text _builder_version=&#8221;4.22.1&#8243; _module_preset=&#8221;default&#8221; text_text_color=&#8221;#6B7D87&#8243; text_font_size=&#8221;1.3rem&#8221; text_line_height=&#8221;1.72em&#8221; header_2_font=&#8221;Barlow condensed||||||||&#8221; header_2_text_color=&#8221;#244F8A&#8221; header_2_font_size=&#8221;2.7rem&#8221; header_3_text_color=&#8221;#244F8A&#8221; header_3_font_size=&#8221;2rem&#8221; header_3_line_height=&#8221;1.3em&#8221; custom_margin=&#8221;||6vh||false|false&#8221; custom_margin_tablet=&#8221;||4vh||false|false&#8221; custom_margin_phone=&#8221;||3vh||false|false&#8221; custom_margin_last_edited=&#8221;on|phone&#8221; animation_direction=&#8221;left&#8221; hover_enabled=&#8221;0&#8243; text_font_size_tablet=&#8221;1.1rem&#8221; text_font_size_phone=&#8221;1rem&#8221; text_font_size_last_edited=&#8221;on|phone&#8221; header_2_font_size_tablet=&#8221;2.3rem&#8221; header_2_font_size_phone=&#8221;1.8rem&#8221; header_2_font_size_last_edited=&#8221;on|desktop&#8221; header_3_font_size_tablet=&#8221;1.7rem&#8221; header_3_font_size_phone=&#8221;1.3rem&#8221; header_3_font_size_last_edited=&#8221;on|phone&#8221; inline_fonts=&#8221;Barlow Bold,barlow condensed bold,barlow bold&#8221; global_colors_info=&#8221;{}&#8221; sticky_enabled=&#8221;0&#8243;]<\/p>\n<h2><span style=\"font-family: 'barlow condensed bold';\"><strong>Interior \u2013 fuente como dise\u00f1o interior exclusivo<\/strong><\/span><\/h2>\n<p><strong><\/strong><\/p>\n<h3><strong>La fuente como factor de bienestar en el interior<\/strong><\/h3>\n<p>El agua en cualquier forma influye en nuestro bienestar f\u00edsico y mental. El suave sonido del agua que fluye, el atractivo fondo visual y el agradable efecto de las fuentes en el aire de la habitaci\u00f3n contribuyen a que las personas que viven en los interiores de varios edificios <span style=\"color: #6b7d87; font-family: 'barlow bold'; font-weight: normal;\">efectos beneficiosos del agua<\/span> puede sentir. Las fuentes como interior se pueden utilizar o configurar de muchas maneras. Tanto eso <span style=\"font-family: 'barlow bold'; font-weight: normal;\">dise\u00f1o<\/span>, tan bueno como eso <span style=\"font-family: 'barlow bold'; font-weight: normal;\">Calidad de mano de obra<\/span> contribuir a las fuentes como <span style=\"font-family: 'barlow bold'; font-weight: normal;\">interior exclusivo<\/span> aplicar.<\/p>\n<p>[\/et_pb_text][et_pb_text _builder_version=&#8221;4.22.1&#8243; _module_preset=&#8221;default&#8221; text_text_color=&#8221;#6B7D87&#8243; text_font_size=&#8221;1.3rem&#8221; text_line_height=&#8221;1.72em&#8221; header_2_font=&#8221;Barlow condensed||||||||&#8221; header_2_text_color=&#8221;#244F8A&#8221; header_2_font_size=&#8221;2.7rem&#8221; header_3_text_color=&#8221;#244F8A&#8221; header_3_font_size=&#8221;2rem&#8221; header_3_line_height=&#8221;1.3em&#8221; custom_margin=&#8221;||6vh||false|false&#8221; custom_margin_tablet=&#8221;||4vh||false|false&#8221; custom_margin_phone=&#8221;||3vh||false|false&#8221; custom_margin_last_edited=&#8221;on|phone&#8221; animation_direction=&#8221;left&#8221; hover_enabled=&#8221;0&#8243; text_font_size_tablet=&#8221;1.1rem&#8221; text_font_size_phone=&#8221;1rem&#8221; text_font_size_last_edited=&#8221;on|phone&#8221; header_2_font_size_tablet=&#8221;2.7rem&#8221; header_2_font_size_phone=&#8221;2.7rem&#8221; header_2_font_size_last_edited=&#8221;on|phone&#8221; header_3_font_size_tablet=&#8221;1.7rem&#8221; header_3_font_size_phone=&#8221;1.3rem&#8221; header_3_font_size_last_edited=&#8221;on|tablet&#8221; inline_fonts=&#8221;Barlow Bold,Barlow Regular,barlow bold&#8221; global_colors_info=&#8221;{}&#8221; sticky_enabled=&#8221;0&#8243;]<\/p>\n<h3>Mejorando la humedad a trav\u00e9s de fuentes<\/h3>\n<p>la humedad es <span style=\"font-family: 'barlow bold'; font-weight: normal;\"><strong>importante para la salud<\/strong><\/span>. Sin embargo, la humedad interior disminuye dr\u00e1sticamente, especialmente durante la temporada de calefacci\u00f3n. Adem\u00e1s, el polvo fino contamina cada vez m\u00e1s el aire. Todo el mundo ha experimentado los efectos, como picaz\u00f3n en la garganta o irritaci\u00f3n del tracto respiratorio.<\/p>\n<p>Nuestras fuentes tambi\u00e9n tienen un efecto positivo sobre la humedad de las habitaciones. Despu\u00e9s de muchos a\u00f1os de pruebas y algunas conversaciones con nuestros clientes, se descubri\u00f3 que una superficie de la fuente mojada por agua de 1 m\u00b2 es suficiente para cubrir una habitaci\u00f3n (altura de la habitaci\u00f3n 260 cm) con 40 m\u00b2 de espacio habitable hasta un valor medio de<span style=\"font-family: 'barlow bold'; font-weight: normal;\"> <strong>45% Humedad <\/strong><\/span>para humedecer.<\/p>\n<p>Con <span style=\"font-family: 'barlow bold'; font-weight: normal;\">objetos de agua m\u00e1s grandes<\/span> \u00bfEs posible en habitaciones m\u00e1s grandes? <span style=\"font-family: 'barlow bold'; font-weight: normal;\">humedad<\/span> perceptible <span style=\"font-family: 'barlow bold'; font-weight: normal;\">aumentar<\/span>. esto sucede en<span style=\"font-family: 'Barlow Regular'; font-weight: normal;\"> Manera natural.<\/span> Para ello son especialmente adecuadas las paredes y columnas de agua. adem\u00e1s, el <span style=\"font-family: 'barlow bold'; font-weight: normal;\"><strong>Contenido de polvo fino <\/strong><\/span>en el aire de la habitaci\u00f3n <span style=\"font-family: 'barlow bold'; font-weight: normal;\"><strong>reducido por el pozo<\/strong><\/span>, ya que las part\u00edculas son atra\u00eddas por el agua y filtradas por el filtro de la bomba.<\/p>\n<p>Directrices para la <span style=\"font-family: 'barlow bold'; font-weight: normal;\">humedad ambiental \u00f3ptima<\/span> para lograr una sensaci\u00f3n de confort:<\/p>\n<p><span style=\"font-family: 'barlow bold';\"><strong>22\u00b0C temperatura ambiente 40% HR <\/strong><\/span><br \/><span style=\"font-family: 'barlow bold';\"><strong>20\u00b0C temperatura ambiente 50% HR<\/strong><\/span><\/p>\n<p>[\/et_pb_text][\/et_pb_column][\/et_pb_row][et_pb_row custom_padding_last_edited=&#8221;on|phone&#8221; _builder_version=&#8221;4.19.5&#8243; _module_preset=&#8221;default&#8221; width=&#8221;100%&#8221; width_tablet=&#8221;90%&#8221; width_phone=&#8221;90%&#8221; width_last_edited=&#8221;on|desktop&#8221; max_width=&#8221;1200px&#8221; custom_padding=&#8221;0px||0px||false|false&#8221; custom_padding_tablet=&#8221;0px||0vh||false|false&#8221; custom_padding_phone=&#8221;0px||0vh||false|false&#8221; animation_style=&#8221;slide&#8221; animation_direction=&#8221;bottom&#8221; animation_delay=&#8221;300ms&#8221; animation_intensity_slide=&#8221;2%&#8221; animation_duration_tablet=&#8221;&#8221; animation_duration_phone=&#8221;0ms&#8221; animation_duration_last_edited=&#8221;on|phone&#8221; animation_delay_tablet=&#8221;0ms&#8221; animation_delay_phone=&#8221;0ms&#8221; animation_delay_last_edited=&#8221;on|tablet&#8221; global_colors_info=&#8221;{}&#8221;][et_pb_column type=&#8221;4_4&#8243; _builder_version=&#8221;4.19.5&#8243; _module_preset=&#8221;default&#8221; global_colors_info=&#8221;{}&#8221;][et_pb_text _builder_version=&#8221;4.19.5&#8243; _module_preset=&#8221;7ea19da9-fe49-4ff8-89fe-69ba67c08c82&#8243; custom_margin=&#8221;||6vh||false|false&#8221; custom_margin_tablet=&#8221;||4vh||false|false&#8221; custom_margin_phone=&#8221;||3vh||false|false&#8221; custom_margin_last_edited=&#8221;on|phone&#8221; animation_style=&#8221;none&#8221; text_font_size_tablet=&#8221;1.1rem&#8221; text_font_size_phone=&#8221;1rem&#8221; text_font_size_last_edited=&#8221;on|phone&#8221; header_2_font_size_tablet=&#8221;&#8221; header_2_font_size_phone=&#8221;&#8221; header_2_font_size_last_edited=&#8221;on|phone&#8221; header_3_font_size_tablet=&#8221;1.7rem&#8221; header_3_font_size_phone=&#8221;1.3rem&#8221; header_3_font_size_last_edited=&#8221;on|phone&#8221; inline_fonts=&#8221;Barlow Bold,Barlow Regular,barlow bold&#8221; global_colors_info=&#8221;{}&#8221;]<\/p>\n<h3>Fuente luminosa: dise\u00f1o elegante<\/h3>\n<p>Las fuentes de luz son especialmente beneficiosas para el bienestar. Adem\u00e1s de las ventajas de un pozo normal, el <strong>luz calida<\/strong> esta fuente tiene un sentimiento especial <span style=\"font-family: 'Barlow Bold'; font-weight: normal;\"><strong><span style=\"font-family: 'barlow bold';\">Comodidad<\/span> <\/strong><\/span>y <span style=\"font-family: 'barlow bold'; font-weight: normal;\"><strong>seguridad<\/strong><\/span> desparramar. lo har\u00e1n con <span style=\"font-family: 'barlow bold'; font-weight: normal;\">,,<strong>M\u00e1rmol S\u00f6lker<\/strong>\u201c<\/span> u otro m\u00e1rmol cristalino exclusivamente en nuestro <span style=\"font-family: 'barlow bold';\"><strong>Taller propio en Austria.<\/strong><\/span> fabricado. El extraordinario dise\u00f1o de estas fuentes se caracteriza por el m\u00e1rmol. Las fuentes son adecuadas para diferentes estancias y confieren al lugar un encanto individual.<\/p>\n<p>[\/et_pb_text][et_pb_text _builder_version=&#8221;4.19.5&#8243; _module_preset=&#8221;default&#8221; text_text_color=&#8221;#6B7D87&#8243; text_font_size=&#8221;1.3rem&#8221; text_line_height=&#8221;1.72em&#8221; header_2_font=&#8221;Barlow condensed||||||||&#8221; header_2_text_color=&#8221;#244F8A&#8221; header_2_font_size=&#8221;2.7rem&#8221; header_3_text_color=&#8221;#244F8A&#8221; header_3_font_size=&#8221;2rem&#8221; header_3_line_height=&#8221;1.3em&#8221; custom_margin=&#8221;||2vh||false|false&#8221; animation_direction=&#8221;left&#8221; text_font_size_tablet=&#8221;1.1rem&#8221; text_font_size_phone=&#8221;1rem&#8221; text_font_size_last_edited=&#8221;on|phone&#8221; header_3_font_size_tablet=&#8221;1.7rem&#8221; header_3_font_size_phone=&#8221;1.3rem&#8221; header_3_font_size_last_edited=&#8221;on|phone&#8221; inline_fonts=&#8221;Barlow Bold,Barlow Regular,barlow bold&#8221; global_colors_info=&#8221;{}&#8221;]<\/p>\n<h3><strong>Nuestra oferta para ti<\/strong><\/h3>\n<p>\u00bfLe gustar\u00eda incluir nuestros productos en su gama? \u00bfTiene sugerencias e ideas creativas para su propia gama de productos?<br \/>Te ofrecemos la oportunidad de hacer uno. <span style=\"font-family: 'barlow bold';\"><strong>asociaci\u00f3n comercial cualitativa<\/strong><\/span>.<\/p>\n<p>[\/et_pb_text][et_pb_button button_url=&#8221;@ET-DC@eyJkeW5hbWljIjp0cnVlLCJjb250ZW50IjoicG9zdF9saW5rX3VybF9wYWdlIiwic2V0dGluZ3MiOnsicG9zdF9pZCI6IjQ0In19@&#8221; button_text=&#8221;Jetzt Vertriebspartner werden!&#8221; _builder_version=&#8221;4.19.5&#8243; _dynamic_attributes=&#8221;button_url&#8221; _module_preset=&#8221;aa163f75-f00b-419a-aa44-e001467aabec&#8221; custom_margin_phone=&#8221;||2vh|0vw|false|false&#8221; button_text_size_tablet=&#8221;1.7em&#8221; button_text_size_phone=&#8221;1.1em&#8221; global_colors_info=&#8221;{}&#8221;][\/et_pb_button][et_pb_text _builder_version=&#8221;4.19.5&#8243; _module_preset=&#8221;default&#8221; text_text_color=&#8221;#6B7D87&#8243; text_font_size=&#8221;1.3rem&#8221; text_line_height=&#8221;1.72em&#8221; link_text_color=&#8221;#00AFEF&#8221; header_2_font=&#8221;Barlow condensed||||||||&#8221; header_2_text_color=&#8221;#244F8A&#8221; header_2_font_size=&#8221;2.7rem&#8221; header_3_text_color=&#8221;#244F8A&#8221; header_3_font_size=&#8221;2rem&#8221; header_3_line_height=&#8221;1.3em&#8221; custom_margin=&#8221;||0px||false|false&#8221; custom_margin_tablet=&#8221;||2vh||false|false&#8221; custom_margin_phone=&#8221;||0vh||false|false&#8221; custom_margin_last_edited=&#8221;on|phone&#8221; animation_direction=&#8221;bottom&#8221; text_font_size_tablet=&#8221;1.1rem&#8221; text_font_size_phone=&#8221;1rem&#8221; text_font_size_last_edited=&#8221;on|phone&#8221; inline_fonts=&#8221;Barlow Bold,Barlow Regular&#8221; global_colors_info=&#8221;{}&#8221; link_text_color__hover_enabled=&#8221;on|desktop&#8221; link_text_color__hover=&#8221;#244F8A&#8221;]<\/p>\n<p>Adem\u00e1s puedes utilizar el <a href=\"https:\/\/www.aquadivo.com\/es\/desarrollo-de-productos\/\">Desarrollo de productos<\/a> y <a href=\"https:\/\/www.aquadivo.com\/es\/productos-hechos-a-medida\/\">Por encargo<\/a> informar.<\/p>\n<p>[\/et_pb_text][\/et_pb_column][\/et_pb_row][\/et_pb_section][et_pb_section fb_built=&#8221;1&#8243; admin_label=&#8221;button_vertrieb&#8221; _builder_version=&#8221;4.19.5&#8243; _module_preset=&#8221;default&#8221; custom_padding=&#8221;0px||0px||false|false&#8221; global_colors_info=&#8221;{}&#8221;][et_pb_row _builder_version=&#8221;4.19.5&#8243; _module_preset=&#8221;default&#8221; width=&#8221;100%&#8221; max_width=&#8221;100%&#8221; custom_padding=&#8221;0px||0px||false|false&#8221; global_colors_info=&#8221;{}&#8221;][et_pb_column type=&#8221;4_4&#8243; _builder_version=&#8221;4.19.5&#8243; _module_preset=&#8221;default&#8221; global_colors_info=&#8221;{}&#8221;][et_pb_button button_url=&#8221;@ET-DC@eyJkeW5hbWljIjp0cnVlLCJjb250ZW50IjoicG9zdF9saW5rX3VybF9wYWdlIiwic2V0dGluZ3MiOnsicG9zdF9pZCI6IjQ0In19@&#8221; button_text=&#8221;Vertriebspartner werden&#8221; button_alignment=&#8221;right&#8221; _builder_version=&#8221;4.19.5&#8243; _dynamic_attributes=&#8221;button_url&#8221; _module_preset=&#8221;aa163f75-f00b-419a-aa44-e001467aabec&#8221; positioning=&#8221;fixed&#8221; position_origin_f=&#8221;bottom_right&#8221; vertical_offset=&#8221;10px&#8221; horizontal_offset=&#8221;10px&#8221; z_index=&#8221;9998&#8243; global_colors_info=&#8221;{}&#8221;][\/et_pb_button][\/et_pb_column][\/et_pb_row][\/et_pb_section]<\/p>","protected":false},"excerpt":{"rendered":"<p>Interieur \u2013 Brunnen als exklusive Innenausstattung Brunnen als Wohlf\u00fchlfaktor f\u00fcr den Innenbereich Wasser in jeglicher Form nimmt Einfluss auf unser mentales, sowie k\u00f6rperliches Wohlbefinden. Der leise Wasserklang des flie\u00dfenden Wassers, die optisch ansprechende Kulisse, sowie die angenehme Wirkung der Brunnen auf die Raumluft tragen dazu bei, dass Menschen auch in den Innenr\u00e4umen verschiedenster Geb\u00e4ude die [&hellip;]<\/p>","protected":false},"author":1,"featured_media":0,"parent":0,"menu_order":0,"comment_status":"closed","ping_status":"closed","template":"","meta":{"_et_pb_use_builder":"on","_et_pb_old_content":"","_et_gb_content_width":"","footnotes":""},"class_list":["post-36","page","type-page","status-publish","hentry"],"_links":{"self":[{"href":"https:\/\/www.aquadivo.com\/es\/wp-json\/wp\/v2\/pages\/36","targetHints":{"allow":["GET"]}}],"collection":[{"href":"https:\/\/www.aquadivo.com\/es\/wp-json\/wp\/v2\/pages"}],"about":[{"href":"https:\/\/www.aquadivo.com\/es\/wp-json\/wp\/v2\/types\/page"}],"author":[{"embeddable":true,"href":"https:\/\/www.aquadivo.com\/es\/wp-json\/wp\/v2\/users\/1"}],"replies":[{"embeddable":true,"href":"https:\/\/www.aquadivo.com\/es\/wp-json\/wp\/v2\/comments?post=36"}],"version-history":[{"count":1,"href":"https:\/\/www.aquadivo.com\/es\/wp-json\/wp\/v2\/pages\/36\/revisions"}],"predecessor-version":[{"id":3978,"href":"https:\/\/www.aquadivo.com\/es\/wp-json\/wp\/v2\/pages\/36\/revisions\/3978"}],"wp:attachment":[{"href":"https:\/\/www.aquadivo.com\/es\/wp-json\/wp\/v2\/media?parent=36"}],"curies":[{"name":"wp","href":"https:\/\/api.w.org\/{rel}","templated":true}]}}