{"id":44,"date":"2023-02-20T15:21:33","date_gmt":"2023-02-20T15:21:33","guid":{"rendered":"https:\/\/www.aquadivo.com\/?page_id=44"},"modified":"2023-03-30T00:24:19","modified_gmt":"2023-03-29T23:24:19","slug":"vertriebspartner-werden","status":"publish","type":"page","link":"https:\/\/www.aquadivo.com\/es\/conviertete-en-un-socio-de-ventas\/","title":{"rendered":"Convi\u00e9rtase en socio de ventas"},"content":{"rendered":"<p>[et_pb_section fb_built=&#8221;1&#8243; _builder_version=&#8221;4.19.5&#8243; _module_preset=&#8221;1b58ed5b-6370-4c81-9ae9-39a9863c86e3&#8243; background_image=&#8221;https:\/\/www.aquadivo.com\/wp-content\/uploads\/2023\/03\/gartenbrunnen-startseite-banner-edelstahl.jpg&#8221; parallax=&#8221;off&#8221; height_tablet=&#8221;600px&#8221; height_phone=&#8221;490px&#8221; height_last_edited=&#8221;on|phone&#8221; animation_duration=&#8221;1000ms&#8221; animation_delay=&#8221;300ms&#8221; animation_intensity_slide=&#8221;2%&#8221; animation_duration_tablet=&#8221;&#8221; animation_duration_phone=&#8221;500ms&#8221; animation_duration_last_edited=&#8221;on|phone&#8221; global_colors_info=&#8221;{}&#8221;][\/et_pb_section][et_pb_section fb_built=&#8221;1&#8243; custom_padding_last_edited=&#8221;on|phone&#8221; _builder_version=&#8221;4.19.5&#8243; _module_preset=&#8221;default&#8221; custom_padding=&#8221;8vh||8vh||true|false&#8221; custom_padding_tablet=&#8221;6vh||6vh||true|false&#8221; custom_padding_phone=&#8221;4vh||4vh||true|false&#8221; animation_style=&#8221;slide&#8221; animation_direction=&#8221;bottom&#8221; animation_delay=&#8221;300ms&#8221; animation_intensity_slide=&#8221;2%&#8221; global_colors_info=&#8221;{}&#8221;][et_pb_row custom_padding_last_edited=&#8221;on|phone&#8221; _builder_version=&#8221;4.19.5&#8243; _module_preset=&#8221;default&#8221; width=&#8221;95%&#8221; width_tablet=&#8221;90%&#8221; width_phone=&#8221;90%&#8221; width_last_edited=&#8221;on|desktop&#8221; max_width=&#8221;1200px&#8221; custom_padding=&#8221;0px||||false|false&#8221; custom_padding_tablet=&#8221;0px||0px||false|false&#8221; custom_padding_phone=&#8221;0px||0px||true|false&#8221; animation_direction=&#8221;bottom&#8221; animation_direction_tablet=&#8221;bottom&#8221; animation_direction_phone=&#8221;bottom&#8221; animation_direction_last_edited=&#8221;on|phone&#8221; animation_delay_tablet=&#8221;500ms&#8221; animation_delay_phone=&#8221;200ms&#8221; animation_delay_last_edited=&#8221;on|phone&#8221; animation_intensity_slide_tablet=&#8221;2%&#8221; animation_intensity_slide_phone=&#8221;2%&#8221; animation_intensity_slide_last_edited=&#8221;on|desktop&#8221; global_colors_info=&#8221;{}&#8221;][et_pb_column type=&#8221;4_4&#8243; _builder_version=&#8221;4.19.5&#8243; _module_preset=&#8221;default&#8221; global_colors_info=&#8221;{}&#8221;][et_pb_text _builder_version=&#8221;4.19.5&#8243; _module_preset=&#8221;7ea19da9-fe49-4ff8-89fe-69ba67c08c82&#8243; ol_font_size=&#8221;1.3rem&#8221; ol_line_height=&#8221;1.7rem&#8221; header_2_font=&#8221;||||||||&#8221; header_2_line_height=&#8221;1.3em&#8221; custom_margin=&#8221;||3vh||false|false&#8221; custom_margin_tablet=&#8221;||2vh||false|false&#8221; custom_margin_phone=&#8221;||0vh||false|false&#8221; custom_margin_last_edited=&#8221;on|phone&#8221; animation_style=&#8221;none&#8221; animation_direction=&#8221;bottom&#8221; text_font_size_tablet=&#8221;1.1rem&#8221; text_font_size_phone=&#8221;1rem&#8221; text_font_size_last_edited=&#8221;on|desktop&#8221; ol_font_size_tablet=&#8221;1.1rem&#8221; ol_font_size_phone=&#8221;1rem&#8221; ol_font_size_last_edited=&#8221;on|phone&#8221; header_2_font_size_tablet=&#8221;2.3rem&#8221; header_2_font_size_phone=&#8221;1.8rem&#8221; header_2_font_size_last_edited=&#8221;on|phone&#8221; inline_fonts=&#8221;Barlow Bold,barlow bold&#8221; global_colors_info=&#8221;{}&#8221;]<\/p>\n<h2><strong><\/strong><\/h2>\n<h2><strong>Convi\u00e9rtase en socio de ventas<\/strong><\/h2>\n<p>\u00bfEst\u00e1 interesado en una asociaci\u00f3n de ventas? Esperamos darle la bienvenida personalmente.<\/p>\n<p>Para conocerte un poco mejor te pedimos que <a href=\"\/es\/wp_aquadivo\/aplica-ya\/\">el formulario de registro<\/a> para socios comerciales o socios comerciales debe completarse lo m\u00e1s completamente posible. Tenga en cuenta nuestra informaci\u00f3n sobre protecci\u00f3n de datos.<\/p>\n<p>Disfrutamos trabajar con socios que desarrollan sus actividades de ventas y marketing con entusiasmo y compromiso. En cualquier caso, recibir\u00e1 de nuestra parte un asesoramiento competente y un soporte orientado al cliente, basado en los requisitos de la empresa respectiva.<\/p>\n<p>No importa si es propietario de una peque\u00f1a empresa, una mediana empresa o un comprador de una cadena minorista, tenemos a mano una oferta lucrativa para cada tama\u00f1o de empresa.<\/p>\n<p>Este proceso muestra c\u00f3mo es posible <span style=\"font-family: 'barlow bold'; font-weight: normal;\"><strong>nuestro socio de ventas <\/strong><\/span>a<span style=\"font-family: 'barlow bold'; font-weight: normal;\"><strong> convertirse<\/strong><\/span>:<\/p>\n<ol>\n<li>Aplicar en Aquadivo.com.<\/li>\n<li>Cargue su licencia comercial mientras realiza la solicitud<\/li>\n<li>Esto ser\u00e1 revisado por nosotros.<\/li>\n<li>Conversaci\u00f3n inicial como parte de la colaboraci\u00f3n de asociaci\u00f3n.<\/li>\n<li>Despu\u00e9s de la verificaci\u00f3n, su cuenta se activar\u00e1.<\/li>\n<li>Luego podr\u00e1 descargar productos y listas de precios en el \u00e1rea de descargas.<\/li>\n<\/ol>\n<p>&nbsp;<\/p>\n<p>\u00bfEst\u00e1s en una? <span style=\"font-family: 'barlow bold'; font-weight: normal;\"><strong>Interesado en asociaci\u00f3n de ventas.<\/strong><\/span>?<\/p>\n<p>[\/et_pb_text][et_pb_button button_url=&#8221;@ET-DC@eyJkeW5hbWljIjp0cnVlLCJjb250ZW50IjoicG9zdF9saW5rX3VybF9wYWdlIiwic2V0dGluZ3MiOnsicG9zdF9pZCI6IjE4ODkifX0=@&#8221; button_text=&#8221;Jetzt bewerben!&#8221; _builder_version=&#8221;4.19.5&#8243; _dynamic_attributes=&#8221;button_url&#8221; _module_preset=&#8221;aa163f75-f00b-419a-aa44-e001467aabec&#8221; custom_margin=&#8221;||6vh|0px|false|false&#8221; custom_margin_tablet=&#8221;||4vh|0px|false|false&#8221; custom_margin_phone=&#8221;2vh||3vh|0vw|false|false&#8221; button_text_size_phone=&#8221;1.1em&#8221; global_colors_info=&#8221;{}&#8221;][\/et_pb_button][et_pb_text _builder_version=&#8221;4.19.5&#8243; _module_preset=&#8221;7ea19da9-fe49-4ff8-89fe-69ba67c08c82&#8243; header_2_line_height=&#8221;1.3em&#8221; custom_margin_tablet=&#8221;&#8221; custom_margin_phone=&#8221;||0vh||false|false&#8221; custom_margin_last_edited=&#8221;on|phone&#8221; animation_style=&#8221;none&#8221; animation_direction=&#8221;bottom&#8221; text_font_size_tablet=&#8221;1.1rem&#8221; text_font_size_phone=&#8221;1rem&#8221; text_font_size_last_edited=&#8221;on|desktop&#8221; header_3_font_size_tablet=&#8221;1.7rem&#8221; header_3_font_size_phone=&#8221;1.3rem&#8221; header_3_font_size_last_edited=&#8221;on|phone&#8221; animation_delay_tablet=&#8221;&#8221; animation_delay_phone=&#8221;200ms&#8221; animation_delay_last_edited=&#8221;on|phone&#8221; inline_fonts=&#8221;Barlow Bold,barlow bold&#8221; global_colors_info=&#8221;{}&#8221;]<\/p>\n<h3><strong>Env\u00edo directo<\/strong><\/h3>\n<p>Ofrecemos dentro del <span style=\"font-family: 'barlow bold'; font-weight: normal;\"><strong>Estados miembros activos de la Uni\u00f3n Europea.<\/strong><\/span> Env\u00edo directo. Con este m\u00e9todo de env\u00edo, nuestros socios comerciales presentan productos seleccionados de nuestra gama en su tienda online.<\/p>\n<p>Si posteriormente se compra dicho producto, el pedido se realizar\u00e1 en forma de <span style=\"font-family: 'barlow bold'; font-weight: normal;\"><strong>nota de entrega<\/strong><\/span> remitido a nosotros. Luego, el producto se produce y empaqueta si a\u00fan no est\u00e1 disponible en el almac\u00e9n. Finalmente, el paquete es recogido y entregado por la empresa de transporte de nuestro socio comercial. La ventaja para nuestros socios comerciales es que... <span style=\"font-family: 'barlow bold';\"><strong>sin inventario<\/strong><\/span> necesidad.<\/p>\n<p>[\/et_pb_text][\/et_pb_column][\/et_pb_row][\/et_pb_section]<\/p>","protected":false},"excerpt":{"rendered":"<p>Vertriebspartner werden Sie sind an einer Vertriebspartnerschaft interessiert? Wir freuen uns Sie pers\u00f6nlich begr\u00fc\u00dfen zu d\u00fcrfen. Um Sie ein wenig besser kennenzulernen, bitten wir Sie, das Anmeldeformular f\u00fcr Vertriebspartner bzw. Handelspartner m\u00f6glichst vollst\u00e4ndig auszuf\u00fcllen. Bitte ber\u00fccksichtigen Sie unsere Datenschutzhinweise. Wir arbeiten gerne mit Partnern zusammen, die Ihren Vertriebs- und Marketingt\u00e4tigkeiten mit Enthusiasmus und Engagement nachgehen. [&hellip;]<\/p>","protected":false},"author":1,"featured_media":0,"parent":0,"menu_order":0,"comment_status":"closed","ping_status":"closed","template":"","meta":{"_et_pb_use_builder":"on","_et_pb_old_content":"<!-- wp:divi\/placeholder \/-->","_et_gb_content_width":"","footnotes":""},"class_list":["post-44","page","type-page","status-publish","hentry"],"_links":{"self":[{"href":"https:\/\/www.aquadivo.com\/es\/wp-json\/wp\/v2\/pages\/44","targetHints":{"allow":["GET"]}}],"collection":[{"href":"https:\/\/www.aquadivo.com\/es\/wp-json\/wp\/v2\/pages"}],"about":[{"href":"https:\/\/www.aquadivo.com\/es\/wp-json\/wp\/v2\/types\/page"}],"author":[{"embeddable":true,"href":"https:\/\/www.aquadivo.com\/es\/wp-json\/wp\/v2\/users\/1"}],"replies":[{"embeddable":true,"href":"https:\/\/www.aquadivo.com\/es\/wp-json\/wp\/v2\/comments?post=44"}],"version-history":[{"count":0,"href":"https:\/\/www.aquadivo.com\/es\/wp-json\/wp\/v2\/pages\/44\/revisions"}],"wp:attachment":[{"href":"https:\/\/www.aquadivo.com\/es\/wp-json\/wp\/v2\/media?parent=44"}],"curies":[{"name":"wp","href":"https:\/\/api.w.org\/{rel}","templated":true}]}}