{"id":3437,"date":"2023-05-10T22:08:37","date_gmt":"2023-05-10T21:08:37","guid":{"rendered":"https:\/\/www.aquadivo.com\/?post_type=product&#038;p=3437"},"modified":"2023-05-10T22:08:38","modified_gmt":"2023-05-10T21:08:38","slug":"antikbrunnen-provence-dorfbrunnen","status":"publish","type":"product","link":"https:\/\/www.aquadivo.com\/es\/producto\/fuente-antigua-fuente-del-pueblo-de-provenza\/","title":{"rendered":"Fuente antigua Fuente del pueblo de Provenza"},"content":{"rendered":"<p><strong>Fuente del pueblo de piedra natural Saint Remy<\/strong><br \/>\nA menudo utilizamos una piedra semiblanda para esta fuente. Esta piedra caliza procede de las monta\u00f1as de Provenza, es de grano fino, de color blanco tiza y se puede trabajar muy bien. La extracci\u00f3n al aire libre de esta piedra caliza densa y de grano fino se remonta a la \u00e9poca romana.<\/p>\n<p>Para ver los materiales simplemente haga clic en las diferentes opciones de tipos de piedra.<\/p>","protected":false},"excerpt":{"rendered":"<p><strong>Fuente del pueblo de piedra natural Saint Remy<\/strong><\/p>","protected":false},"featured_media":1096,"comment_status":"open","ping_status":"closed","template":"","meta":{"_et_pb_use_builder":"","_et_pb_old_content":"","_et_gb_content_width":""},"product_cat":[46],"product_tag":[],"class_list":{"0":"post-3437","1":"product","2":"type-product","3":"status-publish","4":"has-post-thumbnail","6":"product_cat-antikbrunnen","7":"product_shipping_class-schwere-artikel","9":"first","10":"instock","11":"taxable","12":"shipping-taxable","13":"product-type-simple"},"_links":{"self":[{"href":"https:\/\/www.aquadivo.com\/es\/wp-json\/wp\/v2\/product\/3437","targetHints":{"allow":["GET"]}}],"collection":[{"href":"https:\/\/www.aquadivo.com\/es\/wp-json\/wp\/v2\/product"}],"about":[{"href":"https:\/\/www.aquadivo.com\/es\/wp-json\/wp\/v2\/types\/product"}],"replies":[{"embeddable":true,"href":"https:\/\/www.aquadivo.com\/es\/wp-json\/wp\/v2\/comments?post=3437"}],"wp:featuredmedia":[{"embeddable":true,"href":"https:\/\/www.aquadivo.com\/es\/wp-json\/wp\/v2\/media\/1096"}],"wp:attachment":[{"href":"https:\/\/www.aquadivo.com\/es\/wp-json\/wp\/v2\/media?parent=3437"}],"wp:term":[{"taxonomy":"product_cat","embeddable":true,"href":"https:\/\/www.aquadivo.com\/es\/wp-json\/wp\/v2\/product_cat?post=3437"},{"taxonomy":"product_tag","embeddable":true,"href":"https:\/\/www.aquadivo.com\/es\/wp-json\/wp\/v2\/product_tag?post=3437"}],"curies":[{"name":"wp","href":"https:\/\/api.w.org\/{rel}","templated":true}]}}