{"id":11,"date":"2023-02-20T14:20:00","date_gmt":"2023-02-20T14:20:00","guid":{"rendered":"https:\/\/www.aquadivo.com\/?page_id=11"},"modified":"2023-11-28T14:07:29","modified_gmt":"2023-11-28T13:07:29","slug":"ueber-uns","status":"publish","type":"page","link":"https:\/\/www.aquadivo.com\/fr\/a-propos-de-nous\/","title":{"rendered":"\u00c0 propos de nous"},"content":{"rendered":"<p>[et_pb_section fb_built=&#8221;1&#8243; admin_label=&#8221;Section&#8221; _builder_version=&#8221;4.23.1&#8243; _module_preset=&#8221;default&#8221; background_image=&#8221;https:\/\/www.aquadivo.com\/wp-content\/uploads\/2023\/03\/gartenbrunnen-shop-banner1800x650-01.jpg&#8221; z_index=&#8221;0&#8243; height=&#8221;600px&#8221; height_tablet=&#8221;600px&#8221; height_phone=&#8221;490px&#8221; height_last_edited=&#8221;on|phone&#8221; custom_margin=&#8221;||||false|false&#8221; animation_style=&#8221;slide&#8221; animation_direction=&#8221;bottom&#8221; animation_delay=&#8221;300ms&#8221; animation_intensity_slide=&#8221;2%&#8221; hover_enabled=&#8221;0&#8243; global_colors_info=&#8221;{}&#8221; sticky_enabled=&#8221;0&#8243;][\/et_pb_section][et_pb_section fb_built=&#8221;1&#8243; custom_padding_last_edited=&#8221;on|phone&#8221; _builder_version=&#8221;4.19.5&#8243; _module_preset=&#8221;default&#8221; custom_padding=&#8221;8vh||8vh||false|false&#8221; custom_padding_tablet=&#8221;6vh||6vh||false|false&#8221; custom_padding_phone=&#8221;4vh||4vh||false|false&#8221; animation_style=&#8221;slide&#8221; animation_direction=&#8221;bottom&#8221; animation_delay=&#8221;300ms&#8221; animation_intensity_slide=&#8221;2%&#8221; scroll_vertical_motion=&#8221;18|50|50|100|1|0|-4&#8243; motion_trigger_start=&#8221;top&#8221; global_colors_info=&#8221;{}&#8221;][et_pb_row custom_padding_last_edited=&#8221;on|tablet&#8221; _builder_version=&#8221;4.19.5&#8243; _module_preset=&#8221;default&#8221; width=&#8221;100%&#8221; width_tablet=&#8221;90%&#8221; width_phone=&#8221;90%&#8221; width_last_edited=&#8221;on|phone&#8221; max_width=&#8221;1200px&#8221; custom_padding=&#8221;0px||0px||false|false&#8221; custom_padding_tablet=&#8221;||0px||false|false&#8221; custom_padding_phone=&#8221;||3vh||false|false&#8221; animation_direction=&#8221;bottom&#8221; animation_duration_tablet=&#8221;1000ms&#8221; animation_duration_phone=&#8221;1000ms&#8221; animation_duration_last_edited=&#8221;on|tablet&#8221; animation_delay_tablet=&#8221;300ms&#8221; animation_delay_phone=&#8221;300ms&#8221; animation_delay_last_edited=&#8221;on|tablet&#8221; global_colors_info=&#8221;{}&#8221;][et_pb_column type=&#8221;4_4&#8243; _builder_version=&#8221;4.19.5&#8243; _module_preset=&#8221;default&#8221; global_colors_info=&#8221;{}&#8221;][et_pb_text admin_label=&#8221;Text&#8221; _builder_version=&#8221;4.19.5&#8243; _module_preset=&#8221;7ea19da9-fe49-4ff8-89fe-69ba67c08c82&#8243; header_2_font=&#8221;barlow condensed bold||||||||&#8221; custom_margin=&#8221;||6vh||false|false&#8221; custom_margin_tablet=&#8221;||4vh||false|false&#8221; custom_margin_phone=&#8221;||3vh||false|false&#8221; custom_margin_last_edited=&#8221;on|tablet&#8221; animation_style=&#8221;none&#8221; text_font_size_tablet=&#8221;1.1rem&#8221; text_font_size_phone=&#8221;1rem&#8221; text_font_size_last_edited=&#8221;on|phone&#8221; header_2_font_size_tablet=&#8221;2.3rem&#8221; header_2_font_size_phone=&#8221;1.8rem&#8221; header_2_font_size_last_edited=&#8221;on|phone&#8221; header_3_font_size_tablet=&#8221;1.7rem&#8221; header_3_font_size_phone=&#8221;1.3rem&#8221; header_3_font_size_last_edited=&#8221;on|phone&#8221; inline_fonts=&#8221;Barlow Bold,barlow bold&#8221; global_colors_info=&#8221;{}&#8221;]<\/p>\n<h2><strong>\u00c0 propos de nous<\/strong><\/h2>\n<p><strong><\/strong><\/p>\n<h3><strong>fabrication et d\u00e9veloppement de produits<\/strong><\/h3>\n<p>Depuis 25 ans, nous nous occupons de la construction d&#039;une grande vari\u00e9t\u00e9 de fontaines et jeux d&#039;eau, tant pour l&#039;int\u00e9rieur que pour l&#039;ext\u00e9rieur. L&#039;\u00e9tude intensive de l&#039;effet de l&#039;eau et de son comportement d&#039;\u00e9coulement sur diff\u00e9rents mat\u00e9riaux est la pierre angulaire de nos connaissances approfondies. De plus, le<span style=\"font-family: 'barlow bold'; font-weight: normal;\"> <strong>d\u00e9veloppement continu de diverses fontaines et syst\u00e8mes de fontaines individuelles<\/strong><\/span> n\u00e9cessaires et la base de notre succ\u00e8s.<\/p>\n<p>Nous avons pu \u00e9tablir des contacts avec des producteurs s\u00e9lectionn\u00e9s dans une grande vari\u00e9t\u00e9 de magasins de mat\u00e9riaux gr\u00e2ce \u00e0 notre longue activit\u00e9 dans cette industrie. Cela nous permet de faire notre <span style=\"font-family: 'barlow bold'; font-weight: normal;\"><strong>Mat\u00e9riaux de premi\u00e8re main<\/strong><\/span> relater.<\/p>\n<p>Nous portons une attention particuli\u00e8re \u00e0 la<span style=\"font-family: 'barlow bold'; font-weight: normal;\"> <strong>qualit\u00e9 de traitement<\/strong><\/span> des mat\u00e9riaux et offrir une<span style=\"font-family: 'barlow bold'; font-weight: normal;\"> <strong>grande variation<\/strong><\/span> sur optiquement efficace <span style=\"font-family: 'barlow bold';\"><strong>conceptions<\/strong><\/span> \u00e0. Cela nous permet de fournir \u00e0 nos clients une gamme de produits uniques de haute qualit\u00e9.<\/p>\n<p>[\/et_pb_text][et_pb_text admin_label=&#8221;Text&#8221; _builder_version=&#8221;4.19.5&#8243; _module_preset=&#8221;7ea19da9-fe49-4ff8-89fe-69ba67c08c82&#8243; custom_margin=&#8221;||6vh||false|false&#8221; custom_margin_tablet=&#8221;||4vh||false|false&#8221; custom_margin_phone=&#8221;||3vh||false|false&#8221; custom_margin_last_edited=&#8221;on|phone&#8221; animation_style=&#8221;none&#8221; text_font_size_tablet=&#8221;1.1rem&#8221; text_font_size_phone=&#8221;1rem&#8221; text_font_size_last_edited=&#8221;on|phone&#8221; header_2_font_size_tablet=&#8221;&#8221; header_2_font_size_phone=&#8221;1.8rem&#8221; header_2_font_size_last_edited=&#8221;on|phone&#8221; header_3_font_size_tablet=&#8221;1.7rem&#8221; header_3_font_size_phone=&#8221;1.3rem&#8221; header_3_font_size_last_edited=&#8221;on|phone&#8221; inline_fonts=&#8221;Barlow Bold,barlow bold&#8221; global_colors_info=&#8221;{}&#8221; link_text_color__hover_enabled=&#8221;on|hover&#8221; link_text_color__hover=&#8221;#244F8A&#8221;]<\/p>\n<h3><strong>ventes et march\u00e9 <\/strong><\/h3>\n<p>Notre r\u00e9gion de vente est principalement l&#039;Union europ\u00e9enne. Cependant, il est \u00e9galement possible d&#039;envoyer nos produits vers d&#039;autres pays tiers tels que la Bosnie, la Serbie, l&#039;Angleterre, la Suisse ou le Canada sur demande.<span style=\"font-family: 'barlow bold'; font-weight: normal;\"> <strong>livraison directe <\/strong><\/span>est cependant uniquement actif <span style=\"font-family: 'barlow bold'; font-weight: normal;\"><strong>\u00c9tats membres de l&#039;Union europ\u00e9enne<\/strong><\/span> possible.<\/p>\n<p>Nous voulons partir avec vous <span style=\"font-family: 'barlow bold'; font-weight: normal;\"><strong>partenaires s\u00e9lectionn\u00e9s<\/strong><\/span> dans les r\u00e9gions mentionn\u00e9es ci-dessus <span style=\"font-family: 'barlow bold'; font-weight: normal;\"><strong>partenariat de distribution<\/strong> <\/span>entrer. C&#039;est toujours un plaisir pour nous de vous aider \u00e0 concr\u00e9tiser vos id\u00e9es avec notre exp\u00e9rience et notre savoir-faire.<\/p>\n<p>Nous aimerions travailler avec ces industries :<\/p>\n<ul>\n<li><span style=\"font-family: 'barlow bold'; font-weight: normal;\">conception de jardin<\/span><\/li>\n<li><span style=\"font-family: 'barlow bold'; font-weight: normal;\">jardinerie<\/span><\/li>\n<li><span style=\"font-family: 'barlow bold'; font-weight: normal;\">cr\u00e8ches<\/span><\/li>\n<li><span style=\"font-family: 'barlow bold'; font-weight: normal;\">architectes<\/span><\/li>\n<li><span style=\"font-family: 'barlow bold'; font-weight: normal;\">studios r\u00e9sidentiels<\/span><\/li>\n<li><span style=\"font-family: 'barlow bold'; font-weight: normal;\">d\u00e9corateur d&#039;int\u00e9rieur<\/span><\/li>\n<li><span style=\"font-family: 'barlow bold'; font-weight: normal;\">centre de construction<\/span><\/li>\n<li><span style=\"font-family: 'barlow bold'; font-weight: normal;\">marchands de pierres<\/span><\/li>\n<li><span style=\"font-family: 'barlow bold'; font-weight: normal;\">marchands de pierres pr\u00e9cieuses<\/span><\/li>\n<\/ul>\n<p>Plus d&#039;informations sur <span style=\"font-family: 'barlow bold';\"><strong>partenariat de distribution <\/strong><\/span>pensez-vous ...? <a href=\"https:\/\/www.aquadivo.com\/fr\/devenir-partenaire-commercial\/\">ici<\/a>!<\/p>\n<p>[\/et_pb_text][\/et_pb_column][\/et_pb_row][et_pb_row custom_padding_last_edited=&#8221;on|tablet&#8221; _builder_version=&#8221;4.19.5&#8243; _module_preset=&#8221;default&#8221; width=&#8221;100%&#8221; width_tablet=&#8221;90%&#8221; width_phone=&#8221;90%&#8221; width_last_edited=&#8221;on|phone&#8221; max_width=&#8221;1200px&#8221; custom_padding=&#8221;0px||0px||false|false&#8221; custom_padding_tablet=&#8221;||0px||false|false&#8221; custom_padding_phone=&#8221;||3vh||false|false&#8221; animation_style=&#8221;slide&#8221; animation_direction=&#8221;bottom&#8221; animation_delay=&#8221;300ms&#8221; animation_intensity_slide=&#8221;2%&#8221; animation_duration_tablet=&#8221;1000ms&#8221; animation_duration_phone=&#8221;1000ms&#8221; animation_duration_last_edited=&#8221;on|tablet&#8221; animation_delay_tablet=&#8221;300ms&#8221; animation_delay_phone=&#8221;300ms&#8221; animation_delay_last_edited=&#8221;on|tablet&#8221; global_colors_info=&#8221;{}&#8221;][et_pb_column type=&#8221;4_4&#8243; _builder_version=&#8221;4.19.5&#8243; _module_preset=&#8221;default&#8221; global_colors_info=&#8221;{}&#8221;][et_pb_text admin_label=&#8221;Text&#8221; _builder_version=&#8221;4.19.5&#8243; _module_preset=&#8221;7ea19da9-fe49-4ff8-89fe-69ba67c08c82&#8243; custom_margin=&#8221;||6vh||false|false&#8221; custom_margin_tablet=&#8221;||4vh||false|false&#8221; custom_margin_phone=&#8221;||3vh||false|false&#8221; custom_margin_last_edited=&#8221;on|phone&#8221; animation_style=&#8221;none&#8221; text_font_size_tablet=&#8221;1.1rem&#8221; text_font_size_phone=&#8221;1rem&#8221; text_font_size_last_edited=&#8221;on|phone&#8221; header_2_font_size_tablet=&#8221;&#8221; header_2_font_size_phone=&#8221;1.8rem&#8221; header_2_font_size_last_edited=&#8221;on|phone&#8221; header_3_font_size_tablet=&#8221;1.7rem&#8221; header_3_font_size_phone=&#8221;1.3rem&#8221; header_3_font_size_last_edited=&#8221;on|phone&#8221; inline_fonts=&#8221;Barlow Bold,barlow condensed bold,barlow bold&#8221; global_colors_info=&#8221;{}&#8221;]<\/p>\n<h3><strong>Notre philosophie - comment nous travaillons<\/strong><\/h3>\n<p>Notre objectif principal est <span style=\"font-family: 'barlow bold'; font-weight: normal;\"><strong>la satisfaction de nos clients<\/strong><\/span>. C&#039;est la seule fa\u00e7on d&#039;\u00e9tablir des relations d&#039;affaires \u00e0 long terme et fructueuses. Nous nous appuyons sur des conseils comp\u00e9tents et professionnels. Et si quelque chose ne &quot;fonctionne pas si bien&quot;, alors notre commandement s&#039;applique\u00a0:<\/p>\n<p><span style=\"color: #244f8a; font-family: 'barlow condensed bold'; font-size: x-large;\"><span style=\"font-weight: normal;\"><strong>Imm\u00e9diatement un mot ouvert. Cela cr\u00e9e aussi des amis. <\/strong><\/span><\/span><\/p>\n<p>Nous sommes toujours ouverts \u00e0 vos suggestions. Ceux-ci sont re\u00e7us avec gratitude, toujours pris en compte et \u00e9ventuellement mis en \u0153uvre.<\/p>\n<p>Depuis 25 ans, nous travaillons avec des clients d&#039;une grande vari\u00e9t\u00e9 d&#039;industries, telles que la conception de jardins, la d\u00e9coration d&#039;int\u00e9rieur et les marchands de pierres. Nous devons remercier ce client. Ce n&#039;est que gr\u00e2ce \u00e0 vous que nous avons pu r\u00e9ussir en tant qu&#039;entreprise et acqu\u00e9rir des connaissances et une exp\u00e9rience inestimables. Nous sommes tr\u00e8s motiv\u00e9s pour en avoir un <span style=\"font-family: 'barlow bold'; font-weight: normal;\"><strong>concept r\u00e9ussi <\/strong><\/span>et mettre en \u0153uvre les objectifs que nous nous sommes fix\u00e9s. Depuis 1998, nous veillons avec passion \u00e0 ce que nos clients <span style=\"font-family: 'barlow bold'; font-weight: normal;\"><strong>meilleur service<\/strong><\/span>, le <span style=\"font-family: 'barlow bold'; font-weight: normal;\"><strong>la plus haute qualit\u00e9<\/strong> <\/span>et <span style=\"font-family: 'barlow bold';\"><strong>des partenaires commerciaux importants<\/strong><\/span> recevoir.<\/p>\n<p>[\/et_pb_text][\/et_pb_column][\/et_pb_row][\/et_pb_section][et_pb_section fb_built=&#8221;1&#8243; custom_padding_last_edited=&#8221;on|phone&#8221; _builder_version=&#8221;4.19.5&#8243; _module_preset=&#8221;default&#8221; use_background_color_gradient=&#8221;on&#8221; background_color_gradient_stops=&#8221;#00afef 0%|#244f8a 100%&#8221; custom_padding=&#8221;8vh||8vh||true|false&#8221; custom_padding_tablet=&#8221;6vh||6vh||true|false&#8221; custom_padding_phone=&#8221;6vh||6vh||true|false&#8221; global_colors_info=&#8221;{}&#8221;][et_pb_row column_structure=&#8221;1_3,1_3,1_3&#8243; make_equal=&#8221;on&#8221; custom_padding_last_edited=&#8221;on|phone&#8221; admin_label=&#8221;Zahlen&#8221; _builder_version=&#8221;4.19.5&#8243; _module_preset=&#8221;default&#8221; width=&#8221;95%&#8221; width_tablet=&#8221;90%&#8221; width_phone=&#8221;90%&#8221; width_last_edited=&#8221;on|desktop&#8221; max_width=&#8221;1200px&#8221; custom_padding=&#8221;0px||0px||false|false&#8221; custom_padding_tablet=&#8221;0px||0px||false|false&#8221; custom_padding_phone=&#8221;||0px||false|false&#8221; global_colors_info=&#8221;{}&#8221;][et_pb_column type=&#8221;1_3&#8243; _builder_version=&#8221;4.19.5&#8243; _module_preset=&#8221;default&#8221; global_colors_info=&#8221;{}&#8221;][et_pb_number_counter title=&#8221;installierte Brunnen&#8221; number=&#8221;730&#8243; percent_sign=&#8221;off&#8221; _builder_version=&#8221;4.20.2&#8243; _module_preset=&#8221;default&#8221; title_text_color=&#8221;#FFFFFF&#8221; title_font_size=&#8221;2rem&#8221; number_font=&#8221;||||||||&#8221; number_text_color=&#8221;#FFFFFF&#8221; custom_padding=&#8221;||||false|false&#8221; title_font_size_tablet=&#8221;1.7rem&#8221; title_font_size_phone=&#8221;1.3rem&#8221; title_font_size_last_edited=&#8221;on|phone&#8221; number_font_size_tablet=&#8221;&#8221; number_font_size_phone=&#8221;66px&#8221; number_font_size_last_edited=&#8221;on|phone&#8221; global_colors_info=&#8221;{}&#8221;][\/et_pb_number_counter][\/et_pb_column][et_pb_column type=&#8221;1_3&#8243; _builder_version=&#8221;4.19.5&#8243; _module_preset=&#8221;default&#8221; global_colors_info=&#8221;{}&#8221;][et_pb_number_counter title=&#8221;Partner europaweit&#8221; number=&#8221;50&#8243; percent_sign=&#8221;off&#8221; _builder_version=&#8221;4.19.5&#8243; _module_preset=&#8221;default&#8221; title_text_color=&#8221;#FFFFFF&#8221; title_font_size=&#8221;2rem&#8221; number_font=&#8221;Barlow Regular||||||||&#8221; number_text_color=&#8221;#FFFFFF&#8221; custom_padding=&#8221;||||false|false&#8221; title_font_size_tablet=&#8221;1.7rem&#8221; title_font_size_phone=&#8221;1.3rem&#8221; title_font_size_last_edited=&#8221;on|phone&#8221; global_colors_info=&#8221;{}&#8221;][\/et_pb_number_counter][\/et_pb_column][et_pb_column type=&#8221;1_3&#8243; _builder_version=&#8221;4.19.5&#8243; _module_preset=&#8221;default&#8221; global_colors_info=&#8221;{}&#8221;][et_pb_number_counter title=&#8221;Kunden&#8221; number=&#8221;172&#8243; percent_sign=&#8221;off&#8221; _builder_version=&#8221;4.19.5&#8243; _module_preset=&#8221;default&#8221; title_text_color=&#8221;#FFFFFF&#8221; title_font_size=&#8221;2rem&#8221; number_font=&#8221;Barlow Regular||||||||&#8221; number_text_color=&#8221;#FFFFFF&#8221; custom_padding=&#8221;||||false|false&#8221; title_font_size_tablet=&#8221;1.7rem&#8221; title_font_size_phone=&#8221;1.3rem&#8221; title_font_size_last_edited=&#8221;on|phone&#8221; global_colors_info=&#8221;{}&#8221;][\/et_pb_number_counter][\/et_pb_column][\/et_pb_row][\/et_pb_section][et_pb_section fb_built=&#8221;1&#8243; admin_label=&#8221;Sektion&#8221; _builder_version=&#8221;4.20.2&#8243; _module_preset=&#8221;default&#8221; global_colors_info=&#8221;{}&#8221;][et_pb_row custom_padding_last_edited=&#8221;on|phone&#8221; _builder_version=&#8221;4.19.5&#8243; _module_preset=&#8221;default&#8221; width=&#8221;100%&#8221; width_tablet=&#8221;90%&#8221; width_phone=&#8221;90%&#8221; width_last_edited=&#8221;on|phone&#8221; max_width=&#8221;1200px&#8221; custom_padding=&#8221;0px||6vh||false|false&#8221; custom_padding_tablet=&#8221;||0px||false|false&#8221; custom_padding_phone=&#8221;||4vh||false|false&#8221; animation_style=&#8221;slide&#8221; animation_direction=&#8221;bottom&#8221; animation_delay=&#8221;300ms&#8221; animation_intensity_slide=&#8221;2%&#8221; animation_duration_tablet=&#8221;1000ms&#8221; animation_duration_phone=&#8221;1000ms&#8221; animation_duration_last_edited=&#8221;on|tablet&#8221; animation_delay_tablet=&#8221;300ms&#8221; animation_delay_phone=&#8221;300ms&#8221; animation_delay_last_edited=&#8221;on|tablet&#8221; global_colors_info=&#8221;{}&#8221;][et_pb_column type=&#8221;4_4&#8243; _builder_version=&#8221;4.19.5&#8243; _module_preset=&#8221;default&#8221; global_colors_info=&#8221;{}&#8221;][et_pb_text admin_label=&#8221;Text&#8221; _builder_version=&#8221;4.19.5&#8243; _module_preset=&#8221;7ea19da9-fe49-4ff8-89fe-69ba67c08c82&#8243; custom_margin=&#8221;||6vh||false|false&#8221; custom_margin_tablet=&#8221;||4vh||false|false&#8221; custom_margin_phone=&#8221;||3vh||false|false&#8221; custom_margin_last_edited=&#8221;on|phone&#8221; animation_style=&#8221;none&#8221; text_font_size_tablet=&#8221;1.1rem&#8221; text_font_size_phone=&#8221;1rem&#8221; text_font_size_last_edited=&#8221;on|phone&#8221; header_2_font_size_tablet=&#8221;&#8221; header_2_font_size_phone=&#8221;1.8rem&#8221; header_2_font_size_last_edited=&#8221;on|phone&#8221; header_3_font_size_tablet=&#8221;1.7rem&#8221; header_3_font_size_phone=&#8221;1.3rem&#8221; header_3_font_size_last_edited=&#8221;on|phone&#8221; inline_fonts=&#8221;Barlow Bold,barlow bold&#8221; global_colors_info=&#8221;{}&#8221; link_text_color__hover_enabled=&#8221;on|desktop&#8221; link_text_color__hover=&#8221;#244F8A&#8221;]<\/p>\n<h3><strong>Exposition<\/strong><\/h3>\n<p>Visitez-nous dans notre exposition \u00e0 M\u00f6dling. Avec une superficie de <span style=\"font-family: 'Barlow Bold'; font-weight: normal;\"><strong>un total de 3200 m\u00b2<\/strong>\u00a0<\/span>Avec des expositions de fontaines d&#039;ambiance et de jardin, ainsi que les types de pierre naturelle les plus divers, nous sommes en mesure de vous montrer notre vaste gamme directement sur place. De plus, nous avons notre propre atelier dans lequel un grand nombre de nos produits sont fabriqu\u00e9s.<\/p>\n<p>[\/et_pb_text][et_pb_text admin_label=&#8221;Text&#8221; _builder_version=&#8221;4.19.5&#8243; _module_preset=&#8221;7ea19da9-fe49-4ff8-89fe-69ba67c08c82&#8243; custom_margin=&#8221;||0vh||false|false&#8221; custom_margin_tablet=&#8221;||0vh||false|false&#8221; custom_margin_phone=&#8221;||0vh||false|false&#8221; custom_margin_last_edited=&#8221;on|phone&#8221; animation_style=&#8221;none&#8221; text_font_size_tablet=&#8221;1.1rem&#8221; text_font_size_phone=&#8221;1rem&#8221; text_font_size_last_edited=&#8221;on|phone&#8221; header_2_font_size_tablet=&#8221;&#8221; header_2_font_size_phone=&#8221;1.8rem&#8221; header_2_font_size_last_edited=&#8221;on|phone&#8221; header_3_font_size_tablet=&#8221;&#8221; header_3_font_size_phone=&#8221;1.3rem&#8221; header_3_font_size_last_edited=&#8221;on|phone&#8221; inline_fonts=&#8221;Barlow Bold,barlow bold&#8221; global_colors_info=&#8221;{}&#8221; link_text_color__hover_enabled=&#8221;on|desktop&#8221; link_text_color__hover=&#8221;#244F8A&#8221;]<\/p>\n<p>Mod\u00e9lisation de point de vente<br \/>A-2340 Modling, Grenzgasse 40<\/p>\n<p><span style=\"font-family: 'barlow bold';\"><strong>Horaires d&#039;ouvertures:<\/strong><\/span><br \/>Du lundi au vendredi de 9h \u00e0 17h<br \/>Samedi de 9h \u00e0 14h<\/p>\n<p>T\u00c9L : +43(0)2236\/866 409<br \/>E-MAIL:<span>\u00a0<\/span><a href=\"mailto:office@aquadivo.com\">office@aquadivo.com<\/a><\/p>\n<p>[\/et_pb_text][\/et_pb_column][\/et_pb_row][et_pb_row custom_padding_last_edited=&#8221;on|tablet&#8221; _builder_version=&#8221;4.19.5&#8243; _module_preset=&#8221;default&#8221; width=&#8221;100%&#8221; width_tablet=&#8221;90%&#8221; width_phone=&#8221;90%&#8221; width_last_edited=&#8221;on|phone&#8221; max_width=&#8221;1200px&#8221; custom_padding=&#8221;0px||0px||false|false&#8221; custom_padding_tablet=&#8221;||0px||false|false&#8221; custom_padding_phone=&#8221;||3vh||false|false&#8221; animation_style=&#8221;slide&#8221; animation_direction=&#8221;bottom&#8221; animation_delay=&#8221;300ms&#8221; animation_intensity_slide=&#8221;2%&#8221; animation_duration_tablet=&#8221;1000ms&#8221; animation_duration_phone=&#8221;1000ms&#8221; animation_duration_last_edited=&#8221;on|tablet&#8221; animation_delay_tablet=&#8221;300ms&#8221; animation_delay_phone=&#8221;300ms&#8221; animation_delay_last_edited=&#8221;on|tablet&#8221; global_colors_info=&#8221;{}&#8221;][et_pb_column type=&#8221;4_4&#8243; _builder_version=&#8221;4.19.5&#8243; _module_preset=&#8221;default&#8221; global_colors_info=&#8221;{}&#8221;][et_pb_text admin_label=&#8221;Text&#8221; _builder_version=&#8221;4.19.5&#8243; _module_preset=&#8221;7ea19da9-fe49-4ff8-89fe-69ba67c08c82&#8243; custom_margin=&#8221;||0vh||false|false&#8221; custom_margin_tablet=&#8221;3vh||1vh||false|false&#8221; custom_margin_phone=&#8221;||0vh||false|false&#8221; custom_margin_last_edited=&#8221;on|phone&#8221; animation_style=&#8221;none&#8221; text_font_size_tablet=&#8221;1.1rem&#8221; text_font_size_phone=&#8221;1rem&#8221; text_font_size_last_edited=&#8221;on|phone&#8221; header_2_font_size_tablet=&#8221;&#8221; header_2_font_size_phone=&#8221;1.8rem&#8221; header_2_font_size_last_edited=&#8221;on|phone&#8221; header_3_font_size_tablet=&#8221;1.7rem&#8221; header_3_font_size_phone=&#8221;1.3rem&#8221; header_3_font_size_last_edited=&#8221;on|phone&#8221; inline_fonts=&#8221;Barlow Bold&#8221; global_colors_info=&#8221;{}&#8221; link_text_color__hover_enabled=&#8221;on|desktop&#8221; link_text_color__hover=&#8221;#244F8A&#8221;]<\/p>\n<h3 style=\"text-align: left;\"><strong>Nous sommes partenaires de<\/strong><\/h3>\n<p>[\/et_pb_text][\/et_pb_column][\/et_pb_row][et_pb_row column_structure=&#8221;1_3,1_3,1_3&#8243; custom_padding_last_edited=&#8221;on|tablet&#8221; _builder_version=&#8221;4.19.5&#8243; _module_preset=&#8221;default&#8221; width=&#8221;100%&#8221; width_tablet=&#8221;90%&#8221; width_phone=&#8221;90%&#8221; width_last_edited=&#8221;on|phone&#8221; max_width=&#8221;1200px&#8221; custom_padding=&#8221;0px||0px||false|false&#8221; custom_padding_tablet=&#8221;||0px||false|false&#8221; custom_padding_phone=&#8221;||3vh||false|false&#8221; animation_style=&#8221;slide&#8221; animation_direction=&#8221;bottom&#8221; animation_delay=&#8221;300ms&#8221; animation_intensity_slide=&#8221;2%&#8221; animation_duration_tablet=&#8221;1000ms&#8221; animation_duration_phone=&#8221;1000ms&#8221; animation_duration_last_edited=&#8221;on|tablet&#8221; animation_delay_tablet=&#8221;300ms&#8221; animation_delay_phone=&#8221;300ms&#8221; animation_delay_last_edited=&#8221;on|tablet&#8221; global_colors_info=&#8221;{}&#8221;][et_pb_column type=&#8221;1_3&#8243; _builder_version=&#8221;4.19.5&#8243; _module_preset=&#8221;default&#8221; global_colors_info=&#8221;{}&#8221;][et_pb_image src=&#8221;https:\/\/www.aquadivo.com\/wp-content\/uploads\/2023\/03\/Logo_GALABAU.png&#8221; title_text=&#8221;Logo_GALABAU&#8221; url=&#8221;https:\/\/galabau-verband.at&#8221; url_new_window=&#8221;on&#8221; _builder_version=&#8221;4.19.5&#8243; _module_preset=&#8221;default&#8221; global_colors_info=&#8221;{}&#8221;][\/et_pb_image][\/et_pb_column][et_pb_column type=&#8221;1_3&#8243; _builder_version=&#8221;4.19.5&#8243; _module_preset=&#8221;default&#8221; global_colors_info=&#8221;{}&#8221;][\/et_pb_column][et_pb_column type=&#8221;1_3&#8243; _builder_version=&#8221;4.19.5&#8243; _module_preset=&#8221;default&#8221; global_colors_info=&#8221;{}&#8221;][\/et_pb_column][\/et_pb_row][\/et_pb_section][et_pb_section fb_built=&#8221;1&#8243; admin_label=&#8221;button_vertrieb&#8221; _builder_version=&#8221;4.19.5&#8243; _module_preset=&#8221;default&#8221; custom_padding=&#8221;0px||0px||false|false&#8221; global_colors_info=&#8221;{}&#8221;][et_pb_row _builder_version=&#8221;4.19.5&#8243; _module_preset=&#8221;default&#8221; width=&#8221;100%&#8221; max_width=&#8221;100%&#8221; custom_padding=&#8221;0px||0px||false|false&#8221; global_colors_info=&#8221;{}&#8221;][et_pb_column type=&#8221;4_4&#8243; _builder_version=&#8221;4.19.5&#8243; _module_preset=&#8221;default&#8221; global_colors_info=&#8221;{}&#8221;][et_pb_button button_url=&#8221;@ET-DC@eyJkeW5hbWljIjp0cnVlLCJjb250ZW50IjoicG9zdF9saW5rX3VybF9wYWdlIiwic2V0dGluZ3MiOnsicG9zdF9pZCI6IjQ0In19@&#8221; button_text=&#8221;Vertriebspartner werden&#8221; button_alignment=&#8221;right&#8221; _builder_version=&#8221;4.19.5&#8243; _dynamic_attributes=&#8221;button_url&#8221; _module_preset=&#8221;aa163f75-f00b-419a-aa44-e001467aabec&#8221; positioning=&#8221;fixed&#8221; position_origin_f=&#8221;bottom_right&#8221; vertical_offset=&#8221;10px&#8221; horizontal_offset=&#8221;10px&#8221; z_index=&#8221;9998&#8243; global_colors_info=&#8221;{}&#8221;][\/et_pb_button][\/et_pb_column][\/et_pb_row][\/et_pb_section]<\/p>","protected":false},"excerpt":{"rendered":"<p>\u00dcber Uns Herstellung und Produktentwicklung Seit 25 Jahren besch\u00e4ftigen wir uns mit dem Bau von verschiedensten Brunnen und Wasserspielen, sowohl f\u00fcr den Innen-, als auch f\u00fcr den Au\u00dfenbereich. Die intensive Befassung mit der Wirkung von Wasser und dessen Flie\u00dfverhalten auf verschiedenen Materialien ist der Grundstein f\u00fcr unser tiefgehendes Wissen. Des Weiteren ist die laufende Entwicklung [&hellip;]<\/p>","protected":false},"author":1,"featured_media":0,"parent":0,"menu_order":0,"comment_status":"closed","ping_status":"closed","template":"","meta":{"_et_pb_use_builder":"on","_et_pb_old_content":"","_et_gb_content_width":"1920","footnotes":""},"class_list":["post-11","page","type-page","status-publish","hentry"],"_links":{"self":[{"href":"https:\/\/www.aquadivo.com\/fr\/wp-json\/wp\/v2\/pages\/11","targetHints":{"allow":["GET"]}}],"collection":[{"href":"https:\/\/www.aquadivo.com\/fr\/wp-json\/wp\/v2\/pages"}],"about":[{"href":"https:\/\/www.aquadivo.com\/fr\/wp-json\/wp\/v2\/types\/page"}],"author":[{"embeddable":true,"href":"https:\/\/www.aquadivo.com\/fr\/wp-json\/wp\/v2\/users\/1"}],"replies":[{"embeddable":true,"href":"https:\/\/www.aquadivo.com\/fr\/wp-json\/wp\/v2\/comments?post=11"}],"version-history":[{"count":1,"href":"https:\/\/www.aquadivo.com\/fr\/wp-json\/wp\/v2\/pages\/11\/revisions"}],"predecessor-version":[{"id":4387,"href":"https:\/\/www.aquadivo.com\/fr\/wp-json\/wp\/v2\/pages\/11\/revisions\/4387"}],"wp:attachment":[{"href":"https:\/\/www.aquadivo.com\/fr\/wp-json\/wp\/v2\/media?parent=11"}],"curies":[{"name":"wp","href":"https:\/\/api.w.org\/{rel}","templated":true}]}}