{"id":36,"date":"2023-02-20T15:18:53","date_gmt":"2023-02-20T15:18:53","guid":{"rendered":"https:\/\/www.aquadivo.com\/?page_id=36"},"modified":"2023-08-24T18:01:01","modified_gmt":"2023-08-24T17:01:01","slug":"interieur","status":"publish","type":"page","link":"https:\/\/www.aquadivo.com\/fr\/interieur\/","title":{"rendered":"Int\u00e9rieur"},"content":{"rendered":"<p>[et_pb_section fb_built=&#8221;1&#8243; _builder_version=&#8221;4.19.5&#8243; _module_preset=&#8221;1b58ed5b-6370-4c81-9ae9-39a9863c86e3&#8243; background_image=&#8221;https:\/\/www.aquadivo.com\/wp-content\/uploads\/2023\/03\/wasserwand-exklusiv-banner01.jpg&#8221; parallax=&#8221;off&#8221; height_tablet=&#8221;600px&#8221; height_phone=&#8221;490px&#8221; height_last_edited=&#8221;on|phone&#8221; animation_duration=&#8221;1000ms&#8221; animation_delay=&#8221;300ms&#8221; animation_intensity_slide=&#8221;2%&#8221; animation_duration_tablet=&#8221;&#8221; animation_duration_phone=&#8221;500ms&#8221; animation_duration_last_edited=&#8221;on|phone&#8221; global_colors_info=&#8221;{}&#8221;][\/et_pb_section][et_pb_section fb_built=&#8221;1&#8243; custom_padding_last_edited=&#8221;on|phone&#8221; _builder_version=&#8221;4.19.5&#8243; _module_preset=&#8221;default&#8221; custom_padding=&#8221;8vh||8vh||true|false&#8221; custom_padding_tablet=&#8221;6vh||6vh||true|false&#8221; custom_padding_phone=&#8221;4vh||4vh||true|false&#8221; global_colors_info=&#8221;{}&#8221;][et_pb_row custom_padding_last_edited=&#8221;on|phone&#8221; _builder_version=&#8221;4.19.5&#8243; _module_preset=&#8221;default&#8221; width=&#8221;95%&#8221; width_tablet=&#8221;90%&#8221; width_phone=&#8221;90%&#8221; width_last_edited=&#8221;on|tablet&#8221; max_width=&#8221;1200px&#8221; custom_margin=&#8221;0px||||false|false&#8221; custom_margin_tablet=&#8221;&#8221; custom_margin_phone=&#8221;0vh||||false|false&#8221; custom_margin_last_edited=&#8221;on|phone&#8221; custom_padding=&#8221;||0px||false|false&#8221; custom_padding_tablet=&#8221;6vh||0px||false|false&#8221; custom_padding_phone=&#8221;3vh||||false|false&#8221; animation_style=&#8221;slide&#8221; animation_direction=&#8221;bottom&#8221; animation_delay=&#8221;300ms&#8221; animation_intensity_slide=&#8221;2%&#8221; animation_delay_tablet=&#8221;300ms&#8221; animation_delay_phone=&#8221;200ms&#8221; animation_delay_last_edited=&#8221;on|phone&#8221; global_colors_info=&#8221;{}&#8221;][et_pb_column type=&#8221;4_4&#8243; _builder_version=&#8221;4.19.5&#8243; _module_preset=&#8221;default&#8221; global_colors_info=&#8221;{}&#8221;][et_pb_text _builder_version=&#8221;4.22.1&#8243; _module_preset=&#8221;default&#8221; text_text_color=&#8221;#6B7D87&#8243; text_font_size=&#8221;1.3rem&#8221; text_line_height=&#8221;1.72em&#8221; header_2_font=&#8221;Barlow condensed||||||||&#8221; header_2_text_color=&#8221;#244F8A&#8221; header_2_font_size=&#8221;2.7rem&#8221; header_3_text_color=&#8221;#244F8A&#8221; header_3_font_size=&#8221;2rem&#8221; header_3_line_height=&#8221;1.3em&#8221; custom_margin=&#8221;||6vh||false|false&#8221; custom_margin_tablet=&#8221;||4vh||false|false&#8221; custom_margin_phone=&#8221;||3vh||false|false&#8221; custom_margin_last_edited=&#8221;on|phone&#8221; animation_direction=&#8221;left&#8221; hover_enabled=&#8221;0&#8243; text_font_size_tablet=&#8221;1.1rem&#8221; text_font_size_phone=&#8221;1rem&#8221; text_font_size_last_edited=&#8221;on|phone&#8221; header_2_font_size_tablet=&#8221;2.3rem&#8221; header_2_font_size_phone=&#8221;1.8rem&#8221; header_2_font_size_last_edited=&#8221;on|desktop&#8221; header_3_font_size_tablet=&#8221;1.7rem&#8221; header_3_font_size_phone=&#8221;1.3rem&#8221; header_3_font_size_last_edited=&#8221;on|phone&#8221; inline_fonts=&#8221;Barlow Bold,barlow condensed bold,barlow bold&#8221; global_colors_info=&#8221;{}&#8221; sticky_enabled=&#8221;0&#8243;]<\/p>\n<h2><span style=\"font-family: 'barlow condensed bold';\"><strong>Int\u00e9rieur - Fontaine comme design d&#039;int\u00e9rieur exclusif<\/strong><\/span><\/h2>\n<p><strong><\/strong><\/p>\n<h3><strong>Fontaine comme facteur de bien-\u00eatre pour une utilisation en int\u00e9rieur<\/strong><\/h3>\n<p>L&#039;eau sous toutes ses formes affecte notre bien-\u00eatre mental et physique. Le doux bruit de l&#039;eau qui coule, la toile de fond visuellement attrayante et l&#039;effet agr\u00e9able de la fontaine sur l&#039;air de la pi\u00e8ce contribuent tous au fait que les personnes \u00e0 l&#039;int\u00e9rieur des b\u00e2timents les plus divers ressentent \u00e9galement le <span style=\"color: #6b7d87; font-family: 'barlow bold'; font-weight: normal;\">effets b\u00e9n\u00e9fiques de l&#039;eau<\/span> peut ressentir. Les fontaines en tant qu&#039;int\u00e9rieur peuvent \u00eatre utilis\u00e9es de nombreuses mani\u00e8res ou configur\u00e9es. Tant que <span style=\"font-family: 'barlow bold'; font-weight: normal;\">conception<\/span>, aussi bien que <span style=\"font-family: 'barlow bold'; font-weight: normal;\">qualit\u00e9 de traitement<\/span> y contribuer ainsi que <span style=\"font-family: 'barlow bold'; font-weight: normal;\">int\u00e9rieur exclusif<\/span> sont valides.<\/p>\n<p>[\/et_pb_text][et_pb_text _builder_version=&#8221;4.22.1&#8243; _module_preset=&#8221;default&#8221; text_text_color=&#8221;#6B7D87&#8243; text_font_size=&#8221;1.3rem&#8221; text_line_height=&#8221;1.72em&#8221; header_2_font=&#8221;Barlow condensed||||||||&#8221; header_2_text_color=&#8221;#244F8A&#8221; header_2_font_size=&#8221;2.7rem&#8221; header_3_text_color=&#8221;#244F8A&#8221; header_3_font_size=&#8221;2rem&#8221; header_3_line_height=&#8221;1.3em&#8221; custom_margin=&#8221;||6vh||false|false&#8221; custom_margin_tablet=&#8221;||4vh||false|false&#8221; custom_margin_phone=&#8221;||3vh||false|false&#8221; custom_margin_last_edited=&#8221;on|phone&#8221; animation_direction=&#8221;left&#8221; hover_enabled=&#8221;0&#8243; text_font_size_tablet=&#8221;1.1rem&#8221; text_font_size_phone=&#8221;1rem&#8221; text_font_size_last_edited=&#8221;on|phone&#8221; header_2_font_size_tablet=&#8221;2.7rem&#8221; header_2_font_size_phone=&#8221;2.7rem&#8221; header_2_font_size_last_edited=&#8221;on|phone&#8221; header_3_font_size_tablet=&#8221;1.7rem&#8221; header_3_font_size_phone=&#8221;1.3rem&#8221; header_3_font_size_last_edited=&#8221;on|tablet&#8221; inline_fonts=&#8221;Barlow Bold,Barlow Regular,barlow bold&#8221; global_colors_info=&#8221;{}&#8221; sticky_enabled=&#8221;0&#8243;]<\/p>\n<h3>Am\u00e9lioration de l&#039;humidit\u00e9 par puits<\/h3>\n<p>l&#039;humidit\u00e9 est <span style=\"font-family: 'barlow bold'; font-weight: normal;\"><strong>important pour la sant\u00e9<\/strong><\/span>. Cependant, surtout pendant la p\u00e9riode de chauffage, l&#039;humidit\u00e9 int\u00e9rieure chute drastiquement. De plus, les particules polluent de plus en plus l&#039;air. Tout le monde en a ressenti les effets, comme un mal de gorge ou une irritation des voies respiratoires.<\/p>\n<p>Nos fontaines ont \u00e9galement un effet positif sur l&#039;humidit\u00e9 dans les locaux. Apr\u00e8s de nombreuses ann\u00e9es de tests et quelques discussions avec nos clients, il a \u00e9t\u00e9 constat\u00e9 qu&#039;une surface mouill\u00e9e d&#039;eau de la fontaine de 1m\u00b2 est suffisante pour remplir une pi\u00e8ce (hauteur de la pi\u00e8ce 260cm) avec 40m\u00b2 de surface habitable jusqu&#039;\u00e0 une valeur moyenne de<span style=\"font-family: 'barlow bold'; font-weight: normal;\"> <strong>45% Humidit\u00e9 <\/strong><\/span>\u00e0 humidifier.<\/p>\n<p>Avec <span style=\"font-family: 'barlow bold'; font-weight: normal;\">objets aquatiques plus gros<\/span> est-il possible dans des pi\u00e8ces plus grandes <span style=\"font-family: 'barlow bold'; font-weight: normal;\">humidit\u00e9<\/span> perceptible <span style=\"font-family: 'barlow bold'; font-weight: normal;\">augmenter<\/span>. Cela se passe sur<span style=\"font-family: 'Barlow Regular'; font-weight: normal;\"> Mani\u00e8re naturelle.<\/span> Les murs d&#039;eau et les colonnes d&#039;eau sont particuli\u00e8rement bien adapt\u00e9s pour cela. De plus, le <span style=\"font-family: 'barlow bold'; font-weight: normal;\"><strong>teneur en particules <\/strong><\/span>dans l&#039;air ambiant <span style=\"font-family: 'barlow bold'; font-weight: normal;\"><strong>diminu\u00e9 par le puits<\/strong><\/span>, car les particules sont attir\u00e9es par l&#039;eau et filtr\u00e9es par le filtre de la pompe.<\/p>\n<p>lignes directrices pour la <span style=\"font-family: 'barlow bold'; font-weight: normal;\">humidit\u00e9 ambiante optimale<\/span> pour obtenir la sensation de confort:<\/p>\n<p><span style=\"font-family: 'barlow bold';\"><strong>22\u00b0C temp\u00e9rature ambiante 40% HR <\/strong><\/span><br \/><span style=\"font-family: 'barlow bold';\"><strong>20\u00b0C temp\u00e9rature ambiante 50% HR<\/strong><\/span><\/p>\n<p>[\/et_pb_text][\/et_pb_column][\/et_pb_row][et_pb_row custom_padding_last_edited=&#8221;on|phone&#8221; _builder_version=&#8221;4.19.5&#8243; _module_preset=&#8221;default&#8221; width=&#8221;100%&#8221; width_tablet=&#8221;90%&#8221; width_phone=&#8221;90%&#8221; width_last_edited=&#8221;on|desktop&#8221; max_width=&#8221;1200px&#8221; custom_padding=&#8221;0px||0px||false|false&#8221; custom_padding_tablet=&#8221;0px||0vh||false|false&#8221; custom_padding_phone=&#8221;0px||0vh||false|false&#8221; animation_style=&#8221;slide&#8221; animation_direction=&#8221;bottom&#8221; animation_delay=&#8221;300ms&#8221; animation_intensity_slide=&#8221;2%&#8221; animation_duration_tablet=&#8221;&#8221; animation_duration_phone=&#8221;0ms&#8221; animation_duration_last_edited=&#8221;on|phone&#8221; animation_delay_tablet=&#8221;0ms&#8221; animation_delay_phone=&#8221;0ms&#8221; animation_delay_last_edited=&#8221;on|tablet&#8221; global_colors_info=&#8221;{}&#8221;][et_pb_column type=&#8221;4_4&#8243; _builder_version=&#8221;4.19.5&#8243; _module_preset=&#8221;default&#8221; global_colors_info=&#8221;{}&#8221;][et_pb_text _builder_version=&#8221;4.19.5&#8243; _module_preset=&#8221;7ea19da9-fe49-4ff8-89fe-69ba67c08c82&#8243; custom_margin=&#8221;||6vh||false|false&#8221; custom_margin_tablet=&#8221;||4vh||false|false&#8221; custom_margin_phone=&#8221;||3vh||false|false&#8221; custom_margin_last_edited=&#8221;on|phone&#8221; animation_style=&#8221;none&#8221; text_font_size_tablet=&#8221;1.1rem&#8221; text_font_size_phone=&#8221;1rem&#8221; text_font_size_last_edited=&#8221;on|phone&#8221; header_2_font_size_tablet=&#8221;&#8221; header_2_font_size_phone=&#8221;&#8221; header_2_font_size_last_edited=&#8221;on|phone&#8221; header_3_font_size_tablet=&#8221;1.7rem&#8221; header_3_font_size_phone=&#8221;1.3rem&#8221; header_3_font_size_last_edited=&#8221;on|phone&#8221; inline_fonts=&#8221;Barlow Bold,Barlow Regular,barlow bold&#8221; global_colors_info=&#8221;{}&#8221;]<\/p>\n<h3>Fontaine lumineuse \u2013 design \u00e9l\u00e9gant<\/h3>\n<p>Les fontaines lumineuses sont particuli\u00e8rement b\u00e9n\u00e9fiques pour le bien-\u00eatre. En plus des avantages d&#039;une fontaine ordinaire, cette <strong>lumi\u00e8re chaude<\/strong> cette fontaine donne une sensation particuli\u00e8re <span style=\"font-family: 'Barlow Bold'; font-weight: normal;\"><strong><span style=\"font-family: 'barlow bold';\">confort<\/span> <\/strong><\/span>et <span style=\"font-family: 'barlow bold'; font-weight: normal;\"><strong>s\u00e9curit\u00e9<\/strong><\/span> r\u00e9pandue. Ils seront accompagn\u00e9s de <span style=\"font-family: 'barlow bold'; font-weight: normal;\">,,<strong>Marbre S\u00f6lker<\/strong>&quot;<\/span> ou tout autre marbre cristallin exclusivement dans notre <span style=\"font-family: 'barlow bold';\"><strong>propre atelier en Autriche<\/strong><\/span> fabriqu\u00e9. Le design inhabituel de cette fontaine est caract\u00e9ris\u00e9 par le marbre. Les fontaines conviennent \u00e0 diff\u00e9rentes pi\u00e8ces et conf\u00e8rent au lieu un charme individuel.<\/p>\n<p>[\/et_pb_text][et_pb_text _builder_version=&#8221;4.19.5&#8243; _module_preset=&#8221;default&#8221; text_text_color=&#8221;#6B7D87&#8243; text_font_size=&#8221;1.3rem&#8221; text_line_height=&#8221;1.72em&#8221; header_2_font=&#8221;Barlow condensed||||||||&#8221; header_2_text_color=&#8221;#244F8A&#8221; header_2_font_size=&#8221;2.7rem&#8221; header_3_text_color=&#8221;#244F8A&#8221; header_3_font_size=&#8221;2rem&#8221; header_3_line_height=&#8221;1.3em&#8221; custom_margin=&#8221;||2vh||false|false&#8221; animation_direction=&#8221;left&#8221; text_font_size_tablet=&#8221;1.1rem&#8221; text_font_size_phone=&#8221;1rem&#8221; text_font_size_last_edited=&#8221;on|phone&#8221; header_3_font_size_tablet=&#8221;1.7rem&#8221; header_3_font_size_phone=&#8221;1.3rem&#8221; header_3_font_size_last_edited=&#8221;on|phone&#8221; inline_fonts=&#8221;Barlow Bold,Barlow Regular,barlow bold&#8221; global_colors_info=&#8221;{}&#8221;]<\/p>\n<h3><strong>Notre offre pour vous<\/strong><\/h3>\n<p>Vous souhaitez inclure nos produits dans votre gamme ? Vous avez des suggestions cr\u00e9atives et des id\u00e9es pour votre propre gamme de produits ?<br \/>Nous vous offrons la possibilit\u00e9 de <span style=\"font-family: 'barlow bold';\"><strong>partenariat commercial qualitatif<\/strong><\/span>.<\/p>\n<p>[\/et_pb_text][et_pb_button button_url=&#8221;@ET-DC@eyJkeW5hbWljIjp0cnVlLCJjb250ZW50IjoicG9zdF9saW5rX3VybF9wYWdlIiwic2V0dGluZ3MiOnsicG9zdF9pZCI6IjQ0In19@&#8221; button_text=&#8221;Jetzt Vertriebspartner werden!&#8221; _builder_version=&#8221;4.19.5&#8243; _dynamic_attributes=&#8221;button_url&#8221; _module_preset=&#8221;aa163f75-f00b-419a-aa44-e001467aabec&#8221; custom_margin_phone=&#8221;||2vh|0vw|false|false&#8221; button_text_size_tablet=&#8221;1.7em&#8221; button_text_size_phone=&#8221;1.1em&#8221; global_colors_info=&#8221;{}&#8221;][\/et_pb_button][et_pb_text _builder_version=&#8221;4.19.5&#8243; _module_preset=&#8221;default&#8221; text_text_color=&#8221;#6B7D87&#8243; text_font_size=&#8221;1.3rem&#8221; text_line_height=&#8221;1.72em&#8221; link_text_color=&#8221;#00AFEF&#8221; header_2_font=&#8221;Barlow condensed||||||||&#8221; header_2_text_color=&#8221;#244F8A&#8221; header_2_font_size=&#8221;2.7rem&#8221; header_3_text_color=&#8221;#244F8A&#8221; header_3_font_size=&#8221;2rem&#8221; header_3_line_height=&#8221;1.3em&#8221; custom_margin=&#8221;||0px||false|false&#8221; custom_margin_tablet=&#8221;||2vh||false|false&#8221; custom_margin_phone=&#8221;||0vh||false|false&#8221; custom_margin_last_edited=&#8221;on|phone&#8221; animation_direction=&#8221;bottom&#8221; text_font_size_tablet=&#8221;1.1rem&#8221; text_font_size_phone=&#8221;1rem&#8221; text_font_size_last_edited=&#8221;on|phone&#8221; inline_fonts=&#8221;Barlow Bold,Barlow Regular&#8221; global_colors_info=&#8221;{}&#8221; link_text_color__hover_enabled=&#8221;on|desktop&#8221; link_text_color__hover=&#8221;#244F8A&#8221;]<\/p>\n<p>De plus, vous pouvez vous renseigner sur les <a href=\"https:\/\/www.aquadivo.com\/fr\/developpement-de-produits\/\">d\u00e9veloppement de produits<\/a> et <a href=\"https:\/\/www.aquadivo.com\/fr\/produits-sur-mesure\/\">fait sur mesure<\/a> informer.<\/p>\n<p>[\/et_pb_text][\/et_pb_column][\/et_pb_row][\/et_pb_section][et_pb_section fb_built=&#8221;1&#8243; admin_label=&#8221;button_vertrieb&#8221; _builder_version=&#8221;4.19.5&#8243; _module_preset=&#8221;default&#8221; custom_padding=&#8221;0px||0px||false|false&#8221; global_colors_info=&#8221;{}&#8221;][et_pb_row _builder_version=&#8221;4.19.5&#8243; _module_preset=&#8221;default&#8221; width=&#8221;100%&#8221; max_width=&#8221;100%&#8221; custom_padding=&#8221;0px||0px||false|false&#8221; global_colors_info=&#8221;{}&#8221;][et_pb_column type=&#8221;4_4&#8243; _builder_version=&#8221;4.19.5&#8243; _module_preset=&#8221;default&#8221; global_colors_info=&#8221;{}&#8221;][et_pb_button button_url=&#8221;@ET-DC@eyJkeW5hbWljIjp0cnVlLCJjb250ZW50IjoicG9zdF9saW5rX3VybF9wYWdlIiwic2V0dGluZ3MiOnsicG9zdF9pZCI6IjQ0In19@&#8221; button_text=&#8221;Vertriebspartner werden&#8221; button_alignment=&#8221;right&#8221; _builder_version=&#8221;4.19.5&#8243; _dynamic_attributes=&#8221;button_url&#8221; _module_preset=&#8221;aa163f75-f00b-419a-aa44-e001467aabec&#8221; positioning=&#8221;fixed&#8221; position_origin_f=&#8221;bottom_right&#8221; vertical_offset=&#8221;10px&#8221; horizontal_offset=&#8221;10px&#8221; z_index=&#8221;9998&#8243; global_colors_info=&#8221;{}&#8221;][\/et_pb_button][\/et_pb_column][\/et_pb_row][\/et_pb_section]<\/p>","protected":false},"excerpt":{"rendered":"<p>Interieur \u2013 Brunnen als exklusive Innenausstattung Brunnen als Wohlf\u00fchlfaktor f\u00fcr den Innenbereich Wasser in jeglicher Form nimmt Einfluss auf unser mentales, sowie k\u00f6rperliches Wohlbefinden. Der leise Wasserklang des flie\u00dfenden Wassers, die optisch ansprechende Kulisse, sowie die angenehme Wirkung der Brunnen auf die Raumluft tragen dazu bei, dass Menschen auch in den Innenr\u00e4umen verschiedenster Geb\u00e4ude die [&hellip;]<\/p>","protected":false},"author":1,"featured_media":0,"parent":0,"menu_order":0,"comment_status":"closed","ping_status":"closed","template":"","meta":{"_et_pb_use_builder":"on","_et_pb_old_content":"","_et_gb_content_width":"","footnotes":""},"class_list":["post-36","page","type-page","status-publish","hentry"],"_links":{"self":[{"href":"https:\/\/www.aquadivo.com\/fr\/wp-json\/wp\/v2\/pages\/36","targetHints":{"allow":["GET"]}}],"collection":[{"href":"https:\/\/www.aquadivo.com\/fr\/wp-json\/wp\/v2\/pages"}],"about":[{"href":"https:\/\/www.aquadivo.com\/fr\/wp-json\/wp\/v2\/types\/page"}],"author":[{"embeddable":true,"href":"https:\/\/www.aquadivo.com\/fr\/wp-json\/wp\/v2\/users\/1"}],"replies":[{"embeddable":true,"href":"https:\/\/www.aquadivo.com\/fr\/wp-json\/wp\/v2\/comments?post=36"}],"version-history":[{"count":1,"href":"https:\/\/www.aquadivo.com\/fr\/wp-json\/wp\/v2\/pages\/36\/revisions"}],"predecessor-version":[{"id":3978,"href":"https:\/\/www.aquadivo.com\/fr\/wp-json\/wp\/v2\/pages\/36\/revisions\/3978"}],"wp:attachment":[{"href":"https:\/\/www.aquadivo.com\/fr\/wp-json\/wp\/v2\/media?parent=36"}],"curies":[{"name":"wp","href":"https:\/\/api.w.org\/{rel}","templated":true}]}}