{"id":38,"date":"2023-02-20T15:19:08","date_gmt":"2023-02-20T15:19:08","guid":{"rendered":"https:\/\/www.aquadivo.com\/?page_id=38"},"modified":"2023-04-13T09:38:23","modified_gmt":"2023-04-13T08:38:23","slug":"aussenbereich","status":"publish","type":"page","link":"https:\/\/www.aquadivo.com\/fr\/espace-exterieur\/","title":{"rendered":"espace ext\u00e9rieur"},"content":{"rendered":"<p>[et_pb_section fb_built=&#8221;1&#8243; _builder_version=&#8221;4.19.5&#8243; _module_preset=&#8221;1b58ed5b-6370-4c81-9ae9-39a9863c86e3&#8243; background_image=&#8221;https:\/\/www.aquadivo.com\/wp-content\/uploads\/2023\/03\/wasserfall-brunnen-banner1800x650-02.jpg&#8221; parallax=&#8221;off&#8221; height_tablet=&#8221;600px&#8221; height_phone=&#8221;490px&#8221; height_last_edited=&#8221;on|phone&#8221; animation_duration=&#8221;1000ms&#8221; animation_delay=&#8221;300ms&#8221; animation_intensity_slide=&#8221;2%&#8221; animation_duration_tablet=&#8221;1000ms&#8221; animation_duration_phone=&#8221;500ms&#8221; animation_duration_last_edited=&#8221;on|phone&#8221; global_colors_info=&#8221;{}&#8221;][\/et_pb_section][et_pb_section fb_built=&#8221;1&#8243; custom_padding_last_edited=&#8221;on|phone&#8221; _builder_version=&#8221;4.19.5&#8243; _module_preset=&#8221;default&#8221; custom_padding=&#8221;8vh||8vh||true|false&#8221; custom_padding_tablet=&#8221;6vh||6vh||true|false&#8221; custom_padding_phone=&#8221;4vh||4vh||true|false&#8221; global_colors_info=&#8221;{}&#8221;][et_pb_row custom_padding_last_edited=&#8221;on|phone&#8221; _builder_version=&#8221;4.19.5&#8243; _module_preset=&#8221;default&#8221; width=&#8221;100%&#8221; width_tablet=&#8221;90%&#8221; width_phone=&#8221;90%&#8221; width_last_edited=&#8221;on|tablet&#8221; max_width=&#8221;1200px&#8221; max_width_tablet=&#8221;1200px&#8221; max_width_phone=&#8221;1200px&#8221; max_width_last_edited=&#8221;on|phone&#8221; custom_padding=&#8221;0px||||false|false&#8221; custom_padding_tablet=&#8221;0px||0px||false|false&#8221; custom_padding_phone=&#8221;0px||0px||false|false&#8221; animation_style=&#8221;slide&#8221; animation_direction=&#8221;bottom&#8221; animation_delay=&#8221;300ms&#8221; animation_intensity_slide=&#8221;2%&#8221; animation_delay_tablet=&#8221;200ms&#8221; animation_delay_phone=&#8221;100ms&#8221; animation_delay_last_edited=&#8221;on|phone&#8221; global_colors_info=&#8221;{}&#8221;][et_pb_column type=&#8221;4_4&#8243; _builder_version=&#8221;4.19.5&#8243; _module_preset=&#8221;default&#8221; global_colors_info=&#8221;{}&#8221;][et_pb_text _builder_version=&#8221;4.19.5&#8243; _module_preset=&#8221;7ea19da9-fe49-4ff8-89fe-69ba67c08c82&#8243; header_2_font=&#8221;barlow condensed bold||||||||&#8221; custom_margin=&#8221;||6vh||false|false&#8221; custom_margin_tablet=&#8221;||4vh||false|false&#8221; custom_margin_phone=&#8221;||3vh||false|false&#8221; custom_margin_last_edited=&#8221;on|phone&#8221; custom_padding=&#8221;||||false|false&#8221; animation_style=&#8221;none&#8221; text_font_size_tablet=&#8221;1.1rem&#8221; text_font_size_phone=&#8221;1rem&#8221; text_font_size_last_edited=&#8221;on|phone&#8221; header_2_font_size_tablet=&#8221;2.3rem&#8221; header_2_font_size_phone=&#8221;1.8rem&#8221; header_2_font_size_last_edited=&#8221;on|phone&#8221; header_3_font_size_tablet=&#8221;1.7rem&#8221; header_3_font_size_phone=&#8221;1.3rem&#8221; header_3_font_size_last_edited=&#8221;on|phone&#8221; inline_fonts=&#8221;Barlow Bold,barlow bold&#8221; global_colors_info=&#8221;{}&#8221;]<\/p>\n<h2><strong>Ext\u00e9rieur - fontaines et mat\u00e9riaux \u00e9l\u00e9gants<\/strong><\/h2>\n<h3><strong><\/strong><\/h3>\n<h3><strong>Fontaine comme \u00e9l\u00e9ment esth\u00e9tique pour les installations ext\u00e9rieures<\/strong><\/h3>\n<p>L&#039;ext\u00e9rieur est souvent l&#039;occasion id\u00e9ale pour une fontaine. Que ce soit dans un parc, sur une propri\u00e9t\u00e9 priv\u00e9e ou dans les locaux d&#039;une entreprise. Les gens le prennent <span style=\"font-family: 'barlow bold'; font-weight: normal;\"><strong>influence positive de la fontaine<\/strong><\/span> sur elle <span style=\"font-family: 'barlow bold'; font-weight: normal;\"><strong>bien-\u00eatre<\/strong><\/span> vrai et rassemblez-vous pr\u00e8s du puits. L\u00e0, ils peuvent se d\u00e9tendre, faire une pause et profiter de l&#039;air frais autour de la fontaine.<\/p>\n<p>Avec les diff\u00e9rents <span style=\"font-family: 'barlow bold'; font-weight: normal;\"><strong>nature des mat\u00e9riaux<\/strong><\/span>, aussi bien que<span style=\"font-family: 'barlow bold'; font-weight: normal;\"> <strong>conception<\/strong><\/span> les fontaines de jardin mettent un accent efficace dans chaque espace ext\u00e9rieur. Les fontaines brillent \u00e0 travers<span style=\"font-family: 'barlow bold'; font-weight: normal;\"> <strong>un \u00e9clairage <\/strong><\/span>m\u00eame la nuit dans un <span style=\"font-family: 'barlow bold'; font-weight: normal;\"><strong>esth\u00e9tique unique<\/strong><\/span> et plonger leur environnement dans une douce lumi\u00e8re. sp\u00e9cifiquement dans <span style=\"font-family: 'barlow bold'; font-weight: normal;\"><strong>L&#039;Autriche a fait une fontaine lumineuse<\/strong><\/span> en marbre qualitatif &quot;S\u00f6lker&quot; brille surtout la nuit et entre dans les jardins<span style=\"font-family: 'barlow bold'; font-weight: normal;\"> <strong>ambiance \u00e0 couper le souffle.<\/strong><\/span><\/p>\n<p>[\/et_pb_text][et_pb_text _builder_version=&#8221;4.19.5&#8243; _module_preset=&#8221;7ea19da9-fe49-4ff8-89fe-69ba67c08c82&#8243; custom_margin_tablet=&#8221;||4vh||false|false&#8221; custom_margin_phone=&#8221;||3vh||false|false&#8221; custom_margin_last_edited=&#8221;on|phone&#8221; animation_style=&#8221;none&#8221; text_font_size_tablet=&#8221;1.1rem&#8221; text_font_size_phone=&#8221;1rem&#8221; text_font_size_last_edited=&#8221;on|phone&#8221; header_3_font_size_tablet=&#8221;1.7rem&#8221; header_3_font_size_phone=&#8221;1.3rem&#8221; header_3_font_size_last_edited=&#8221;on|phone&#8221; inline_fonts=&#8221;Barlow Bold,barlow bold&#8221; global_colors_info=&#8221;{}&#8221;]<\/p>\n<h3><strong>Acier, pierres naturelles et pr\u00e9cieuses - mati\u00e8res nobles<\/strong><\/h3>\n<p>Le mat\u00e9riau de l&#039;ext\u00e9rieur est \u00e9galement un facteur important.<span style=\"font-family: 'barlow bold'; font-weight: normal;\"> <strong>acier inoxydable <\/strong><\/span>se fond en un <span style=\"font-family: 'barlow bold'; font-weight: normal;\"><strong>environnement moderne<\/strong><\/span> merveilleux. En revanche, les offres <span style=\"font-family: 'barlow bold'; font-weight: normal;\"><strong>acier corten <\/strong><\/span>une version chaleureuse de l&#039;inox. \u00c0 travers <strong>le <span style=\"font-family: 'barlow bold'; font-weight: normal;\">couleur rouge\u00e2tre<\/span><\/strong> la couche ext\u00e9rieure de rouille, le mat\u00e9riau semble plus chaud et peut \u00eatre nettoy\u00e9 plus facilement <span style=\"font-family: 'barlow bold'; font-weight: normal;\"><strong>style naturel<\/strong> <\/span>\u00eatre combin\u00e9s.<\/p>\n<p>En tant que pierre naturelle, nous pouvons <span style=\"font-family: 'barlow bold'; font-weight: normal;\"><strong>Gr\u00e8s, granit et autres pierres naturelles<\/strong><\/span> offre. Ceux-ci sont particuli\u00e8rement adapt\u00e9s aux... <span style=\"font-family: 'barlow bold'; font-weight: normal;\"><strong>Style m\u00e9diterran\u00e9en et antique<\/strong><\/span>. Cependant, avec \u00e7a aussi <span style=\"font-family: 'barlow bold'; font-weight: normal;\"><strong>Fontaine de pierre de source<\/strong><\/span> fabriqu\u00e9. Une pierre de source est une pierre naturelle qui a une <span style=\"font-family: 'barlow bold';\"><strong>forage vertical<\/strong><\/span> est fourni. Notre soci\u00e9t\u00e9 fournit \u00e9galement des pierres naturelles, telles que des gr\u00e8s en <strong>des quantit\u00e9s plus importantes<\/strong> pour votre propre traitement ult\u00e9rieur ou pour la revente.<\/p>\n<p>[\/et_pb_text][\/et_pb_column][\/et_pb_row][et_pb_row custom_padding_last_edited=&#8221;on|phone&#8221; _builder_version=&#8221;4.19.5&#8243; _module_preset=&#8221;default&#8221; width=&#8221;100%&#8221; width_tablet=&#8221;90%&#8221; width_phone=&#8221;90%&#8221; width_last_edited=&#8221;on|tablet&#8221; max_width=&#8221;1200px&#8221; custom_padding=&#8221;||0px||false|false&#8221; custom_padding_tablet=&#8221;0px||0px||false|false&#8221; custom_padding_phone=&#8221;0px||0px||false|false&#8221; animation_style=&#8221;slide&#8221; animation_direction=&#8221;bottom&#8221; animation_delay=&#8221;300ms&#8221; animation_intensity_slide=&#8221;2%&#8221; animation_duration_tablet=&#8221;1000ms&#8221; animation_duration_phone=&#8221;0ms&#8221; animation_duration_last_edited=&#8221;on|phone&#8221; animation_delay_tablet=&#8221;100ms&#8221; animation_delay_phone=&#8221;0ms&#8221; animation_delay_last_edited=&#8221;on|phone&#8221; global_colors_info=&#8221;{}&#8221;][et_pb_column type=&#8221;4_4&#8243; _builder_version=&#8221;4.19.5&#8243; _module_preset=&#8221;default&#8221; global_colors_info=&#8221;{}&#8221;][et_pb_text _builder_version=&#8221;4.19.5&#8243; _module_preset=&#8221;7ea19da9-fe49-4ff8-89fe-69ba67c08c82&#8243; animation_style=&#8221;none&#8221; text_font_size_tablet=&#8221;1.1rem&#8221; text_font_size_phone=&#8221;1rem&#8221; text_font_size_last_edited=&#8221;on|phone&#8221; header_3_font_size_tablet=&#8221;1.7rem&#8221; header_3_font_size_phone=&#8221;1.3rem&#8221; header_3_font_size_last_edited=&#8221;on|phone&#8221; inline_fonts=&#8221;Barlow Bold,barlow bold&#8221; global_colors_info=&#8221;{}&#8221;]<\/p>\n<h3>Notre offre pour vous<\/h3>\n<p>Vous souhaitez inclure nos produits dans votre gamme ? Vous avez des suggestions cr\u00e9atives et des id\u00e9es pour votre propre gamme de produits ?<br \/>Nous vous offrons la possibilit\u00e9 de <span style=\"font-family: 'barlow bold';\"><strong>partenariat commercial qualitatif.<\/strong><\/span><\/p>\n<p>[\/et_pb_text][et_pb_button button_text=&#8221;Jetzt Vertriebspartner werden!&#8221; _builder_version=&#8221;4.19.5&#8243; _module_preset=&#8221;aa163f75-f00b-419a-aa44-e001467aabec&#8221; custom_margin=&#8221;2vh||2vh|0px|true|false&#8221; custom_margin_phone=&#8221;|||0vw|false|false&#8221; button_text_size_phone=&#8221;1.1em&#8221; global_colors_info=&#8221;{}&#8221; button_border_color__hover=&#8221;&#8221; button_border_color__hover_enabled=&#8221;on|desktop&#8221;][\/et_pb_button][et_pb_text _builder_version=&#8221;4.19.5&#8243; _module_preset=&#8221;default&#8221; text_font_size=&#8221;1.3rem&#8221; text_line_height=&#8221;1.72em&#8221; link_text_color=&#8221;#00AFEF&#8221; text_font_size_tablet=&#8221;1.1rem&#8221; text_font_size_phone=&#8221;1rem&#8221; text_font_size_last_edited=&#8221;on|phone&#8221; global_colors_info=&#8221;{}&#8221; link_text_color__hover_enabled=&#8221;on|hover&#8221; link_text_color__hover=&#8221;#244F8A&#8221;]<\/p>\n<p>De plus, vous pouvez vous renseigner sur les <a href=\"https:\/\/www.aquadivo.com\/fr\/developpement-de-produits\/\">d\u00e9veloppement de produits <\/a>et <a href=\"https:\/\/www.aquadivo.com\/fr\/developpement-de-produits\/\">fait sur mesure<\/a> informer.<\/p>\n<p>[\/et_pb_text][\/et_pb_column][\/et_pb_row][\/et_pb_section][et_pb_section fb_built=&#8221;1&#8243; admin_label=&#8221;button_vertrieb&#8221; _builder_version=&#8221;4.19.5&#8243; _module_preset=&#8221;default&#8221; custom_padding=&#8221;0px||0px||false|false&#8221; global_colors_info=&#8221;{}&#8221;][et_pb_row _builder_version=&#8221;4.19.5&#8243; _module_preset=&#8221;default&#8221; width=&#8221;100%&#8221; max_width=&#8221;100%&#8221; custom_padding=&#8221;0px||0px||false|false&#8221; global_colors_info=&#8221;{}&#8221;][et_pb_column type=&#8221;4_4&#8243; _builder_version=&#8221;4.19.5&#8243; _module_preset=&#8221;default&#8221; global_colors_info=&#8221;{}&#8221;][et_pb_button button_url=&#8221;@ET-DC@eyJkeW5hbWljIjp0cnVlLCJjb250ZW50IjoicG9zdF9saW5rX3VybF9wYWdlIiwic2V0dGluZ3MiOnsicG9zdF9pZCI6IjQ0In19@&#8221; button_text=&#8221;Vertriebspartner werden&#8221; button_alignment=&#8221;right&#8221; _builder_version=&#8221;4.19.5&#8243; _dynamic_attributes=&#8221;button_url&#8221; _module_preset=&#8221;aa163f75-f00b-419a-aa44-e001467aabec&#8221; positioning=&#8221;fixed&#8221; position_origin_f=&#8221;bottom_right&#8221; vertical_offset=&#8221;10px&#8221; horizontal_offset=&#8221;10px&#8221; z_index=&#8221;9998&#8243; global_colors_info=&#8221;{}&#8221;][\/et_pb_button][\/et_pb_column][\/et_pb_row][\/et_pb_section]<\/p>","protected":false},"excerpt":{"rendered":"<p>Outdoor \u2013 stilvolle Brunnen und Materialien Brunnen als \u00e4sthetisches Element f\u00fcr Au\u00dfenanlagen Im Au\u00dfenbereich bietet sich oftmals die perfekte Gelegenheit f\u00fcr einen Brunnen. Ob im Park, auf einem Privatgrundst\u00fcck oder auf einem Firmengel\u00e4nde. Die Menschen nehmen den positiven Einfluss des Brunnens auf ihr Wohlbefinden wahr und sammeln sich in der N\u00e4he des Brunnens. Dort k\u00f6nnen [&hellip;]<\/p>","protected":false},"author":1,"featured_media":0,"parent":0,"menu_order":0,"comment_status":"closed","ping_status":"closed","template":"","meta":{"_et_pb_use_builder":"on","_et_pb_old_content":"<!-- wp:divi\/placeholder \/-->","_et_gb_content_width":"","footnotes":""},"class_list":["post-38","page","type-page","status-publish","hentry"],"_links":{"self":[{"href":"https:\/\/www.aquadivo.com\/fr\/wp-json\/wp\/v2\/pages\/38","targetHints":{"allow":["GET"]}}],"collection":[{"href":"https:\/\/www.aquadivo.com\/fr\/wp-json\/wp\/v2\/pages"}],"about":[{"href":"https:\/\/www.aquadivo.com\/fr\/wp-json\/wp\/v2\/types\/page"}],"author":[{"embeddable":true,"href":"https:\/\/www.aquadivo.com\/fr\/wp-json\/wp\/v2\/users\/1"}],"replies":[{"embeddable":true,"href":"https:\/\/www.aquadivo.com\/fr\/wp-json\/wp\/v2\/comments?post=38"}],"version-history":[{"count":0,"href":"https:\/\/www.aquadivo.com\/fr\/wp-json\/wp\/v2\/pages\/38\/revisions"}],"wp:attachment":[{"href":"https:\/\/www.aquadivo.com\/fr\/wp-json\/wp\/v2\/media?parent=38"}],"curies":[{"name":"wp","href":"https:\/\/api.w.org\/{rel}","templated":true}]}}