{"id":65,"date":"2023-02-20T15:30:17","date_gmt":"2023-02-20T15:30:17","guid":{"rendered":"https:\/\/www.aquadivo.com\/?page_id=65"},"modified":"2023-03-30T06:24:47","modified_gmt":"2023-03-30T05:24:47","slug":"downloadbereich","status":"publish","type":"page","link":"https:\/\/www.aquadivo.com\/fr\/zone-de-telechargement\/","title":{"rendered":"T\u00e9l\u00e9chargements"},"content":{"rendered":"<p>[et_pb_section fb_built=&#8221;1&#8243; _builder_version=&#8221;4.19.5&#8243; _module_preset=&#8221;1b58ed5b-6370-4c81-9ae9-39a9863c86e3&#8243; background_image=&#8221;https:\/\/www.aquadivo.com\/wp-content\/uploads\/2023\/03\/gartenbrunnen-startseite-banner-quellstein.jpg&#8221; parallax=&#8221;off&#8221; height_tablet=&#8221;600px&#8221; height_phone=&#8221;490px&#8221; height_last_edited=&#8221;on|phone&#8221; animation_duration=&#8221;1000ms&#8221; animation_delay=&#8221;300ms&#8221; animation_intensity_slide=&#8221;2%&#8221; background_last_edited=&#8221;on|phone&#8221; background_image_phone=&#8221;https:\/\/www.aquadivo.com\/wp-content\/uploads\/2023\/03\/wachauer-marmor-quellsteinset40-gartenbrunnen02.jpg&#8221; background_enable_image_phone=&#8221;on&#8221; animation_duration_tablet=&#8221;&#8221; animation_duration_phone=&#8221;500ms&#8221; animation_duration_last_edited=&#8221;on|phone&#8221; global_colors_info=&#8221;{}&#8221;][\/et_pb_section][et_pb_section fb_built=&#8221;1&#8243; custom_padding_last_edited=&#8221;on|phone&#8221; _builder_version=&#8221;4.19.5&#8243; _module_preset=&#8221;default&#8221; custom_padding=&#8221;8vh||20vh||false|false&#8221; custom_padding_tablet=&#8221;6vh||40vh||false|false&#8221; custom_padding_phone=&#8221;4vh||20vh||false|false&#8221; animation_style=&#8221;slide&#8221; animation_direction=&#8221;bottom&#8221; animation_delay=&#8221;300ms&#8221; animation_intensity_slide=&#8221;2%&#8221; global_colors_info=&#8221;{}&#8221;][et_pb_row _builder_version=&#8221;4.19.5&#8243; _module_preset=&#8221;default&#8221; width=&#8221;95%&#8221; width_tablet=&#8221;90%&#8221; width_phone=&#8221;90%&#8221; width_last_edited=&#8221;on|phone&#8221; max_width=&#8221;1200px&#8221; custom_padding=&#8221;0px||0px||false|false&#8221; global_colors_info=&#8221;{}&#8221;][et_pb_column type=&#8221;4_4&#8243; _builder_version=&#8221;4.19.5&#8243; _module_preset=&#8221;default&#8221; global_colors_info=&#8221;{}&#8221;][et_pb_text _builder_version=&#8221;4.19.5&#8243; _module_preset=&#8221;default&#8221; header_2_text_color=&#8221;#244F8A&#8221; header_2_font_size=&#8221;2.7rem&#8221; header_2_line_height=&#8221;1.3em&#8221; header_2_font_size_tablet=&#8221;2.3rem&#8221; header_2_font_size_phone=&#8221;1.8rem&#8221; header_2_font_size_last_edited=&#8221;on|phone&#8221; global_colors_info=&#8221;{}&#8221;]<\/p>\n<h2>zone de t\u00e9l\u00e9chargement<\/h2>\n<p>[\/et_pb_text][et_pb_text _builder_version=&#8221;4.19.5&#8243; _module_preset=&#8221;default&#8221; hover_enabled=&#8221;0&#8243; inline_fonts=&#8221;Arial&#8221; global_colors_info=&#8221;{}&#8221; text_font_size_last_edited=&#8221;on|desktop&#8221; text_font_size=&#8221;1.5rem&#8221; sticky_enabled=&#8221;0&#8243; text_font_size_tablet=&#8221;1.3rem&#8221; text_font_size_phone=&#8221;1.1rem&#8221; ul_font_size=&#8221;1.5rem&#8221; ul_font_size_last_edited=&#8221;on|phone&#8221; ul_font_size_tablet=&#8221;1.3rem&#8221; ul_font_size_phone=&#8221;1.1rem&#8221;]<\/p>\n<p>Vous trouverez ici sous peu les catalogues des produits suivants<\/span><\/p>\n<\/p>\n<ul>\n<li>Fontaine de jardin en acier inoxydable et acier corten<\/li>\n<li>Fontaine de jardin en pierre naturelle<\/li>\n<li>Assortiment de granit<\/li>\n<li>Fontaine de jardin antique<\/li>\n<li>d\u00e9coration de jardin <\/li>\n<li>Fontaine d&#039;int\u00e9rieur et mur d&#039;eau<\/li>\n<li>Accessoires pour fontaines<\/li>\n<li>listes de prix<\/li>\n<\/ul>\n<\/p>\n<p>Les catalogues peuvent soit \u00eatre r\u00e9alis\u00e9s apr\u00e8s <a href=\"\/fr\/wp_aquadivo\/appliquer-maintenant\/\">Inscription du concessionnaire<\/a> et l&#039;activation peuvent \u00eatre t\u00e9l\u00e9charg\u00e9s ou command\u00e9s sous forme de catalogues imprim\u00e9s \u00e0 prix co\u00fbtant.<\/p>\n<p>&nbsp;<\/p>\n<p>[\/et_pb_text][\/et_pb_column][\/et_pb_row][\/et_pb_section][et_pb_section fb_built=&#8221;1&#8243; admin_label=&#8221;button_vertrieb&#8221; _builder_version=&#8221;4.19.5&#8243; _module_preset=&#8221;default&#8221; custom_padding=&#8221;0px||0px||false|false&#8221; global_colors_info=&#8221;{}&#8221;][et_pb_row _builder_version=&#8221;4.19.5&#8243; _module_preset=&#8221;default&#8221; width=&#8221;100%&#8221; max_width=&#8221;100%&#8221; custom_padding=&#8221;0px||0px||false|false&#8221; global_colors_info=&#8221;{}&#8221;][et_pb_column type=&#8221;4_4&#8243; _builder_version=&#8221;4.19.5&#8243; _module_preset=&#8221;default&#8221; global_colors_info=&#8221;{}&#8221;][et_pb_button button_url=&#8221;@ET-DC@eyJkeW5hbWljIjp0cnVlLCJjb250ZW50IjoicG9zdF9saW5rX3VybF9wYWdlIiwic2V0dGluZ3MiOnsicG9zdF9pZCI6IjQ0In19@&#8221; button_text=&#8221;Vertriebspartner werden&#8221; button_alignment=&#8221;right&#8221; _builder_version=&#8221;4.19.5&#8243; _dynamic_attributes=&#8221;button_url&#8221; _module_preset=&#8221;aa163f75-f00b-419a-aa44-e001467aabec&#8221; positioning=&#8221;fixed&#8221; position_origin_f=&#8221;bottom_right&#8221; vertical_offset=&#8221;10px&#8221; horizontal_offset=&#8221;10px&#8221; z_index=&#8221;9998&#8243; global_colors_info=&#8221;{}&#8221;][\/et_pb_button][\/et_pb_column][\/et_pb_row][\/et_pb_section]<\/p>","protected":false},"excerpt":{"rendered":"<p>Downloadbereich Hier finden Sie in k\u00fcrze Kataloge zu folgenden Produkten Gartenbrunnen aus Edelstahl &amp; Cortenstahl Gartenbrunnen Naturstein Granit Sortiment Gartenbrunnen Antik Garten Dekoration Zimmerbrunnen &amp; Wasserwand Zubeh\u00f6r f\u00fcr Brunnen Preislisten Die Kataloge k\u00f6nnen entweder nach erfolgter H\u00e4ndleranmeldung und Freischaltung runtergeladen werden oder als Printkataloge zum Selbstkostenpreis bestellt werden. &nbsp;<\/p>","protected":false},"author":1,"featured_media":0,"parent":0,"menu_order":0,"comment_status":"closed","ping_status":"closed","template":"","meta":{"_et_pb_use_builder":"on","_et_pb_old_content":"<!-- wp:divi\/placeholder \/-->","_et_gb_content_width":"","footnotes":""},"class_list":["post-65","page","type-page","status-publish","hentry"],"_links":{"self":[{"href":"https:\/\/www.aquadivo.com\/fr\/wp-json\/wp\/v2\/pages\/65","targetHints":{"allow":["GET"]}}],"collection":[{"href":"https:\/\/www.aquadivo.com\/fr\/wp-json\/wp\/v2\/pages"}],"about":[{"href":"https:\/\/www.aquadivo.com\/fr\/wp-json\/wp\/v2\/types\/page"}],"author":[{"embeddable":true,"href":"https:\/\/www.aquadivo.com\/fr\/wp-json\/wp\/v2\/users\/1"}],"replies":[{"embeddable":true,"href":"https:\/\/www.aquadivo.com\/fr\/wp-json\/wp\/v2\/comments?post=65"}],"version-history":[{"count":0,"href":"https:\/\/www.aquadivo.com\/fr\/wp-json\/wp\/v2\/pages\/65\/revisions"}],"wp:attachment":[{"href":"https:\/\/www.aquadivo.com\/fr\/wp-json\/wp\/v2\/media?parent=65"}],"curies":[{"name":"wp","href":"https:\/\/api.w.org\/{rel}","templated":true}]}}