{"id":856,"date":"2023-03-03T10:51:54","date_gmt":"2023-03-03T10:51:54","guid":{"rendered":"https:\/\/www.aquadivo.com\/?page_id=856"},"modified":"2023-03-30T00:50:29","modified_gmt":"2023-03-29T23:50:29","slug":"produkte","status":"publish","type":"page","link":"https:\/\/www.aquadivo.com\/fr\/des-produits\/","title":{"rendered":"Des produits"},"content":{"rendered":"<p>[et_pb_section fb_built=&#8221;1&#8243; _builder_version=&#8221;4.19.5&#8243; _module_preset=&#8221;1b58ed5b-6370-4c81-9ae9-39a9863c86e3&#8243; background_image=&#8221;https:\/\/www.aquadivo.com\/wp-content\/uploads\/2023\/03\/gartenbrunnen-frontside29.jpg&#8221; parallax=&#8221;off&#8221; background_enable_video_mp4=&#8221;off&#8221; background_enable_video_webm=&#8221;off&#8221; background_video_width=&#8221;1700&#8243; background_video_height=&#8221;700&#8243; background_video_pause_outside_viewport=&#8221;off&#8221; height_tablet=&#8221;600px&#8221; height_phone=&#8221;490px&#8221; height_last_edited=&#8221;on|phone&#8221; animation_duration=&#8221;1000ms&#8221; animation_delay=&#8221;300ms&#8221; animation_intensity_slide=&#8221;2%&#8221; background_last_edited=&#8221;on|phone&#8221; animation_duration_tablet=&#8221;&#8221; animation_duration_phone=&#8221;500ms&#8221; animation_duration_last_edited=&#8221;on|phone&#8221; global_colors_info=&#8221;{}&#8221;][\/et_pb_section][et_pb_section fb_built=&#8221;1&#8243; custom_padding_last_edited=&#8221;on|phone&#8221; _builder_version=&#8221;4.19.5&#8243; _module_preset=&#8221;default&#8221; custom_padding=&#8221;8vh||8vh||true|false&#8221; custom_padding_tablet=&#8221;6vh||6vh||true|false&#8221; custom_padding_phone=&#8221;4vh||4vh||true|false&#8221; animation_style=&#8221;slide&#8221; animation_direction=&#8221;bottom&#8221; animation_delay=&#8221;300ms&#8221; animation_intensity_slide=&#8221;3%&#8221; global_colors_info=&#8221;{}&#8221;][et_pb_row custom_padding_last_edited=&#8221;on|phone&#8221; _builder_version=&#8221;4.19.5&#8243; _module_preset=&#8221;default&#8221; width=&#8221;95%&#8221; width_tablet=&#8221;90%&#8221; width_phone=&#8221;90%&#8221; width_last_edited=&#8221;on|phone&#8221; max_width=&#8221;1200px&#8221; custom_padding=&#8221;0px||||false|false&#8221; custom_padding_tablet=&#8221;||||false|false&#8221; custom_padding_phone=&#8221;||1vh||false|false&#8221; global_colors_info=&#8221;{}&#8221;][et_pb_column type=&#8221;4_4&#8243; _builder_version=&#8221;4.19.5&#8243; _module_preset=&#8221;default&#8221; global_colors_info=&#8221;{}&#8221;][et_pb_text _builder_version=&#8221;4.19.5&#8243; _module_preset=&#8221;default&#8221; header_2_font_size=&#8221;2.7rem&#8221; header_2_line_height=&#8221;1.7rem&#8221; header_2_font_size_tablet=&#8221;2.3rem&#8221; header_2_font_size_phone=&#8221;1.8rem&#8221; header_2_font_size_last_edited=&#8221;on|phone&#8221; global_colors_info=&#8221;{}&#8221;]<\/p>\n<h2 style=\"text-align: center;\">Notre gamme de produits<\/h2>\n<p>[\/et_pb_text][\/et_pb_column][\/et_pb_row][et_pb_row column_structure=&#8221;1_3,1_3,1_3&#8243; make_equal=&#8221;on&#8221; _builder_version=&#8221;4.19.5&#8243; _module_preset=&#8221;default&#8221; width=&#8221;95%&#8221; width_tablet=&#8221;90%&#8221; width_phone=&#8221;90%&#8221; width_last_edited=&#8221;on|phone&#8221; max_width=&#8221;1200px&#8221; custom_padding=&#8221;0px||||false|false&#8221; global_colors_info=&#8221;{}&#8221;][et_pb_column type=&#8221;1_3&#8243; _builder_version=&#8221;4.19.5&#8243; _module_preset=&#8221;default&#8221; background_enable_color=&#8221;off&#8221; global_colors_info=&#8221;{}&#8221;][et_pb_image src=&#8221;https:\/\/www.aquadivo.com\/wp-content\/uploads\/2023\/03\/edelsteinbrunnen-julia-lachskristall05.jpg&#8221; alt=&#8221;Produkte Zimmerbrunnen Edelstein&#8221; title_text=&#8221;edelsteinbrunnen-julia-lachskristall05&#8243; url=&#8221;@ET-DC@eyJkeW5hbWljIjp0cnVlLCJjb250ZW50IjoicG9zdF9saW5rX3VybF9wYWdlIiwic2V0dGluZ3MiOnsicG9zdF9pZCI6IjE3In19@&#8221; module_class=&#8221;et-zoom-in&#8221; _builder_version=&#8221;4.19.5&#8243; _dynamic_attributes=&#8221;url&#8221; _module_preset=&#8221;default&#8221; custom_margin=&#8221;||||false|false&#8221; custom_padding=&#8221;||||false|false&#8221; border_radii=&#8221;on|3px|3px|3px|3px&#8221; global_colors_info=&#8221;{}&#8221;][\/et_pb_image][et_pb_text _builder_version=&#8221;4.19.5&#8243; _dynamic_attributes=&#8221;link_option_url&#8221; _module_preset=&#8221;default&#8221; text_text_color=&#8221;#6B7D87&#8243; text_font_size=&#8221;1.3rem&#8221; text_line_height=&#8221;1.7rem&#8221; header_2_text_color=&#8221;#244F8A&#8221; header_2_font_size=&#8221;2.7rem&#8221; header_3_text_color=&#8221;#244F8A&#8221; header_3_font_size=&#8221;2rem&#8221; link_option_url=&#8221;@ET-DC@eyJkeW5hbWljIjp0cnVlLCJjb250ZW50IjoicG9zdF9saW5rX3VybF9wYWdlIiwic2V0dGluZ3MiOnsicG9zdF9pZCI6IjE3In19@&#8221; text_font_size_tablet=&#8221;1.1rem&#8221; text_font_size_phone=&#8221;1rem&#8221; text_font_size_last_edited=&#8221;on|desktop&#8221; header_3_font_size_tablet=&#8221;1.7rem&#8221; header_3_font_size_phone=&#8221;1.3rem&#8221; header_3_font_size_last_edited=&#8221;on|phone&#8221; global_colors_info=&#8221;{}&#8221;]<\/p>\n<h3>fontaine d&#039;int\u00e9rieur<\/h3>\n<p style=\"text-align: left;\">Gr\u00e2ce \u00e0 la technologie la plus r\u00e9cente, \u00e0 de nombreuses ann\u00e9es d&#039;exp\u00e9rience et \u00e0 un design \u00e9l\u00e9gant, nos fontaines d&#039;int\u00e9rieur sont un incontournable. Les fontaines d&#039;int\u00e9rieur augmentent sensiblement l&#039;humidit\u00e9 et nettoient la fine poussi\u00e8re de l&#039;air. L&#039;eau a toujours eu un effet positif sur notre bien-\u00eatre mental et physique.<\/p>\n<p>[\/et_pb_text][et_pb_button button_url=&#8221;@ET-DC@eyJkeW5hbWljIjp0cnVlLCJjb250ZW50IjoicG9zdF9saW5rX3VybF9wYWdlIiwic2V0dGluZ3MiOnsicG9zdF9pZCI6IjE3In19@&#8221; button_text=&#8221;Mehr zu Zimmerbrunnen!&#8221; _builder_version=&#8221;4.19.5&#8243; _dynamic_attributes=&#8221;button_url&#8221; _module_preset=&#8221;aa163f75-f00b-419a-aa44-e001467aabec&#8221; global_colors_info=&#8221;{}&#8221;][\/et_pb_button][\/et_pb_column][et_pb_column type=&#8221;1_3&#8243; _builder_version=&#8221;4.19.5&#8243; _module_preset=&#8221;default&#8221; background_enable_color=&#8221;off&#8221; global_colors_info=&#8221;{}&#8221;][et_pb_image src=&#8221;https:\/\/www.aquadivo.com\/wp-content\/uploads\/2023\/03\/blackangel-marmor-quellsteinset3x120pol-gartenbrunnen02.jpg&#8221; alt=&#8221;Gartenbrunnen Quellsteinset Marmor&#8221; title_text=&#8221;blackangel-marmor-quellsteinset3x120pol-gartenbrunnen02&#8243; url=&#8221;@ET-DC@eyJkeW5hbWljIjp0cnVlLCJjb250ZW50IjoicG9zdF9saW5rX3VybF9wYWdlIiwic2V0dGluZ3MiOnsicG9zdF9pZCI6IjIzIn19@&#8221; module_class=&#8221;et-zoom-in&#8221; _builder_version=&#8221;4.19.5&#8243; _dynamic_attributes=&#8221;url&#8221; _module_preset=&#8221;default&#8221; border_radii=&#8221;on|3px|3px|3px|3px&#8221; global_colors_info=&#8221;{}&#8221;][\/et_pb_image][et_pb_text _builder_version=&#8221;4.19.5&#8243; _dynamic_attributes=&#8221;link_option_url&#8221; _module_preset=&#8221;default&#8221; text_text_color=&#8221;#6B7D87&#8243; text_font_size=&#8221;1.3rem&#8221; text_line_height=&#8221;1.7rem&#8221; header_2_text_color=&#8221;#244F8A&#8221; header_2_font_size=&#8221;2.7rem&#8221; header_3_text_color=&#8221;#244F8A&#8221; header_3_font_size=&#8221;2rem&#8221; link_option_url=&#8221;@ET-DC@eyJkeW5hbWljIjp0cnVlLCJjb250ZW50IjoicG9zdF9saW5rX3VybF9wYWdlIiwic2V0dGluZ3MiOnsicG9zdF9pZCI6IjIzIn19@&#8221; text_font_size_tablet=&#8221;1.1rem&#8221; text_font_size_phone=&#8221;1rem&#8221; text_font_size_last_edited=&#8221;on|desktop&#8221; header_3_font_size_tablet=&#8221;1.7rem&#8221; header_3_font_size_phone=&#8221;1.3rem&#8221; header_3_font_size_last_edited=&#8221;on|phone&#8221; global_colors_info=&#8221;{}&#8221;]<\/p>\n<h3 style=\"text-align: left;\">fontaine de jardin<\/h3>\n<p style=\"text-align: left;\">Les fontaines de jardin peuvent rehausser stylistiquement les espaces ext\u00e9rieurs gr\u00e2ce \u00e0 leur conception et avoir une influence positive sur nous, les humains. Ils sont fabriqu\u00e9s avec un travail manuel minutieux et une attention aux d\u00e9tails. <span>Nos fontaines de jardin sont disponibles dans diff\u00e9rents styles, variations et mat\u00e9riaux.<\/span><\/p>\n<p>[\/et_pb_text][et_pb_button button_url=&#8221;@ET-DC@eyJkeW5hbWljIjp0cnVlLCJjb250ZW50IjoicG9zdF9saW5rX3VybF9wYWdlIiwic2V0dGluZ3MiOnsicG9zdF9pZCI6IjIzIn19@&#8221; button_text=&#8221;Mehr zu Gartenbrunnen!&#8221; _builder_version=&#8221;4.19.5&#8243; _dynamic_attributes=&#8221;button_url&#8221; _module_preset=&#8221;aa163f75-f00b-419a-aa44-e001467aabec&#8221; positioning=&#8221;absolute&#8221; position_origin_a=&#8221;bottom_left&#8221; position_origin_a_tablet=&#8221;bottom_left&#8221; position_origin_a_phone=&#8221;bottom_left&#8221; position_origin_a_last_edited=&#8221;on|phone&#8221; position_origin_f_tablet=&#8221;&#8221; position_origin_f_phone=&#8221;&#8221; position_origin_f_last_edited=&#8221;on|phone&#8221; position_origin_r_tablet=&#8221;&#8221; position_origin_r_phone=&#8221;&#8221; position_origin_r_last_edited=&#8221;on|phone&#8221; positioning_tablet=&#8221;relative&#8221; positioning_phone=&#8221;relative&#8221; positioning_last_edited=&#8221;on|tablet&#8221; locked=&#8221;off&#8221; global_colors_info=&#8221;{}&#8221;][\/et_pb_button][\/et_pb_column][et_pb_column type=&#8221;1_3&#8243; _builder_version=&#8221;4.19.5&#8243; _dynamic_attributes=&#8221;link_option_url&#8221; _module_preset=&#8221;default&#8221; link_option_url=&#8221;@ET-DC@eyJkeW5hbWljIjp0cnVlLCJjb250ZW50IjoicG9zdF9saW5rX3VybF9wYWdlIiwic2V0dGluZ3MiOnsicG9zdF9pZCI6IjI1In19@&#8221; global_colors_info=&#8221;{}&#8221;][et_pb_image src=&#8221;https:\/\/www.aquadivo.com\/wp-content\/uploads\/2023\/03\/gartenbrunnen-dorfbrunnen-naturstein-larimar08.jpg&#8221; alt=&#8221;Produkte Zubeh\u00f6r&#8221; title_text=&#8221;gartenbrunnen-dorfbrunnen-naturstein-larimar08&#8243; module_class=&#8221;et-zoom-in&#8221; _builder_version=&#8221;4.19.5&#8243; _module_preset=&#8221;default&#8221; border_radii=&#8221;on|3px|3px|3px|3px&#8221; global_colors_info=&#8221;{}&#8221;][\/et_pb_image][et_pb_text _builder_version=&#8221;4.19.5&#8243; _module_preset=&#8221;default&#8221; text_text_color=&#8221;#6B7D87&#8243; text_font_size=&#8221;1.3rem&#8221; text_line_height=&#8221;1.7rem&#8221; header_2_text_color=&#8221;#244F8A&#8221; header_2_font_size=&#8221;2.7rem&#8221; header_3_text_color=&#8221;#244F8A&#8221; header_3_font_size=&#8221;2rem&#8221; text_font_size_tablet=&#8221;1.1rem&#8221; text_font_size_phone=&#8221;1rem&#8221; text_font_size_last_edited=&#8221;on|desktop&#8221; header_3_font_size_tablet=&#8221;1.7rem&#8221; header_3_font_size_phone=&#8221;1.3rem&#8221; header_3_font_size_last_edited=&#8221;on|phone&#8221; global_colors_info=&#8221;{}&#8221;]<\/p>\n<h3 style=\"text-align: left;\">Accessoires<\/h3>\n<p style=\"text-align: left;\">Nous vous proposons une vari\u00e9t\u00e9 d&#039;\u00e9lectronique de haute qualit\u00e9, des panneaux \u00e9l\u00e9gants et des modules suppl\u00e9mentaires visuellement attrayants. Pompes de marque, r\u00e9cipients de fontaine, robinets nostalgiques, \u00e9l\u00e9ments de source et \u00e9clairage LED et bien plus encore.<\/p>\n<p>[\/et_pb_text][et_pb_button button_url=&#8221;@ET-DC@eyJkeW5hbWljIjp0cnVlLCJjb250ZW50IjoicG9zdF9saW5rX3VybF9wYWdlIiwic2V0dGluZ3MiOnsicG9zdF9pZCI6IjI1In19@&#8221; button_text=&#8221;Mehr zu Zubeh\u00f6r!&#8221; _builder_version=&#8221;4.19.5&#8243; _dynamic_attributes=&#8221;button_url&#8221; _module_preset=&#8221;aa163f75-f00b-419a-aa44-e001467aabec&#8221; positioning=&#8221;absolute&#8221; position_origin_a=&#8221;bottom_left&#8221; positioning_tablet=&#8221;relative&#8221; positioning_phone=&#8221;relative&#8221; positioning_last_edited=&#8221;on|tablet&#8221; locked=&#8221;off&#8221; global_colors_info=&#8221;{}&#8221;][\/et_pb_button][\/et_pb_column][\/et_pb_row][et_pb_row column_structure=&#8221;1_3,1_3,1_3&#8243; make_equal=&#8221;on&#8221; _builder_version=&#8221;4.19.5&#8243; _module_preset=&#8221;default&#8221; width=&#8221;95%&#8221; width_tablet=&#8221;90%&#8221; width_phone=&#8221;90%&#8221; width_last_edited=&#8221;on|phone&#8221; max_width=&#8221;1200px&#8221; custom_padding=&#8221;||0px||false|false&#8221; global_colors_info=&#8221;{}&#8221;][et_pb_column type=&#8221;1_3&#8243; _builder_version=&#8221;4.19.5&#8243; _dynamic_attributes=&#8221;link_option_url&#8221; _module_preset=&#8221;default&#8221; link_option_url=&#8221;@ET-DC@eyJkeW5hbWljIjp0cnVlLCJjb250ZW50IjoicG9zdF9saW5rX3VybF9wYWdlIiwic2V0dGluZ3MiOnsicG9zdF9pZCI6IjI3In19@&#8221; global_colors_info=&#8221;{}&#8221;][et_pb_image src=&#8221;https:\/\/www.aquadivo.com\/wp-content\/uploads\/2023\/03\/wachauer-marmor-wassertisch-quellsteiin-findling01.jpg&#8221; alt=&#8221;Natursteine findling marmor&#8221; title_text=&#8221;wachauer-marmor-wassertisch-quellsteiin-findling01&#8243; module_class=&#8221;et-zoom-in&#8221; _builder_version=&#8221;4.19.5&#8243; _module_preset=&#8221;default&#8221; custom_margin=&#8221;||||false|false&#8221; custom_padding=&#8221;||||false|false&#8221; border_radii=&#8221;on|3px|3px|3px|3px&#8221; global_colors_info=&#8221;{}&#8221;][\/et_pb_image][et_pb_text _builder_version=&#8221;4.19.5&#8243; _module_preset=&#8221;default&#8221; text_text_color=&#8221;#6B7D87&#8243; text_font_size=&#8221;1.3rem&#8221; text_line_height=&#8221;1.7rem&#8221; header_2_text_color=&#8221;#244F8A&#8221; header_2_font_size=&#8221;2.7rem&#8221; header_3_text_color=&#8221;#244F8A&#8221; header_3_font_size=&#8221;2rem&#8221; text_font_size_tablet=&#8221;1.1rem&#8221; text_font_size_phone=&#8221;1rem&#8221; text_font_size_last_edited=&#8221;on|desktop&#8221; header_3_font_size_tablet=&#8221;1.7rem&#8221; header_3_font_size_phone=&#8221;1.3rem&#8221; header_3_font_size_last_edited=&#8221;on|phone&#8221; global_colors_info=&#8221;{}&#8221;]<\/p>\n<h3>pierres naturelles<\/h3>\n<p>En utilisant des pierres naturelles, il existe une infinit\u00e9 de fa\u00e7ons de d\u00e9corer \u00e0 la fois \u00e0 l&#039;int\u00e9rieur et \u00e0 l&#039;ext\u00e9rieur. Des monolithes, des rochers, du gravier ornemental, divers min\u00e9raux et plus encore peuvent \u00eatre trouv\u00e9s dans notre gamme.<\/p>\n<p>[\/et_pb_text][et_pb_button button_url=&#8221;@ET-DC@eyJkeW5hbWljIjp0cnVlLCJjb250ZW50IjoicG9zdF9saW5rX3VybF9wYWdlIiwic2V0dGluZ3MiOnsicG9zdF9pZCI6IjI3In19@&#8221; button_text=&#8221;Mehr zu Natursteinen!&#8221; _builder_version=&#8221;4.19.5&#8243; _dynamic_attributes=&#8221;button_url&#8221; _module_preset=&#8221;aa163f75-f00b-419a-aa44-e001467aabec&#8221; positioning=&#8221;absolute&#8221; position_origin_a=&#8221;bottom_left&#8221; positioning_tablet=&#8221;relative&#8221; positioning_phone=&#8221;relative&#8221; positioning_last_edited=&#8221;on|tablet&#8221; locked=&#8221;off&#8221; global_colors_info=&#8221;{}&#8221;][\/et_pb_button][\/et_pb_column][et_pb_column type=&#8221;1_3&#8243; _builder_version=&#8221;4.19.5&#8243; _dynamic_attributes=&#8221;link_option_url&#8221; _module_preset=&#8221;default&#8221; link_option_url=&#8221;@ET-DC@eyJkeW5hbWljIjp0cnVlLCJjb250ZW50IjoicG9zdF9saW5rX3VybF9wYWdlIiwic2V0dGluZ3MiOnsicG9zdF9pZCI6IjI5In19@&#8221; global_colors_info=&#8221;{}&#8221;][et_pb_image src=&#8221;https:\/\/www.aquadivo.com\/wp-content\/uploads\/2023\/03\/ambiente-feng-shui-steingarten.jpg&#8221; alt=&#8221;Dekoration Feng Shui&#8221; title_text=&#8221;ambiente-feng-shui-steingarten&#8221; module_class=&#8221;et-zoom-in&#8221; _builder_version=&#8221;4.19.5&#8243; _module_preset=&#8221;default&#8221; border_radii=&#8221;on|3px|3px|3px|3px&#8221; global_colors_info=&#8221;{}&#8221;][\/et_pb_image][et_pb_text _builder_version=&#8221;4.19.5&#8243; _module_preset=&#8221;default&#8221; text_text_color=&#8221;#6B7D87&#8243; text_font_size=&#8221;1.3rem&#8221; text_line_height=&#8221;1.7rem&#8221; header_2_text_color=&#8221;#244F8A&#8221; header_2_font_size=&#8221;2.7rem&#8221; header_3_text_color=&#8221;#244F8A&#8221; header_3_font_size=&#8221;2rem&#8221; text_font_size_tablet=&#8221;1.1rem&#8221; text_font_size_phone=&#8221;1rem&#8221; text_font_size_last_edited=&#8221;on|desktop&#8221; header_3_font_size_tablet=&#8221;1.7rem&#8221; header_3_font_size_phone=&#8221;1.3rem&#8221; header_3_font_size_last_edited=&#8221;on|phone&#8221; global_colors_info=&#8221;{}&#8221;]<\/p>\n<h3>d\u00e9coration<\/h3>\n<p>Une d\u00e9coration suppl\u00e9mentaire peut rendre les jardins et les installations ext\u00e9rieures encore plus vivables et invitants. Sculptures, bacs \u00e0 fleurs et bien plus encore se trouvent dans notre gamme pour la d\u00e9coration.<\/p>\n<p>[\/et_pb_text][et_pb_button button_url=&#8221;@ET-DC@eyJkeW5hbWljIjp0cnVlLCJjb250ZW50IjoicG9zdF9saW5rX3VybF9wYWdlIiwic2V0dGluZ3MiOnsicG9zdF9pZCI6IjI5In19@&#8221; button_text=&#8221;Mehr zu Dekoration!&#8221; _builder_version=&#8221;4.19.5&#8243; _dynamic_attributes=&#8221;button_url&#8221; _module_preset=&#8221;aa163f75-f00b-419a-aa44-e001467aabec&#8221; positioning=&#8221;absolute&#8221; position_origin_a=&#8221;bottom_left&#8221; positioning_tablet=&#8221;relative&#8221; positioning_phone=&#8221;relative&#8221; positioning_last_edited=&#8221;on|tablet&#8221; locked=&#8221;off&#8221; global_colors_info=&#8221;{}&#8221;][\/et_pb_button][\/et_pb_column][et_pb_column type=&#8221;1_3&#8243; _builder_version=&#8221;4.19.5&#8243; _dynamic_attributes=&#8221;link_option_url&#8221; _module_preset=&#8221;default&#8221; link_option_url=&#8221;@ET-DC@eyJkeW5hbWljIjp0cnVlLCJjb250ZW50IjoicG9zdF9saW5rX3VybF9wYWdlIiwic2V0dGluZ3MiOnsicG9zdF9pZCI6IjMxIn19@&#8221; global_colors_info=&#8221;{}&#8221;][et_pb_image src=&#8221;https:\/\/www.aquadivo.com\/wp-content\/uploads\/2023\/03\/springbrunnen-fontana-toscana950-06.jpg&#8221; alt=&#8221;Antikbrunnen Springbrunnen&#8221; title_text=&#8221;springbrunnen-fontana-toscana950-06&#8243; module_class=&#8221;et-zoom-in&#8221; _builder_version=&#8221;4.19.5&#8243; _module_preset=&#8221;default&#8221; border_radii=&#8221;on|3px|3px|3px|3px&#8221; global_colors_info=&#8221;{}&#8221;][\/et_pb_image][et_pb_text _builder_version=&#8221;4.19.5&#8243; _module_preset=&#8221;default&#8221; text_text_color=&#8221;#6B7D87&#8243; text_font_size=&#8221;1.3rem&#8221; text_line_height=&#8221;1.7rem&#8221; header_2_text_color=&#8221;#244F8A&#8221; header_2_font_size=&#8221;2.7rem&#8221; header_3_text_color=&#8221;#244F8A&#8221; header_3_font_size=&#8221;2rem&#8221; text_font_size_tablet=&#8221;1.1rem&#8221; text_font_size_phone=&#8221;1rem&#8221; text_font_size_last_edited=&#8221;on|desktop&#8221; header_3_font_size_tablet=&#8221;1.7rem&#8221; header_3_font_size_phone=&#8221;1.3rem&#8221; header_3_font_size_last_edited=&#8221;on|phone&#8221; global_colors_info=&#8221;{}&#8221;]<\/p>\n<h3>fontaine antique<\/h3>\n<p>Nos fontaines de style antique sont parfaites pour cr\u00e9er un espace ext\u00e9rieur rafra\u00eechissant et visuellement percutant. En raison de la m\u00e9thode de production sp\u00e9ciale et des mat\u00e9riaux s\u00e9lectionn\u00e9s \u00e0 la main, nos fontaines antiques atteignent un niveau de qualit\u00e9 \u00e9lev\u00e9.<\/p>\n<p>[\/et_pb_text][et_pb_button button_url=&#8221;@ET-DC@eyJkeW5hbWljIjp0cnVlLCJjb250ZW50IjoicG9zdF9saW5rX3VybF9wYWdlIiwic2V0dGluZ3MiOnsicG9zdF9pZCI6IjMxIn19@&#8221; button_text=&#8221;Mehr zu Antikbrunnen!&#8221; _builder_version=&#8221;4.19.5&#8243; _dynamic_attributes=&#8221;button_url&#8221; _module_preset=&#8221;aa163f75-f00b-419a-aa44-e001467aabec&#8221; locked=&#8221;off&#8221; global_colors_info=&#8221;{}&#8221;][\/et_pb_button][\/et_pb_column][\/et_pb_row][\/et_pb_section][et_pb_section fb_built=&#8221;1&#8243; admin_label=&#8221;button_vertrieb&#8221; _builder_version=&#8221;4.19.5&#8243; _module_preset=&#8221;default&#8221; custom_padding=&#8221;0px||0px||false|false&#8221; global_colors_info=&#8221;{}&#8221;][et_pb_row _builder_version=&#8221;4.19.5&#8243; _module_preset=&#8221;default&#8221; width=&#8221;100%&#8221; max_width=&#8221;100%&#8221; custom_padding=&#8221;0px||0px||false|false&#8221; global_colors_info=&#8221;{}&#8221;][et_pb_column type=&#8221;4_4&#8243; _builder_version=&#8221;4.19.5&#8243; _module_preset=&#8221;default&#8221; global_colors_info=&#8221;{}&#8221;][et_pb_button button_url=&#8221;@ET-DC@eyJkeW5hbWljIjp0cnVlLCJjb250ZW50IjoicG9zdF9saW5rX3VybF9wYWdlIiwic2V0dGluZ3MiOnsicG9zdF9pZCI6IjQ0In19@&#8221; button_text=&#8221;Vertriebspartner werden&#8221; button_alignment=&#8221;right&#8221; _builder_version=&#8221;4.19.5&#8243; _dynamic_attributes=&#8221;button_url&#8221; _module_preset=&#8221;aa163f75-f00b-419a-aa44-e001467aabec&#8221; positioning=&#8221;fixed&#8221; position_origin_f=&#8221;bottom_right&#8221; vertical_offset=&#8221;10px&#8221; horizontal_offset=&#8221;10px&#8221; z_index=&#8221;9998&#8243; global_colors_info=&#8221;{}&#8221;][\/et_pb_button][\/et_pb_column][\/et_pb_row][\/et_pb_section][et_pb_section fb_built=&#8221;1&#8243; custom_padding_last_edited=&#8221;on|phone&#8221; admin_label=&#8221;Section&#8221; module_class=&#8221;pa-parallax-background-image-size&#8221; _builder_version=&#8221;4.19.5&#8243; _module_preset=&#8221;default&#8221; background_color=&#8221;#FFFFFF&#8221; use_background_color_gradient=&#8221;on&#8221; background_color_gradient_stops=&#8221;rgba(107,125,135,0.26) 0%|rgba(107,125,135,0.34) 99%&#8221; background_color_gradient_overlays_image=&#8221;on&#8221; background_image=&#8221;https:\/\/www.aquadivo.com\/wp-content\/uploads\/2023\/03\/steinlicht-banner1800x650-01.jpg&#8221; parallax=&#8221;on&#8221; background_blend=&#8221;overlay&#8221; height=&#8221;600px&#8221; height_tablet=&#8221;600px&#8221; height_phone=&#8221;490px&#8221; height_last_edited=&#8221;on|phone&#8221; custom_padding=&#8221;0px||||false|false&#8221; custom_padding_tablet=&#8221;6vh||6vh||true|false&#8221; custom_padding_phone=&#8221;4vh||4vh||true|false&#8221; global_colors_info=&#8221;{}&#8221;][et_pb_row column_structure=&#8221;1_2,1_2&#8243; make_equal=&#8221;on&#8221; _builder_version=&#8221;4.19.5&#8243; _module_preset=&#8221;default&#8221; width=&#8221;95%&#8221; width_tablet=&#8221;90%&#8221; width_phone=&#8221;90%&#8221; width_last_edited=&#8221;on|phone&#8221; max_width=&#8221;1200px&#8221; height=&#8221;600px&#8221; custom_padding=&#8221;0px||0px||false|false&#8221; scroll_vertical_motion=&#8221;0|47|47|100|2.5|0|-2.5&#8243; global_colors_info=&#8221;{}&#8221;][et_pb_column type=&#8221;1_2&#8243; admin_label=&#8221;Column&#8221; _builder_version=&#8221;4.19.5&#8243; _dynamic_attributes=&#8221;link_option_url&#8221; _module_preset=&#8221;default&#8221; link_option_url=&#8221;@ET-DC@eyJkeW5hbWljIjp0cnVlLCJjb250ZW50IjoicG9zdF9saW5rX3VybF9wYWdlIiwic2V0dGluZ3MiOnsicG9zdF9pZCI6IjM0In19@&#8221; global_colors_info=&#8221;{}&#8221;][\/et_pb_column][et_pb_column type=&#8221;1_2&#8243; _builder_version=&#8221;4.19.5&#8243; _module_preset=&#8221;default&#8221; custom_css_main_element=&#8221;margin:auto;&#8221; global_colors_info=&#8221;{}&#8221;][et_pb_text content_tablet=&#8221;<\/p>\n<h3>Fontaine lumineuse design<\/h3>\n<p>Zus\u00e4tzlich zu den Vorteilen eines normalen Brunnens wird durch das warme Licht dieser Brunnen ein besonderes Gef\u00fchl an Gem\u00fctlichkeit und Geborgenheit ver\u00adbreitet. Die Brunnen sind f\u00fcr diverse R\u00e4umlichkeiten geeignet und verleihen jedem Ort einen individuellen Charme.&#8221; content_phone=&#8221;<\/p>\n<h3>Fontaine lumineuse design<\/h3>\n<p>Zus\u00e4tzlich zu den Vorteilen eines normalen Brunnens wird durch das warme Licht dieser Brunnen ein besonderes Gef\u00fchl an Gem\u00fctlichkeit und Geborgenheit ver\u00adbreitet. Die Brunnen sind f\u00fcr diverse R\u00e4umlichkeiten geeignet und verleihen jedem Ort einen individuellen Charme.&#8221; content_last_edited=&#8221;on|desktop&#8221; _builder_version=&#8221;4.19.5&#8243; _module_preset=&#8221;default&#8221; text_text_color=&#8221;#FFFFFF&#8221; text_font_size=&#8221;1.3rem&#8221; text_line_height=&#8221;1.7rem&#8221; header_2_text_color=&#8221;#244F8A&#8221; header_2_font_size=&#8221;2.7rem&#8221; header_3_text_color=&#8221;#FFFFFF&#8221; header_3_font_size=&#8221;2rem&#8221; text_font_size_tablet=&#8221;1.1rem&#8221; text_font_size_phone=&#8221;1rem&#8221; text_font_size_last_edited=&#8221;on|desktop&#8221; header_3_font_size_tablet=&#8221;1.7rem&#8221; header_3_font_size_phone=&#8221;1.3rem&#8221; header_3_font_size_last_edited=&#8221;on|phone&#8221; inline_fonts=&#8221;Barlow Bold,Barlow Regular,barlow bold&#8221; global_colors_info=&#8221;{}&#8221;]<\/p>\n<h3>Fontaine lumineuse design<\/h3>\n<p><span>Les fontaines lumineuses design sont livr\u00e9es avec <span style=\"font-family: 'barlow bold'; font-weight: normal;\">,,<\/span><\/span><span style=\"font-family: 'barlow bold'; font-weight: normal;\"><strong>Marbre S\u00f6lker<\/strong><\/span><span><span style=\"font-family: 'barlow bold'; font-weight: normal;\">&quot; <\/span>ou autre marbre cristallin<span style=\"font-family: 'barlow bold'; font-weight: normal;\"><strong> exclusivement<\/strong><\/span> dans notre\u00a0<\/span><span style=\"font-family: 'barlow bold';\"><strong>propre atelier en Autriche<\/strong><\/span><span>\u00a0fabriqu\u00e9. Le <span style=\"font-family: 'Barlow Regular'; font-weight: normal;\">extraordinaire <\/span>Le design de cette fontaine est caract\u00e9ris\u00e9 par le marbre. D<\/span>La lumi\u00e8re chaude de ces fontaines cr\u00e9e une sensation particuli\u00e8re de confort et de s\u00e9curit\u00e9.<\/p>\n<p>[\/et_pb_text][et_pb_button button_url=&#8221;@ET-DC@eyJkeW5hbWljIjp0cnVlLCJjb250ZW50IjoicG9zdF9saW5rX3VybF9wYWdlIiwic2V0dGluZ3MiOnsicG9zdF9pZCI6IjM0In19@&#8221; button_text=&#8221;Mehr zu Design Lichtbrunnen!&#8221; _builder_version=&#8221;4.19.5&#8243; _dynamic_attributes=&#8221;button_url&#8221; _module_preset=&#8221;aa163f75-f00b-419a-aa44-e001467aabec&#8221; locked=&#8221;off&#8221; global_colors_info=&#8221;{}&#8221;][\/et_pb_button][\/et_pb_column][\/et_pb_row][\/et_pb_section]<\/p>","protected":false},"excerpt":{"rendered":"<p>Unser ProduktsortimentZimmerbrunnen Durch modernste Technik, langj\u00e4hrige Erfahrung und stilvollem Design, sind unsere Zimmerbrunnen ein Must-Have.\u00a0 Zimmerbrunnen erh\u00f6hen sp\u00fcrbar die Luftfeuchtigkeit und reinigen den Fein\u00adstaub aus der Luft. Wasser hat seit jeher auf unser mentales und k\u00f6rperliches Wohlbefinden eine positive Wirkung.Gartenbrunnen Gartenbrunnen k\u00f6nnen Au\u00dfenbereiche durch ihr Design stilistisch aufwerten und haben einen positiven Einfluss auf uns [&hellip;]<\/p>","protected":false},"author":1,"featured_media":0,"parent":0,"menu_order":0,"comment_status":"closed","ping_status":"closed","template":"","meta":{"_et_pb_use_builder":"on","_et_pb_old_content":"<!-- wp:divi\/placeholder \/-->","_et_gb_content_width":"","footnotes":""},"class_list":["post-856","page","type-page","status-publish","hentry"],"_links":{"self":[{"href":"https:\/\/www.aquadivo.com\/fr\/wp-json\/wp\/v2\/pages\/856","targetHints":{"allow":["GET"]}}],"collection":[{"href":"https:\/\/www.aquadivo.com\/fr\/wp-json\/wp\/v2\/pages"}],"about":[{"href":"https:\/\/www.aquadivo.com\/fr\/wp-json\/wp\/v2\/types\/page"}],"author":[{"embeddable":true,"href":"https:\/\/www.aquadivo.com\/fr\/wp-json\/wp\/v2\/users\/1"}],"replies":[{"embeddable":true,"href":"https:\/\/www.aquadivo.com\/fr\/wp-json\/wp\/v2\/comments?post=856"}],"version-history":[{"count":0,"href":"https:\/\/www.aquadivo.com\/fr\/wp-json\/wp\/v2\/pages\/856\/revisions"}],"wp:attachment":[{"href":"https:\/\/www.aquadivo.com\/fr\/wp-json\/wp\/v2\/media?parent=856"}],"curies":[{"name":"wp","href":"https:\/\/api.w.org\/{rel}","templated":true}]}}