{"id":3437,"date":"2023-05-10T22:08:37","date_gmt":"2023-05-10T21:08:37","guid":{"rendered":"https:\/\/www.aquadivo.com\/?post_type=product&#038;p=3437"},"modified":"2023-05-10T22:08:38","modified_gmt":"2023-05-10T21:08:38","slug":"antikbrunnen-provence-dorfbrunnen","status":"publish","type":"product","link":"https:\/\/www.aquadivo.com\/fr\/produit\/fontaine-ancienne-fontaine-de-village-provencal-2\/","title":{"rendered":"Fontaine ancienne Fontaine de village de Provence"},"content":{"rendered":"<p><strong>Fontaine de village en pierre naturelle Saint R\u00e9my<\/strong><br \/>\nNous utilisons souvent une pierre semi-tendre pour cette fontaine. Ce calcaire provient des montagnes de Provence, est \u00e0 grain fin, blanc craie et se laisse tr\u00e8s bien travailler. L&#039;exploitation \u00e0 ciel ouvert de ce calcaire dense et \u00e0 grain fin remonte \u00e0 l&#039;\u00e9poque romaine.<\/p>\n<p>Pour visualiser les mat\u00e9riaux, veuillez simplement cliquer sur les diff\u00e9rentes options de types de pierres.<\/p>","protected":false},"excerpt":{"rendered":"<p><strong>Fontaine de village en pierre naturelle Saint R\u00e9my<\/strong><\/p>","protected":false},"featured_media":1096,"comment_status":"open","ping_status":"closed","template":"","meta":{"_et_pb_use_builder":"","_et_pb_old_content":"","_et_gb_content_width":""},"product_cat":[46],"product_tag":[],"class_list":{"0":"post-3437","1":"product","2":"type-product","3":"status-publish","4":"has-post-thumbnail","6":"product_cat-antikbrunnen","7":"product_shipping_class-schwere-artikel","9":"first","10":"instock","11":"taxable","12":"shipping-taxable","13":"product-type-simple"},"_links":{"self":[{"href":"https:\/\/www.aquadivo.com\/fr\/wp-json\/wp\/v2\/product\/3437","targetHints":{"allow":["GET"]}}],"collection":[{"href":"https:\/\/www.aquadivo.com\/fr\/wp-json\/wp\/v2\/product"}],"about":[{"href":"https:\/\/www.aquadivo.com\/fr\/wp-json\/wp\/v2\/types\/product"}],"replies":[{"embeddable":true,"href":"https:\/\/www.aquadivo.com\/fr\/wp-json\/wp\/v2\/comments?post=3437"}],"wp:featuredmedia":[{"embeddable":true,"href":"https:\/\/www.aquadivo.com\/fr\/wp-json\/wp\/v2\/media\/1096"}],"wp:attachment":[{"href":"https:\/\/www.aquadivo.com\/fr\/wp-json\/wp\/v2\/media?parent=3437"}],"wp:term":[{"taxonomy":"product_cat","embeddable":true,"href":"https:\/\/www.aquadivo.com\/fr\/wp-json\/wp\/v2\/product_cat?post=3437"},{"taxonomy":"product_tag","embeddable":true,"href":"https:\/\/www.aquadivo.com\/fr\/wp-json\/wp\/v2\/product_tag?post=3437"}],"curies":[{"name":"wp","href":"https:\/\/api.w.org\/{rel}","templated":true}]}}