{"id":2,"date":"2023-02-20T13:02:56","date_gmt":"2023-02-20T13:02:56","guid":{"rendered":"https:\/\/www.aquadivo.com\/?page_id=2"},"modified":"2023-03-29T22:55:50","modified_gmt":"2023-03-29T21:55:50","slug":"sample-page","status":"publish","type":"page","link":"https:\/\/www.aquadivo.com\/it\/pagina-di-esempio\/","title":{"rendered":"Pagina di esempio"},"content":{"rendered":"<p>[et_pb_section fb_built=&#8221;1&#8243; _builder_version=&#8221;4.16&#8243; global_colors_info=&#8221;{}&#8221;][et_pb_row _builder_version=&#8221;4.16&#8243; background_size=&#8221;initial&#8221; background_position=&#8221;top_left&#8221; background_repeat=&#8221;repeat&#8221; global_colors_info=&#8221;{}&#8221;][et_pb_column type=&#8221;4_4&#8243; _builder_version=&#8221;4.16&#8243; custom_padding=&#8221;|||&#8221; global_colors_info=&#8221;{}&#8221; custom_padding__hover=&#8221;|||&#8221;][et_pb_text _builder_version=&#8221;4.19.5&#8243; background_size=&#8221;initial&#8221; background_position=&#8221;top_left&#8221; background_repeat=&#8221;repeat&#8221; hover_enabled=&#8221;0&#8243; global_colors_info=&#8221;{}&#8221; sticky_enabled=&#8221;0&#8243; text_font=&#8221;barlow condensed regular||||||||&#8221;]<\/p>\n<p><!-- divi:paragraph -->Questa \u00e8 una pagina di esempio. \u00c8 diverso da un post di blog perch\u00e9 rimarr\u00e0 in un unico posto e verr\u00e0 visualizzato nella navigazione del tuo sito (nella maggior parte degli argomenti). La maggior parte delle persone inizia con una pagina Informazioni che le presenta ai potenziali visitatori del sito. Potrebbe dire qualcosa del genere:<\/p>\n<p><!-- \/divi:paragraph --><\/p>\n<p><!-- divi:quote --><\/p>\n<blockquote class=\"wp-block-quote\">\n<p><!-- divi:paragraph -->Ciao! Di giorno lavoro come fattorino in bicicletta, di notte aspirante attore, e questo \u00e8 il mio sito web. Vivo a Los Angeles, ho un bellissimo cane di nome Jack e mi piacciono le pi\u00f1a colada. (E farsi sorprendere dalla pioggia.)<\/p>\n<p><!-- \/divi:paragraph --><\/p>\n<\/blockquote>\n<p><!-- \/divi:quote --><\/p>\n<p><!-- divi:paragraph -->\u2026o qualcosa del genere:<\/p>\n<p><!-- \/divi:paragraph --><\/p>\n<p><!-- divi:quote --><\/p>\n<blockquote class=\"wp-block-quote\">\n<p><!-- divi:paragraph -->La XYZ Doohickey Company \u00e8 stata fondata nel 1971 e da allora fornisce al pubblico doohickey di qualit\u00e0. Situata a Gotham City, XYZ impiega oltre 2.000 persone e fa ogni genere di cose fantastiche per la comunit\u00e0 di Gotham.<\/p>\n<p><!-- \/divi:paragraph --><\/p>\n<\/blockquote>\n<p><!-- \/divi:quote --><\/p>\n<p><!-- divi:paragraph -->Come nuovo utente WordPress, dovresti andare a <a href=\"https:\/\/www.aquadivo.com\/wp-admin\/\">il tuo cruscotto<\/a> per eliminare questa pagina e creare nuove pagine per i tuoi contenuti. Divertiti!<\/p>\n<p>&nbsp;<\/p>\n<p><span>Ciao. Sono un piccolo testo cieco. E lo \u00e8 da quanto ricordo. Non \u00e8 stato facile capire cosa vuol dire essere un testo cieco: non hai senso. Davvero non ha senso. Vengono inseriti e girati in modo incoerente - e spesso nemmeno letti. Ma questo da solo mi rende un testo peggiore degli altri? Beh, non sar\u00f2 mai nelle liste dei bestseller. Ma neanche altri testi lo fanno. Ed \u00e8 per questo che non mi d\u00e0 particolarmente fastidio essere cieco. E se stai ancora leggendo queste righe, come piccolo testo cieco ho realizzato qualcosa che tutti i testi veri e importanti di solito sognano solo.<\/span><\/p>\n<p><!-- \/divi:paragraph --><\/p>\n<p>[\/et_pb_text][\/et_pb_column][\/et_pb_row][\/et_pb_section]<\/p>","protected":false},"excerpt":{"rendered":"<p>This is an example page. It&#8217;s different from a blog post because it will stay in one place and will show up in your site navigation (in most themes). Most people start with an About page that introduces them to potential site visitors. It might say something like this: Hi there! I&#8217;m a bike messenger [&hellip;]<\/p>","protected":false},"author":1,"featured_media":0,"parent":0,"menu_order":0,"comment_status":"closed","ping_status":"open","template":"","meta":{"_et_pb_use_builder":"on","_et_pb_old_content":"<!-- wp:paragraph -->\n<p>This is an example page. It's different from a blog post because it will stay in one place and will show up in your site navigation (in most themes). Most people start with an About page that introduces them to potential site visitors. It might say something like this:<\/p>\n<!-- \/wp:paragraph -->\n\n<!-- wp:quote -->\n<blockquote class=\"wp-block-quote\"><!-- wp:paragraph -->\n<p>Hi there! I'm a bike messenger by day, aspiring actor by night, and this is my website. I live in Los Angeles, have a great dog named Jack, and I like pi\u00f1a coladas. (And gettin' caught in the rain.)<\/p>\n<!-- \/wp:paragraph --><\/blockquote>\n<!-- \/wp:quote -->\n\n<!-- wp:paragraph -->\n<p>...or something like this:<\/p>\n<!-- \/wp:paragraph -->\n\n<!-- wp:quote -->\n<blockquote class=\"wp-block-quote\"><!-- wp:paragraph -->\n<p>The XYZ Doohickey Company was founded in 1971, and has been providing quality doohickeys to the public ever since. Located in Gotham City, XYZ employs over 2,000 people and does all kinds of awesome things for the Gotham community.<\/p>\n<!-- \/wp:paragraph --><\/blockquote>\n<!-- \/wp:quote -->\n\n<!-- wp:paragraph -->\n<p>As a new WordPress user, you should go to <a href=\"https:\/\/www.aquadivo.com\/wp-admin\/\">your dashboard<\/a> to delete this page and create new pages for your content. Have fun!<\/p>\n<!-- \/wp:paragraph -->","_et_gb_content_width":"","footnotes":""},"class_list":["post-2","page","type-page","status-publish","hentry"],"_links":{"self":[{"href":"https:\/\/www.aquadivo.com\/it\/wp-json\/wp\/v2\/pages\/2","targetHints":{"allow":["GET"]}}],"collection":[{"href":"https:\/\/www.aquadivo.com\/it\/wp-json\/wp\/v2\/pages"}],"about":[{"href":"https:\/\/www.aquadivo.com\/it\/wp-json\/wp\/v2\/types\/page"}],"author":[{"embeddable":true,"href":"https:\/\/www.aquadivo.com\/it\/wp-json\/wp\/v2\/users\/1"}],"replies":[{"embeddable":true,"href":"https:\/\/www.aquadivo.com\/it\/wp-json\/wp\/v2\/comments?post=2"}],"version-history":[{"count":0,"href":"https:\/\/www.aquadivo.com\/it\/wp-json\/wp\/v2\/pages\/2\/revisions"}],"wp:attachment":[{"href":"https:\/\/www.aquadivo.com\/it\/wp-json\/wp\/v2\/media?parent=2"}],"curies":[{"name":"wp","href":"https:\/\/api.w.org\/{rel}","templated":true}]}}