{"id":36,"date":"2023-02-20T15:18:53","date_gmt":"2023-02-20T15:18:53","guid":{"rendered":"https:\/\/www.aquadivo.com\/?page_id=36"},"modified":"2023-08-24T18:01:01","modified_gmt":"2023-08-24T17:01:01","slug":"interieur","status":"publish","type":"page","link":"https:\/\/www.aquadivo.com\/it\/interno\/","title":{"rendered":"Interno"},"content":{"rendered":"<p>[et_pb_section fb_built=&#8221;1&#8243; _builder_version=&#8221;4.19.5&#8243; _module_preset=&#8221;1b58ed5b-6370-4c81-9ae9-39a9863c86e3&#8243; background_image=&#8221;https:\/\/www.aquadivo.com\/wp-content\/uploads\/2023\/03\/wasserwand-exklusiv-banner01.jpg&#8221; parallax=&#8221;off&#8221; height_tablet=&#8221;600px&#8221; height_phone=&#8221;490px&#8221; height_last_edited=&#8221;on|phone&#8221; animation_duration=&#8221;1000ms&#8221; animation_delay=&#8221;300ms&#8221; animation_intensity_slide=&#8221;2%&#8221; animation_duration_tablet=&#8221;&#8221; animation_duration_phone=&#8221;500ms&#8221; animation_duration_last_edited=&#8221;on|phone&#8221; global_colors_info=&#8221;{}&#8221;][\/et_pb_section][et_pb_section fb_built=&#8221;1&#8243; custom_padding_last_edited=&#8221;on|phone&#8221; _builder_version=&#8221;4.19.5&#8243; _module_preset=&#8221;default&#8221; custom_padding=&#8221;8vh||8vh||true|false&#8221; custom_padding_tablet=&#8221;6vh||6vh||true|false&#8221; custom_padding_phone=&#8221;4vh||4vh||true|false&#8221; global_colors_info=&#8221;{}&#8221;][et_pb_row custom_padding_last_edited=&#8221;on|phone&#8221; _builder_version=&#8221;4.19.5&#8243; _module_preset=&#8221;default&#8221; width=&#8221;95%&#8221; width_tablet=&#8221;90%&#8221; width_phone=&#8221;90%&#8221; width_last_edited=&#8221;on|tablet&#8221; max_width=&#8221;1200px&#8221; custom_margin=&#8221;0px||||false|false&#8221; custom_margin_tablet=&#8221;&#8221; custom_margin_phone=&#8221;0vh||||false|false&#8221; custom_margin_last_edited=&#8221;on|phone&#8221; custom_padding=&#8221;||0px||false|false&#8221; custom_padding_tablet=&#8221;6vh||0px||false|false&#8221; custom_padding_phone=&#8221;3vh||||false|false&#8221; animation_style=&#8221;slide&#8221; animation_direction=&#8221;bottom&#8221; animation_delay=&#8221;300ms&#8221; animation_intensity_slide=&#8221;2%&#8221; animation_delay_tablet=&#8221;300ms&#8221; animation_delay_phone=&#8221;200ms&#8221; animation_delay_last_edited=&#8221;on|phone&#8221; global_colors_info=&#8221;{}&#8221;][et_pb_column type=&#8221;4_4&#8243; _builder_version=&#8221;4.19.5&#8243; _module_preset=&#8221;default&#8221; global_colors_info=&#8221;{}&#8221;][et_pb_text _builder_version=&#8221;4.22.1&#8243; _module_preset=&#8221;default&#8221; text_text_color=&#8221;#6B7D87&#8243; text_font_size=&#8221;1.3rem&#8221; text_line_height=&#8221;1.72em&#8221; header_2_font=&#8221;Barlow condensed||||||||&#8221; header_2_text_color=&#8221;#244F8A&#8221; header_2_font_size=&#8221;2.7rem&#8221; header_3_text_color=&#8221;#244F8A&#8221; header_3_font_size=&#8221;2rem&#8221; header_3_line_height=&#8221;1.3em&#8221; custom_margin=&#8221;||6vh||false|false&#8221; custom_margin_tablet=&#8221;||4vh||false|false&#8221; custom_margin_phone=&#8221;||3vh||false|false&#8221; custom_margin_last_edited=&#8221;on|phone&#8221; animation_direction=&#8221;left&#8221; hover_enabled=&#8221;0&#8243; text_font_size_tablet=&#8221;1.1rem&#8221; text_font_size_phone=&#8221;1rem&#8221; text_font_size_last_edited=&#8221;on|phone&#8221; header_2_font_size_tablet=&#8221;2.3rem&#8221; header_2_font_size_phone=&#8221;1.8rem&#8221; header_2_font_size_last_edited=&#8221;on|desktop&#8221; header_3_font_size_tablet=&#8221;1.7rem&#8221; header_3_font_size_phone=&#8221;1.3rem&#8221; header_3_font_size_last_edited=&#8221;on|phone&#8221; inline_fonts=&#8221;Barlow Bold,barlow condensed bold,barlow bold&#8221; global_colors_info=&#8221;{}&#8221; sticky_enabled=&#8221;0&#8243;]<\/p>\n<h2><span style=\"font-family: 'barlow condensed bold';\"><strong>Interno \u2013 fontana come design d&#039;interni esclusivo<\/strong><\/span><\/h2>\n<p><strong><\/strong><\/p>\n<h3><strong>Fontana come fattore di benessere per gli ambienti interni<\/strong><\/h3>\n<p>L\u2019acqua in qualsiasi forma influenza il nostro benessere mentale e fisico. Il suono tranquillo dell&#039;acqua che scorre, lo sfondo visivamente accattivante, cos\u00ec come il piacevole effetto delle fontane sull&#039;aria nella stanza contribuiscono a far vivere le persone negli interni di vari edifici <span style=\"color: #6b7d87; font-family: 'barlow bold'; font-weight: normal;\">effetti benefici dell&#039;acqua<\/span> posso sentire. Le fontane come interni possono essere utilizzate o allestite in molti modi. Sia quello <span style=\"font-family: 'barlow bold'; font-weight: normal;\">progetto<\/span>, cos\u00ec come quello <span style=\"font-family: 'barlow bold'; font-weight: normal;\">Qualit\u00e0 di lavorazione<\/span> contribuire alle fontane come <span style=\"font-family: 'barlow bold'; font-weight: normal;\">interni esclusivi<\/span> fare domanda a.<\/p>\n<p>[\/et_pb_text][et_pb_text _builder_version=&#8221;4.22.1&#8243; _module_preset=&#8221;default&#8221; text_text_color=&#8221;#6B7D87&#8243; text_font_size=&#8221;1.3rem&#8221; text_line_height=&#8221;1.72em&#8221; header_2_font=&#8221;Barlow condensed||||||||&#8221; header_2_text_color=&#8221;#244F8A&#8221; header_2_font_size=&#8221;2.7rem&#8221; header_3_text_color=&#8221;#244F8A&#8221; header_3_font_size=&#8221;2rem&#8221; header_3_line_height=&#8221;1.3em&#8221; custom_margin=&#8221;||6vh||false|false&#8221; custom_margin_tablet=&#8221;||4vh||false|false&#8221; custom_margin_phone=&#8221;||3vh||false|false&#8221; custom_margin_last_edited=&#8221;on|phone&#8221; animation_direction=&#8221;left&#8221; hover_enabled=&#8221;0&#8243; text_font_size_tablet=&#8221;1.1rem&#8221; text_font_size_phone=&#8221;1rem&#8221; text_font_size_last_edited=&#8221;on|phone&#8221; header_2_font_size_tablet=&#8221;2.7rem&#8221; header_2_font_size_phone=&#8221;2.7rem&#8221; header_2_font_size_last_edited=&#8221;on|phone&#8221; header_3_font_size_tablet=&#8221;1.7rem&#8221; header_3_font_size_phone=&#8221;1.3rem&#8221; header_3_font_size_last_edited=&#8221;on|tablet&#8221; inline_fonts=&#8221;Barlow Bold,Barlow Regular,barlow bold&#8221; global_colors_info=&#8221;{}&#8221; sticky_enabled=&#8221;0&#8243;]<\/p>\n<h3>Migliorare l&#039;umidit\u00e0 attraverso le fontane<\/h3>\n<p>l&#039;umidit\u00e0 \u00e8 <span style=\"font-family: 'barlow bold'; font-weight: normal;\"><strong>importante per la salute<\/strong><\/span>. Tuttavia, l\u2019umidit\u00e0 interna diminuisce drasticamente, soprattutto durante la stagione di riscaldamento. Inoltre, le polveri sottili inquinano sempre di pi\u00f9 l\u2019aria. Tutti ne abbiamo sperimentato gli effetti, come prurito alla gola o irritazione delle vie respiratorie.<\/p>\n<p>Le nostre fontane hanno un effetto positivo anche sull&#039;umidit\u00e0 degli ambienti. Dopo molti anni di test e alcune discussioni con i nostri clienti, si \u00e8 riscontrato che una superficie bagnata dall&#039;acqua della fontana di 1 m\u00b2 \u00e8 sufficiente a coprire una stanza (altezza della stanza 260 cm) con 40 m\u00b2 di spazio abitativo fino ad un valore medio di<span style=\"font-family: 'barlow bold'; font-weight: normal;\"> <strong>45% Umidit\u00e0 <\/strong><\/span>inumidire.<\/p>\n<p>Con <span style=\"font-family: 'barlow bold'; font-weight: normal;\">oggetti acquatici pi\u00f9 grandi<\/span> \u00c8 possibile in stanze pi\u00f9 grandi? <span style=\"font-family: 'barlow bold'; font-weight: normal;\">umidit\u00e0<\/span> notevole <span style=\"font-family: 'barlow bold'; font-weight: normal;\">aumentare<\/span>. Questo accade<span style=\"font-family: 'Barlow Regular'; font-weight: normal;\"> modo naturale.<\/span> A questo scopo sono particolarmente adatte le pareti e le colonne d&#039;acqua. Inoltre, il <span style=\"font-family: 'barlow bold'; font-weight: normal;\"><strong>Contenuto di polveri sottili <\/strong><\/span>nell&#039;aria della stanza <span style=\"font-family: 'barlow bold'; font-weight: normal;\"><strong>ridotto dal pozzo<\/strong><\/span>, poich\u00e9 le particelle vengono attratte dall&#039;acqua e filtrate dal filtro della pompa.<\/p>\n<p>Linee guida per la <span style=\"font-family: 'barlow bold'; font-weight: normal;\">umidit\u00e0 ambientale ottimale<\/span> per ottenere una sensazione di comfort:<\/p>\n<p><span style=\"font-family: 'barlow bold';\"><strong>Temperatura ambiente 22\u00b0C 40% UR <\/strong><\/span><br \/><span style=\"font-family: 'barlow bold';\"><strong>Temperatura ambiente 20\u00b0C 50% UR<\/strong><\/span><\/p>\n<p>[\/et_pb_text][\/et_pb_column][\/et_pb_row][et_pb_row custom_padding_last_edited=&#8221;on|phone&#8221; _builder_version=&#8221;4.19.5&#8243; _module_preset=&#8221;default&#8221; width=&#8221;100%&#8221; width_tablet=&#8221;90%&#8221; width_phone=&#8221;90%&#8221; width_last_edited=&#8221;on|desktop&#8221; max_width=&#8221;1200px&#8221; custom_padding=&#8221;0px||0px||false|false&#8221; custom_padding_tablet=&#8221;0px||0vh||false|false&#8221; custom_padding_phone=&#8221;0px||0vh||false|false&#8221; animation_style=&#8221;slide&#8221; animation_direction=&#8221;bottom&#8221; animation_delay=&#8221;300ms&#8221; animation_intensity_slide=&#8221;2%&#8221; animation_duration_tablet=&#8221;&#8221; animation_duration_phone=&#8221;0ms&#8221; animation_duration_last_edited=&#8221;on|phone&#8221; animation_delay_tablet=&#8221;0ms&#8221; animation_delay_phone=&#8221;0ms&#8221; animation_delay_last_edited=&#8221;on|tablet&#8221; global_colors_info=&#8221;{}&#8221;][et_pb_column type=&#8221;4_4&#8243; _builder_version=&#8221;4.19.5&#8243; _module_preset=&#8221;default&#8221; global_colors_info=&#8221;{}&#8221;][et_pb_text _builder_version=&#8221;4.19.5&#8243; _module_preset=&#8221;7ea19da9-fe49-4ff8-89fe-69ba67c08c82&#8243; custom_margin=&#8221;||6vh||false|false&#8221; custom_margin_tablet=&#8221;||4vh||false|false&#8221; custom_margin_phone=&#8221;||3vh||false|false&#8221; custom_margin_last_edited=&#8221;on|phone&#8221; animation_style=&#8221;none&#8221; text_font_size_tablet=&#8221;1.1rem&#8221; text_font_size_phone=&#8221;1rem&#8221; text_font_size_last_edited=&#8221;on|phone&#8221; header_2_font_size_tablet=&#8221;&#8221; header_2_font_size_phone=&#8221;&#8221; header_2_font_size_last_edited=&#8221;on|phone&#8221; header_3_font_size_tablet=&#8221;1.7rem&#8221; header_3_font_size_phone=&#8221;1.3rem&#8221; header_3_font_size_last_edited=&#8221;on|phone&#8221; inline_fonts=&#8221;Barlow Bold,Barlow Regular,barlow bold&#8221; global_colors_info=&#8221;{}&#8221;]<\/p>\n<h3>Fontana luminosa \u2013 design elegante<\/h3>\n<p>Le fontane luminose sono particolarmente benefiche per il benessere. Oltre ai vantaggi di un pozzo normale, il <strong>luce calda<\/strong> questa fontana ha un&#039;atmosfera speciale <span style=\"font-family: 'Barlow Bold'; font-weight: normal;\"><strong><span style=\"font-family: 'barlow bold';\">Intimit\u00e0<\/span> <\/strong><\/span>E <span style=\"font-family: 'barlow bold'; font-weight: normal;\"><strong>sicurezza<\/strong><\/span> diffusione. Lo faranno con <span style=\"font-family: 'barlow bold'; font-weight: normal;\">,,<strong>Marmo S\u00f6lker<\/strong>\u201c<\/span> o altro marmo cristallino esclusivamente nella nostra <span style=\"font-family: 'barlow bold';\"><strong>proprio laboratorio in Austria<\/strong><\/span> manufatto. Lo straordinario design di queste fontane \u00e8 caratterizzato dal marmo. Le fontane sono adatte a vari ambienti e conferiscono al luogo un fascino individuale.<\/p>\n<p>[\/et_pb_text][et_pb_text _builder_version=&#8221;4.19.5&#8243; _module_preset=&#8221;default&#8221; text_text_color=&#8221;#6B7D87&#8243; text_font_size=&#8221;1.3rem&#8221; text_line_height=&#8221;1.72em&#8221; header_2_font=&#8221;Barlow condensed||||||||&#8221; header_2_text_color=&#8221;#244F8A&#8221; header_2_font_size=&#8221;2.7rem&#8221; header_3_text_color=&#8221;#244F8A&#8221; header_3_font_size=&#8221;2rem&#8221; header_3_line_height=&#8221;1.3em&#8221; custom_margin=&#8221;||2vh||false|false&#8221; animation_direction=&#8221;left&#8221; text_font_size_tablet=&#8221;1.1rem&#8221; text_font_size_phone=&#8221;1rem&#8221; text_font_size_last_edited=&#8221;on|phone&#8221; header_3_font_size_tablet=&#8221;1.7rem&#8221; header_3_font_size_phone=&#8221;1.3rem&#8221; header_3_font_size_last_edited=&#8221;on|phone&#8221; inline_fonts=&#8221;Barlow Bold,Barlow Regular,barlow bold&#8221; global_colors_info=&#8221;{}&#8221;]<\/p>\n<h3><strong>La nostra offerta per te<\/strong><\/h3>\n<p>Desideri includere i nostri prodotti nella tua gamma? Hai suggerimenti e idee creative per la tua gamma di prodotti?<br \/>Ti offriamo l&#039;opportunit\u00e0 di farne uno <span style=\"font-family: 'barlow bold';\"><strong>partenariato commerciale qualitativo<\/strong><\/span>.<\/p>\n<p>[\/et_pb_text][et_pb_button button_url=&#8221;@ET-DC@eyJkeW5hbWljIjp0cnVlLCJjb250ZW50IjoicG9zdF9saW5rX3VybF9wYWdlIiwic2V0dGluZ3MiOnsicG9zdF9pZCI6IjQ0In19@&#8221; button_text=&#8221;Jetzt Vertriebspartner werden!&#8221; _builder_version=&#8221;4.19.5&#8243; _dynamic_attributes=&#8221;button_url&#8221; _module_preset=&#8221;aa163f75-f00b-419a-aa44-e001467aabec&#8221; custom_margin_phone=&#8221;||2vh|0vw|false|false&#8221; button_text_size_tablet=&#8221;1.7em&#8221; button_text_size_phone=&#8221;1.1em&#8221; global_colors_info=&#8221;{}&#8221;][\/et_pb_button][et_pb_text _builder_version=&#8221;4.19.5&#8243; _module_preset=&#8221;default&#8221; text_text_color=&#8221;#6B7D87&#8243; text_font_size=&#8221;1.3rem&#8221; text_line_height=&#8221;1.72em&#8221; link_text_color=&#8221;#00AFEF&#8221; header_2_font=&#8221;Barlow condensed||||||||&#8221; header_2_text_color=&#8221;#244F8A&#8221; header_2_font_size=&#8221;2.7rem&#8221; header_3_text_color=&#8221;#244F8A&#8221; header_3_font_size=&#8221;2rem&#8221; header_3_line_height=&#8221;1.3em&#8221; custom_margin=&#8221;||0px||false|false&#8221; custom_margin_tablet=&#8221;||2vh||false|false&#8221; custom_margin_phone=&#8221;||0vh||false|false&#8221; custom_margin_last_edited=&#8221;on|phone&#8221; animation_direction=&#8221;bottom&#8221; text_font_size_tablet=&#8221;1.1rem&#8221; text_font_size_phone=&#8221;1rem&#8221; text_font_size_last_edited=&#8221;on|phone&#8221; inline_fonts=&#8221;Barlow Bold,Barlow Regular&#8221; global_colors_info=&#8221;{}&#8221; link_text_color__hover_enabled=&#8221;on|desktop&#8221; link_text_color__hover=&#8221;#244F8A&#8221;]<\/p>\n<p>Inoltre \u00e8 possibile utilizzare il <a href=\"https:\/\/www.aquadivo.com\/it\/sviluppo-del-prodotto\/\">Sviluppo del prodotto<\/a> E <a href=\"https:\/\/www.aquadivo.com\/it\/prodotti-su-misura\/\">Fatto su misura<\/a> far sapere.<\/p>\n<p>[\/et_pb_text][\/et_pb_column][\/et_pb_row][\/et_pb_section][et_pb_section fb_built=&#8221;1&#8243; admin_label=&#8221;button_vertrieb&#8221; _builder_version=&#8221;4.19.5&#8243; _module_preset=&#8221;default&#8221; custom_padding=&#8221;0px||0px||false|false&#8221; global_colors_info=&#8221;{}&#8221;][et_pb_row _builder_version=&#8221;4.19.5&#8243; _module_preset=&#8221;default&#8221; width=&#8221;100%&#8221; max_width=&#8221;100%&#8221; custom_padding=&#8221;0px||0px||false|false&#8221; global_colors_info=&#8221;{}&#8221;][et_pb_column type=&#8221;4_4&#8243; _builder_version=&#8221;4.19.5&#8243; _module_preset=&#8221;default&#8221; global_colors_info=&#8221;{}&#8221;][et_pb_button button_url=&#8221;@ET-DC@eyJkeW5hbWljIjp0cnVlLCJjb250ZW50IjoicG9zdF9saW5rX3VybF9wYWdlIiwic2V0dGluZ3MiOnsicG9zdF9pZCI6IjQ0In19@&#8221; button_text=&#8221;Vertriebspartner werden&#8221; button_alignment=&#8221;right&#8221; _builder_version=&#8221;4.19.5&#8243; _dynamic_attributes=&#8221;button_url&#8221; _module_preset=&#8221;aa163f75-f00b-419a-aa44-e001467aabec&#8221; positioning=&#8221;fixed&#8221; position_origin_f=&#8221;bottom_right&#8221; vertical_offset=&#8221;10px&#8221; horizontal_offset=&#8221;10px&#8221; z_index=&#8221;9998&#8243; global_colors_info=&#8221;{}&#8221;][\/et_pb_button][\/et_pb_column][\/et_pb_row][\/et_pb_section]<\/p>","protected":false},"excerpt":{"rendered":"<p>Interieur \u2013 Brunnen als exklusive Innenausstattung Brunnen als Wohlf\u00fchlfaktor f\u00fcr den Innenbereich Wasser in jeglicher Form nimmt Einfluss auf unser mentales, sowie k\u00f6rperliches Wohlbefinden. Der leise Wasserklang des flie\u00dfenden Wassers, die optisch ansprechende Kulisse, sowie die angenehme Wirkung der Brunnen auf die Raumluft tragen dazu bei, dass Menschen auch in den Innenr\u00e4umen verschiedenster Geb\u00e4ude die [&hellip;]<\/p>","protected":false},"author":1,"featured_media":0,"parent":0,"menu_order":0,"comment_status":"closed","ping_status":"closed","template":"","meta":{"_et_pb_use_builder":"on","_et_pb_old_content":"","_et_gb_content_width":"","footnotes":""},"class_list":["post-36","page","type-page","status-publish","hentry"],"_links":{"self":[{"href":"https:\/\/www.aquadivo.com\/it\/wp-json\/wp\/v2\/pages\/36","targetHints":{"allow":["GET"]}}],"collection":[{"href":"https:\/\/www.aquadivo.com\/it\/wp-json\/wp\/v2\/pages"}],"about":[{"href":"https:\/\/www.aquadivo.com\/it\/wp-json\/wp\/v2\/types\/page"}],"author":[{"embeddable":true,"href":"https:\/\/www.aquadivo.com\/it\/wp-json\/wp\/v2\/users\/1"}],"replies":[{"embeddable":true,"href":"https:\/\/www.aquadivo.com\/it\/wp-json\/wp\/v2\/comments?post=36"}],"version-history":[{"count":1,"href":"https:\/\/www.aquadivo.com\/it\/wp-json\/wp\/v2\/pages\/36\/revisions"}],"predecessor-version":[{"id":3978,"href":"https:\/\/www.aquadivo.com\/it\/wp-json\/wp\/v2\/pages\/36\/revisions\/3978"}],"wp:attachment":[{"href":"https:\/\/www.aquadivo.com\/it\/wp-json\/wp\/v2\/media?parent=36"}],"curies":[{"name":"wp","href":"https:\/\/api.w.org\/{rel}","templated":true}]}}