{"id":46,"date":"2023-02-20T15:21:57","date_gmt":"2023-02-20T15:21:57","guid":{"rendered":"https:\/\/www.aquadivo.com\/?page_id=46"},"modified":"2023-03-30T00:19:37","modified_gmt":"2023-03-29T23:19:37","slug":"massanfertigungen","status":"publish","type":"page","link":"https:\/\/www.aquadivo.com\/it\/prodotti-su-misura\/","title":{"rendered":"Articoli su misura"},"content":{"rendered":"<p>[et_pb_section fb_built=&#8221;1&#8243; admin_label=&#8221;Section&#8221; _builder_version=&#8221;4.19.5&#8243; _module_preset=&#8221;1b58ed5b-6370-4c81-9ae9-39a9863c86e3&#8243; background_image=&#8221;https:\/\/www.aquadivo.com\/wp-content\/uploads\/2023\/03\/brunnen-anfertigung-nach-mass-banner1800x650-01.jpg&#8221; parallax=&#8221;off&#8221; height_tablet=&#8221;600px&#8221; height_phone=&#8221;490px&#8221; height_last_edited=&#8221;on|phone&#8221; animation_duration=&#8221;1000ms&#8221; animation_delay=&#8221;300ms&#8221; animation_intensity_slide=&#8221;2%&#8221; animation_duration_tablet=&#8221;&#8221; animation_duration_phone=&#8221;500ms&#8221; animation_duration_last_edited=&#8221;on|phone&#8221; global_colors_info=&#8221;{}&#8221;][\/et_pb_section][et_pb_section fb_built=&#8221;1&#8243; custom_padding_last_edited=&#8221;on|phone&#8221; _builder_version=&#8221;4.19.5&#8243; _module_preset=&#8221;default&#8221; custom_padding=&#8221;8vh||8vh||true|false&#8221; custom_padding_tablet=&#8221;6vh||6vh||true|false&#8221; custom_padding_phone=&#8221;4vh||4vh||true|false&#8221; global_colors_info=&#8221;{}&#8221;][et_pb_row _builder_version=&#8221;4.19.5&#8243; _module_preset=&#8221;default&#8221; width=&#8221;100%&#8221; width_tablet=&#8221;90%&#8221; width_phone=&#8221;90%&#8221; width_last_edited=&#8221;on|phone&#8221; max_width=&#8221;1200px&#8221; custom_padding=&#8221;0px||0px||false|false&#8221; animation_style=&#8221;slide&#8221; animation_direction=&#8221;bottom&#8221; animation_delay=&#8221;300ms&#8221; animation_intensity_slide=&#8221;2%&#8221; global_colors_info=&#8221;{}&#8221;][et_pb_column type=&#8221;4_4&#8243; _builder_version=&#8221;4.19.5&#8243; _module_preset=&#8221;default&#8221; global_colors_info=&#8221;{}&#8221;][et_pb_text _builder_version=&#8221;4.19.5&#8243; _module_preset=&#8221;7ea19da9-fe49-4ff8-89fe-69ba67c08c82&#8243; ol_font_size=&#8221;1.3rem&#8221; ol_line_height=&#8221;1.7rem&#8221; header_2_font=&#8221;||||||||&#8221; custom_margin=&#8221;||2vh||false|false&#8221; animation_style=&#8221;none&#8221; animation_direction=&#8221;bottom&#8221; text_font_size_tablet=&#8221;1.1rem&#8221; text_font_size_phone=&#8221;1rem&#8221; text_font_size_last_edited=&#8221;on|desktop&#8221; ol_font_size_tablet=&#8221;1.1rem&#8221; ol_font_size_phone=&#8221;1rem&#8221; ol_font_size_last_edited=&#8221;on|phone&#8221; header_2_font_size_tablet=&#8221;2.3rem&#8221; header_2_font_size_phone=&#8221;1.8rem&#8221; header_2_font_size_last_edited=&#8221;on|phone&#8221; inline_fonts=&#8221;Barlow Bold,barlow bold&#8221; global_colors_info=&#8221;{}&#8221;]<\/p>\n<h2><b><span>Fatto su misura<\/span><\/b><\/h2>\n<div><\/div>\n<p style=\"font-weight: 400;\">Se una versione standard non soddisfa il cliente, siamo in grado di soddisfare quasi tutti i desideri in termini di dimensioni, design ed esecuzione.<\/p>\n<p style=\"font-weight: 400;\">Con uno su misura puoi <span style=\"font-family: 'barlow bold'; font-weight: normal;\">idea di prodotto esistente<\/span> all&#039;individuo<span style=\"font-family: 'Barlow Bold'; font-weight: normal;\"> adattato ai bisogni\u00a0<\/span>diventare. Ti proponiamo di discutere e realizzare insieme le tue idee.<\/p>\n<p style=\"font-weight: 400;\">Qui si pu\u00f2 <span style=\"font-family: 'barlow bold';\">Processo di produzione su misura<\/span> Vedere:<\/p>\n<ol>\n<li>Iniziale o consultazione<\/li>\n<li>Determinazione del prodotto base come output<\/li>\n<li>Selezione del materiale e regolazione della taglia<\/li>\n<li>Fornire schizzi di prodotto<\/li>\n<li>citando<\/li>\n<li>Produzione<\/li>\n<li>consegna<\/li>\n<\/ol>\n<p>[\/et_pb_text][et_pb_text _builder_version=&#8221;4.19.5&#8243; _module_preset=&#8221;default&#8221; text_font_size=&#8221;1.3rem&#8221; custom_margin_tablet=&#8221;&#8221; custom_margin_phone=&#8221;||2vh||false|false&#8221; custom_margin_last_edited=&#8221;on|phone&#8221; custom_padding=&#8221;2vh||||false|false&#8221; custom_padding_tablet=&#8221;2vh||||false|false&#8221; custom_padding_phone=&#8221;2vh||||false|false&#8221; custom_padding_last_edited=&#8221;on|phone&#8221; animation_direction=&#8221;bottom&#8221; hover_enabled=&#8221;0&#8243; text_font_size_tablet=&#8221;1.1rem&#8221; text_font_size_phone=&#8221;1rem&#8221; text_font_size_last_edited=&#8221;on|desktop&#8221; animation_duration_tablet=&#8221;&#8221; animation_duration_phone=&#8221;1000ms&#8221; animation_duration_last_edited=&#8221;on|phone&#8221; animation_delay_tablet=&#8221;&#8221; animation_delay_phone=&#8221;300ms&#8221; animation_delay_last_edited=&#8221;on|desktop&#8221; inline_fonts=&#8221;Barlow Bold,barlow bold&#8221; global_colors_info=&#8221;{}&#8221; sticky_enabled=&#8221;0&#8243;]<\/p>\n<p style=\"font-weight: 400;\">Ne vorresti uno <span style=\"font-family: 'barlow bold'; font-weight: normal;\">Personalizza il prodotto<\/span> permettere? Allora contattaci!<\/p>\n<p>[\/et_pb_text][et_pb_button button_text=&#8221;Jetzt Beratung vereinbaren!&#8221; _builder_version=&#8221;4.19.5&#8243; _module_preset=&#8221;aa163f75-f00b-419a-aa44-e001467aabec&#8221; custom_margin_phone=&#8221;|||0vw|false|false&#8221; button_text_size_phone=&#8221;1.1em&#8221; animation_duration_tablet=&#8221;&#8221; animation_duration_phone=&#8221;1000ms&#8221; animation_duration_last_edited=&#8221;on|phone&#8221; animation_delay_tablet=&#8221;&#8221; animation_delay_phone=&#8221;300ms&#8221; animation_delay_last_edited=&#8221;on|phone&#8221; global_colors_info=&#8221;{}&#8221; button_border_color__hover=&#8221;&#8221; button_border_color__hover_enabled=&#8221;on|desktop&#8221;][\/et_pb_button][\/et_pb_column][\/et_pb_row][\/et_pb_section][et_pb_section fb_built=&#8221;1&#8243; admin_label=&#8221;button_vertrieb&#8221; _builder_version=&#8221;4.19.5&#8243; _module_preset=&#8221;default&#8221; custom_padding=&#8221;0px||0px||false|false&#8221; global_colors_info=&#8221;{}&#8221;][et_pb_row _builder_version=&#8221;4.19.5&#8243; _module_preset=&#8221;default&#8221; width=&#8221;100%&#8221; max_width=&#8221;100%&#8221; custom_padding=&#8221;0px||0px||false|false&#8221; global_colors_info=&#8221;{}&#8221;][et_pb_column type=&#8221;4_4&#8243; _builder_version=&#8221;4.19.5&#8243; _module_preset=&#8221;default&#8221; global_colors_info=&#8221;{}&#8221;][et_pb_button button_url=&#8221;@ET-DC@eyJkeW5hbWljIjp0cnVlLCJjb250ZW50IjoicG9zdF9saW5rX3VybF9wYWdlIiwic2V0dGluZ3MiOnsicG9zdF9pZCI6IjQ0In19@&#8221; button_text=&#8221;Vertriebspartner werden&#8221; button_alignment=&#8221;right&#8221; _builder_version=&#8221;4.19.5&#8243; _dynamic_attributes=&#8221;button_url&#8221; _module_preset=&#8221;aa163f75-f00b-419a-aa44-e001467aabec&#8221; positioning=&#8221;fixed&#8221; position_origin_f=&#8221;bottom_right&#8221; vertical_offset=&#8221;10px&#8221; horizontal_offset=&#8221;10px&#8221; z_index=&#8221;9998&#8243; global_colors_info=&#8221;{}&#8221;][\/et_pb_button][\/et_pb_column][\/et_pb_row][\/et_pb_section]<\/p>","protected":false},"excerpt":{"rendered":"<p>Ma\u00dfanfertigung Wenn dem Kunden eine Standardausf\u00fchrung nicht gerecht wird, dann sind wir in der Lage fast alle W\u00fcnsch im Bereich Gr\u00f6\u00dfe, Design und Ausf\u00fchrung zu erf\u00fcllen. Durch eine Ma\u00dfanfertigung kann eine bereits bestehende Produktidee an individuelle Bed\u00fcrfnisse angepasst\u00a0werden. Wir bieten Ihnen an, Ihre Vorstellungen gemeinsam zu besprechen und zu realisieren. Hier k\u00f6nnen Sie den Ablauf [&hellip;]<\/p>","protected":false},"author":1,"featured_media":0,"parent":0,"menu_order":0,"comment_status":"closed","ping_status":"closed","template":"","meta":{"_et_pb_use_builder":"on","_et_pb_old_content":"<!-- wp:divi\/placeholder \/-->","_et_gb_content_width":"","footnotes":""},"class_list":["post-46","page","type-page","status-publish","hentry"],"_links":{"self":[{"href":"https:\/\/www.aquadivo.com\/it\/wp-json\/wp\/v2\/pages\/46","targetHints":{"allow":["GET"]}}],"collection":[{"href":"https:\/\/www.aquadivo.com\/it\/wp-json\/wp\/v2\/pages"}],"about":[{"href":"https:\/\/www.aquadivo.com\/it\/wp-json\/wp\/v2\/types\/page"}],"author":[{"embeddable":true,"href":"https:\/\/www.aquadivo.com\/it\/wp-json\/wp\/v2\/users\/1"}],"replies":[{"embeddable":true,"href":"https:\/\/www.aquadivo.com\/it\/wp-json\/wp\/v2\/comments?post=46"}],"version-history":[{"count":0,"href":"https:\/\/www.aquadivo.com\/it\/wp-json\/wp\/v2\/pages\/46\/revisions"}],"wp:attachment":[{"href":"https:\/\/www.aquadivo.com\/it\/wp-json\/wp\/v2\/media?parent=46"}],"curies":[{"name":"wp","href":"https:\/\/api.w.org\/{rel}","templated":true}]}}