{"id":856,"date":"2023-03-03T10:51:54","date_gmt":"2023-03-03T10:51:54","guid":{"rendered":"https:\/\/www.aquadivo.com\/?page_id=856"},"modified":"2023-03-30T00:50:29","modified_gmt":"2023-03-29T23:50:29","slug":"produkte","status":"publish","type":"page","link":"https:\/\/www.aquadivo.com\/it\/prodotti\/","title":{"rendered":"Prodotti"},"content":{"rendered":"<p>[et_pb_section fb_built=&#8221;1&#8243; _builder_version=&#8221;4.19.5&#8243; _module_preset=&#8221;1b58ed5b-6370-4c81-9ae9-39a9863c86e3&#8243; background_image=&#8221;https:\/\/www.aquadivo.com\/wp-content\/uploads\/2023\/03\/gartenbrunnen-frontside29.jpg&#8221; parallax=&#8221;off&#8221; background_enable_video_mp4=&#8221;off&#8221; background_enable_video_webm=&#8221;off&#8221; background_video_width=&#8221;1700&#8243; background_video_height=&#8221;700&#8243; background_video_pause_outside_viewport=&#8221;off&#8221; height_tablet=&#8221;600px&#8221; height_phone=&#8221;490px&#8221; height_last_edited=&#8221;on|phone&#8221; animation_duration=&#8221;1000ms&#8221; animation_delay=&#8221;300ms&#8221; animation_intensity_slide=&#8221;2%&#8221; background_last_edited=&#8221;on|phone&#8221; animation_duration_tablet=&#8221;&#8221; animation_duration_phone=&#8221;500ms&#8221; animation_duration_last_edited=&#8221;on|phone&#8221; global_colors_info=&#8221;{}&#8221;][\/et_pb_section][et_pb_section fb_built=&#8221;1&#8243; custom_padding_last_edited=&#8221;on|phone&#8221; _builder_version=&#8221;4.19.5&#8243; _module_preset=&#8221;default&#8221; custom_padding=&#8221;8vh||8vh||true|false&#8221; custom_padding_tablet=&#8221;6vh||6vh||true|false&#8221; custom_padding_phone=&#8221;4vh||4vh||true|false&#8221; animation_style=&#8221;slide&#8221; animation_direction=&#8221;bottom&#8221; animation_delay=&#8221;300ms&#8221; animation_intensity_slide=&#8221;3%&#8221; global_colors_info=&#8221;{}&#8221;][et_pb_row custom_padding_last_edited=&#8221;on|phone&#8221; _builder_version=&#8221;4.19.5&#8243; _module_preset=&#8221;default&#8221; width=&#8221;95%&#8221; width_tablet=&#8221;90%&#8221; width_phone=&#8221;90%&#8221; width_last_edited=&#8221;on|phone&#8221; max_width=&#8221;1200px&#8221; custom_padding=&#8221;0px||||false|false&#8221; custom_padding_tablet=&#8221;||||false|false&#8221; custom_padding_phone=&#8221;||1vh||false|false&#8221; global_colors_info=&#8221;{}&#8221;][et_pb_column type=&#8221;4_4&#8243; _builder_version=&#8221;4.19.5&#8243; _module_preset=&#8221;default&#8221; global_colors_info=&#8221;{}&#8221;][et_pb_text _builder_version=&#8221;4.19.5&#8243; _module_preset=&#8221;default&#8221; header_2_font_size=&#8221;2.7rem&#8221; header_2_line_height=&#8221;1.7rem&#8221; header_2_font_size_tablet=&#8221;2.3rem&#8221; header_2_font_size_phone=&#8221;1.8rem&#8221; header_2_font_size_last_edited=&#8221;on|phone&#8221; global_colors_info=&#8221;{}&#8221;]<\/p>\n<h2 style=\"text-align: center;\">La nostra gamma di prodotti<\/h2>\n<p>[\/et_pb_text][\/et_pb_column][\/et_pb_row][et_pb_row column_structure=&#8221;1_3,1_3,1_3&#8243; make_equal=&#8221;on&#8221; _builder_version=&#8221;4.19.5&#8243; _module_preset=&#8221;default&#8221; width=&#8221;95%&#8221; width_tablet=&#8221;90%&#8221; width_phone=&#8221;90%&#8221; width_last_edited=&#8221;on|phone&#8221; max_width=&#8221;1200px&#8221; custom_padding=&#8221;0px||||false|false&#8221; global_colors_info=&#8221;{}&#8221;][et_pb_column type=&#8221;1_3&#8243; _builder_version=&#8221;4.19.5&#8243; _module_preset=&#8221;default&#8221; background_enable_color=&#8221;off&#8221; global_colors_info=&#8221;{}&#8221;][et_pb_image src=&#8221;https:\/\/www.aquadivo.com\/wp-content\/uploads\/2023\/03\/edelsteinbrunnen-julia-lachskristall05.jpg&#8221; alt=&#8221;Produkte Zimmerbrunnen Edelstein&#8221; title_text=&#8221;edelsteinbrunnen-julia-lachskristall05&#8243; url=&#8221;@ET-DC@eyJkeW5hbWljIjp0cnVlLCJjb250ZW50IjoicG9zdF9saW5rX3VybF9wYWdlIiwic2V0dGluZ3MiOnsicG9zdF9pZCI6IjE3In19@&#8221; module_class=&#8221;et-zoom-in&#8221; _builder_version=&#8221;4.19.5&#8243; _dynamic_attributes=&#8221;url&#8221; _module_preset=&#8221;default&#8221; custom_margin=&#8221;||||false|false&#8221; custom_padding=&#8221;||||false|false&#8221; border_radii=&#8221;on|3px|3px|3px|3px&#8221; global_colors_info=&#8221;{}&#8221;][\/et_pb_image][et_pb_text _builder_version=&#8221;4.19.5&#8243; _dynamic_attributes=&#8221;link_option_url&#8221; _module_preset=&#8221;default&#8221; text_text_color=&#8221;#6B7D87&#8243; text_font_size=&#8221;1.3rem&#8221; text_line_height=&#8221;1.7rem&#8221; header_2_text_color=&#8221;#244F8A&#8221; header_2_font_size=&#8221;2.7rem&#8221; header_3_text_color=&#8221;#244F8A&#8221; header_3_font_size=&#8221;2rem&#8221; link_option_url=&#8221;@ET-DC@eyJkeW5hbWljIjp0cnVlLCJjb250ZW50IjoicG9zdF9saW5rX3VybF9wYWdlIiwic2V0dGluZ3MiOnsicG9zdF9pZCI6IjE3In19@&#8221; text_font_size_tablet=&#8221;1.1rem&#8221; text_font_size_phone=&#8221;1rem&#8221; text_font_size_last_edited=&#8221;on|desktop&#8221; header_3_font_size_tablet=&#8221;1.7rem&#8221; header_3_font_size_phone=&#8221;1.3rem&#8221; header_3_font_size_last_edited=&#8221;on|phone&#8221; global_colors_info=&#8221;{}&#8221;]<\/p>\n<h3>Fontana interna<\/h3>\n<p style=\"text-align: left;\">Grazie alla tecnologia pi\u00f9 recente, all&#039;esperienza pluriennale e al design elegante, le nostre fontane per interni sono un must. Le fontane da interni aumentano notevolmente l&#039;umidit\u00e0 e puliscono l&#039;aria dalle polveri sottili. Da sempre l\u2019acqua ha un effetto positivo sul nostro benessere psicofisico.<\/p>\n<p>[\/et_pb_text][et_pb_button button_url=&#8221;@ET-DC@eyJkeW5hbWljIjp0cnVlLCJjb250ZW50IjoicG9zdF9saW5rX3VybF9wYWdlIiwic2V0dGluZ3MiOnsicG9zdF9pZCI6IjE3In19@&#8221; button_text=&#8221;Mehr zu Zimmerbrunnen!&#8221; _builder_version=&#8221;4.19.5&#8243; _dynamic_attributes=&#8221;button_url&#8221; _module_preset=&#8221;aa163f75-f00b-419a-aa44-e001467aabec&#8221; global_colors_info=&#8221;{}&#8221;][\/et_pb_button][\/et_pb_column][et_pb_column type=&#8221;1_3&#8243; _builder_version=&#8221;4.19.5&#8243; _module_preset=&#8221;default&#8221; background_enable_color=&#8221;off&#8221; global_colors_info=&#8221;{}&#8221;][et_pb_image src=&#8221;https:\/\/www.aquadivo.com\/wp-content\/uploads\/2023\/03\/blackangel-marmor-quellsteinset3x120pol-gartenbrunnen02.jpg&#8221; alt=&#8221;Gartenbrunnen Quellsteinset Marmor&#8221; title_text=&#8221;blackangel-marmor-quellsteinset3x120pol-gartenbrunnen02&#8243; url=&#8221;@ET-DC@eyJkeW5hbWljIjp0cnVlLCJjb250ZW50IjoicG9zdF9saW5rX3VybF9wYWdlIiwic2V0dGluZ3MiOnsicG9zdF9pZCI6IjIzIn19@&#8221; module_class=&#8221;et-zoom-in&#8221; _builder_version=&#8221;4.19.5&#8243; _dynamic_attributes=&#8221;url&#8221; _module_preset=&#8221;default&#8221; border_radii=&#8221;on|3px|3px|3px|3px&#8221; global_colors_info=&#8221;{}&#8221;][\/et_pb_image][et_pb_text _builder_version=&#8221;4.19.5&#8243; _dynamic_attributes=&#8221;link_option_url&#8221; _module_preset=&#8221;default&#8221; text_text_color=&#8221;#6B7D87&#8243; text_font_size=&#8221;1.3rem&#8221; text_line_height=&#8221;1.7rem&#8221; header_2_text_color=&#8221;#244F8A&#8221; header_2_font_size=&#8221;2.7rem&#8221; header_3_text_color=&#8221;#244F8A&#8221; header_3_font_size=&#8221;2rem&#8221; link_option_url=&#8221;@ET-DC@eyJkeW5hbWljIjp0cnVlLCJjb250ZW50IjoicG9zdF9saW5rX3VybF9wYWdlIiwic2V0dGluZ3MiOnsicG9zdF9pZCI6IjIzIn19@&#8221; text_font_size_tablet=&#8221;1.1rem&#8221; text_font_size_phone=&#8221;1rem&#8221; text_font_size_last_edited=&#8221;on|desktop&#8221; header_3_font_size_tablet=&#8221;1.7rem&#8221; header_3_font_size_phone=&#8221;1.3rem&#8221; header_3_font_size_last_edited=&#8221;on|phone&#8221; global_colors_info=&#8221;{}&#8221;]<\/p>\n<h3 style=\"text-align: left;\">Fontana da giardino<\/h3>\n<p style=\"text-align: left;\">Le fontane da giardino possono valorizzare stilisticamente gli spazi esterni attraverso il loro design e avere un&#039;influenza positiva su di noi come esseri umani. Sono realizzati con un&#039;accurata lavorazione manuale e attenzione ai dettagli. <span>Le nostre fontane da giardino sono disponibili in vari stili, varianti e materiali.<\/span><\/p>\n<p>[\/et_pb_text][et_pb_button button_url=&#8221;@ET-DC@eyJkeW5hbWljIjp0cnVlLCJjb250ZW50IjoicG9zdF9saW5rX3VybF9wYWdlIiwic2V0dGluZ3MiOnsicG9zdF9pZCI6IjIzIn19@&#8221; button_text=&#8221;Mehr zu Gartenbrunnen!&#8221; _builder_version=&#8221;4.19.5&#8243; _dynamic_attributes=&#8221;button_url&#8221; _module_preset=&#8221;aa163f75-f00b-419a-aa44-e001467aabec&#8221; positioning=&#8221;absolute&#8221; position_origin_a=&#8221;bottom_left&#8221; position_origin_a_tablet=&#8221;bottom_left&#8221; position_origin_a_phone=&#8221;bottom_left&#8221; position_origin_a_last_edited=&#8221;on|phone&#8221; position_origin_f_tablet=&#8221;&#8221; position_origin_f_phone=&#8221;&#8221; position_origin_f_last_edited=&#8221;on|phone&#8221; position_origin_r_tablet=&#8221;&#8221; position_origin_r_phone=&#8221;&#8221; position_origin_r_last_edited=&#8221;on|phone&#8221; positioning_tablet=&#8221;relative&#8221; positioning_phone=&#8221;relative&#8221; positioning_last_edited=&#8221;on|tablet&#8221; locked=&#8221;off&#8221; global_colors_info=&#8221;{}&#8221;][\/et_pb_button][\/et_pb_column][et_pb_column type=&#8221;1_3&#8243; _builder_version=&#8221;4.19.5&#8243; _dynamic_attributes=&#8221;link_option_url&#8221; _module_preset=&#8221;default&#8221; link_option_url=&#8221;@ET-DC@eyJkeW5hbWljIjp0cnVlLCJjb250ZW50IjoicG9zdF9saW5rX3VybF9wYWdlIiwic2V0dGluZ3MiOnsicG9zdF9pZCI6IjI1In19@&#8221; global_colors_info=&#8221;{}&#8221;][et_pb_image src=&#8221;https:\/\/www.aquadivo.com\/wp-content\/uploads\/2023\/03\/gartenbrunnen-dorfbrunnen-naturstein-larimar08.jpg&#8221; alt=&#8221;Produkte Zubeh\u00f6r&#8221; title_text=&#8221;gartenbrunnen-dorfbrunnen-naturstein-larimar08&#8243; module_class=&#8221;et-zoom-in&#8221; _builder_version=&#8221;4.19.5&#8243; _module_preset=&#8221;default&#8221; border_radii=&#8221;on|3px|3px|3px|3px&#8221; global_colors_info=&#8221;{}&#8221;][\/et_pb_image][et_pb_text _builder_version=&#8221;4.19.5&#8243; _module_preset=&#8221;default&#8221; text_text_color=&#8221;#6B7D87&#8243; text_font_size=&#8221;1.3rem&#8221; text_line_height=&#8221;1.7rem&#8221; header_2_text_color=&#8221;#244F8A&#8221; header_2_font_size=&#8221;2.7rem&#8221; header_3_text_color=&#8221;#244F8A&#8221; header_3_font_size=&#8221;2rem&#8221; text_font_size_tablet=&#8221;1.1rem&#8221; text_font_size_phone=&#8221;1rem&#8221; text_font_size_last_edited=&#8221;on|desktop&#8221; header_3_font_size_tablet=&#8221;1.7rem&#8221; header_3_font_size_phone=&#8221;1.3rem&#8221; header_3_font_size_last_edited=&#8221;on|phone&#8221; global_colors_info=&#8221;{}&#8221;]<\/p>\n<h3 style=\"text-align: left;\">Accessori<\/h3>\n<p style=\"text-align: left;\">Vi offriamo una variet\u00e0 di elettronica di alta qualit\u00e0, pannelli eleganti e moduli aggiuntivi visivamente accattivanti. Pompe di marca, vasi per fontane, rubinetti nostalgici, elementi a molla e illuminazione a LED e molto altro ancora.<\/p>\n<p>[\/et_pb_text][et_pb_button button_url=&#8221;@ET-DC@eyJkeW5hbWljIjp0cnVlLCJjb250ZW50IjoicG9zdF9saW5rX3VybF9wYWdlIiwic2V0dGluZ3MiOnsicG9zdF9pZCI6IjI1In19@&#8221; button_text=&#8221;Mehr zu Zubeh\u00f6r!&#8221; _builder_version=&#8221;4.19.5&#8243; _dynamic_attributes=&#8221;button_url&#8221; _module_preset=&#8221;aa163f75-f00b-419a-aa44-e001467aabec&#8221; positioning=&#8221;absolute&#8221; position_origin_a=&#8221;bottom_left&#8221; positioning_tablet=&#8221;relative&#8221; positioning_phone=&#8221;relative&#8221; positioning_last_edited=&#8221;on|tablet&#8221; locked=&#8221;off&#8221; global_colors_info=&#8221;{}&#8221;][\/et_pb_button][\/et_pb_column][\/et_pb_row][et_pb_row column_structure=&#8221;1_3,1_3,1_3&#8243; make_equal=&#8221;on&#8221; _builder_version=&#8221;4.19.5&#8243; _module_preset=&#8221;default&#8221; width=&#8221;95%&#8221; width_tablet=&#8221;90%&#8221; width_phone=&#8221;90%&#8221; width_last_edited=&#8221;on|phone&#8221; max_width=&#8221;1200px&#8221; custom_padding=&#8221;||0px||false|false&#8221; global_colors_info=&#8221;{}&#8221;][et_pb_column type=&#8221;1_3&#8243; _builder_version=&#8221;4.19.5&#8243; _dynamic_attributes=&#8221;link_option_url&#8221; _module_preset=&#8221;default&#8221; link_option_url=&#8221;@ET-DC@eyJkeW5hbWljIjp0cnVlLCJjb250ZW50IjoicG9zdF9saW5rX3VybF9wYWdlIiwic2V0dGluZ3MiOnsicG9zdF9pZCI6IjI3In19@&#8221; global_colors_info=&#8221;{}&#8221;][et_pb_image src=&#8221;https:\/\/www.aquadivo.com\/wp-content\/uploads\/2023\/03\/wachauer-marmor-wassertisch-quellsteiin-findling01.jpg&#8221; alt=&#8221;Natursteine findling marmor&#8221; title_text=&#8221;wachauer-marmor-wassertisch-quellsteiin-findling01&#8243; module_class=&#8221;et-zoom-in&#8221; _builder_version=&#8221;4.19.5&#8243; _module_preset=&#8221;default&#8221; custom_margin=&#8221;||||false|false&#8221; custom_padding=&#8221;||||false|false&#8221; border_radii=&#8221;on|3px|3px|3px|3px&#8221; global_colors_info=&#8221;{}&#8221;][\/et_pb_image][et_pb_text _builder_version=&#8221;4.19.5&#8243; _module_preset=&#8221;default&#8221; text_text_color=&#8221;#6B7D87&#8243; text_font_size=&#8221;1.3rem&#8221; text_line_height=&#8221;1.7rem&#8221; header_2_text_color=&#8221;#244F8A&#8221; header_2_font_size=&#8221;2.7rem&#8221; header_3_text_color=&#8221;#244F8A&#8221; header_3_font_size=&#8221;2rem&#8221; text_font_size_tablet=&#8221;1.1rem&#8221; text_font_size_phone=&#8221;1rem&#8221; text_font_size_last_edited=&#8221;on|desktop&#8221; header_3_font_size_tablet=&#8221;1.7rem&#8221; header_3_font_size_phone=&#8221;1.3rem&#8221; header_3_font_size_last_edited=&#8221;on|phone&#8221; global_colors_info=&#8221;{}&#8221;]<\/p>\n<h3>Pietre naturali<\/h3>\n<p>Utilizzando le pietre naturali, ci sono infiniti modi per decorare sia gli interni che gli esterni. Nel nostro assortimento si possono trovare monoliti, massi, ghiaia ornamentale, vari minerali e altro ancora.<\/p>\n<p>[\/et_pb_text][et_pb_button button_url=&#8221;@ET-DC@eyJkeW5hbWljIjp0cnVlLCJjb250ZW50IjoicG9zdF9saW5rX3VybF9wYWdlIiwic2V0dGluZ3MiOnsicG9zdF9pZCI6IjI3In19@&#8221; button_text=&#8221;Mehr zu Natursteinen!&#8221; _builder_version=&#8221;4.19.5&#8243; _dynamic_attributes=&#8221;button_url&#8221; _module_preset=&#8221;aa163f75-f00b-419a-aa44-e001467aabec&#8221; positioning=&#8221;absolute&#8221; position_origin_a=&#8221;bottom_left&#8221; positioning_tablet=&#8221;relative&#8221; positioning_phone=&#8221;relative&#8221; positioning_last_edited=&#8221;on|tablet&#8221; locked=&#8221;off&#8221; global_colors_info=&#8221;{}&#8221;][\/et_pb_button][\/et_pb_column][et_pb_column type=&#8221;1_3&#8243; _builder_version=&#8221;4.19.5&#8243; _dynamic_attributes=&#8221;link_option_url&#8221; _module_preset=&#8221;default&#8221; link_option_url=&#8221;@ET-DC@eyJkeW5hbWljIjp0cnVlLCJjb250ZW50IjoicG9zdF9saW5rX3VybF9wYWdlIiwic2V0dGluZ3MiOnsicG9zdF9pZCI6IjI5In19@&#8221; global_colors_info=&#8221;{}&#8221;][et_pb_image src=&#8221;https:\/\/www.aquadivo.com\/wp-content\/uploads\/2023\/03\/ambiente-feng-shui-steingarten.jpg&#8221; alt=&#8221;Dekoration Feng Shui&#8221; title_text=&#8221;ambiente-feng-shui-steingarten&#8221; module_class=&#8221;et-zoom-in&#8221; _builder_version=&#8221;4.19.5&#8243; _module_preset=&#8221;default&#8221; border_radii=&#8221;on|3px|3px|3px|3px&#8221; global_colors_info=&#8221;{}&#8221;][\/et_pb_image][et_pb_text _builder_version=&#8221;4.19.5&#8243; _module_preset=&#8221;default&#8221; text_text_color=&#8221;#6B7D87&#8243; text_font_size=&#8221;1.3rem&#8221; text_line_height=&#8221;1.7rem&#8221; header_2_text_color=&#8221;#244F8A&#8221; header_2_font_size=&#8221;2.7rem&#8221; header_3_text_color=&#8221;#244F8A&#8221; header_3_font_size=&#8221;2rem&#8221; text_font_size_tablet=&#8221;1.1rem&#8221; text_font_size_phone=&#8221;1rem&#8221; text_font_size_last_edited=&#8221;on|desktop&#8221; header_3_font_size_tablet=&#8221;1.7rem&#8221; header_3_font_size_phone=&#8221;1.3rem&#8221; header_3_font_size_last_edited=&#8221;on|phone&#8221; global_colors_info=&#8221;{}&#8221;]<\/p>\n<h3>decorazione<\/h3>\n<p>Ulteriori decorazioni possono rendere i giardini e le aree esterne ancora pi\u00f9 vivibili e invitanti. Nella nostra gamma di decorazioni puoi trovare sculture, fioriere e molto altro ancora.<\/p>\n<p>[\/et_pb_text][et_pb_button button_url=&#8221;@ET-DC@eyJkeW5hbWljIjp0cnVlLCJjb250ZW50IjoicG9zdF9saW5rX3VybF9wYWdlIiwic2V0dGluZ3MiOnsicG9zdF9pZCI6IjI5In19@&#8221; button_text=&#8221;Mehr zu Dekoration!&#8221; _builder_version=&#8221;4.19.5&#8243; _dynamic_attributes=&#8221;button_url&#8221; _module_preset=&#8221;aa163f75-f00b-419a-aa44-e001467aabec&#8221; positioning=&#8221;absolute&#8221; position_origin_a=&#8221;bottom_left&#8221; positioning_tablet=&#8221;relative&#8221; positioning_phone=&#8221;relative&#8221; positioning_last_edited=&#8221;on|tablet&#8221; locked=&#8221;off&#8221; global_colors_info=&#8221;{}&#8221;][\/et_pb_button][\/et_pb_column][et_pb_column type=&#8221;1_3&#8243; _builder_version=&#8221;4.19.5&#8243; _dynamic_attributes=&#8221;link_option_url&#8221; _module_preset=&#8221;default&#8221; link_option_url=&#8221;@ET-DC@eyJkeW5hbWljIjp0cnVlLCJjb250ZW50IjoicG9zdF9saW5rX3VybF9wYWdlIiwic2V0dGluZ3MiOnsicG9zdF9pZCI6IjMxIn19@&#8221; global_colors_info=&#8221;{}&#8221;][et_pb_image src=&#8221;https:\/\/www.aquadivo.com\/wp-content\/uploads\/2023\/03\/springbrunnen-fontana-toscana950-06.jpg&#8221; alt=&#8221;Antikbrunnen Springbrunnen&#8221; title_text=&#8221;springbrunnen-fontana-toscana950-06&#8243; module_class=&#8221;et-zoom-in&#8221; _builder_version=&#8221;4.19.5&#8243; _module_preset=&#8221;default&#8221; border_radii=&#8221;on|3px|3px|3px|3px&#8221; global_colors_info=&#8221;{}&#8221;][\/et_pb_image][et_pb_text _builder_version=&#8221;4.19.5&#8243; _module_preset=&#8221;default&#8221; text_text_color=&#8221;#6B7D87&#8243; text_font_size=&#8221;1.3rem&#8221; text_line_height=&#8221;1.7rem&#8221; header_2_text_color=&#8221;#244F8A&#8221; header_2_font_size=&#8221;2.7rem&#8221; header_3_text_color=&#8221;#244F8A&#8221; header_3_font_size=&#8221;2rem&#8221; text_font_size_tablet=&#8221;1.1rem&#8221; text_font_size_phone=&#8221;1rem&#8221; text_font_size_last_edited=&#8221;on|desktop&#8221; header_3_font_size_tablet=&#8221;1.7rem&#8221; header_3_font_size_phone=&#8221;1.3rem&#8221; header_3_font_size_last_edited=&#8221;on|phone&#8221; global_colors_info=&#8221;{}&#8221;]<\/p>\n<h3>Fontana antica<\/h3>\n<p>Le nostre fontane in stile antico sono perfette per creare un luogo fresco e di grande impatto visivo nelle aree esterne. Grazie allo speciale metodo di produzione e ai materiali selezionati a mano, le nostre fontane antiche raggiungono un elevato standard di qualit\u00e0.<\/p>\n<p>[\/et_pb_text][et_pb_button button_url=&#8221;@ET-DC@eyJkeW5hbWljIjp0cnVlLCJjb250ZW50IjoicG9zdF9saW5rX3VybF9wYWdlIiwic2V0dGluZ3MiOnsicG9zdF9pZCI6IjMxIn19@&#8221; button_text=&#8221;Mehr zu Antikbrunnen!&#8221; _builder_version=&#8221;4.19.5&#8243; _dynamic_attributes=&#8221;button_url&#8221; _module_preset=&#8221;aa163f75-f00b-419a-aa44-e001467aabec&#8221; locked=&#8221;off&#8221; global_colors_info=&#8221;{}&#8221;][\/et_pb_button][\/et_pb_column][\/et_pb_row][\/et_pb_section][et_pb_section fb_built=&#8221;1&#8243; admin_label=&#8221;button_vertrieb&#8221; _builder_version=&#8221;4.19.5&#8243; _module_preset=&#8221;default&#8221; custom_padding=&#8221;0px||0px||false|false&#8221; global_colors_info=&#8221;{}&#8221;][et_pb_row _builder_version=&#8221;4.19.5&#8243; _module_preset=&#8221;default&#8221; width=&#8221;100%&#8221; max_width=&#8221;100%&#8221; custom_padding=&#8221;0px||0px||false|false&#8221; global_colors_info=&#8221;{}&#8221;][et_pb_column type=&#8221;4_4&#8243; _builder_version=&#8221;4.19.5&#8243; _module_preset=&#8221;default&#8221; global_colors_info=&#8221;{}&#8221;][et_pb_button button_url=&#8221;@ET-DC@eyJkeW5hbWljIjp0cnVlLCJjb250ZW50IjoicG9zdF9saW5rX3VybF9wYWdlIiwic2V0dGluZ3MiOnsicG9zdF9pZCI6IjQ0In19@&#8221; button_text=&#8221;Vertriebspartner werden&#8221; button_alignment=&#8221;right&#8221; _builder_version=&#8221;4.19.5&#8243; _dynamic_attributes=&#8221;button_url&#8221; _module_preset=&#8221;aa163f75-f00b-419a-aa44-e001467aabec&#8221; positioning=&#8221;fixed&#8221; position_origin_f=&#8221;bottom_right&#8221; vertical_offset=&#8221;10px&#8221; horizontal_offset=&#8221;10px&#8221; z_index=&#8221;9998&#8243; global_colors_info=&#8221;{}&#8221;][\/et_pb_button][\/et_pb_column][\/et_pb_row][\/et_pb_section][et_pb_section fb_built=&#8221;1&#8243; custom_padding_last_edited=&#8221;on|phone&#8221; admin_label=&#8221;Section&#8221; module_class=&#8221;pa-parallax-background-image-size&#8221; _builder_version=&#8221;4.19.5&#8243; _module_preset=&#8221;default&#8221; background_color=&#8221;#FFFFFF&#8221; use_background_color_gradient=&#8221;on&#8221; background_color_gradient_stops=&#8221;rgba(107,125,135,0.26) 0%|rgba(107,125,135,0.34) 99%&#8221; background_color_gradient_overlays_image=&#8221;on&#8221; background_image=&#8221;https:\/\/www.aquadivo.com\/wp-content\/uploads\/2023\/03\/steinlicht-banner1800x650-01.jpg&#8221; parallax=&#8221;on&#8221; background_blend=&#8221;overlay&#8221; height=&#8221;600px&#8221; height_tablet=&#8221;600px&#8221; height_phone=&#8221;490px&#8221; height_last_edited=&#8221;on|phone&#8221; custom_padding=&#8221;0px||||false|false&#8221; custom_padding_tablet=&#8221;6vh||6vh||true|false&#8221; custom_padding_phone=&#8221;4vh||4vh||true|false&#8221; global_colors_info=&#8221;{}&#8221;][et_pb_row column_structure=&#8221;1_2,1_2&#8243; make_equal=&#8221;on&#8221; _builder_version=&#8221;4.19.5&#8243; _module_preset=&#8221;default&#8221; width=&#8221;95%&#8221; width_tablet=&#8221;90%&#8221; width_phone=&#8221;90%&#8221; width_last_edited=&#8221;on|phone&#8221; max_width=&#8221;1200px&#8221; height=&#8221;600px&#8221; custom_padding=&#8221;0px||0px||false|false&#8221; scroll_vertical_motion=&#8221;0|47|47|100|2.5|0|-2.5&#8243; global_colors_info=&#8221;{}&#8221;][et_pb_column type=&#8221;1_2&#8243; admin_label=&#8221;Column&#8221; _builder_version=&#8221;4.19.5&#8243; _dynamic_attributes=&#8221;link_option_url&#8221; _module_preset=&#8221;default&#8221; link_option_url=&#8221;@ET-DC@eyJkeW5hbWljIjp0cnVlLCJjb250ZW50IjoicG9zdF9saW5rX3VybF9wYWdlIiwic2V0dGluZ3MiOnsicG9zdF9pZCI6IjM0In19@&#8221; global_colors_info=&#8221;{}&#8221;][\/et_pb_column][et_pb_column type=&#8221;1_2&#8243; _builder_version=&#8221;4.19.5&#8243; _module_preset=&#8221;default&#8221; custom_css_main_element=&#8221;margin:auto;&#8221; global_colors_info=&#8221;{}&#8221;][et_pb_text content_tablet=&#8221;<\/p>\n<h3>Fontana luminosa di design<\/h3>\n<p>Zus\u00e4tzlich zu den Vorteilen eines normalen Brunnens wird durch das warme Licht dieser Brunnen ein besonderes Gef\u00fchl an Gem\u00fctlichkeit und Geborgenheit ver\u00adbreitet. Die Brunnen sind f\u00fcr diverse R\u00e4umlichkeiten geeignet und verleihen jedem Ort einen individuellen Charme.&#8221; content_phone=&#8221;<\/p>\n<h3>Fontana luminosa di design<\/h3>\n<p>Zus\u00e4tzlich zu den Vorteilen eines normalen Brunnens wird durch das warme Licht dieser Brunnen ein besonderes Gef\u00fchl an Gem\u00fctlichkeit und Geborgenheit ver\u00adbreitet. Die Brunnen sind f\u00fcr diverse R\u00e4umlichkeiten geeignet und verleihen jedem Ort einen individuellen Charme.&#8221; content_last_edited=&#8221;on|desktop&#8221; _builder_version=&#8221;4.19.5&#8243; _module_preset=&#8221;default&#8221; text_text_color=&#8221;#FFFFFF&#8221; text_font_size=&#8221;1.3rem&#8221; text_line_height=&#8221;1.7rem&#8221; header_2_text_color=&#8221;#244F8A&#8221; header_2_font_size=&#8221;2.7rem&#8221; header_3_text_color=&#8221;#FFFFFF&#8221; header_3_font_size=&#8221;2rem&#8221; text_font_size_tablet=&#8221;1.1rem&#8221; text_font_size_phone=&#8221;1rem&#8221; text_font_size_last_edited=&#8221;on|desktop&#8221; header_3_font_size_tablet=&#8221;1.7rem&#8221; header_3_font_size_phone=&#8221;1.3rem&#8221; header_3_font_size_last_edited=&#8221;on|phone&#8221; inline_fonts=&#8221;Barlow Bold,Barlow Regular,barlow bold&#8221; global_colors_info=&#8221;{}&#8221;]<\/p>\n<h3>Fontana luminosa di design<\/h3>\n<p><span>Sono incluse fontane luminose di design <span style=\"font-family: 'barlow bold'; font-weight: normal;\">,,<\/span><\/span><span style=\"font-family: 'barlow bold'; font-weight: normal;\"><strong>Marmo S\u00f6lker<\/strong><\/span><span><span style=\"font-family: 'barlow bold'; font-weight: normal;\">\u201c <\/span>o altro marmo cristallino<span style=\"font-family: 'barlow bold'; font-weight: normal;\"><strong> esclusivamente<\/strong><\/span> nel nostro\u00a0<\/span><span style=\"font-family: 'barlow bold';\"><strong>proprio laboratorio in Austria<\/strong><\/span><span>\u00a0manufatto. IL <span style=\"font-family: 'Barlow Regular'; font-weight: normal;\">straordinario <\/span>Il design di questa fontana \u00e8 caratterizzato dal marmo. D<\/span>La calda luce di queste fontane crea una speciale sensazione di comfort e sicurezza.<\/p>\n<p>[\/et_pb_text][et_pb_button button_url=&#8221;@ET-DC@eyJkeW5hbWljIjp0cnVlLCJjb250ZW50IjoicG9zdF9saW5rX3VybF9wYWdlIiwic2V0dGluZ3MiOnsicG9zdF9pZCI6IjM0In19@&#8221; button_text=&#8221;Mehr zu Design Lichtbrunnen!&#8221; _builder_version=&#8221;4.19.5&#8243; _dynamic_attributes=&#8221;button_url&#8221; _module_preset=&#8221;aa163f75-f00b-419a-aa44-e001467aabec&#8221; locked=&#8221;off&#8221; global_colors_info=&#8221;{}&#8221;][\/et_pb_button][\/et_pb_column][\/et_pb_row][\/et_pb_section]<\/p>","protected":false},"excerpt":{"rendered":"<p>Unser ProduktsortimentZimmerbrunnen Durch modernste Technik, langj\u00e4hrige Erfahrung und stilvollem Design, sind unsere Zimmerbrunnen ein Must-Have.\u00a0 Zimmerbrunnen erh\u00f6hen sp\u00fcrbar die Luftfeuchtigkeit und reinigen den Fein\u00adstaub aus der Luft. Wasser hat seit jeher auf unser mentales und k\u00f6rperliches Wohlbefinden eine positive Wirkung.Gartenbrunnen Gartenbrunnen k\u00f6nnen Au\u00dfenbereiche durch ihr Design stilistisch aufwerten und haben einen positiven Einfluss auf uns [&hellip;]<\/p>","protected":false},"author":1,"featured_media":0,"parent":0,"menu_order":0,"comment_status":"closed","ping_status":"closed","template":"","meta":{"_et_pb_use_builder":"on","_et_pb_old_content":"<!-- wp:divi\/placeholder \/-->","_et_gb_content_width":"","footnotes":""},"class_list":["post-856","page","type-page","status-publish","hentry"],"_links":{"self":[{"href":"https:\/\/www.aquadivo.com\/it\/wp-json\/wp\/v2\/pages\/856","targetHints":{"allow":["GET"]}}],"collection":[{"href":"https:\/\/www.aquadivo.com\/it\/wp-json\/wp\/v2\/pages"}],"about":[{"href":"https:\/\/www.aquadivo.com\/it\/wp-json\/wp\/v2\/types\/page"}],"author":[{"embeddable":true,"href":"https:\/\/www.aquadivo.com\/it\/wp-json\/wp\/v2\/users\/1"}],"replies":[{"embeddable":true,"href":"https:\/\/www.aquadivo.com\/it\/wp-json\/wp\/v2\/comments?post=856"}],"version-history":[{"count":0,"href":"https:\/\/www.aquadivo.com\/it\/wp-json\/wp\/v2\/pages\/856\/revisions"}],"wp:attachment":[{"href":"https:\/\/www.aquadivo.com\/it\/wp-json\/wp\/v2\/media?parent=856"}],"curies":[{"name":"wp","href":"https:\/\/api.w.org\/{rel}","templated":true}]}}