{"id":3438,"date":"2023-05-10T22:12:32","date_gmt":"2023-05-10T21:12:32","guid":{"rendered":"https:\/\/www.aquadivo.com\/?post_type=product&#038;p=3438"},"modified":"2023-05-11T11:42:07","modified_gmt":"2023-05-11T10:42:07","slug":"antikbrunnen-iberica","status":"publish","type":"product","link":"https:\/\/www.aquadivo.com\/it\/prodotto\/antica-fontana-iberica\/","title":{"rendered":"Fontana antica Iberica"},"content":{"rendered":"<p><strong>Fontana del villaggio in pietra naturale Saint Remy<\/strong><\/p>\n<p>Usiamo spesso una pietra semimorbida per questa fontana. Questa pietra calcarea proviene dalle montagne della Provenza, \u00e8 a grana fine, di colore bianco gesso e si lascia lavorare molto bene. L&#039;estrazione a cielo aperto del calcare a grana fine e denso risale all&#039;epoca romana.<\/p>\n<p>Per visualizzare i materiali, \u00e8 sufficiente fare clic sulle diverse opzioni del tipo di pietra.<\/p>","protected":false},"excerpt":{"rendered":"<p><strong>Fontana del villaggio in pietra naturale Saint Remy<\/strong><\/p>","protected":false},"featured_media":141,"comment_status":"open","ping_status":"closed","template":"","meta":{"_et_pb_use_builder":"on","_et_pb_old_content":"<strong>Dorfbrunnen Naturstein Saint Remy<\/strong>\r\n\r\nF\u00fcr diesen Brunnen verwenden wir h\u00e4ufig einen halbweichen Stein. Dieser Kalkstein stammt aus den Bergen der Provence, ist feink\u00f6rnig, kreidewei\u00df und kann sehr gut bearbeitet werden. Der unter freiem Himmel erfolgende Abbau des feink\u00f6rnigen und dichten Kalksteins geht auf die Zeit der R\u00f6mer zur\u00fcck.\r\n\r\nUm die Materialien betrachten zu k\u00f6nnen, klicken Sie bitte einfach auf die verschiedenen Optionen der Steinsorten.","_et_gb_content_width":""},"product_cat":[46],"product_tag":[],"class_list":{"0":"post-3438","1":"product","2":"type-product","3":"status-publish","4":"has-post-thumbnail","6":"product_cat-antikbrunnen","7":"product_shipping_class-schwere-artikel","9":"first","10":"instock","11":"taxable","12":"shipping-taxable","13":"product-type-simple"},"_links":{"self":[{"href":"https:\/\/www.aquadivo.com\/it\/wp-json\/wp\/v2\/product\/3438","targetHints":{"allow":["GET"]}}],"collection":[{"href":"https:\/\/www.aquadivo.com\/it\/wp-json\/wp\/v2\/product"}],"about":[{"href":"https:\/\/www.aquadivo.com\/it\/wp-json\/wp\/v2\/types\/product"}],"replies":[{"embeddable":true,"href":"https:\/\/www.aquadivo.com\/it\/wp-json\/wp\/v2\/comments?post=3438"}],"wp:featuredmedia":[{"embeddable":true,"href":"https:\/\/www.aquadivo.com\/it\/wp-json\/wp\/v2\/media\/141"}],"wp:attachment":[{"href":"https:\/\/www.aquadivo.com\/it\/wp-json\/wp\/v2\/media?parent=3438"}],"wp:term":[{"taxonomy":"product_cat","embeddable":true,"href":"https:\/\/www.aquadivo.com\/it\/wp-json\/wp\/v2\/product_cat?post=3438"},{"taxonomy":"product_tag","embeddable":true,"href":"https:\/\/www.aquadivo.com\/it\/wp-json\/wp\/v2\/product_tag?post=3438"}],"curies":[{"name":"wp","href":"https:\/\/api.w.org\/{rel}","templated":true}]}}