{"id":11,"date":"2023-02-20T14:20:00","date_gmt":"2023-02-20T14:20:00","guid":{"rendered":"https:\/\/www.aquadivo.com\/?page_id=11"},"modified":"2023-11-28T14:07:29","modified_gmt":"2023-11-28T13:07:29","slug":"ueber-uns","status":"publish","type":"page","link":"https:\/\/www.aquadivo.com\/pl\/o-nas\/","title":{"rendered":"O nas"},"content":{"rendered":"<p>[et_pb_section fb_built=&#8221;1&#8243; admin_label=&#8221;Section&#8221; _builder_version=&#8221;4.23.1&#8243; _module_preset=&#8221;default&#8221; background_image=&#8221;https:\/\/www.aquadivo.com\/wp-content\/uploads\/2023\/03\/gartenbrunnen-shop-banner1800x650-01.jpg&#8221; z_index=&#8221;0&#8243; height=&#8221;600px&#8221; height_tablet=&#8221;600px&#8221; height_phone=&#8221;490px&#8221; height_last_edited=&#8221;on|phone&#8221; custom_margin=&#8221;||||false|false&#8221; animation_style=&#8221;slide&#8221; animation_direction=&#8221;bottom&#8221; animation_delay=&#8221;300ms&#8221; animation_intensity_slide=&#8221;2%&#8221; hover_enabled=&#8221;0&#8243; global_colors_info=&#8221;{}&#8221; sticky_enabled=&#8221;0&#8243;][\/et_pb_section][et_pb_section fb_built=&#8221;1&#8243; custom_padding_last_edited=&#8221;on|phone&#8221; _builder_version=&#8221;4.19.5&#8243; _module_preset=&#8221;default&#8221; custom_padding=&#8221;8vh||8vh||false|false&#8221; custom_padding_tablet=&#8221;6vh||6vh||false|false&#8221; custom_padding_phone=&#8221;4vh||4vh||false|false&#8221; animation_style=&#8221;slide&#8221; animation_direction=&#8221;bottom&#8221; animation_delay=&#8221;300ms&#8221; animation_intensity_slide=&#8221;2%&#8221; scroll_vertical_motion=&#8221;18|50|50|100|1|0|-4&#8243; motion_trigger_start=&#8221;top&#8221; global_colors_info=&#8221;{}&#8221;][et_pb_row custom_padding_last_edited=&#8221;on|tablet&#8221; _builder_version=&#8221;4.19.5&#8243; _module_preset=&#8221;default&#8221; width=&#8221;100%&#8221; width_tablet=&#8221;90%&#8221; width_phone=&#8221;90%&#8221; width_last_edited=&#8221;on|phone&#8221; max_width=&#8221;1200px&#8221; custom_padding=&#8221;0px||0px||false|false&#8221; custom_padding_tablet=&#8221;||0px||false|false&#8221; custom_padding_phone=&#8221;||3vh||false|false&#8221; animation_direction=&#8221;bottom&#8221; animation_duration_tablet=&#8221;1000ms&#8221; animation_duration_phone=&#8221;1000ms&#8221; animation_duration_last_edited=&#8221;on|tablet&#8221; animation_delay_tablet=&#8221;300ms&#8221; animation_delay_phone=&#8221;300ms&#8221; animation_delay_last_edited=&#8221;on|tablet&#8221; global_colors_info=&#8221;{}&#8221;][et_pb_column type=&#8221;4_4&#8243; _builder_version=&#8221;4.19.5&#8243; _module_preset=&#8221;default&#8221; global_colors_info=&#8221;{}&#8221;][et_pb_text admin_label=&#8221;Text&#8221; _builder_version=&#8221;4.19.5&#8243; _module_preset=&#8221;7ea19da9-fe49-4ff8-89fe-69ba67c08c82&#8243; header_2_font=&#8221;barlow condensed bold||||||||&#8221; custom_margin=&#8221;||6vh||false|false&#8221; custom_margin_tablet=&#8221;||4vh||false|false&#8221; custom_margin_phone=&#8221;||3vh||false|false&#8221; custom_margin_last_edited=&#8221;on|tablet&#8221; animation_style=&#8221;none&#8221; text_font_size_tablet=&#8221;1.1rem&#8221; text_font_size_phone=&#8221;1rem&#8221; text_font_size_last_edited=&#8221;on|phone&#8221; header_2_font_size_tablet=&#8221;2.3rem&#8221; header_2_font_size_phone=&#8221;1.8rem&#8221; header_2_font_size_last_edited=&#8221;on|phone&#8221; header_3_font_size_tablet=&#8221;1.7rem&#8221; header_3_font_size_phone=&#8221;1.3rem&#8221; header_3_font_size_last_edited=&#8221;on|phone&#8221; inline_fonts=&#8221;Barlow Bold,barlow bold&#8221; global_colors_info=&#8221;{}&#8221;]<\/p>\n<h2><strong>O nas<\/strong><\/h2>\n<p><strong><\/strong><\/p>\n<h3><strong>produkcji i rozwoju produktu<\/strong><\/h3>\n<p>Od 25 lat zajmujemy si\u0119 budow\u0105 szerokiej gamy fontann i oczek wodnych, zar\u00f3wno do u\u017cytku wewn\u0119trznego, jak i zewn\u0119trznego. Intensywne badanie wp\u0142ywu wody i jej przep\u0142ywu na r\u00f3\u017cne materia\u0142y jest kamieniem w\u0119gielnym naszej dog\u0142\u0119bnej wiedzy. Ponadto<span style=\"font-family: 'barlow bold'; font-weight: normal;\"> <strong>ci\u0105g\u0142y rozw\u00f3j r\u00f3\u017cnych fontann i indywidualnych system\u00f3w fontann<\/strong><\/span> wymagane i podstawa naszego sukcesu.<\/p>\n<p>Dzi\u0119ki wieloletniej dzia\u0142alno\u015bci w tej bran\u017cy uda\u0142o nam si\u0119 nawi\u0105za\u0107 kontakty z wybranymi producentami w r\u00f3\u017cnorodnych hurtowniach materia\u0142owych. To pozwala nam robi\u0107 swoje <span style=\"font-family: 'barlow bold'; font-weight: normal;\"><strong>Materia\u0142y z pierwszej r\u0119ki<\/strong><\/span> odnie\u015b\u0107 si\u0119.<\/p>\n<p>Szczeg\u00f3ln\u0105 uwag\u0119 zwracamy na<span style=\"font-family: 'barlow bold'; font-weight: normal;\"> <strong>jako\u015b\u0107 w przetw\u00f3rstwie<\/strong><\/span> materia\u0142\u00f3w i oferty a<span style=\"font-family: 'barlow bold'; font-weight: normal;\"> <strong>szerokie zr\u00f3\u017cnicowanie<\/strong><\/span> na optycznie skutecznym <span style=\"font-family: 'barlow bold';\"><strong>projekty<\/strong><\/span> Na. Dzi\u0119ki temu mo\u017cemy dostarcza\u0107 naszym klientom wysokiej jako\u015bci gam\u0119 unikalnych produkt\u00f3w.<\/p>\n<p>[\/et_pb_text][et_pb_text admin_label=&#8221;Text&#8221; _builder_version=&#8221;4.19.5&#8243; _module_preset=&#8221;7ea19da9-fe49-4ff8-89fe-69ba67c08c82&#8243; custom_margin=&#8221;||6vh||false|false&#8221; custom_margin_tablet=&#8221;||4vh||false|false&#8221; custom_margin_phone=&#8221;||3vh||false|false&#8221; custom_margin_last_edited=&#8221;on|phone&#8221; animation_style=&#8221;none&#8221; text_font_size_tablet=&#8221;1.1rem&#8221; text_font_size_phone=&#8221;1rem&#8221; text_font_size_last_edited=&#8221;on|phone&#8221; header_2_font_size_tablet=&#8221;&#8221; header_2_font_size_phone=&#8221;1.8rem&#8221; header_2_font_size_last_edited=&#8221;on|phone&#8221; header_3_font_size_tablet=&#8221;1.7rem&#8221; header_3_font_size_phone=&#8221;1.3rem&#8221; header_3_font_size_last_edited=&#8221;on|phone&#8221; inline_fonts=&#8221;Barlow Bold,barlow bold&#8221; global_colors_info=&#8221;{}&#8221; link_text_color__hover_enabled=&#8221;on|hover&#8221; link_text_color__hover=&#8221;#244F8A&#8221;]<\/p>\n<h3><strong>sprzeda\u017cy i rynku <\/strong><\/h3>\n<p>Nasz region sprzeda\u017cy to g\u0142\u00f3wnie Unia Europejska. Na \u017cyczenie istnieje jednak mo\u017cliwo\u015b\u0107 wysy\u0142ki naszych produkt\u00f3w do innych kraj\u00f3w trzecich, takich jak Bo\u015bnia, Serbia, Anglia, Szwajcaria czy Kanada.<span style=\"font-family: 'barlow bold'; font-weight: normal;\"> <strong>dropshippingu <\/strong><\/span>jest jednak tylko aktywny <span style=\"font-family: 'barlow bold'; font-weight: normal;\"><strong>Pa\u0144stwa cz\u0142onkowskie Unii Europejskiej<\/strong><\/span> mo\u017cliwy.<\/p>\n<p>Chcemy i\u015b\u0107 z tob\u0105 <span style=\"font-family: 'barlow bold'; font-weight: normal;\"><strong>wybranych partner\u00f3w<\/strong><\/span> w wy\u017cej wymienionych regionach <span style=\"font-family: 'barlow bold'; font-weight: normal;\"><strong>partnerstwo dystrybucyjne<\/strong> <\/span>Wchodzi\u0107. Zawsze z przyjemno\u015bci\u0105 pomagamy Pa\u0144stwu w realizacji Pa\u0144stwa pomys\u0142\u00f3w, korzystaj\u0105c z naszego do\u015bwiadczenia i know-how.<\/p>\n<p>Chcieliby\u015bmy wsp\u00f3\u0142pracowa\u0107 z bran\u017cami:<\/p>\n<ul>\n<li><span style=\"font-family: 'barlow bold'; font-weight: normal;\">projekt ogrodu<\/span><\/li>\n<li><span style=\"font-family: 'barlow bold'; font-weight: normal;\">Centrum Ogrodnicze<\/span><\/li>\n<li><span style=\"font-family: 'barlow bold'; font-weight: normal;\">\u017c\u0142obki<\/span><\/li>\n<li><span style=\"font-family: 'barlow bold'; font-weight: normal;\">architekci<\/span><\/li>\n<li><span style=\"font-family: 'barlow bold'; font-weight: normal;\">studia mieszkalne<\/span><\/li>\n<li><span style=\"font-family: 'barlow bold'; font-weight: normal;\">dekorator wn\u0119trz<\/span><\/li>\n<li><span style=\"font-family: 'barlow bold'; font-weight: normal;\">centrum budowlane<\/span><\/li>\n<li><span style=\"font-family: 'barlow bold'; font-weight: normal;\">handlarze kamieniami<\/span><\/li>\n<li><span style=\"font-family: 'barlow bold'; font-weight: normal;\">handlarze kamieni szlachetnych<\/span><\/li>\n<\/ul>\n<p>Wi\u0119cej informacji o <span style=\"font-family: 'barlow bold';\"><strong>partnerstwo dystrybucyjne <\/strong><\/span>my\u015blisz...?Znajd\u017a <a href=\"https:\/\/www.aquadivo.com\/pl\/zostan-partnerem-handlowym\/\">Tutaj<\/a>!<\/p>\n<p>[\/et_pb_text][\/et_pb_column][\/et_pb_row][et_pb_row custom_padding_last_edited=&#8221;on|tablet&#8221; _builder_version=&#8221;4.19.5&#8243; _module_preset=&#8221;default&#8221; width=&#8221;100%&#8221; width_tablet=&#8221;90%&#8221; width_phone=&#8221;90%&#8221; width_last_edited=&#8221;on|phone&#8221; max_width=&#8221;1200px&#8221; custom_padding=&#8221;0px||0px||false|false&#8221; custom_padding_tablet=&#8221;||0px||false|false&#8221; custom_padding_phone=&#8221;||3vh||false|false&#8221; animation_style=&#8221;slide&#8221; animation_direction=&#8221;bottom&#8221; animation_delay=&#8221;300ms&#8221; animation_intensity_slide=&#8221;2%&#8221; animation_duration_tablet=&#8221;1000ms&#8221; animation_duration_phone=&#8221;1000ms&#8221; animation_duration_last_edited=&#8221;on|tablet&#8221; animation_delay_tablet=&#8221;300ms&#8221; animation_delay_phone=&#8221;300ms&#8221; animation_delay_last_edited=&#8221;on|tablet&#8221; global_colors_info=&#8221;{}&#8221;][et_pb_column type=&#8221;4_4&#8243; _builder_version=&#8221;4.19.5&#8243; _module_preset=&#8221;default&#8221; global_colors_info=&#8221;{}&#8221;][et_pb_text admin_label=&#8221;Text&#8221; _builder_version=&#8221;4.19.5&#8243; _module_preset=&#8221;7ea19da9-fe49-4ff8-89fe-69ba67c08c82&#8243; custom_margin=&#8221;||6vh||false|false&#8221; custom_margin_tablet=&#8221;||4vh||false|false&#8221; custom_margin_phone=&#8221;||3vh||false|false&#8221; custom_margin_last_edited=&#8221;on|phone&#8221; animation_style=&#8221;none&#8221; text_font_size_tablet=&#8221;1.1rem&#8221; text_font_size_phone=&#8221;1rem&#8221; text_font_size_last_edited=&#8221;on|phone&#8221; header_2_font_size_tablet=&#8221;&#8221; header_2_font_size_phone=&#8221;1.8rem&#8221; header_2_font_size_last_edited=&#8221;on|phone&#8221; header_3_font_size_tablet=&#8221;1.7rem&#8221; header_3_font_size_phone=&#8221;1.3rem&#8221; header_3_font_size_last_edited=&#8221;on|phone&#8221; inline_fonts=&#8221;Barlow Bold,barlow condensed bold,barlow bold&#8221; global_colors_info=&#8221;{}&#8221;]<\/p>\n<h3><strong>Nasza filozofia \u2013 jak pracujemy<\/strong><\/h3>\n<p>Naszym g\u0142\u00f3wnym celem jest <span style=\"font-family: 'barlow bold'; font-weight: normal;\"><strong>zadowolenie naszych klient\u00f3w<\/strong><\/span>. Tylko w ten spos\u00f3b mo\u017cna budowa\u0107 d\u0142ugotrwa\u0142e i udane relacje biznesowe. Opieramy si\u0119 na kompetentnym i profesjonalnym doradztwie. A je\u015bli co\u015b nie \u201edzia\u0142a tak dobrze\u201d, to obowi\u0105zuje nasze przykazanie:<\/p>\n<p><span style=\"color: #244f8a; font-family: 'barlow condensed bold'; font-size: x-large;\"><span style=\"font-weight: normal;\"><strong>Natychmiast otwarte s\u0142owo. To tak\u017ce tworzy przyjaci\u00f3\u0142. <\/strong><\/span><\/span><\/p>\n<p>Zawsze jeste\u015bmy otwarci na Pa\u0144stwa sugestie. S\u0105 one przyjmowane z wdzi\u0119czno\u015bci\u0105, zawsze brane pod uwag\u0119 i by\u0107 mo\u017ce r\u00f3wnie\u017c wdra\u017cane.<\/p>\n<p>Od 25 lat wsp\u00f3\u0142pracujemy z klientami z r\u00f3\u017cnych bran\u017c, takich jak projektowanie ogrod\u00f3w, projektowanie wn\u0119trz i handel kamieniem. Mamy tego klienta, kt\u00f3remu mo\u017cemy podzi\u0119kowa\u0107. Tylko dzi\u0119ki Wam mo\u017cemy odnosi\u0107 sukcesy jako firma i zdobywa\u0107 bezcenn\u0105 wiedz\u0119 i do\u015bwiadczenie. Jeste\u015bmy bardzo zmotywowani, aby go mie\u0107 <span style=\"font-family: 'barlow bold'; font-weight: normal;\"><strong>udana koncepcja <\/strong><\/span>i realizowa\u0107 cele, kt\u00f3re sobie stawiamy. Od 1998 roku z pasj\u0105 zapewniamy naszym klientom <span style=\"font-family: 'barlow bold'; font-weight: normal;\"><strong>najlepsza obs\u0142uga<\/strong><\/span>, <span style=\"font-family: 'barlow bold'; font-weight: normal;\"><strong>najwy\u017csza jako\u015b\u0107<\/strong> <\/span>I <span style=\"font-family: 'barlow bold';\"><strong>znacz\u0105cych partner\u00f3w biznesowych<\/strong><\/span> odbiera\u0107.<\/p>\n<p>[\/et_pb_text][\/et_pb_column][\/et_pb_row][\/et_pb_section][et_pb_section fb_built=&#8221;1&#8243; custom_padding_last_edited=&#8221;on|phone&#8221; _builder_version=&#8221;4.19.5&#8243; _module_preset=&#8221;default&#8221; use_background_color_gradient=&#8221;on&#8221; background_color_gradient_stops=&#8221;#00afef 0%|#244f8a 100%&#8221; custom_padding=&#8221;8vh||8vh||true|false&#8221; custom_padding_tablet=&#8221;6vh||6vh||true|false&#8221; custom_padding_phone=&#8221;6vh||6vh||true|false&#8221; global_colors_info=&#8221;{}&#8221;][et_pb_row column_structure=&#8221;1_3,1_3,1_3&#8243; make_equal=&#8221;on&#8221; custom_padding_last_edited=&#8221;on|phone&#8221; admin_label=&#8221;Zahlen&#8221; _builder_version=&#8221;4.19.5&#8243; _module_preset=&#8221;default&#8221; width=&#8221;95%&#8221; width_tablet=&#8221;90%&#8221; width_phone=&#8221;90%&#8221; width_last_edited=&#8221;on|desktop&#8221; max_width=&#8221;1200px&#8221; custom_padding=&#8221;0px||0px||false|false&#8221; custom_padding_tablet=&#8221;0px||0px||false|false&#8221; custom_padding_phone=&#8221;||0px||false|false&#8221; global_colors_info=&#8221;{}&#8221;][et_pb_column type=&#8221;1_3&#8243; _builder_version=&#8221;4.19.5&#8243; _module_preset=&#8221;default&#8221; global_colors_info=&#8221;{}&#8221;][et_pb_number_counter title=&#8221;installierte Brunnen&#8221; number=&#8221;730&#8243; percent_sign=&#8221;off&#8221; _builder_version=&#8221;4.20.2&#8243; _module_preset=&#8221;default&#8221; title_text_color=&#8221;#FFFFFF&#8221; title_font_size=&#8221;2rem&#8221; number_font=&#8221;||||||||&#8221; number_text_color=&#8221;#FFFFFF&#8221; custom_padding=&#8221;||||false|false&#8221; title_font_size_tablet=&#8221;1.7rem&#8221; title_font_size_phone=&#8221;1.3rem&#8221; title_font_size_last_edited=&#8221;on|phone&#8221; number_font_size_tablet=&#8221;&#8221; number_font_size_phone=&#8221;66px&#8221; number_font_size_last_edited=&#8221;on|phone&#8221; global_colors_info=&#8221;{}&#8221;][\/et_pb_number_counter][\/et_pb_column][et_pb_column type=&#8221;1_3&#8243; _builder_version=&#8221;4.19.5&#8243; _module_preset=&#8221;default&#8221; global_colors_info=&#8221;{}&#8221;][et_pb_number_counter title=&#8221;Partner europaweit&#8221; number=&#8221;50&#8243; percent_sign=&#8221;off&#8221; _builder_version=&#8221;4.19.5&#8243; _module_preset=&#8221;default&#8221; title_text_color=&#8221;#FFFFFF&#8221; title_font_size=&#8221;2rem&#8221; number_font=&#8221;Barlow Regular||||||||&#8221; number_text_color=&#8221;#FFFFFF&#8221; custom_padding=&#8221;||||false|false&#8221; title_font_size_tablet=&#8221;1.7rem&#8221; title_font_size_phone=&#8221;1.3rem&#8221; title_font_size_last_edited=&#8221;on|phone&#8221; global_colors_info=&#8221;{}&#8221;][\/et_pb_number_counter][\/et_pb_column][et_pb_column type=&#8221;1_3&#8243; _builder_version=&#8221;4.19.5&#8243; _module_preset=&#8221;default&#8221; global_colors_info=&#8221;{}&#8221;][et_pb_number_counter title=&#8221;Kunden&#8221; number=&#8221;172&#8243; percent_sign=&#8221;off&#8221; _builder_version=&#8221;4.19.5&#8243; _module_preset=&#8221;default&#8221; title_text_color=&#8221;#FFFFFF&#8221; title_font_size=&#8221;2rem&#8221; number_font=&#8221;Barlow Regular||||||||&#8221; number_text_color=&#8221;#FFFFFF&#8221; custom_padding=&#8221;||||false|false&#8221; title_font_size_tablet=&#8221;1.7rem&#8221; title_font_size_phone=&#8221;1.3rem&#8221; title_font_size_last_edited=&#8221;on|phone&#8221; global_colors_info=&#8221;{}&#8221;][\/et_pb_number_counter][\/et_pb_column][\/et_pb_row][\/et_pb_section][et_pb_section fb_built=&#8221;1&#8243; admin_label=&#8221;Sektion&#8221; _builder_version=&#8221;4.20.2&#8243; _module_preset=&#8221;default&#8221; global_colors_info=&#8221;{}&#8221;][et_pb_row custom_padding_last_edited=&#8221;on|phone&#8221; _builder_version=&#8221;4.19.5&#8243; _module_preset=&#8221;default&#8221; width=&#8221;100%&#8221; width_tablet=&#8221;90%&#8221; width_phone=&#8221;90%&#8221; width_last_edited=&#8221;on|phone&#8221; max_width=&#8221;1200px&#8221; custom_padding=&#8221;0px||6vh||false|false&#8221; custom_padding_tablet=&#8221;||0px||false|false&#8221; custom_padding_phone=&#8221;||4vh||false|false&#8221; animation_style=&#8221;slide&#8221; animation_direction=&#8221;bottom&#8221; animation_delay=&#8221;300ms&#8221; animation_intensity_slide=&#8221;2%&#8221; animation_duration_tablet=&#8221;1000ms&#8221; animation_duration_phone=&#8221;1000ms&#8221; animation_duration_last_edited=&#8221;on|tablet&#8221; animation_delay_tablet=&#8221;300ms&#8221; animation_delay_phone=&#8221;300ms&#8221; animation_delay_last_edited=&#8221;on|tablet&#8221; global_colors_info=&#8221;{}&#8221;][et_pb_column type=&#8221;4_4&#8243; _builder_version=&#8221;4.19.5&#8243; _module_preset=&#8221;default&#8221; global_colors_info=&#8221;{}&#8221;][et_pb_text admin_label=&#8221;Text&#8221; _builder_version=&#8221;4.19.5&#8243; _module_preset=&#8221;7ea19da9-fe49-4ff8-89fe-69ba67c08c82&#8243; custom_margin=&#8221;||6vh||false|false&#8221; custom_margin_tablet=&#8221;||4vh||false|false&#8221; custom_margin_phone=&#8221;||3vh||false|false&#8221; custom_margin_last_edited=&#8221;on|phone&#8221; animation_style=&#8221;none&#8221; text_font_size_tablet=&#8221;1.1rem&#8221; text_font_size_phone=&#8221;1rem&#8221; text_font_size_last_edited=&#8221;on|phone&#8221; header_2_font_size_tablet=&#8221;&#8221; header_2_font_size_phone=&#8221;1.8rem&#8221; header_2_font_size_last_edited=&#8221;on|phone&#8221; header_3_font_size_tablet=&#8221;1.7rem&#8221; header_3_font_size_phone=&#8221;1.3rem&#8221; header_3_font_size_last_edited=&#8221;on|phone&#8221; inline_fonts=&#8221;Barlow Bold,barlow bold&#8221; global_colors_info=&#8221;{}&#8221; link_text_color__hover_enabled=&#8221;on|desktop&#8221; link_text_color__hover=&#8221;#244F8A&#8221;]<\/p>\n<h3><strong>Wystawa<\/strong><\/h3>\n<p>Odwied\u017a nas na naszej wystawie w M\u00f6dling. Z powierzchni\u0105 <span style=\"font-family: 'Barlow Bold'; font-weight: normal;\"><strong>\u0142\u0105cznie 3200 m\u00b2<\/strong>\u00a0<\/span>Dzi\u0119ki eksponatom fontann pokojowych i ogrodowych, a tak\u017ce najr\u00f3\u017cniejszym rodzajom kamienia naturalnego jeste\u015bmy w stanie pokaza\u0107 Pa\u0144stwu nasz\u0105 bogat\u0105 ofert\u0119 bezpo\u015brednio na miejscu. Ponadto posiadamy w\u0142asny warsztat, w kt\u00f3rym wytwarzana jest du\u017ca ilo\u015b\u0107 naszych wyrob\u00f3w.<\/p>\n<p>[\/et_pb_text][et_pb_text admin_label=&#8221;Text&#8221; _builder_version=&#8221;4.19.5&#8243; _module_preset=&#8221;7ea19da9-fe49-4ff8-89fe-69ba67c08c82&#8243; custom_margin=&#8221;||0vh||false|false&#8221; custom_margin_tablet=&#8221;||0vh||false|false&#8221; custom_margin_phone=&#8221;||0vh||false|false&#8221; custom_margin_last_edited=&#8221;on|phone&#8221; animation_style=&#8221;none&#8221; text_font_size_tablet=&#8221;1.1rem&#8221; text_font_size_phone=&#8221;1rem&#8221; text_font_size_last_edited=&#8221;on|phone&#8221; header_2_font_size_tablet=&#8221;&#8221; header_2_font_size_phone=&#8221;1.8rem&#8221; header_2_font_size_last_edited=&#8221;on|phone&#8221; header_3_font_size_tablet=&#8221;&#8221; header_3_font_size_phone=&#8221;1.3rem&#8221; header_3_font_size_last_edited=&#8221;on|phone&#8221; inline_fonts=&#8221;Barlow Bold,barlow bold&#8221; global_colors_info=&#8221;{}&#8221; link_text_color__hover_enabled=&#8221;on|desktop&#8221; link_text_color__hover=&#8221;#244F8A&#8221;]<\/p>\n<p>Punkt sprzeda\u017cy Modling<br \/>A-2340 Modling, Grenzgasse 40<\/p>\n<p><span style=\"font-family: 'barlow bold';\"><strong>Godziny otwarcia:<\/strong><\/span><br \/>poniedzia\u0142ek \u2013 pi\u0105tek od 9:00 do 17:00<br \/>sobota od 9:00 do 14:00<\/p>\n<p>TEL: +43(0)2236\/866 409<br \/>E-MAIL:<span>\u00a0<\/span><a href=\"mailto:office@aquadivo.com\">office@aquadivo.com<\/a><\/p>\n<p>[\/et_pb_text][\/et_pb_column][\/et_pb_row][et_pb_row custom_padding_last_edited=&#8221;on|tablet&#8221; _builder_version=&#8221;4.19.5&#8243; _module_preset=&#8221;default&#8221; width=&#8221;100%&#8221; width_tablet=&#8221;90%&#8221; width_phone=&#8221;90%&#8221; width_last_edited=&#8221;on|phone&#8221; max_width=&#8221;1200px&#8221; custom_padding=&#8221;0px||0px||false|false&#8221; custom_padding_tablet=&#8221;||0px||false|false&#8221; custom_padding_phone=&#8221;||3vh||false|false&#8221; animation_style=&#8221;slide&#8221; animation_direction=&#8221;bottom&#8221; animation_delay=&#8221;300ms&#8221; animation_intensity_slide=&#8221;2%&#8221; animation_duration_tablet=&#8221;1000ms&#8221; animation_duration_phone=&#8221;1000ms&#8221; animation_duration_last_edited=&#8221;on|tablet&#8221; animation_delay_tablet=&#8221;300ms&#8221; animation_delay_phone=&#8221;300ms&#8221; animation_delay_last_edited=&#8221;on|tablet&#8221; global_colors_info=&#8221;{}&#8221;][et_pb_column type=&#8221;4_4&#8243; _builder_version=&#8221;4.19.5&#8243; _module_preset=&#8221;default&#8221; global_colors_info=&#8221;{}&#8221;][et_pb_text admin_label=&#8221;Text&#8221; _builder_version=&#8221;4.19.5&#8243; _module_preset=&#8221;7ea19da9-fe49-4ff8-89fe-69ba67c08c82&#8243; custom_margin=&#8221;||0vh||false|false&#8221; custom_margin_tablet=&#8221;3vh||1vh||false|false&#8221; custom_margin_phone=&#8221;||0vh||false|false&#8221; custom_margin_last_edited=&#8221;on|phone&#8221; animation_style=&#8221;none&#8221; text_font_size_tablet=&#8221;1.1rem&#8221; text_font_size_phone=&#8221;1rem&#8221; text_font_size_last_edited=&#8221;on|phone&#8221; header_2_font_size_tablet=&#8221;&#8221; header_2_font_size_phone=&#8221;1.8rem&#8221; header_2_font_size_last_edited=&#8221;on|phone&#8221; header_3_font_size_tablet=&#8221;1.7rem&#8221; header_3_font_size_phone=&#8221;1.3rem&#8221; header_3_font_size_last_edited=&#8221;on|phone&#8221; inline_fonts=&#8221;Barlow Bold&#8221; global_colors_info=&#8221;{}&#8221; link_text_color__hover_enabled=&#8221;on|desktop&#8221; link_text_color__hover=&#8221;#244F8A&#8221;]<\/p>\n<h3 style=\"text-align: left;\"><strong>Jeste\u015bmy partnerami<\/strong><\/h3>\n<p>[\/et_pb_text][\/et_pb_column][\/et_pb_row][et_pb_row column_structure=&#8221;1_3,1_3,1_3&#8243; custom_padding_last_edited=&#8221;on|tablet&#8221; _builder_version=&#8221;4.19.5&#8243; _module_preset=&#8221;default&#8221; width=&#8221;100%&#8221; width_tablet=&#8221;90%&#8221; width_phone=&#8221;90%&#8221; width_last_edited=&#8221;on|phone&#8221; max_width=&#8221;1200px&#8221; custom_padding=&#8221;0px||0px||false|false&#8221; custom_padding_tablet=&#8221;||0px||false|false&#8221; custom_padding_phone=&#8221;||3vh||false|false&#8221; animation_style=&#8221;slide&#8221; animation_direction=&#8221;bottom&#8221; animation_delay=&#8221;300ms&#8221; animation_intensity_slide=&#8221;2%&#8221; animation_duration_tablet=&#8221;1000ms&#8221; animation_duration_phone=&#8221;1000ms&#8221; animation_duration_last_edited=&#8221;on|tablet&#8221; animation_delay_tablet=&#8221;300ms&#8221; animation_delay_phone=&#8221;300ms&#8221; animation_delay_last_edited=&#8221;on|tablet&#8221; global_colors_info=&#8221;{}&#8221;][et_pb_column type=&#8221;1_3&#8243; _builder_version=&#8221;4.19.5&#8243; _module_preset=&#8221;default&#8221; global_colors_info=&#8221;{}&#8221;][et_pb_image src=&#8221;https:\/\/www.aquadivo.com\/wp-content\/uploads\/2023\/03\/Logo_GALABAU.png&#8221; title_text=&#8221;Logo_GALABAU&#8221; url=&#8221;https:\/\/galabau-verband.at&#8221; url_new_window=&#8221;on&#8221; _builder_version=&#8221;4.19.5&#8243; _module_preset=&#8221;default&#8221; global_colors_info=&#8221;{}&#8221;][\/et_pb_image][\/et_pb_column][et_pb_column type=&#8221;1_3&#8243; _builder_version=&#8221;4.19.5&#8243; _module_preset=&#8221;default&#8221; global_colors_info=&#8221;{}&#8221;][\/et_pb_column][et_pb_column type=&#8221;1_3&#8243; _builder_version=&#8221;4.19.5&#8243; _module_preset=&#8221;default&#8221; global_colors_info=&#8221;{}&#8221;][\/et_pb_column][\/et_pb_row][\/et_pb_section][et_pb_section fb_built=&#8221;1&#8243; admin_label=&#8221;button_vertrieb&#8221; _builder_version=&#8221;4.19.5&#8243; _module_preset=&#8221;default&#8221; custom_padding=&#8221;0px||0px||false|false&#8221; global_colors_info=&#8221;{}&#8221;][et_pb_row _builder_version=&#8221;4.19.5&#8243; _module_preset=&#8221;default&#8221; width=&#8221;100%&#8221; max_width=&#8221;100%&#8221; custom_padding=&#8221;0px||0px||false|false&#8221; global_colors_info=&#8221;{}&#8221;][et_pb_column type=&#8221;4_4&#8243; _builder_version=&#8221;4.19.5&#8243; _module_preset=&#8221;default&#8221; global_colors_info=&#8221;{}&#8221;][et_pb_button button_url=&#8221;@ET-DC@eyJkeW5hbWljIjp0cnVlLCJjb250ZW50IjoicG9zdF9saW5rX3VybF9wYWdlIiwic2V0dGluZ3MiOnsicG9zdF9pZCI6IjQ0In19@&#8221; button_text=&#8221;Vertriebspartner werden&#8221; button_alignment=&#8221;right&#8221; _builder_version=&#8221;4.19.5&#8243; _dynamic_attributes=&#8221;button_url&#8221; _module_preset=&#8221;aa163f75-f00b-419a-aa44-e001467aabec&#8221; positioning=&#8221;fixed&#8221; position_origin_f=&#8221;bottom_right&#8221; vertical_offset=&#8221;10px&#8221; horizontal_offset=&#8221;10px&#8221; z_index=&#8221;9998&#8243; global_colors_info=&#8221;{}&#8221;][\/et_pb_button][\/et_pb_column][\/et_pb_row][\/et_pb_section]<\/p>","protected":false},"excerpt":{"rendered":"<p>\u00dcber Uns Herstellung und Produktentwicklung Seit 25 Jahren besch\u00e4ftigen wir uns mit dem Bau von verschiedensten Brunnen und Wasserspielen, sowohl f\u00fcr den Innen-, als auch f\u00fcr den Au\u00dfenbereich. Die intensive Befassung mit der Wirkung von Wasser und dessen Flie\u00dfverhalten auf verschiedenen Materialien ist der Grundstein f\u00fcr unser tiefgehendes Wissen. Des Weiteren ist die laufende Entwicklung [&hellip;]<\/p>","protected":false},"author":1,"featured_media":0,"parent":0,"menu_order":0,"comment_status":"closed","ping_status":"closed","template":"","meta":{"_et_pb_use_builder":"on","_et_pb_old_content":"","_et_gb_content_width":"1920","footnotes":""},"class_list":["post-11","page","type-page","status-publish","hentry"],"_links":{"self":[{"href":"https:\/\/www.aquadivo.com\/pl\/wp-json\/wp\/v2\/pages\/11","targetHints":{"allow":["GET"]}}],"collection":[{"href":"https:\/\/www.aquadivo.com\/pl\/wp-json\/wp\/v2\/pages"}],"about":[{"href":"https:\/\/www.aquadivo.com\/pl\/wp-json\/wp\/v2\/types\/page"}],"author":[{"embeddable":true,"href":"https:\/\/www.aquadivo.com\/pl\/wp-json\/wp\/v2\/users\/1"}],"replies":[{"embeddable":true,"href":"https:\/\/www.aquadivo.com\/pl\/wp-json\/wp\/v2\/comments?post=11"}],"version-history":[{"count":1,"href":"https:\/\/www.aquadivo.com\/pl\/wp-json\/wp\/v2\/pages\/11\/revisions"}],"predecessor-version":[{"id":4387,"href":"https:\/\/www.aquadivo.com\/pl\/wp-json\/wp\/v2\/pages\/11\/revisions\/4387"}],"wp:attachment":[{"href":"https:\/\/www.aquadivo.com\/pl\/wp-json\/wp\/v2\/media?parent=11"}],"curies":[{"name":"wp","href":"https:\/\/api.w.org\/{rel}","templated":true}]}}