{"id":2,"date":"2023-02-20T13:02:56","date_gmt":"2023-02-20T13:02:56","guid":{"rendered":"https:\/\/www.aquadivo.com\/?page_id=2"},"modified":"2023-03-29T22:55:50","modified_gmt":"2023-03-29T21:55:50","slug":"sample-page","status":"publish","type":"page","link":"https:\/\/www.aquadivo.com\/pl\/przykladowa-strona\/","title":{"rendered":"Przyk\u0142adowa Strona"},"content":{"rendered":"<p>[et_pb_section fb_built=&#8221;1&#8243; _builder_version=&#8221;4.16&#8243; global_colors_info=&#8221;{}&#8221;][et_pb_row _builder_version=&#8221;4.16&#8243; background_size=&#8221;initial&#8221; background_position=&#8221;top_left&#8221; background_repeat=&#8221;repeat&#8221; global_colors_info=&#8221;{}&#8221;][et_pb_column type=&#8221;4_4&#8243; _builder_version=&#8221;4.16&#8243; custom_padding=&#8221;|||&#8221; global_colors_info=&#8221;{}&#8221; custom_padding__hover=&#8221;|||&#8221;][et_pb_text _builder_version=&#8221;4.19.5&#8243; background_size=&#8221;initial&#8221; background_position=&#8221;top_left&#8221; background_repeat=&#8221;repeat&#8221; hover_enabled=&#8221;0&#8243; global_colors_info=&#8221;{}&#8221; sticky_enabled=&#8221;0&#8243; text_font=&#8221;barlow condensed regular||||||||&#8221;]<\/p>\n<p><!-- divi:paragraph -->To jest przyk\u0142adowa strona. R\u00f3\u017cni si\u0119 od wpisu na blogu tym, \u017ce pozostanie w jednym miejscu i b\u0119dzie widoczny w nawigacji Twojej witryny (w wi\u0119kszo\u015bci temat\u00f3w). Wi\u0119kszo\u015b\u0107 ludzi zaczyna od strony Informacje, kt\u00f3ra przedstawia ich potencjalnym odwiedzaj\u0105cym witryn\u0119. Mo\u017ce powiedzie\u0107 co\u015b takiego:<\/p>\n<p><!-- \/divi:paragraph --><\/p>\n<p><!-- divi:quote --><\/p>\n<blockquote class=\"wp-block-quote\">\n<p><!-- divi:paragraph -->Cze\u015b\u0107! W dzie\u0144 jestem kurierem rowerowym, w nocy aspiruj\u0105cym aktorem, a to jest moja strona internetowa. Mieszkam w Los Angeles, mam wspania\u0142ego psa o imieniu Jack i lubi\u0119 pi\u00f1a colad\u0119. (I z\u0142apa\u0142 mnie deszcz.)<\/p>\n<p><!-- \/divi:paragraph --><\/p>\n<\/blockquote>\n<p><!-- \/divi:quote --><\/p>\n<p><!-- divi:paragraph -->\u2026lub co\u015b w tym stylu:<\/p>\n<p><!-- \/divi:paragraph --><\/p>\n<p><!-- divi:quote --><\/p>\n<blockquote class=\"wp-block-quote\">\n<p><!-- divi:paragraph -->Firma XYZ Doohickey zosta\u0142a za\u0142o\u017cona w 1971 roku i od tego czasu dostarcza spo\u0142ecze\u0144stwu wysokiej jako\u015bci klucze doohickey. Zlokalizowana w Gotham City firma XYZ zatrudnia ponad 2000 os\u00f3b i robi mn\u00f3stwo niesamowitych rzeczy dla spo\u0142eczno\u015bci Gotham.<\/p>\n<p><!-- \/divi:paragraph --><\/p>\n<\/blockquote>\n<p><!-- \/divi:quote --><\/p>\n<p><!-- divi:paragraph -->Jako nowy u\u017cytkownik WordPressa powiniene\u015b przej\u015b\u0107 do <a href=\"https:\/\/www.aquadivo.com\/wp-admin\/\">sw\u00f3j pulpit nawigacyjny<\/a> aby usun\u0105\u0107 t\u0119 stron\u0119 i utworzy\u0107 nowe strony dla swojej zawarto\u015bci. Baw si\u0119 dobrze!<\/p>\n<p>&nbsp;<\/p>\n<p><span>Cze\u015b\u0107. Jestem troch\u0119 \u015blepym tekstem. I tak by\u0142o odk\u0105d pami\u0119tam. Nie by\u0142o \u0142atwo zrozumie\u0107, co to znaczy by\u0107 \u015blepym tekstem: nie ma to sensu. Naprawd\u0119 nie ma sensu. S\u0105 one wstawiane i odwracane niesp\u00f3jnie \u2013 a cz\u0119sto nawet nie s\u0105 czytane. Ale czy samo to czyni mnie gorszym tekstem od innych? C\u00f3\u017c, nigdy nie znajd\u0119 si\u0119 na listach bestseller\u00f3w. Ale inne teksty te\u017c tego nie robi\u0105. I dlatego nie przeszkadza mi specjalnie to, \u017ce jestem niewidomy. A je\u015bli nadal czytasz te linijki, jako ma\u0142y \u015blepy tekst osi\u0105gn\u0105\u0142em co\u015b, o czym wszystkie prawdziwe i wa\u017cne teksty zwykle tylko marz\u0105.<\/span><\/p>\n<p><!-- \/divi:paragraph --><\/p>\n<p>[\/et_pb_text][\/et_pb_column][\/et_pb_row][\/et_pb_section]<\/p>","protected":false},"excerpt":{"rendered":"<p>This is an example page. It&#8217;s different from a blog post because it will stay in one place and will show up in your site navigation (in most themes). Most people start with an About page that introduces them to potential site visitors. It might say something like this: Hi there! I&#8217;m a bike messenger [&hellip;]<\/p>","protected":false},"author":1,"featured_media":0,"parent":0,"menu_order":0,"comment_status":"closed","ping_status":"open","template":"","meta":{"_et_pb_use_builder":"on","_et_pb_old_content":"<!-- wp:paragraph -->\n<p>This is an example page. It's different from a blog post because it will stay in one place and will show up in your site navigation (in most themes). Most people start with an About page that introduces them to potential site visitors. It might say something like this:<\/p>\n<!-- \/wp:paragraph -->\n\n<!-- wp:quote -->\n<blockquote class=\"wp-block-quote\"><!-- wp:paragraph -->\n<p>Hi there! I'm a bike messenger by day, aspiring actor by night, and this is my website. I live in Los Angeles, have a great dog named Jack, and I like pi\u00f1a coladas. (And gettin' caught in the rain.)<\/p>\n<!-- \/wp:paragraph --><\/blockquote>\n<!-- \/wp:quote -->\n\n<!-- wp:paragraph -->\n<p>...or something like this:<\/p>\n<!-- \/wp:paragraph -->\n\n<!-- wp:quote -->\n<blockquote class=\"wp-block-quote\"><!-- wp:paragraph -->\n<p>The XYZ Doohickey Company was founded in 1971, and has been providing quality doohickeys to the public ever since. Located in Gotham City, XYZ employs over 2,000 people and does all kinds of awesome things for the Gotham community.<\/p>\n<!-- \/wp:paragraph --><\/blockquote>\n<!-- \/wp:quote -->\n\n<!-- wp:paragraph -->\n<p>As a new WordPress user, you should go to <a href=\"https:\/\/www.aquadivo.com\/wp-admin\/\">your dashboard<\/a> to delete this page and create new pages for your content. Have fun!<\/p>\n<!-- \/wp:paragraph -->","_et_gb_content_width":"","footnotes":""},"class_list":["post-2","page","type-page","status-publish","hentry"],"_links":{"self":[{"href":"https:\/\/www.aquadivo.com\/pl\/wp-json\/wp\/v2\/pages\/2","targetHints":{"allow":["GET"]}}],"collection":[{"href":"https:\/\/www.aquadivo.com\/pl\/wp-json\/wp\/v2\/pages"}],"about":[{"href":"https:\/\/www.aquadivo.com\/pl\/wp-json\/wp\/v2\/types\/page"}],"author":[{"embeddable":true,"href":"https:\/\/www.aquadivo.com\/pl\/wp-json\/wp\/v2\/users\/1"}],"replies":[{"embeddable":true,"href":"https:\/\/www.aquadivo.com\/pl\/wp-json\/wp\/v2\/comments?post=2"}],"version-history":[{"count":0,"href":"https:\/\/www.aquadivo.com\/pl\/wp-json\/wp\/v2\/pages\/2\/revisions"}],"wp:attachment":[{"href":"https:\/\/www.aquadivo.com\/pl\/wp-json\/wp\/v2\/media?parent=2"}],"curies":[{"name":"wp","href":"https:\/\/api.w.org\/{rel}","templated":true}]}}