{"id":34,"date":"2023-02-20T15:18:29","date_gmt":"2023-02-20T15:18:29","guid":{"rendered":"https:\/\/www.aquadivo.com\/?page_id=34"},"modified":"2023-04-01T00:22:13","modified_gmt":"2023-03-31T23:22:13","slug":"design-lichtbrunnen","status":"publish","type":"page","link":"https:\/\/www.aquadivo.com\/pl\/zaprojektuj-swietlna-fontanne\/","title":{"rendered":"Zaprojektuj \u015bwietln\u0105 fontann\u0119"},"content":{"rendered":"<p>[et_pb_section fb_built=&#8221;1&#8243; module_class=&#8221;pa-parallax-background-image-size&#8221; _builder_version=&#8221;4.19.5&#8243; _module_preset=&#8221;a7dd5aff-7621-4b17-83f8-ba8d3ae5a575&#8243; use_background_color_gradient=&#8221;off&#8221; background_image=&#8221;https:\/\/www.aquadivo.com\/wp-content\/uploads\/2023\/03\/steinlicht-banner1800x650-01-1.jpg&#8221; parallax=&#8221;off&#8221; height_phone=&#8221;490px&#8221; background_last_edited=&#8221;on|phone&#8221; background_image_phone=&#8221;https:\/\/www.aquadivo.com\/wp-content\/uploads\/2023\/03\/WhatsApp-Image-2023-03-21-at-16.24.33.jpeg&#8221; background_enable_image_phone=&#8221;on&#8221; global_colors_info=&#8221;{}&#8221;][\/et_pb_section][et_pb_section fb_built=&#8221;1&#8243; custom_padding_last_edited=&#8221;on|phone&#8221; _builder_version=&#8221;4.19.5&#8243; _module_preset=&#8221;default&#8221; custom_padding=&#8221;8vh||8vh||true|false&#8221; custom_padding_tablet=&#8221;6vh||6vh||true|false&#8221; custom_padding_phone=&#8221;4vh||4vh||true|false&#8221; global_colors_info=&#8221;{}&#8221;][et_pb_row custom_padding_last_edited=&#8221;on|phone&#8221; _builder_version=&#8221;4.19.5&#8243; _module_preset=&#8221;default&#8221; width=&#8221;100%&#8221; width_tablet=&#8221;90%&#8221; width_phone=&#8221;90%&#8221; width_last_edited=&#8221;on|phone&#8221; max_width=&#8221;1200px&#8221; custom_padding=&#8221;0px||6vh||false|false&#8221; custom_padding_tablet=&#8221;0px||6vh||false|false&#8221; custom_padding_phone=&#8221;||4vh||false|false&#8221; global_colors_info=&#8221;{}&#8221;][et_pb_column type=&#8221;4_4&#8243; _builder_version=&#8221;4.19.5&#8243; _module_preset=&#8221;default&#8221; global_colors_info=&#8221;{}&#8221;][et_pb_text _builder_version=&#8221;4.19.5&#8243; _module_preset=&#8221;default&#8221; text_text_color=&#8221;#6B7D87&#8243; text_font_size=&#8221;1.3rem&#8221; text_line_height=&#8221;1.7rem&#8221; header_text_color=&#8221;#FFFFFF&#8221; header_2_text_color=&#8221;#244F8A&#8221; header_2_font_size=&#8221;2.7rem&#8221; header_2_line_height=&#8221;1.3em&#8221; text_font_size_tablet=&#8221;1.1rem&#8221; text_font_size_phone=&#8221;1rem&#8221; text_font_size_last_edited=&#8221;on|phone&#8221; header_2_font_size_tablet=&#8221;2.3rem&#8221; header_2_font_size_phone=&#8221;1.8rem&#8221; header_2_font_size_last_edited=&#8221;on|phone&#8221; inline_fonts=&#8221;Barlow Bold,barlow bold&#8221; global_colors_info=&#8221;{}&#8221;]<\/p>\n<h2><strong>Zaprojektuj \u015bwietln\u0105 fontann\u0119<\/strong><\/h2>\n<p>Designerskie fontanny \u015bwietlne s\u0105 szczeg\u00f3lnie korzystne dla dobrego samopoczucia. Opr\u00f3cz zalet zwyk\u0142ej fontanny, to <span style=\"font-family: 'Barlow Bold'; font-weight: normal;\"><strong>ciep\u0142e \u015bwiat\u0142o<\/strong><\/span> ta fontanna daje szczeg\u00f3lne uczucie <span style=\"font-family: 'barlow bold';\"><strong>przytulno\u015b\u0107 <\/strong><\/span>I <span style=\"font-family: 'Barlow Bold'; font-weight: normal;\"><strong>bezpiecze\u0144stwo<\/strong> <\/span>rozpowszechnianie si\u0119. Fontanny pasuj\u0105 do r\u00f3\u017cnych pomieszcze\u0144 i nadaj\u0105 ka\u017cdemu miejscu indywidualny urok.<\/p>\n<p>[\/et_pb_text][\/et_pb_column][\/et_pb_row][et_pb_row column_structure=&#8221;1_2,1_2&#8243; make_equal=&#8221;on&#8221; custom_padding_last_edited=&#8221;on|phone&#8221; _builder_version=&#8221;4.19.5&#8243; _module_preset=&#8221;default&#8221; width=&#8221;100%&#8221; width_tablet=&#8221;90%&#8221; width_phone=&#8221;90%&#8221; width_last_edited=&#8221;on|phone&#8221; max_width=&#8221;1200px&#8221; custom_padding=&#8221;0px||6vh||false|false&#8221; custom_padding_tablet=&#8221;||4vh||false|false&#8221; custom_padding_phone=&#8221;||4vh||false|false&#8221; global_colors_info=&#8221;{}&#8221;][et_pb_column type=&#8221;1_2&#8243; _builder_version=&#8221;4.19.5&#8243; _module_preset=&#8221;default&#8221; global_colors_info=&#8221;{}&#8221;][et_pb_image src=&#8221;https:\/\/www.aquadivo.com\/wp-content\/uploads\/2023\/03\/soelker-marmor-gartenbrunnen-lichbrunnen-SET3-yale14.jpg&#8221; alt=&#8221;Lichtbrunnen s\u00f6lker marmor gartenbrunnen&#8221; title_text=&#8221;soelker-marmor-gartenbrunnen-lichbrunnen-SET3-yale14&#8243; module_class=&#8221;et-zoom-in&#8221; _builder_version=&#8221;4.19.5&#8243; _module_preset=&#8221;default&#8221; custom_padding_tablet=&#8221;&#8221; custom_padding_phone=&#8221;&#8221; custom_padding_last_edited=&#8221;on|phone&#8221; border_radii=&#8221;on|3px|3px|3px|3px&#8221; global_colors_info=&#8221;{}&#8221;][\/et_pb_image][\/et_pb_column][et_pb_column type=&#8221;1_2&#8243; _builder_version=&#8221;4.19.5&#8243; _module_preset=&#8221;default&#8221; custom_css_main_element=&#8221;margin:auto;&#8221; global_colors_info=&#8221;{}&#8221;][et_pb_text _builder_version=&#8221;4.19.5&#8243; _module_preset=&#8221;default&#8221; text_text_color=&#8221;#6B7D87&#8243; text_font_size=&#8221;1.3rem&#8221; text_line_height=&#8221;1.7rem&#8221; text_font_size_tablet=&#8221;1.1rem&#8221; text_font_size_phone=&#8221;1rem&#8221; text_font_size_last_edited=&#8221;on|phone&#8221; inline_fonts=&#8221;Barlow Bold&#8221; global_colors_info=&#8221;{}&#8221;]<\/p>\n<p>Designerskie fontanny \u015bwietlne wykonane s\u0105 z ,,<span style=\"font-family: 'Barlow Bold'; font-weight: normal;\"><strong>Marmur S\u00f6lker<\/strong><\/span>&#039; lub inny krystaliczny marmur wy\u0142\u0105cznie u nas <span style=\"font-family: 'Barlow Bold'; font-weight: normal;\"><strong>w\u0142asny warsztat w Austrii<\/strong><\/span> zrobiony fabrycznie. Niezwyk\u0142y projekt tej fontanny charakteryzuje si\u0119 marmurem. Inkluzje skalne i rysunki tworz\u0105 r\u00f3\u017cne efekty \u015bwietlne w ka\u017cdym modelu. Do o\u015bwietlenia najcz\u0119\u015bciej stosuje si\u0119 podwodne lampy halogenowe.<\/p>\n<p>Jest te\u017c kilka okaz\u00f3w rzadkiego okazu z Portugalii <span style=\"font-family: 'Barlow Bold'; font-weight: normal;\"><strong>Marmur Rosa Portugallo<\/strong><\/span> i z, pochodz\u0105ce z W\u0142och, <span style=\"font-family: 'Barlow Bold';\"><strong>Marmur z Carrary<\/strong><\/span>. Rysunki marmuru i gra wody wsp\u00f3\u0142graj\u0105 ze sob\u0105 i zapraszaj\u0105 do podziwiania i relaksu. Mog\u0105 r\u00f3wnie\u017c rozwin\u0105\u0107 sw\u00f3j pe\u0142ny efekt na zewn\u0105trz, a zw\u0142aszcza w nocy <span style=\"font-family: 'Barlow Bold';\"><strong>stylowo uzupe\u0142niaj\u0105 projekt szerokiej gamy obiekt\u00f3w zewn\u0119trznych<\/strong><\/span>.<\/p>\n<p>[\/et_pb_text][\/et_pb_column][\/et_pb_row][et_pb_row column_structure=&#8221;1_3,1_3,1_3&#8243; _builder_version=&#8221;4.19.5&#8243; _module_preset=&#8221;default&#8221; width=&#8221;95%&#8221; width_tablet=&#8221;90%&#8221; width_phone=&#8221;90%&#8221; width_last_edited=&#8221;on|phone&#8221; max_width=&#8221;1200px&#8221; custom_padding=&#8221;0px||0px||false|false&#8221; global_colors_info=&#8221;{}&#8221;][et_pb_column type=&#8221;1_3&#8243; _builder_version=&#8221;4.19.5&#8243; _module_preset=&#8221;default&#8221; global_colors_info=&#8221;{}&#8221;][et_pb_image src=&#8221;https:\/\/www.aquadivo.com\/wp-content\/uploads\/2023\/03\/gartenbrunnen-soelker-marmor40x40cm-Wuerfel-06.jpg&#8221; alt=&#8221;Gartenbrunnen S\u00f6lker Marmor W\u00fcrfel&#8221; title_text=&#8221;gartenbrunnen-soelker-marmor40x40cm-Wuerfel-06&#8243; module_class=&#8221;et-zoom-in&#8221; _builder_version=&#8221;4.19.5&#8243; _module_preset=&#8221;default&#8221; border_radii=&#8221;on|3px|3px|3px|3px&#8221; global_colors_info=&#8221;{}&#8221;][\/et_pb_image][\/et_pb_column][et_pb_column type=&#8221;1_3&#8243; _builder_version=&#8221;4.19.5&#8243; _module_preset=&#8221;default&#8221; global_colors_info=&#8221;{}&#8221;][et_pb_image src=&#8221;https:\/\/www.aquadivo.com\/wp-content\/uploads\/2023\/03\/lichtbrunnen-design-gartenbrunnen-emperador2022-01.jpg&#8221; alt=&#8221;Gartenbrunnen S\u00f6lker Marmor&#8221; title_text=&#8221;lichtbrunnen-design-gartenbrunnen-emperador2022-01&#8243; module_class=&#8221;et-zoom-in&#8221; _builder_version=&#8221;4.19.5&#8243; _module_preset=&#8221;default&#8221; border_radii=&#8221;on|3px|3px|3px|3px&#8221; locked=&#8221;off&#8221; global_colors_info=&#8221;{}&#8221;][\/et_pb_image][\/et_pb_column][et_pb_column type=&#8221;1_3&#8243; _builder_version=&#8221;4.19.5&#8243; _module_preset=&#8221;default&#8221; global_colors_info=&#8221;{}&#8221;][et_pb_image src=&#8221;https:\/\/www.aquadivo.com\/wp-content\/uploads\/2023\/03\/wasserwand-garten-lichtbrunnen-bonvidas2022-02.jpg&#8221; alt=&#8221;Wasserwand Lichtbrunnen S\u00f6lker Marmor&#8221; title_text=&#8221;wasserwand-garten-lichtbrunnen-bonvidas2022-02&#8243; module_class=&#8221;et-zoom-in&#8221; _builder_version=&#8221;4.19.5&#8243; _module_preset=&#8221;default&#8221; border_radii=&#8221;on|3px|3px|3px|3px&#8221; locked=&#8221;off&#8221; global_colors_info=&#8221;{}&#8221;][\/et_pb_image][\/et_pb_column][\/et_pb_row][\/et_pb_section][et_pb_section fb_built=&#8221;1&#8243; admin_label=&#8221;button_vertrieb&#8221; _builder_version=&#8221;4.19.5&#8243; _module_preset=&#8221;default&#8221; custom_padding=&#8221;0px||0px||false|false&#8221; global_colors_info=&#8221;{}&#8221;][et_pb_row _builder_version=&#8221;4.19.5&#8243; _module_preset=&#8221;default&#8221; width=&#8221;100%&#8221; max_width=&#8221;100%&#8221; custom_padding=&#8221;0px||0px||false|false&#8221; global_colors_info=&#8221;{}&#8221;][et_pb_column type=&#8221;4_4&#8243; _builder_version=&#8221;4.19.5&#8243; _module_preset=&#8221;default&#8221; global_colors_info=&#8221;{}&#8221;][et_pb_button button_url=&#8221;@ET-DC@eyJkeW5hbWljIjp0cnVlLCJjb250ZW50IjoicG9zdF9saW5rX3VybF9wYWdlIiwic2V0dGluZ3MiOnsicG9zdF9pZCI6IjQ0In19@&#8221; button_text=&#8221;Vertriebspartner werden&#8221; button_alignment=&#8221;right&#8221; _builder_version=&#8221;4.19.5&#8243; _dynamic_attributes=&#8221;button_url&#8221; _module_preset=&#8221;aa163f75-f00b-419a-aa44-e001467aabec&#8221; positioning=&#8221;fixed&#8221; position_origin_f=&#8221;bottom_right&#8221; vertical_offset=&#8221;10px&#8221; horizontal_offset=&#8221;10px&#8221; z_index=&#8221;9998&#8243; global_colors_info=&#8221;{}&#8221;][\/et_pb_button][\/et_pb_column][\/et_pb_row][\/et_pb_section]<\/p>","protected":false},"excerpt":{"rendered":"<p>Design Lichtbrunnen Design Lichtbrunnen sind besonders f\u00f6rdernd f\u00fcr das Wohlbefinden. Zus\u00e4tzlich zu den Vorteilen eines normalen Brunnens wird durch das warme Licht dieser Brunnen ein besonderes Gef\u00fchl an Gem\u00fctlichkeit und Geborgenheit verbreitet. Die Brunnen sind f\u00fcr diverse R\u00e4umlichkeiten geeignet und verleihen jedem Ort einen individuellen Charme.Design Lichtbrunnen werden mit ,,S\u00f6lker Marmor\u201c oder anderem kristallinnen Marmor [&hellip;]<\/p>","protected":false},"author":1,"featured_media":0,"parent":0,"menu_order":0,"comment_status":"closed","ping_status":"closed","template":"","meta":{"_et_pb_use_builder":"on","_et_pb_old_content":"<!-- wp:divi\/placeholder \/-->","_et_gb_content_width":"","footnotes":""},"class_list":["post-34","page","type-page","status-publish","hentry"],"_links":{"self":[{"href":"https:\/\/www.aquadivo.com\/pl\/wp-json\/wp\/v2\/pages\/34","targetHints":{"allow":["GET"]}}],"collection":[{"href":"https:\/\/www.aquadivo.com\/pl\/wp-json\/wp\/v2\/pages"}],"about":[{"href":"https:\/\/www.aquadivo.com\/pl\/wp-json\/wp\/v2\/types\/page"}],"author":[{"embeddable":true,"href":"https:\/\/www.aquadivo.com\/pl\/wp-json\/wp\/v2\/users\/1"}],"replies":[{"embeddable":true,"href":"https:\/\/www.aquadivo.com\/pl\/wp-json\/wp\/v2\/comments?post=34"}],"version-history":[{"count":0,"href":"https:\/\/www.aquadivo.com\/pl\/wp-json\/wp\/v2\/pages\/34\/revisions"}],"wp:attachment":[{"href":"https:\/\/www.aquadivo.com\/pl\/wp-json\/wp\/v2\/media?parent=34"}],"curies":[{"name":"wp","href":"https:\/\/api.w.org\/{rel}","templated":true}]}}