{"id":38,"date":"2023-02-20T15:19:08","date_gmt":"2023-02-20T15:19:08","guid":{"rendered":"https:\/\/www.aquadivo.com\/?page_id=38"},"modified":"2023-04-13T09:38:23","modified_gmt":"2023-04-13T08:38:23","slug":"aussenbereich","status":"publish","type":"page","link":"https:\/\/www.aquadivo.com\/pl\/zewnetrzny-obszar\/","title":{"rendered":"Zewn\u0119trzny obszar"},"content":{"rendered":"<p>[et_pb_section fb_built=&#8221;1&#8243; _builder_version=&#8221;4.19.5&#8243; _module_preset=&#8221;1b58ed5b-6370-4c81-9ae9-39a9863c86e3&#8243; background_image=&#8221;https:\/\/www.aquadivo.com\/wp-content\/uploads\/2023\/03\/wasserfall-brunnen-banner1800x650-02.jpg&#8221; parallax=&#8221;off&#8221; height_tablet=&#8221;600px&#8221; height_phone=&#8221;490px&#8221; height_last_edited=&#8221;on|phone&#8221; animation_duration=&#8221;1000ms&#8221; animation_delay=&#8221;300ms&#8221; animation_intensity_slide=&#8221;2%&#8221; animation_duration_tablet=&#8221;1000ms&#8221; animation_duration_phone=&#8221;500ms&#8221; animation_duration_last_edited=&#8221;on|phone&#8221; global_colors_info=&#8221;{}&#8221;][\/et_pb_section][et_pb_section fb_built=&#8221;1&#8243; custom_padding_last_edited=&#8221;on|phone&#8221; _builder_version=&#8221;4.19.5&#8243; _module_preset=&#8221;default&#8221; custom_padding=&#8221;8vh||8vh||true|false&#8221; custom_padding_tablet=&#8221;6vh||6vh||true|false&#8221; custom_padding_phone=&#8221;4vh||4vh||true|false&#8221; global_colors_info=&#8221;{}&#8221;][et_pb_row custom_padding_last_edited=&#8221;on|phone&#8221; _builder_version=&#8221;4.19.5&#8243; _module_preset=&#8221;default&#8221; width=&#8221;100%&#8221; width_tablet=&#8221;90%&#8221; width_phone=&#8221;90%&#8221; width_last_edited=&#8221;on|tablet&#8221; max_width=&#8221;1200px&#8221; max_width_tablet=&#8221;1200px&#8221; max_width_phone=&#8221;1200px&#8221; max_width_last_edited=&#8221;on|phone&#8221; custom_padding=&#8221;0px||||false|false&#8221; custom_padding_tablet=&#8221;0px||0px||false|false&#8221; custom_padding_phone=&#8221;0px||0px||false|false&#8221; animation_style=&#8221;slide&#8221; animation_direction=&#8221;bottom&#8221; animation_delay=&#8221;300ms&#8221; animation_intensity_slide=&#8221;2%&#8221; animation_delay_tablet=&#8221;200ms&#8221; animation_delay_phone=&#8221;100ms&#8221; animation_delay_last_edited=&#8221;on|phone&#8221; global_colors_info=&#8221;{}&#8221;][et_pb_column type=&#8221;4_4&#8243; _builder_version=&#8221;4.19.5&#8243; _module_preset=&#8221;default&#8221; global_colors_info=&#8221;{}&#8221;][et_pb_text _builder_version=&#8221;4.19.5&#8243; _module_preset=&#8221;7ea19da9-fe49-4ff8-89fe-69ba67c08c82&#8243; header_2_font=&#8221;barlow condensed bold||||||||&#8221; custom_margin=&#8221;||6vh||false|false&#8221; custom_margin_tablet=&#8221;||4vh||false|false&#8221; custom_margin_phone=&#8221;||3vh||false|false&#8221; custom_margin_last_edited=&#8221;on|phone&#8221; custom_padding=&#8221;||||false|false&#8221; animation_style=&#8221;none&#8221; text_font_size_tablet=&#8221;1.1rem&#8221; text_font_size_phone=&#8221;1rem&#8221; text_font_size_last_edited=&#8221;on|phone&#8221; header_2_font_size_tablet=&#8221;2.3rem&#8221; header_2_font_size_phone=&#8221;1.8rem&#8221; header_2_font_size_last_edited=&#8221;on|phone&#8221; header_3_font_size_tablet=&#8221;1.7rem&#8221; header_3_font_size_phone=&#8221;1.3rem&#8221; header_3_font_size_last_edited=&#8221;on|phone&#8221; inline_fonts=&#8221;Barlow Bold,barlow bold&#8221; global_colors_info=&#8221;{}&#8221;]<\/p>\n<h2><strong>Outdoor - stylowe fontanny i materia\u0142y<\/strong><\/h2>\n<h3><strong><\/strong><\/h3>\n<h3><strong>Fontanna jako element estetyczny obiekt\u00f3w zewn\u0119trznych<\/strong><\/h3>\n<p>Na zewn\u0105trz s\u0105 cz\u0119sto doskona\u0142\u0105 okazj\u0105 do fontanny. Czy to w parku, na terenie prywatnym czy na terenie firmy. Ludzie to bior\u0105 <span style=\"font-family: 'barlow bold'; font-weight: normal;\"><strong>pozytywny wp\u0142yw fontanny<\/strong><\/span> na jej <span style=\"font-family: 'barlow bold'; font-weight: normal;\"><strong>dobre samopoczucie<\/strong><\/span> prawda i gromadz\u0105 si\u0119 przy studni. Tam mog\u0105 si\u0119 zrelaksowa\u0107, zrobi\u0107 sobie przerw\u0119 i cieszy\u0107 si\u0119 ch\u0142odnym powietrzem wok\u00f3\u0142 fontanny.<\/p>\n<p>Z innym <span style=\"font-family: 'barlow bold'; font-weight: normal;\"><strong>charakter materia\u0142\u00f3w<\/strong><\/span>, tak dobrze jak<span style=\"font-family: 'barlow bold'; font-weight: normal;\"> <strong>projekt<\/strong><\/span> fontanny ogrodowe stanowi\u0105 efektowny akcent w ka\u017cdym terenie zewn\u0119trznym. Fontanny prze\u015bwituj\u0105<span style=\"font-family: 'barlow bold'; font-weight: normal;\"> <strong>o\u015bwietlenie <\/strong><\/span>nawet w nocy w jednym <span style=\"font-family: 'barlow bold'; font-weight: normal;\"><strong>wyj\u0105tkowa estetyka<\/strong><\/span> i zanurzy\u0107 swoje otoczenie w mi\u0119kkim \u015bwietle. konkretnie w <span style=\"font-family: 'barlow bold'; font-weight: normal;\"><strong>Austria wykona\u0142a \u015bwietln\u0105 fontann\u0119<\/strong><\/span> wykonane z wysokiej jako\u015bci marmuru \u201eS\u00f6lker\u201d l\u015bni\u0105 zw\u0142aszcza noc\u0105 i wchodz\u0105 do ogrod\u00f3w<span style=\"font-family: 'barlow bold'; font-weight: normal;\"> <strong>zapieraj\u0105ca dech w piersiach atmosfera.<\/strong><\/span><\/p>\n<p>[\/et_pb_text][et_pb_text _builder_version=&#8221;4.19.5&#8243; _module_preset=&#8221;7ea19da9-fe49-4ff8-89fe-69ba67c08c82&#8243; custom_margin_tablet=&#8221;||4vh||false|false&#8221; custom_margin_phone=&#8221;||3vh||false|false&#8221; custom_margin_last_edited=&#8221;on|phone&#8221; animation_style=&#8221;none&#8221; text_font_size_tablet=&#8221;1.1rem&#8221; text_font_size_phone=&#8221;1rem&#8221; text_font_size_last_edited=&#8221;on|phone&#8221; header_3_font_size_tablet=&#8221;1.7rem&#8221; header_3_font_size_phone=&#8221;1.3rem&#8221; header_3_font_size_last_edited=&#8221;on|phone&#8221; inline_fonts=&#8221;Barlow Bold,barlow bold&#8221; global_colors_info=&#8221;{}&#8221;]<\/p>\n<h3><strong>Stal, kamienie naturalne i szlachetne - materia\u0142y szlachetne<\/strong><\/h3>\n<p>Wa\u017cnym czynnikiem jest r\u00f3wnie\u017c materia\u0142 na zewn\u0105trz.<span style=\"font-family: 'barlow bold'; font-weight: normal;\"> <strong>Stal nierdzewna <\/strong><\/span>zlewa si\u0119 w jedno <span style=\"font-family: 'barlow bold'; font-weight: normal;\"><strong>nowoczesne \u015brodowisko<\/strong><\/span> wspania\u0142y. Dla kontrastu oferty <span style=\"font-family: 'barlow bold'; font-weight: normal;\"><strong>Stal cortenowa <\/strong><\/span>ciep\u0142a wersja stali nierdzewnej. Poprzez <strong>the <span style=\"font-family: 'barlow bold'; font-weight: normal;\">czerwonawy kolor<\/span><\/strong> zewn\u0119trznej warstwy rdzy, materia\u0142 wydaje si\u0119 cieplejszy i \u0142atwiejszy do czyszczenia <span style=\"font-family: 'barlow bold'; font-weight: normal;\"><strong>naturalny styl<\/strong> <\/span>by\u0107 po\u0142\u0105czone.<\/p>\n<p>Jako kamie\u0144 naturalny mo\u017cemy <span style=\"font-family: 'barlow bold'; font-weight: normal;\"><strong>Piaskowiec, granit i inne kamienie naturalne<\/strong><\/span> oferta. Nadaj\u0105 si\u0119 szczeg\u00f3lnie do... <span style=\"font-family: 'barlow bold'; font-weight: normal;\"><strong>Styl \u015br\u00f3dziemnomorski i antyczny<\/strong><\/span>. Jednak z tym te\u017c <span style=\"font-family: 'barlow bold'; font-weight: normal;\"><strong>Fontanna Kamienia \u0179r\u00f3d\u0142owego<\/strong><\/span> zrobiony fabrycznie. Kamie\u0144 \u017ar\u00f3d\u0142owy to kamie\u0144 naturalny, kt\u00f3ry ma <span style=\"font-family: 'barlow bold';\"><strong>wiercenie pionowe<\/strong><\/span> jest zapewniony. Nasza firma dostarcza r\u00f3wnie\u017c kamienie naturalne, takie jak piaskowce w <strong>wi\u0119ksze ilo\u015bci<\/strong> do w\u0142asnego dalszego przetwarzania lub odsprzeda\u017cy.<\/p>\n<p>[\/et_pb_text][\/et_pb_column][\/et_pb_row][et_pb_row custom_padding_last_edited=&#8221;on|phone&#8221; _builder_version=&#8221;4.19.5&#8243; _module_preset=&#8221;default&#8221; width=&#8221;100%&#8221; width_tablet=&#8221;90%&#8221; width_phone=&#8221;90%&#8221; width_last_edited=&#8221;on|tablet&#8221; max_width=&#8221;1200px&#8221; custom_padding=&#8221;||0px||false|false&#8221; custom_padding_tablet=&#8221;0px||0px||false|false&#8221; custom_padding_phone=&#8221;0px||0px||false|false&#8221; animation_style=&#8221;slide&#8221; animation_direction=&#8221;bottom&#8221; animation_delay=&#8221;300ms&#8221; animation_intensity_slide=&#8221;2%&#8221; animation_duration_tablet=&#8221;1000ms&#8221; animation_duration_phone=&#8221;0ms&#8221; animation_duration_last_edited=&#8221;on|phone&#8221; animation_delay_tablet=&#8221;100ms&#8221; animation_delay_phone=&#8221;0ms&#8221; animation_delay_last_edited=&#8221;on|phone&#8221; global_colors_info=&#8221;{}&#8221;][et_pb_column type=&#8221;4_4&#8243; _builder_version=&#8221;4.19.5&#8243; _module_preset=&#8221;default&#8221; global_colors_info=&#8221;{}&#8221;][et_pb_text _builder_version=&#8221;4.19.5&#8243; _module_preset=&#8221;7ea19da9-fe49-4ff8-89fe-69ba67c08c82&#8243; animation_style=&#8221;none&#8221; text_font_size_tablet=&#8221;1.1rem&#8221; text_font_size_phone=&#8221;1rem&#8221; text_font_size_last_edited=&#8221;on|phone&#8221; header_3_font_size_tablet=&#8221;1.7rem&#8221; header_3_font_size_phone=&#8221;1.3rem&#8221; header_3_font_size_last_edited=&#8221;on|phone&#8221; inline_fonts=&#8221;Barlow Bold,barlow bold&#8221; global_colors_info=&#8221;{}&#8221;]<\/p>\n<h3>Nasza oferta dla Ciebie<\/h3>\n<p>Chcesz w\u0142\u0105czy\u0107 nasze produkty do swojego asortymentu? Masz kreatywne sugestie i pomys\u0142y na w\u0142asny asortyment produkt\u00f3w?<br \/>Oferujemy Pa\u0144stwu mo\u017cliwo\u015b\u0107 <span style=\"font-family: 'barlow bold';\"><strong>jako\u015bciowe partnerstwo handlowe.<\/strong><\/span><\/p>\n<p>[\/et_pb_text][et_pb_button button_text=&#8221;Jetzt Vertriebspartner werden!&#8221; _builder_version=&#8221;4.19.5&#8243; _module_preset=&#8221;aa163f75-f00b-419a-aa44-e001467aabec&#8221; custom_margin=&#8221;2vh||2vh|0px|true|false&#8221; custom_margin_phone=&#8221;|||0vw|false|false&#8221; button_text_size_phone=&#8221;1.1em&#8221; global_colors_info=&#8221;{}&#8221; button_border_color__hover=&#8221;&#8221; button_border_color__hover_enabled=&#8221;on|desktop&#8221;][\/et_pb_button][et_pb_text _builder_version=&#8221;4.19.5&#8243; _module_preset=&#8221;default&#8221; text_font_size=&#8221;1.3rem&#8221; text_line_height=&#8221;1.72em&#8221; link_text_color=&#8221;#00AFEF&#8221; text_font_size_tablet=&#8221;1.1rem&#8221; text_font_size_phone=&#8221;1rem&#8221; text_font_size_last_edited=&#8221;on|phone&#8221; global_colors_info=&#8221;{}&#8221; link_text_color__hover_enabled=&#8221;on|hover&#8221; link_text_color__hover=&#8221;#244F8A&#8221;]<\/p>\n<p>Dodatkowo mo\u017cna dowiedzie\u0107 si\u0119 nt <a href=\"https:\/\/www.aquadivo.com\/pl\/rozwoj-produktu\/\">rozw\u00f3j produktu <\/a>I <a href=\"https:\/\/www.aquadivo.com\/pl\/rozwoj-produktu\/\">na miar\u0119<\/a> poinformowa\u0107.<\/p>\n<p>[\/et_pb_text][\/et_pb_column][\/et_pb_row][\/et_pb_section][et_pb_section fb_built=&#8221;1&#8243; admin_label=&#8221;button_vertrieb&#8221; _builder_version=&#8221;4.19.5&#8243; _module_preset=&#8221;default&#8221; custom_padding=&#8221;0px||0px||false|false&#8221; global_colors_info=&#8221;{}&#8221;][et_pb_row _builder_version=&#8221;4.19.5&#8243; _module_preset=&#8221;default&#8221; width=&#8221;100%&#8221; max_width=&#8221;100%&#8221; custom_padding=&#8221;0px||0px||false|false&#8221; global_colors_info=&#8221;{}&#8221;][et_pb_column type=&#8221;4_4&#8243; _builder_version=&#8221;4.19.5&#8243; _module_preset=&#8221;default&#8221; global_colors_info=&#8221;{}&#8221;][et_pb_button button_url=&#8221;@ET-DC@eyJkeW5hbWljIjp0cnVlLCJjb250ZW50IjoicG9zdF9saW5rX3VybF9wYWdlIiwic2V0dGluZ3MiOnsicG9zdF9pZCI6IjQ0In19@&#8221; button_text=&#8221;Vertriebspartner werden&#8221; button_alignment=&#8221;right&#8221; _builder_version=&#8221;4.19.5&#8243; _dynamic_attributes=&#8221;button_url&#8221; _module_preset=&#8221;aa163f75-f00b-419a-aa44-e001467aabec&#8221; positioning=&#8221;fixed&#8221; position_origin_f=&#8221;bottom_right&#8221; vertical_offset=&#8221;10px&#8221; horizontal_offset=&#8221;10px&#8221; z_index=&#8221;9998&#8243; global_colors_info=&#8221;{}&#8221;][\/et_pb_button][\/et_pb_column][\/et_pb_row][\/et_pb_section]<\/p>","protected":false},"excerpt":{"rendered":"<p>Outdoor \u2013 stilvolle Brunnen und Materialien Brunnen als \u00e4sthetisches Element f\u00fcr Au\u00dfenanlagen Im Au\u00dfenbereich bietet sich oftmals die perfekte Gelegenheit f\u00fcr einen Brunnen. Ob im Park, auf einem Privatgrundst\u00fcck oder auf einem Firmengel\u00e4nde. Die Menschen nehmen den positiven Einfluss des Brunnens auf ihr Wohlbefinden wahr und sammeln sich in der N\u00e4he des Brunnens. Dort k\u00f6nnen [&hellip;]<\/p>","protected":false},"author":1,"featured_media":0,"parent":0,"menu_order":0,"comment_status":"closed","ping_status":"closed","template":"","meta":{"_et_pb_use_builder":"on","_et_pb_old_content":"<!-- wp:divi\/placeholder \/-->","_et_gb_content_width":"","footnotes":""},"class_list":["post-38","page","type-page","status-publish","hentry"],"_links":{"self":[{"href":"https:\/\/www.aquadivo.com\/pl\/wp-json\/wp\/v2\/pages\/38","targetHints":{"allow":["GET"]}}],"collection":[{"href":"https:\/\/www.aquadivo.com\/pl\/wp-json\/wp\/v2\/pages"}],"about":[{"href":"https:\/\/www.aquadivo.com\/pl\/wp-json\/wp\/v2\/types\/page"}],"author":[{"embeddable":true,"href":"https:\/\/www.aquadivo.com\/pl\/wp-json\/wp\/v2\/users\/1"}],"replies":[{"embeddable":true,"href":"https:\/\/www.aquadivo.com\/pl\/wp-json\/wp\/v2\/comments?post=38"}],"version-history":[{"count":0,"href":"https:\/\/www.aquadivo.com\/pl\/wp-json\/wp\/v2\/pages\/38\/revisions"}],"wp:attachment":[{"href":"https:\/\/www.aquadivo.com\/pl\/wp-json\/wp\/v2\/media?parent=38"}],"curies":[{"name":"wp","href":"https:\/\/api.w.org\/{rel}","templated":true}]}}