{"id":44,"date":"2023-02-20T15:21:33","date_gmt":"2023-02-20T15:21:33","guid":{"rendered":"https:\/\/www.aquadivo.com\/?page_id=44"},"modified":"2023-03-30T00:24:19","modified_gmt":"2023-03-29T23:24:19","slug":"vertriebspartner-werden","status":"publish","type":"page","link":"https:\/\/www.aquadivo.com\/pl\/zostan-partnerem-handlowym\/","title":{"rendered":"zosta\u0144 partnerem handlowym"},"content":{"rendered":"<p>[et_pb_section fb_built=&#8221;1&#8243; _builder_version=&#8221;4.19.5&#8243; _module_preset=&#8221;1b58ed5b-6370-4c81-9ae9-39a9863c86e3&#8243; background_image=&#8221;https:\/\/www.aquadivo.com\/wp-content\/uploads\/2023\/03\/gartenbrunnen-startseite-banner-edelstahl.jpg&#8221; parallax=&#8221;off&#8221; height_tablet=&#8221;600px&#8221; height_phone=&#8221;490px&#8221; height_last_edited=&#8221;on|phone&#8221; animation_duration=&#8221;1000ms&#8221; animation_delay=&#8221;300ms&#8221; animation_intensity_slide=&#8221;2%&#8221; animation_duration_tablet=&#8221;&#8221; animation_duration_phone=&#8221;500ms&#8221; animation_duration_last_edited=&#8221;on|phone&#8221; global_colors_info=&#8221;{}&#8221;][\/et_pb_section][et_pb_section fb_built=&#8221;1&#8243; custom_padding_last_edited=&#8221;on|phone&#8221; _builder_version=&#8221;4.19.5&#8243; _module_preset=&#8221;default&#8221; custom_padding=&#8221;8vh||8vh||true|false&#8221; custom_padding_tablet=&#8221;6vh||6vh||true|false&#8221; custom_padding_phone=&#8221;4vh||4vh||true|false&#8221; animation_style=&#8221;slide&#8221; animation_direction=&#8221;bottom&#8221; animation_delay=&#8221;300ms&#8221; animation_intensity_slide=&#8221;2%&#8221; global_colors_info=&#8221;{}&#8221;][et_pb_row custom_padding_last_edited=&#8221;on|phone&#8221; _builder_version=&#8221;4.19.5&#8243; _module_preset=&#8221;default&#8221; width=&#8221;95%&#8221; width_tablet=&#8221;90%&#8221; width_phone=&#8221;90%&#8221; width_last_edited=&#8221;on|desktop&#8221; max_width=&#8221;1200px&#8221; custom_padding=&#8221;0px||||false|false&#8221; custom_padding_tablet=&#8221;0px||0px||false|false&#8221; custom_padding_phone=&#8221;0px||0px||true|false&#8221; animation_direction=&#8221;bottom&#8221; animation_direction_tablet=&#8221;bottom&#8221; animation_direction_phone=&#8221;bottom&#8221; animation_direction_last_edited=&#8221;on|phone&#8221; animation_delay_tablet=&#8221;500ms&#8221; animation_delay_phone=&#8221;200ms&#8221; animation_delay_last_edited=&#8221;on|phone&#8221; animation_intensity_slide_tablet=&#8221;2%&#8221; animation_intensity_slide_phone=&#8221;2%&#8221; animation_intensity_slide_last_edited=&#8221;on|desktop&#8221; global_colors_info=&#8221;{}&#8221;][et_pb_column type=&#8221;4_4&#8243; _builder_version=&#8221;4.19.5&#8243; _module_preset=&#8221;default&#8221; global_colors_info=&#8221;{}&#8221;][et_pb_text _builder_version=&#8221;4.19.5&#8243; _module_preset=&#8221;7ea19da9-fe49-4ff8-89fe-69ba67c08c82&#8243; ol_font_size=&#8221;1.3rem&#8221; ol_line_height=&#8221;1.7rem&#8221; header_2_font=&#8221;||||||||&#8221; header_2_line_height=&#8221;1.3em&#8221; custom_margin=&#8221;||3vh||false|false&#8221; custom_margin_tablet=&#8221;||2vh||false|false&#8221; custom_margin_phone=&#8221;||0vh||false|false&#8221; custom_margin_last_edited=&#8221;on|phone&#8221; animation_style=&#8221;none&#8221; animation_direction=&#8221;bottom&#8221; text_font_size_tablet=&#8221;1.1rem&#8221; text_font_size_phone=&#8221;1rem&#8221; text_font_size_last_edited=&#8221;on|desktop&#8221; ol_font_size_tablet=&#8221;1.1rem&#8221; ol_font_size_phone=&#8221;1rem&#8221; ol_font_size_last_edited=&#8221;on|phone&#8221; header_2_font_size_tablet=&#8221;2.3rem&#8221; header_2_font_size_phone=&#8221;1.8rem&#8221; header_2_font_size_last_edited=&#8221;on|phone&#8221; inline_fonts=&#8221;Barlow Bold,barlow bold&#8221; global_colors_info=&#8221;{}&#8221;]<\/p>\n<h2><strong><\/strong><\/h2>\n<h2><strong>zosta\u0144 partnerem handlowym<\/strong><\/h2>\n<p>Jeste\u015b zainteresowany wsp\u00f3\u0142prac\u0105 handlow\u0105? Czekamy na Pa\u0144stwa osobiste powitanie.<\/p>\n<p>Aby pozna\u0107 Ci\u0119 troch\u0119 lepiej, prosimy o to <a href=\"\/pl\/wp_aquadivo\/aplikuj-teraz\/\">formularz rejestracyjny<\/a> dla partner\u00f3w handlowych lub partner\u00f3w handlowych nale\u017cy wype\u0142ni\u0107 tak dok\u0142adnie, jak to mo\u017cliwe. Zapoznaj si\u0119 z nasz\u0105 polityk\u0105 prywatno\u015bci.<\/p>\n<p>Lubimy pracowa\u0107 z partnerami, kt\u00f3rzy s\u0105 entuzjastyczni i zaanga\u017cowani w swoje dzia\u0142ania sprzeda\u017cowe i marketingowe. W ka\u017cdym przypadku otrzymasz od nas kompetentn\u0105 porad\u0119 i wsparcie zorientowane na klienta, kt\u00f3re opiera si\u0119 na wymaganiach danej firmy.<\/p>\n<p>Niezale\u017cnie od tego, czy jeste\u015b mikroprzedsi\u0119biorc\u0105, \u015bredniej wielko\u015bci firm\u0105 czy kupcem z sieci handlowej, mamy lukratywn\u0105 ofert\u0119 dla ka\u017cdej wielko\u015bci firmy.<\/p>\n<p>Ten proces pokazuje, jak to jest mo\u017cliwe <span style=\"font-family: 'barlow bold'; font-weight: normal;\"><strong>nasz dystrybutor <\/strong><\/span>Do<span style=\"font-family: 'barlow bold'; font-weight: normal;\"><strong> sta\u0107 si\u0119<\/strong><\/span>:<\/p>\n<ol>\n<li>Z\u0142\u00f3\u017c wniosek na Aquadivo.com.<\/li>\n<li>Prze\u015blij swoj\u0105 licencj\u0119 biznesow\u0105 podczas aplikacji<\/li>\n<li>Zostanie to przez nas sprawdzone<\/li>\n<li>Wst\u0119pna rozmowa w trakcie wsp\u00f3\u0142pracy partnerskiej<\/li>\n<li>Po weryfikacji Twoje konto zostanie aktywowane<\/li>\n<li>Nast\u0119pnie mo\u017cesz pobra\u0107 produkty i cenniki w obszarze pobierania<\/li>\n<\/ol>\n<p>&nbsp;<\/p>\n<p>Jeste\u015b na jednym? <span style=\"font-family: 'barlow bold'; font-weight: normal;\"><strong>Partnerstwo handlowe zainteresowane<\/strong><\/span>?<\/p>\n<p>[\/et_pb_text][et_pb_button button_url=&#8221;@ET-DC@eyJkeW5hbWljIjp0cnVlLCJjb250ZW50IjoicG9zdF9saW5rX3VybF9wYWdlIiwic2V0dGluZ3MiOnsicG9zdF9pZCI6IjE4ODkifX0=@&#8221; button_text=&#8221;Jetzt bewerben!&#8221; _builder_version=&#8221;4.19.5&#8243; _dynamic_attributes=&#8221;button_url&#8221; _module_preset=&#8221;aa163f75-f00b-419a-aa44-e001467aabec&#8221; custom_margin=&#8221;||6vh|0px|false|false&#8221; custom_margin_tablet=&#8221;||4vh|0px|false|false&#8221; custom_margin_phone=&#8221;2vh||3vh|0vw|false|false&#8221; button_text_size_phone=&#8221;1.1em&#8221; global_colors_info=&#8221;{}&#8221;][\/et_pb_button][et_pb_text _builder_version=&#8221;4.19.5&#8243; _module_preset=&#8221;7ea19da9-fe49-4ff8-89fe-69ba67c08c82&#8243; header_2_line_height=&#8221;1.3em&#8221; custom_margin_tablet=&#8221;&#8221; custom_margin_phone=&#8221;||0vh||false|false&#8221; custom_margin_last_edited=&#8221;on|phone&#8221; animation_style=&#8221;none&#8221; animation_direction=&#8221;bottom&#8221; text_font_size_tablet=&#8221;1.1rem&#8221; text_font_size_phone=&#8221;1rem&#8221; text_font_size_last_edited=&#8221;on|desktop&#8221; header_3_font_size_tablet=&#8221;1.7rem&#8221; header_3_font_size_phone=&#8221;1.3rem&#8221; header_3_font_size_last_edited=&#8221;on|phone&#8221; animation_delay_tablet=&#8221;&#8221; animation_delay_phone=&#8221;200ms&#8221; animation_delay_last_edited=&#8221;on|phone&#8221; inline_fonts=&#8221;Barlow Bold,barlow bold&#8221; global_colors_info=&#8221;{}&#8221;]<\/p>\n<h3><strong>dropshippingu<\/strong><\/h3>\n<p>Oferujemy w ramach <span style=\"font-family: 'barlow bold'; font-weight: normal;\"><strong>aktywne pa\u0144stwa cz\u0142onkowskie Unii Europejskiej<\/strong><\/span> dropshipping na. Dzi\u0119ki tej metodzie wysy\u0142ki nasi partnerzy handlowi prezentuj\u0105 wybrane produkty z naszego asortymentu w swoim sklepie internetowym.<\/p>\n<p>Je\u015bli taki produkt zostanie nast\u0119pnie zakupiony, zam\u00f3wienie b\u0119dzie mia\u0142o form\u0119 a <span style=\"font-family: 'barlow bold'; font-weight: normal;\"><strong>dow\u00f3d dostawy<\/strong><\/span> przes\u0142ane do nas. Je\u015bli produkt nie jest ju\u017c dost\u0119pny w magazynie, jest nast\u0119pnie produkowany i pakowany. Na koniec paczka jest odbierana i dostarczana przez spedytora naszego partnera handlowego. Dla naszych partner\u00f3w handlowych oznacza to korzy\u015b\u0107 <span style=\"font-family: 'barlow bold';\"><strong>brak inwentarza<\/strong><\/span> wymaga\u0107.<\/p>\n<p>[\/et_pb_text][\/et_pb_column][\/et_pb_row][\/et_pb_section]<\/p>","protected":false},"excerpt":{"rendered":"<p>Vertriebspartner werden Sie sind an einer Vertriebspartnerschaft interessiert? Wir freuen uns Sie pers\u00f6nlich begr\u00fc\u00dfen zu d\u00fcrfen. Um Sie ein wenig besser kennenzulernen, bitten wir Sie, das Anmeldeformular f\u00fcr Vertriebspartner bzw. Handelspartner m\u00f6glichst vollst\u00e4ndig auszuf\u00fcllen. Bitte ber\u00fccksichtigen Sie unsere Datenschutzhinweise. Wir arbeiten gerne mit Partnern zusammen, die Ihren Vertriebs- und Marketingt\u00e4tigkeiten mit Enthusiasmus und Engagement nachgehen. [&hellip;]<\/p>","protected":false},"author":1,"featured_media":0,"parent":0,"menu_order":0,"comment_status":"closed","ping_status":"closed","template":"","meta":{"_et_pb_use_builder":"on","_et_pb_old_content":"<!-- wp:divi\/placeholder \/-->","_et_gb_content_width":"","footnotes":""},"class_list":["post-44","page","type-page","status-publish","hentry"],"_links":{"self":[{"href":"https:\/\/www.aquadivo.com\/pl\/wp-json\/wp\/v2\/pages\/44","targetHints":{"allow":["GET"]}}],"collection":[{"href":"https:\/\/www.aquadivo.com\/pl\/wp-json\/wp\/v2\/pages"}],"about":[{"href":"https:\/\/www.aquadivo.com\/pl\/wp-json\/wp\/v2\/types\/page"}],"author":[{"embeddable":true,"href":"https:\/\/www.aquadivo.com\/pl\/wp-json\/wp\/v2\/users\/1"}],"replies":[{"embeddable":true,"href":"https:\/\/www.aquadivo.com\/pl\/wp-json\/wp\/v2\/comments?post=44"}],"version-history":[{"count":0,"href":"https:\/\/www.aquadivo.com\/pl\/wp-json\/wp\/v2\/pages\/44\/revisions"}],"wp:attachment":[{"href":"https:\/\/www.aquadivo.com\/pl\/wp-json\/wp\/v2\/media?parent=44"}],"curies":[{"name":"wp","href":"https:\/\/api.w.org\/{rel}","templated":true}]}}