{"id":3436,"date":"2023-05-10T21:49:03","date_gmt":"2023-05-10T20:49:03","guid":{"rendered":"https:\/\/www.aquadivo.com\/?post_type=product&#038;p=3436"},"modified":"2023-05-10T21:49:04","modified_gmt":"2023-05-10T20:49:04","slug":"showstein-flamingo-marmor","status":"publish","type":"product","link":"https:\/\/www.aquadivo.com\/pl\/produkt\/showstein-flamingo-marmor\/","title":{"rendered":"Marmur Flamingowy Showstone"},"content":{"rendered":"<p>Flamingo Marmor &#8211; unverwechselbar und einzigartig zeigt sich dieser neu entdeckte Naturstein. Wie kein anderes Material \u00fcberzeugt er durch seine knallrot-braune Farbstruktur.. So entsteht nat\u00fcrlich ein Unikat, das sich in diversen G\u00e4rten perfekt integriert und zu einem wahren Highlight heranwachsen kann. Flamingo Marmor als Dekostein f\u00fcr den Garten und Haus.<\/p>","protected":false},"excerpt":{"rendered":"<p>Flamingo Marmor &#8211; unverwechselbar und einzigartig<\/p>","protected":false},"featured_media":1294,"comment_status":"open","ping_status":"closed","template":"","meta":{"_et_pb_use_builder":"","_et_pb_old_content":"","_et_gb_content_width":""},"product_cat":[47],"product_tag":[],"class_list":{"0":"post-3436","1":"product","2":"type-product","3":"status-publish","4":"has-post-thumbnail","6":"product_cat-natursteine","7":"product_shipping_class-schwere-artikel","9":"first","10":"instock","11":"sale","12":"taxable","13":"shipping-taxable","14":"product-type-simple"},"_links":{"self":[{"href":"https:\/\/www.aquadivo.com\/pl\/wp-json\/wp\/v2\/product\/3436","targetHints":{"allow":["GET"]}}],"collection":[{"href":"https:\/\/www.aquadivo.com\/pl\/wp-json\/wp\/v2\/product"}],"about":[{"href":"https:\/\/www.aquadivo.com\/pl\/wp-json\/wp\/v2\/types\/product"}],"replies":[{"embeddable":true,"href":"https:\/\/www.aquadivo.com\/pl\/wp-json\/wp\/v2\/comments?post=3436"}],"wp:featuredmedia":[{"embeddable":true,"href":"https:\/\/www.aquadivo.com\/pl\/wp-json\/wp\/v2\/media\/1294"}],"wp:attachment":[{"href":"https:\/\/www.aquadivo.com\/pl\/wp-json\/wp\/v2\/media?parent=3436"}],"wp:term":[{"taxonomy":"product_cat","embeddable":true,"href":"https:\/\/www.aquadivo.com\/pl\/wp-json\/wp\/v2\/product_cat?post=3436"},{"taxonomy":"product_tag","embeddable":true,"href":"https:\/\/www.aquadivo.com\/pl\/wp-json\/wp\/v2\/product_tag?post=3436"}],"curies":[{"name":"wp","href":"https:\/\/api.w.org\/{rel}","templated":true}]}}