{"id":11,"date":"2023-02-20T14:20:00","date_gmt":"2023-02-20T14:20:00","guid":{"rendered":"https:\/\/www.aquadivo.com\/?page_id=11"},"modified":"2023-11-28T14:07:29","modified_gmt":"2023-11-28T13:07:29","slug":"ueber-uns","status":"publish","type":"page","link":"https:\/\/www.aquadivo.com\/sk\/o-nas\/","title":{"rendered":"O n\u00e1s"},"content":{"rendered":"<p>[et_pb_section fb_built=&#8221;1&#8243; admin_label=&#8221;Section&#8221; _builder_version=&#8221;4.23.1&#8243; _module_preset=&#8221;default&#8221; background_image=&#8221;https:\/\/www.aquadivo.com\/wp-content\/uploads\/2023\/03\/gartenbrunnen-shop-banner1800x650-01.jpg&#8221; z_index=&#8221;0&#8243; height=&#8221;600px&#8221; height_tablet=&#8221;600px&#8221; height_phone=&#8221;490px&#8221; height_last_edited=&#8221;on|phone&#8221; custom_margin=&#8221;||||false|false&#8221; animation_style=&#8221;slide&#8221; animation_direction=&#8221;bottom&#8221; animation_delay=&#8221;300ms&#8221; animation_intensity_slide=&#8221;2%&#8221; hover_enabled=&#8221;0&#8243; global_colors_info=&#8221;{}&#8221; sticky_enabled=&#8221;0&#8243;][\/et_pb_section][et_pb_section fb_built=&#8221;1&#8243; custom_padding_last_edited=&#8221;on|phone&#8221; _builder_version=&#8221;4.19.5&#8243; _module_preset=&#8221;default&#8221; custom_padding=&#8221;8vh||8vh||false|false&#8221; custom_padding_tablet=&#8221;6vh||6vh||false|false&#8221; custom_padding_phone=&#8221;4vh||4vh||false|false&#8221; animation_style=&#8221;slide&#8221; animation_direction=&#8221;bottom&#8221; animation_delay=&#8221;300ms&#8221; animation_intensity_slide=&#8221;2%&#8221; scroll_vertical_motion=&#8221;18|50|50|100|1|0|-4&#8243; motion_trigger_start=&#8221;top&#8221; global_colors_info=&#8221;{}&#8221;][et_pb_row custom_padding_last_edited=&#8221;on|tablet&#8221; _builder_version=&#8221;4.19.5&#8243; _module_preset=&#8221;default&#8221; width=&#8221;100%&#8221; width_tablet=&#8221;90%&#8221; width_phone=&#8221;90%&#8221; width_last_edited=&#8221;on|phone&#8221; max_width=&#8221;1200px&#8221; custom_padding=&#8221;0px||0px||false|false&#8221; custom_padding_tablet=&#8221;||0px||false|false&#8221; custom_padding_phone=&#8221;||3vh||false|false&#8221; animation_direction=&#8221;bottom&#8221; animation_duration_tablet=&#8221;1000ms&#8221; animation_duration_phone=&#8221;1000ms&#8221; animation_duration_last_edited=&#8221;on|tablet&#8221; animation_delay_tablet=&#8221;300ms&#8221; animation_delay_phone=&#8221;300ms&#8221; animation_delay_last_edited=&#8221;on|tablet&#8221; global_colors_info=&#8221;{}&#8221;][et_pb_column type=&#8221;4_4&#8243; _builder_version=&#8221;4.19.5&#8243; _module_preset=&#8221;default&#8221; global_colors_info=&#8221;{}&#8221;][et_pb_text admin_label=&#8221;Text&#8221; _builder_version=&#8221;4.19.5&#8243; _module_preset=&#8221;7ea19da9-fe49-4ff8-89fe-69ba67c08c82&#8243; header_2_font=&#8221;barlow condensed bold||||||||&#8221; custom_margin=&#8221;||6vh||false|false&#8221; custom_margin_tablet=&#8221;||4vh||false|false&#8221; custom_margin_phone=&#8221;||3vh||false|false&#8221; custom_margin_last_edited=&#8221;on|tablet&#8221; animation_style=&#8221;none&#8221; text_font_size_tablet=&#8221;1.1rem&#8221; text_font_size_phone=&#8221;1rem&#8221; text_font_size_last_edited=&#8221;on|phone&#8221; header_2_font_size_tablet=&#8221;2.3rem&#8221; header_2_font_size_phone=&#8221;1.8rem&#8221; header_2_font_size_last_edited=&#8221;on|phone&#8221; header_3_font_size_tablet=&#8221;1.7rem&#8221; header_3_font_size_phone=&#8221;1.3rem&#8221; header_3_font_size_last_edited=&#8221;on|phone&#8221; inline_fonts=&#8221;Barlow Bold,barlow bold&#8221; global_colors_info=&#8221;{}&#8221;]<\/p>\n<h2><strong>O n\u00e1s<\/strong><\/h2>\n<p><strong><\/strong><\/p>\n<h3><strong>v\u00fdroby a v\u00fdvoja produktov<\/strong><\/h3>\n<p>U\u017e 25 rokov sa zaober\u00e1me v\u00fdstavbou \u0161irokej \u0161k\u00e1ly font\u00e1n a vodn\u00fdch prvkov pre vn\u00fatorn\u00e9 aj vonkaj\u0161ie pou\u017eitie. Intenz\u00edvne \u0161t\u00fadium vplyvu vody a jej pr\u00fadenia na r\u00f4zne materi\u00e1ly je z\u00e1kladn\u00fdm kame\u0148om na\u0161ich hlbok\u00fdch znalost\u00ed. Okrem toho,<span style=\"font-family: 'barlow bold'; font-weight: normal;\"> <strong>neust\u00e1ly v\u00fdvoj r\u00f4znych font\u00e1n a jednotliv\u00fdch font\u00e1nov\u00fdch syst\u00e9mov<\/strong><\/span> potrebn\u00e9 a z\u00e1klad n\u00e1\u0161ho \u00faspechu.<\/p>\n<p>V\u010faka na\u0161ej dlhoro\u010dnej \u010dinnosti v tomto odvetv\u00ed sa n\u00e1m podarilo nadviaza\u0165 kontakty s vybran\u00fdmi v\u00fdrobcami v \u0161irokej \u0161k\u00e1le predajn\u00ed materi\u00e1lu. To n\u00e1m umo\u017e\u0148uje robi\u0165 na\u0161e <span style=\"font-family: 'barlow bold'; font-weight: normal;\"><strong>Materi\u00e1ly z prvej ruky<\/strong><\/span> vz\u0165ahova\u0165.<\/p>\n<p>Osobitn\u00fa pozornos\u0165 venujeme<span style=\"font-family: 'barlow bold'; font-weight: normal;\"> <strong>kvalita pri spracovan\u00ed<\/strong><\/span> materi\u00e1lov a ponuky a<span style=\"font-family: 'barlow bold'; font-weight: normal;\"> <strong>\u0161irok\u00e1 vari\u00e1cia<\/strong><\/span> na opticky efekt\u00edvne <span style=\"font-family: 'barlow bold';\"><strong>dizajnov<\/strong><\/span> pri. To n\u00e1m umo\u017e\u0148uje poskytova\u0165 na\u0161im z\u00e1kazn\u00edkom vysokokvalitn\u00fd sortiment jedine\u010dn\u00fdch produktov.<\/p>\n<p>[\/et_pb_text][et_pb_text admin_label=&#8221;Text&#8221; _builder_version=&#8221;4.19.5&#8243; _module_preset=&#8221;7ea19da9-fe49-4ff8-89fe-69ba67c08c82&#8243; custom_margin=&#8221;||6vh||false|false&#8221; custom_margin_tablet=&#8221;||4vh||false|false&#8221; custom_margin_phone=&#8221;||3vh||false|false&#8221; custom_margin_last_edited=&#8221;on|phone&#8221; animation_style=&#8221;none&#8221; text_font_size_tablet=&#8221;1.1rem&#8221; text_font_size_phone=&#8221;1rem&#8221; text_font_size_last_edited=&#8221;on|phone&#8221; header_2_font_size_tablet=&#8221;&#8221; header_2_font_size_phone=&#8221;1.8rem&#8221; header_2_font_size_last_edited=&#8221;on|phone&#8221; header_3_font_size_tablet=&#8221;1.7rem&#8221; header_3_font_size_phone=&#8221;1.3rem&#8221; header_3_font_size_last_edited=&#8221;on|phone&#8221; inline_fonts=&#8221;Barlow Bold,barlow bold&#8221; global_colors_info=&#8221;{}&#8221; link_text_color__hover_enabled=&#8221;on|hover&#8221; link_text_color__hover=&#8221;#244F8A&#8221;]<\/p>\n<h3><strong>predaj a trh <\/strong><\/h3>\n<p>N\u00e1\u0161 predajn\u00fd regi\u00f3n je v\u00e4\u010d\u0161inou Eur\u00f3pska \u00fania. Na po\u017eiadanie je v\u0161ak mo\u017en\u00e9 zasla\u0165 na\u0161e produkty aj do in\u00fdch tret\u00edch kraj\u00edn ako Bosna, Srbsko, Anglicko, \u0160vaj\u010diarsko alebo Kanada.<span style=\"font-family: 'barlow bold'; font-weight: normal;\"> <strong>dropshipping <\/strong><\/span>je v\u0161ak iba akt\u00edvny <span style=\"font-family: 'barlow bold'; font-weight: normal;\"><strong>\u010dlensk\u00fdch \u0161t\u00e1tov Eur\u00f3pskej \u00fanie<\/strong><\/span> mo\u017en\u00e9.<\/p>\n<p>Chceme \u00eds\u0165 s tebou <span style=\"font-family: 'barlow bold'; font-weight: normal;\"><strong>vybran\u00fdch partnerov<\/strong><\/span> vo vy\u0161\u0161ie uveden\u00fdch regi\u00f3noch <span style=\"font-family: 'barlow bold'; font-weight: normal;\"><strong>distribu\u010dn\u00e9 partnerstvo<\/strong> <\/span>vst\u00fapi\u0165. V\u017edy je pre n\u00e1s pote\u0161en\u00edm pom\u00f4c\u0165 v\u00e1m s realiz\u00e1ciou va\u0161ich predst\u00e1v s na\u0161imi sk\u00fasenos\u0165ami a know-how.<\/p>\n<p>Radi by sme spolupracovali s t\u00fdmito odvetviami:<\/p>\n<ul>\n<li><span style=\"font-family: 'barlow bold'; font-weight: normal;\">z\u00e1hradn\u00fd dizajn<\/span><\/li>\n<li><span style=\"font-family: 'barlow bold'; font-weight: normal;\">z\u00e1hradn\u00e9 centrum<\/span><\/li>\n<li><span style=\"font-family: 'barlow bold'; font-weight: normal;\">\u0161k\u00f4lky<\/span><\/li>\n<li><span style=\"font-family: 'barlow bold'; font-weight: normal;\">architektov<\/span><\/li>\n<li><span style=\"font-family: 'barlow bold'; font-weight: normal;\">bytov\u00e9 \u0161t\u00fadi\u00e1<\/span><\/li>\n<li><span style=\"font-family: 'barlow bold'; font-weight: normal;\">interi\u00e9rov\u00fd dekorat\u00e9r<\/span><\/li>\n<li><span style=\"font-family: 'barlow bold'; font-weight: normal;\">stavebn\u00e9 centrum<\/span><\/li>\n<li><span style=\"font-family: 'barlow bold'; font-weight: normal;\">predajcovia kame\u0148ov<\/span><\/li>\n<li><span style=\"font-family: 'barlow bold'; font-weight: normal;\">predajcovia drah\u00fdch kame\u0148ov<\/span><\/li>\n<\/ul>\n<p>Viac inform\u00e1ci\u00ed o <span style=\"font-family: 'barlow bold';\"><strong>distribu\u010dn\u00e9 partnerstvo <\/strong><\/span>mysl\u00ed\u0161...? N\u00e1jdi <a href=\"https:\/\/www.aquadivo.com\/sk\/stat-sa-obchodnym-partnerom\/\">tu<\/a>!<\/p>\n<p>[\/et_pb_text][\/et_pb_column][\/et_pb_row][et_pb_row custom_padding_last_edited=&#8221;on|tablet&#8221; _builder_version=&#8221;4.19.5&#8243; _module_preset=&#8221;default&#8221; width=&#8221;100%&#8221; width_tablet=&#8221;90%&#8221; width_phone=&#8221;90%&#8221; width_last_edited=&#8221;on|phone&#8221; max_width=&#8221;1200px&#8221; custom_padding=&#8221;0px||0px||false|false&#8221; custom_padding_tablet=&#8221;||0px||false|false&#8221; custom_padding_phone=&#8221;||3vh||false|false&#8221; animation_style=&#8221;slide&#8221; animation_direction=&#8221;bottom&#8221; animation_delay=&#8221;300ms&#8221; animation_intensity_slide=&#8221;2%&#8221; animation_duration_tablet=&#8221;1000ms&#8221; animation_duration_phone=&#8221;1000ms&#8221; animation_duration_last_edited=&#8221;on|tablet&#8221; animation_delay_tablet=&#8221;300ms&#8221; animation_delay_phone=&#8221;300ms&#8221; animation_delay_last_edited=&#8221;on|tablet&#8221; global_colors_info=&#8221;{}&#8221;][et_pb_column type=&#8221;4_4&#8243; _builder_version=&#8221;4.19.5&#8243; _module_preset=&#8221;default&#8221; global_colors_info=&#8221;{}&#8221;][et_pb_text admin_label=&#8221;Text&#8221; _builder_version=&#8221;4.19.5&#8243; _module_preset=&#8221;7ea19da9-fe49-4ff8-89fe-69ba67c08c82&#8243; custom_margin=&#8221;||6vh||false|false&#8221; custom_margin_tablet=&#8221;||4vh||false|false&#8221; custom_margin_phone=&#8221;||3vh||false|false&#8221; custom_margin_last_edited=&#8221;on|phone&#8221; animation_style=&#8221;none&#8221; text_font_size_tablet=&#8221;1.1rem&#8221; text_font_size_phone=&#8221;1rem&#8221; text_font_size_last_edited=&#8221;on|phone&#8221; header_2_font_size_tablet=&#8221;&#8221; header_2_font_size_phone=&#8221;1.8rem&#8221; header_2_font_size_last_edited=&#8221;on|phone&#8221; header_3_font_size_tablet=&#8221;1.7rem&#8221; header_3_font_size_phone=&#8221;1.3rem&#8221; header_3_font_size_last_edited=&#8221;on|phone&#8221; inline_fonts=&#8221;Barlow Bold,barlow condensed bold,barlow bold&#8221; global_colors_info=&#8221;{}&#8221;]<\/p>\n<h3><strong>Na\u0161a filozofia \u2013 ako pracujeme<\/strong><\/h3>\n<p>Na\u0161\u00edm hlavn\u00fdm cie\u013eom je <span style=\"font-family: 'barlow bold'; font-weight: normal;\"><strong>spokojnos\u0165 na\u0161ich z\u00e1kazn\u00edkov<\/strong><\/span>. Len tak sa daj\u00fa vybudova\u0165 dlhodob\u00e9 a \u00faspe\u0161n\u00e9 obchodn\u00e9 vz\u0165ahy. Spoliehame sa na kompetentn\u00e9 a odborn\u00e9 poradenstvo. A ak nie\u010do \u201enefunguje celkom dobre\u201c, potom plat\u00ed na\u0161e prik\u00e1zanie:<\/p>\n<p><span style=\"color: #244f8a; font-family: 'barlow condensed bold'; font-size: x-large;\"><span style=\"font-weight: normal;\"><strong>Okam\u017eite otvoren\u00e9 slovo. To tie\u017e vytv\u00e1ra priate\u013eov. <\/strong><\/span><\/span><\/p>\n<p>Sme v\u017edy otvoren\u00ed va\u0161im n\u00e1vrhom. Tie s\u00fa v\u010fa\u010dne prij\u00edman\u00e9, v\u017edy zva\u017eovan\u00e9 a pr\u00edpadne aj realizovan\u00e9.<\/p>\n<p>U\u017e 25 rokov spolupracujeme so z\u00e1kazn\u00edkmi z r\u00f4znych odvetv\u00ed, ako s\u00fa z\u00e1hradn\u00fd dizajn, interi\u00e9rov\u00fd dizajn a predajcovia kame\u0148a. Tomuto z\u00e1kazn\u00edkovi mus\u00edme po\u010fakova\u0165. Len v\u010faka v\u00e1m sme mohli by\u0165 ako spolo\u010dnos\u0165 \u00faspe\u0161n\u00ed a z\u00edska\u0165 neocenite\u013en\u00e9 znalosti a sk\u00fasenosti. Sme ve\u013emi motivovan\u00ed ma\u0165 jeden <span style=\"font-family: 'barlow bold'; font-weight: normal;\"><strong>\u00faspe\u0161n\u00fd koncept <\/strong><\/span>a realizova\u0165 ciele, ktor\u00e9 sme si stanovili. Od roku 1998 sa v\u00e1\u0161nivo star\u00e1me o to, aby na\u0161i z\u00e1kazn\u00edci <span style=\"font-family: 'barlow bold'; font-weight: normal;\"><strong>najlep\u0161ia slu\u017eba<\/strong><\/span>, <span style=\"font-family: 'barlow bold'; font-weight: normal;\"><strong>najvy\u0161\u0161ia kvalita<\/strong> <\/span>a <span style=\"font-family: 'barlow bold';\"><strong>v\u00fdznamn\u00fdch obchodn\u00fdch partnerov<\/strong><\/span> prij\u00edma\u0165.<\/p>\n<p>[\/et_pb_text][\/et_pb_column][\/et_pb_row][\/et_pb_section][et_pb_section fb_built=&#8221;1&#8243; custom_padding_last_edited=&#8221;on|phone&#8221; _builder_version=&#8221;4.19.5&#8243; _module_preset=&#8221;default&#8221; use_background_color_gradient=&#8221;on&#8221; background_color_gradient_stops=&#8221;#00afef 0%|#244f8a 100%&#8221; custom_padding=&#8221;8vh||8vh||true|false&#8221; custom_padding_tablet=&#8221;6vh||6vh||true|false&#8221; custom_padding_phone=&#8221;6vh||6vh||true|false&#8221; global_colors_info=&#8221;{}&#8221;][et_pb_row column_structure=&#8221;1_3,1_3,1_3&#8243; make_equal=&#8221;on&#8221; custom_padding_last_edited=&#8221;on|phone&#8221; admin_label=&#8221;Zahlen&#8221; _builder_version=&#8221;4.19.5&#8243; _module_preset=&#8221;default&#8221; width=&#8221;95%&#8221; width_tablet=&#8221;90%&#8221; width_phone=&#8221;90%&#8221; width_last_edited=&#8221;on|desktop&#8221; max_width=&#8221;1200px&#8221; custom_padding=&#8221;0px||0px||false|false&#8221; custom_padding_tablet=&#8221;0px||0px||false|false&#8221; custom_padding_phone=&#8221;||0px||false|false&#8221; global_colors_info=&#8221;{}&#8221;][et_pb_column type=&#8221;1_3&#8243; _builder_version=&#8221;4.19.5&#8243; _module_preset=&#8221;default&#8221; global_colors_info=&#8221;{}&#8221;][et_pb_number_counter title=&#8221;installierte Brunnen&#8221; number=&#8221;730&#8243; percent_sign=&#8221;off&#8221; _builder_version=&#8221;4.20.2&#8243; _module_preset=&#8221;default&#8221; title_text_color=&#8221;#FFFFFF&#8221; title_font_size=&#8221;2rem&#8221; number_font=&#8221;||||||||&#8221; number_text_color=&#8221;#FFFFFF&#8221; custom_padding=&#8221;||||false|false&#8221; title_font_size_tablet=&#8221;1.7rem&#8221; title_font_size_phone=&#8221;1.3rem&#8221; title_font_size_last_edited=&#8221;on|phone&#8221; number_font_size_tablet=&#8221;&#8221; number_font_size_phone=&#8221;66px&#8221; number_font_size_last_edited=&#8221;on|phone&#8221; global_colors_info=&#8221;{}&#8221;][\/et_pb_number_counter][\/et_pb_column][et_pb_column type=&#8221;1_3&#8243; _builder_version=&#8221;4.19.5&#8243; _module_preset=&#8221;default&#8221; global_colors_info=&#8221;{}&#8221;][et_pb_number_counter title=&#8221;Partner europaweit&#8221; number=&#8221;50&#8243; percent_sign=&#8221;off&#8221; _builder_version=&#8221;4.19.5&#8243; _module_preset=&#8221;default&#8221; title_text_color=&#8221;#FFFFFF&#8221; title_font_size=&#8221;2rem&#8221; number_font=&#8221;Barlow Regular||||||||&#8221; number_text_color=&#8221;#FFFFFF&#8221; custom_padding=&#8221;||||false|false&#8221; title_font_size_tablet=&#8221;1.7rem&#8221; title_font_size_phone=&#8221;1.3rem&#8221; title_font_size_last_edited=&#8221;on|phone&#8221; global_colors_info=&#8221;{}&#8221;][\/et_pb_number_counter][\/et_pb_column][et_pb_column type=&#8221;1_3&#8243; _builder_version=&#8221;4.19.5&#8243; _module_preset=&#8221;default&#8221; global_colors_info=&#8221;{}&#8221;][et_pb_number_counter title=&#8221;Kunden&#8221; number=&#8221;172&#8243; percent_sign=&#8221;off&#8221; _builder_version=&#8221;4.19.5&#8243; _module_preset=&#8221;default&#8221; title_text_color=&#8221;#FFFFFF&#8221; title_font_size=&#8221;2rem&#8221; number_font=&#8221;Barlow Regular||||||||&#8221; number_text_color=&#8221;#FFFFFF&#8221; custom_padding=&#8221;||||false|false&#8221; title_font_size_tablet=&#8221;1.7rem&#8221; title_font_size_phone=&#8221;1.3rem&#8221; title_font_size_last_edited=&#8221;on|phone&#8221; global_colors_info=&#8221;{}&#8221;][\/et_pb_number_counter][\/et_pb_column][\/et_pb_row][\/et_pb_section][et_pb_section fb_built=&#8221;1&#8243; admin_label=&#8221;Sektion&#8221; _builder_version=&#8221;4.20.2&#8243; _module_preset=&#8221;default&#8221; global_colors_info=&#8221;{}&#8221;][et_pb_row custom_padding_last_edited=&#8221;on|phone&#8221; _builder_version=&#8221;4.19.5&#8243; _module_preset=&#8221;default&#8221; width=&#8221;100%&#8221; width_tablet=&#8221;90%&#8221; width_phone=&#8221;90%&#8221; width_last_edited=&#8221;on|phone&#8221; max_width=&#8221;1200px&#8221; custom_padding=&#8221;0px||6vh||false|false&#8221; custom_padding_tablet=&#8221;||0px||false|false&#8221; custom_padding_phone=&#8221;||4vh||false|false&#8221; animation_style=&#8221;slide&#8221; animation_direction=&#8221;bottom&#8221; animation_delay=&#8221;300ms&#8221; animation_intensity_slide=&#8221;2%&#8221; animation_duration_tablet=&#8221;1000ms&#8221; animation_duration_phone=&#8221;1000ms&#8221; animation_duration_last_edited=&#8221;on|tablet&#8221; animation_delay_tablet=&#8221;300ms&#8221; animation_delay_phone=&#8221;300ms&#8221; animation_delay_last_edited=&#8221;on|tablet&#8221; global_colors_info=&#8221;{}&#8221;][et_pb_column type=&#8221;4_4&#8243; _builder_version=&#8221;4.19.5&#8243; _module_preset=&#8221;default&#8221; global_colors_info=&#8221;{}&#8221;][et_pb_text admin_label=&#8221;Text&#8221; _builder_version=&#8221;4.19.5&#8243; _module_preset=&#8221;7ea19da9-fe49-4ff8-89fe-69ba67c08c82&#8243; custom_margin=&#8221;||6vh||false|false&#8221; custom_margin_tablet=&#8221;||4vh||false|false&#8221; custom_margin_phone=&#8221;||3vh||false|false&#8221; custom_margin_last_edited=&#8221;on|phone&#8221; animation_style=&#8221;none&#8221; text_font_size_tablet=&#8221;1.1rem&#8221; text_font_size_phone=&#8221;1rem&#8221; text_font_size_last_edited=&#8221;on|phone&#8221; header_2_font_size_tablet=&#8221;&#8221; header_2_font_size_phone=&#8221;1.8rem&#8221; header_2_font_size_last_edited=&#8221;on|phone&#8221; header_3_font_size_tablet=&#8221;1.7rem&#8221; header_3_font_size_phone=&#8221;1.3rem&#8221; header_3_font_size_last_edited=&#8221;on|phone&#8221; inline_fonts=&#8221;Barlow Bold,barlow bold&#8221; global_colors_info=&#8221;{}&#8221; link_text_color__hover_enabled=&#8221;on|desktop&#8221; link_text_color__hover=&#8221;#244F8A&#8221;]<\/p>\n<h3><strong>V\u00fdstava<\/strong><\/h3>\n<p>Nav\u0161t\u00edvte n\u00e1s na na\u0161ej v\u00fdstave v M\u00f6dlingu. S rozlohou <span style=\"font-family: 'Barlow Bold'; font-weight: normal;\"><strong>spolu 3200 m\u00b2<\/strong>\u00a0<\/span>S expon\u00e1tmi izbov\u00fdch a z\u00e1hradn\u00fdch font\u00e1n, ako aj najrozmanitej\u0161\u00edch druhov pr\u00edrodn\u00e9ho kame\u0148a v\u00e1m vieme priamo na mieste uk\u00e1za\u0165 n\u00e1\u0161 \u0161irok\u00fd sortiment. Okrem toho m\u00e1me vlastn\u00fa diel\u0148u, v ktorej sa vyr\u00e1ba ve\u013ek\u00e9 mno\u017estvo na\u0161ich produktov.<\/p>\n<p>[\/et_pb_text][et_pb_text admin_label=&#8221;Text&#8221; _builder_version=&#8221;4.19.5&#8243; _module_preset=&#8221;7ea19da9-fe49-4ff8-89fe-69ba67c08c82&#8243; custom_margin=&#8221;||0vh||false|false&#8221; custom_margin_tablet=&#8221;||0vh||false|false&#8221; custom_margin_phone=&#8221;||0vh||false|false&#8221; custom_margin_last_edited=&#8221;on|phone&#8221; animation_style=&#8221;none&#8221; text_font_size_tablet=&#8221;1.1rem&#8221; text_font_size_phone=&#8221;1rem&#8221; text_font_size_last_edited=&#8221;on|phone&#8221; header_2_font_size_tablet=&#8221;&#8221; header_2_font_size_phone=&#8221;1.8rem&#8221; header_2_font_size_last_edited=&#8221;on|phone&#8221; header_3_font_size_tablet=&#8221;&#8221; header_3_font_size_phone=&#8221;1.3rem&#8221; header_3_font_size_last_edited=&#8221;on|phone&#8221; inline_fonts=&#8221;Barlow Bold,barlow bold&#8221; global_colors_info=&#8221;{}&#8221; link_text_color__hover_enabled=&#8221;on|desktop&#8221; link_text_color__hover=&#8221;#244F8A&#8221;]<\/p>\n<p>Predajn\u00e9 miesto Modling<br \/>A-2340 Modling, Grenzgasse 40<\/p>\n<p><span style=\"font-family: 'barlow bold';\"><strong>OTV\u00c1RACIE HODINY:<\/strong><\/span><br \/>Pondelok \u2013 piatok od 9:00 do 17:00 hod<br \/>Sobota od 9:00 do 14:00 hod<\/p>\n<p>TEL: +43(0)2236\/866 409<br \/>E-MAIL:<span>\u00a0<\/span><a href=\"mailto:office@aquadivo.com\">office@aquadivo.com<\/a><\/p>\n<p>[\/et_pb_text][\/et_pb_column][\/et_pb_row][et_pb_row custom_padding_last_edited=&#8221;on|tablet&#8221; _builder_version=&#8221;4.19.5&#8243; _module_preset=&#8221;default&#8221; width=&#8221;100%&#8221; width_tablet=&#8221;90%&#8221; width_phone=&#8221;90%&#8221; width_last_edited=&#8221;on|phone&#8221; max_width=&#8221;1200px&#8221; custom_padding=&#8221;0px||0px||false|false&#8221; custom_padding_tablet=&#8221;||0px||false|false&#8221; custom_padding_phone=&#8221;||3vh||false|false&#8221; animation_style=&#8221;slide&#8221; animation_direction=&#8221;bottom&#8221; animation_delay=&#8221;300ms&#8221; animation_intensity_slide=&#8221;2%&#8221; animation_duration_tablet=&#8221;1000ms&#8221; animation_duration_phone=&#8221;1000ms&#8221; animation_duration_last_edited=&#8221;on|tablet&#8221; animation_delay_tablet=&#8221;300ms&#8221; animation_delay_phone=&#8221;300ms&#8221; animation_delay_last_edited=&#8221;on|tablet&#8221; global_colors_info=&#8221;{}&#8221;][et_pb_column type=&#8221;4_4&#8243; _builder_version=&#8221;4.19.5&#8243; _module_preset=&#8221;default&#8221; global_colors_info=&#8221;{}&#8221;][et_pb_text admin_label=&#8221;Text&#8221; _builder_version=&#8221;4.19.5&#8243; _module_preset=&#8221;7ea19da9-fe49-4ff8-89fe-69ba67c08c82&#8243; custom_margin=&#8221;||0vh||false|false&#8221; custom_margin_tablet=&#8221;3vh||1vh||false|false&#8221; custom_margin_phone=&#8221;||0vh||false|false&#8221; custom_margin_last_edited=&#8221;on|phone&#8221; animation_style=&#8221;none&#8221; text_font_size_tablet=&#8221;1.1rem&#8221; text_font_size_phone=&#8221;1rem&#8221; text_font_size_last_edited=&#8221;on|phone&#8221; header_2_font_size_tablet=&#8221;&#8221; header_2_font_size_phone=&#8221;1.8rem&#8221; header_2_font_size_last_edited=&#8221;on|phone&#8221; header_3_font_size_tablet=&#8221;1.7rem&#8221; header_3_font_size_phone=&#8221;1.3rem&#8221; header_3_font_size_last_edited=&#8221;on|phone&#8221; inline_fonts=&#8221;Barlow Bold&#8221; global_colors_info=&#8221;{}&#8221; link_text_color__hover_enabled=&#8221;on|desktop&#8221; link_text_color__hover=&#8221;#244F8A&#8221;]<\/p>\n<h3 style=\"text-align: left;\"><strong>Sme partnermi z<\/strong><\/h3>\n<p>[\/et_pb_text][\/et_pb_column][\/et_pb_row][et_pb_row column_structure=&#8221;1_3,1_3,1_3&#8243; custom_padding_last_edited=&#8221;on|tablet&#8221; _builder_version=&#8221;4.19.5&#8243; _module_preset=&#8221;default&#8221; width=&#8221;100%&#8221; width_tablet=&#8221;90%&#8221; width_phone=&#8221;90%&#8221; width_last_edited=&#8221;on|phone&#8221; max_width=&#8221;1200px&#8221; custom_padding=&#8221;0px||0px||false|false&#8221; custom_padding_tablet=&#8221;||0px||false|false&#8221; custom_padding_phone=&#8221;||3vh||false|false&#8221; animation_style=&#8221;slide&#8221; animation_direction=&#8221;bottom&#8221; animation_delay=&#8221;300ms&#8221; animation_intensity_slide=&#8221;2%&#8221; animation_duration_tablet=&#8221;1000ms&#8221; animation_duration_phone=&#8221;1000ms&#8221; animation_duration_last_edited=&#8221;on|tablet&#8221; animation_delay_tablet=&#8221;300ms&#8221; animation_delay_phone=&#8221;300ms&#8221; animation_delay_last_edited=&#8221;on|tablet&#8221; global_colors_info=&#8221;{}&#8221;][et_pb_column type=&#8221;1_3&#8243; _builder_version=&#8221;4.19.5&#8243; _module_preset=&#8221;default&#8221; global_colors_info=&#8221;{}&#8221;][et_pb_image src=&#8221;https:\/\/www.aquadivo.com\/wp-content\/uploads\/2023\/03\/Logo_GALABAU.png&#8221; title_text=&#8221;Logo_GALABAU&#8221; url=&#8221;https:\/\/galabau-verband.at&#8221; url_new_window=&#8221;on&#8221; _builder_version=&#8221;4.19.5&#8243; _module_preset=&#8221;default&#8221; global_colors_info=&#8221;{}&#8221;][\/et_pb_image][\/et_pb_column][et_pb_column type=&#8221;1_3&#8243; _builder_version=&#8221;4.19.5&#8243; _module_preset=&#8221;default&#8221; global_colors_info=&#8221;{}&#8221;][\/et_pb_column][et_pb_column type=&#8221;1_3&#8243; _builder_version=&#8221;4.19.5&#8243; _module_preset=&#8221;default&#8221; global_colors_info=&#8221;{}&#8221;][\/et_pb_column][\/et_pb_row][\/et_pb_section][et_pb_section fb_built=&#8221;1&#8243; admin_label=&#8221;button_vertrieb&#8221; _builder_version=&#8221;4.19.5&#8243; _module_preset=&#8221;default&#8221; custom_padding=&#8221;0px||0px||false|false&#8221; global_colors_info=&#8221;{}&#8221;][et_pb_row _builder_version=&#8221;4.19.5&#8243; _module_preset=&#8221;default&#8221; width=&#8221;100%&#8221; max_width=&#8221;100%&#8221; custom_padding=&#8221;0px||0px||false|false&#8221; global_colors_info=&#8221;{}&#8221;][et_pb_column type=&#8221;4_4&#8243; _builder_version=&#8221;4.19.5&#8243; _module_preset=&#8221;default&#8221; global_colors_info=&#8221;{}&#8221;][et_pb_button button_url=&#8221;@ET-DC@eyJkeW5hbWljIjp0cnVlLCJjb250ZW50IjoicG9zdF9saW5rX3VybF9wYWdlIiwic2V0dGluZ3MiOnsicG9zdF9pZCI6IjQ0In19@&#8221; button_text=&#8221;Vertriebspartner werden&#8221; button_alignment=&#8221;right&#8221; _builder_version=&#8221;4.19.5&#8243; _dynamic_attributes=&#8221;button_url&#8221; _module_preset=&#8221;aa163f75-f00b-419a-aa44-e001467aabec&#8221; positioning=&#8221;fixed&#8221; position_origin_f=&#8221;bottom_right&#8221; vertical_offset=&#8221;10px&#8221; horizontal_offset=&#8221;10px&#8221; z_index=&#8221;9998&#8243; global_colors_info=&#8221;{}&#8221;][\/et_pb_button][\/et_pb_column][\/et_pb_row][\/et_pb_section]<\/p>","protected":false},"excerpt":{"rendered":"<p>\u00dcber Uns Herstellung und Produktentwicklung Seit 25 Jahren besch\u00e4ftigen wir uns mit dem Bau von verschiedensten Brunnen und Wasserspielen, sowohl f\u00fcr den Innen-, als auch f\u00fcr den Au\u00dfenbereich. Die intensive Befassung mit der Wirkung von Wasser und dessen Flie\u00dfverhalten auf verschiedenen Materialien ist der Grundstein f\u00fcr unser tiefgehendes Wissen. Des Weiteren ist die laufende Entwicklung [&hellip;]<\/p>","protected":false},"author":1,"featured_media":0,"parent":0,"menu_order":0,"comment_status":"closed","ping_status":"closed","template":"","meta":{"_et_pb_use_builder":"on","_et_pb_old_content":"","_et_gb_content_width":"1920","footnotes":""},"class_list":["post-11","page","type-page","status-publish","hentry"],"_links":{"self":[{"href":"https:\/\/www.aquadivo.com\/sk\/wp-json\/wp\/v2\/pages\/11","targetHints":{"allow":["GET"]}}],"collection":[{"href":"https:\/\/www.aquadivo.com\/sk\/wp-json\/wp\/v2\/pages"}],"about":[{"href":"https:\/\/www.aquadivo.com\/sk\/wp-json\/wp\/v2\/types\/page"}],"author":[{"embeddable":true,"href":"https:\/\/www.aquadivo.com\/sk\/wp-json\/wp\/v2\/users\/1"}],"replies":[{"embeddable":true,"href":"https:\/\/www.aquadivo.com\/sk\/wp-json\/wp\/v2\/comments?post=11"}],"version-history":[{"count":1,"href":"https:\/\/www.aquadivo.com\/sk\/wp-json\/wp\/v2\/pages\/11\/revisions"}],"predecessor-version":[{"id":4387,"href":"https:\/\/www.aquadivo.com\/sk\/wp-json\/wp\/v2\/pages\/11\/revisions\/4387"}],"wp:attachment":[{"href":"https:\/\/www.aquadivo.com\/sk\/wp-json\/wp\/v2\/media?parent=11"}],"curies":[{"name":"wp","href":"https:\/\/api.w.org\/{rel}","templated":true}]}}