{"id":2,"date":"2023-02-20T13:02:56","date_gmt":"2023-02-20T13:02:56","guid":{"rendered":"https:\/\/www.aquadivo.com\/?page_id=2"},"modified":"2023-03-29T22:55:50","modified_gmt":"2023-03-29T21:55:50","slug":"sample-page","status":"publish","type":"page","link":"https:\/\/www.aquadivo.com\/sk\/vzorova-stranka\/","title":{"rendered":"Vzorov\u00e1 str\u00e1nka"},"content":{"rendered":"<p>[et_pb_section fb_built=&#8221;1&#8243; _builder_version=&#8221;4.16&#8243; global_colors_info=&#8221;{}&#8221;][et_pb_row _builder_version=&#8221;4.16&#8243; background_size=&#8221;initial&#8221; background_position=&#8221;top_left&#8221; background_repeat=&#8221;repeat&#8221; global_colors_info=&#8221;{}&#8221;][et_pb_column type=&#8221;4_4&#8243; _builder_version=&#8221;4.16&#8243; custom_padding=&#8221;|||&#8221; global_colors_info=&#8221;{}&#8221; custom_padding__hover=&#8221;|||&#8221;][et_pb_text _builder_version=&#8221;4.19.5&#8243; background_size=&#8221;initial&#8221; background_position=&#8221;top_left&#8221; background_repeat=&#8221;repeat&#8221; hover_enabled=&#8221;0&#8243; global_colors_info=&#8221;{}&#8221; sticky_enabled=&#8221;0&#8243; text_font=&#8221;barlow condensed regular||||||||&#8221;]<\/p>\n<p><!-- divi:paragraph -->Toto je pr\u00edklad str\u00e1nky. Je odli\u0161n\u00fd od blogov\u00e9ho pr\u00edspevku, preto\u017ee zostane na jednom mieste a zobraz\u00ed sa v navig\u00e1cii va\u0161ej str\u00e1nky (vo v\u00e4\u010d\u0161ine t\u00e9m). V\u00e4\u010d\u0161ina \u013eud\u00ed za\u010d\u00edna str\u00e1nkou Inform\u00e1cie, ktor\u00e1 ich predstavuje potenci\u00e1lnym n\u00e1v\u0161tevn\u00edkom webu. M\u00f4\u017ee to poveda\u0165 nie\u010do tak\u00e9to:<\/p>\n<p><!-- \/divi:paragraph --><\/p>\n<p><!-- divi:quote --><\/p>\n<blockquote class=\"wp-block-quote\">\n<p><!-- divi:paragraph -->Ahoj! Cez de\u0148 som posol na bicykli, v noci cti\u017eiadostiv\u00fd herec a toto je moja webov\u00e1 str\u00e1nka. B\u00fdvam v Los Angeles, m\u00e1m skvel\u00e9ho psa Jacka a m\u00e1m r\u00e1d pi\u00f1a coladas. (A zastihne v\u00e1s d\u00e1\u017e\u010f.)<\/p>\n<p><!-- \/divi:paragraph --><\/p>\n<\/blockquote>\n<p><!-- \/divi:quote --><\/p>\n<p><!-- divi:paragraph -->...alebo nie\u010do tak\u00e9to:<\/p>\n<p><!-- \/divi:paragraph --><\/p>\n<p><!-- divi:quote --><\/p>\n<blockquote class=\"wp-block-quote\">\n<p><!-- divi:paragraph -->Spolo\u010dnos\u0165 XYZ Doohickey Company bola zalo\u017een\u00e1 v roku 1971 a odvtedy poskytuje verejnosti kvalitn\u00e9 doohickey. XYZ so s\u00eddlom v Gotham City zamestn\u00e1va viac ako 2 000 \u013eud\u00ed a rob\u00ed pre komunitu Gotham v\u0161etky druhy \u00fa\u017easn\u00fdch vec\u00ed.<\/p>\n<p><!-- \/divi:paragraph --><\/p>\n<\/blockquote>\n<p><!-- \/divi:quote --><\/p>\n<p><!-- divi:paragraph -->Ako nov\u00fd pou\u017e\u00edvate\u013e WordPress by ste mali prejs\u0165 na <a href=\"https:\/\/www.aquadivo.com\/wp-admin\/\">v\u00e1\u0161 pr\u00edstrojov\u00fd panel<\/a> odstr\u00e1ni\u0165 t\u00fato str\u00e1nku a vytvori\u0165 nov\u00e9 str\u00e1nky pre v\u00e1\u0161 obsah. Bavte sa!<\/p>\n<p>&nbsp;<\/p>\n<p><span>Ahoj. Som trochu slep\u00fd text. A bolo to tak dlho, ako si pam\u00e4t\u00e1m. Nebolo \u013eahk\u00e9 pochopi\u0165, \u010do to znamen\u00e1 by\u0165 slep\u00fdm textom: ned\u00e1va\u0161 zmysel. Naozaj nem\u00e1 zmysel. S\u00fa vlo\u017een\u00e9 a obr\u00e1ten\u00e9 nes\u00farodo \u2013 a \u010dasto sa ani nepre\u010d\u00edtaj\u00fa. Ale rob\u00ed ma to samo osebe hor\u0161\u00edm textom ako ostatn\u00ed? No nikdy nebudem na zoznamoch bestsellerov. Ale to nerobia ani in\u00e9 texty. A preto ma nejako zvl\u00e1\u0161\u0165 netr\u00e1pi by\u0165 slep\u00fd. A ak st\u00e1le \u010d\u00edtate tieto riadky, ako mal\u00fd slep\u00fd text som dosiahol nie\u010do, o \u010dom v\u0161etky skuto\u010dn\u00e9 a d\u00f4le\u017eit\u00e9 texty v\u00e4\u010d\u0161inou iba sn\u00edvaj\u00fa.<\/span><\/p>\n<p><!-- \/divi:paragraph --><\/p>\n<p>[\/et_pb_text][\/et_pb_column][\/et_pb_row][\/et_pb_section]<\/p>","protected":false},"excerpt":{"rendered":"<p>This is an example page. It&#8217;s different from a blog post because it will stay in one place and will show up in your site navigation (in most themes). Most people start with an About page that introduces them to potential site visitors. It might say something like this: Hi there! I&#8217;m a bike messenger [&hellip;]<\/p>","protected":false},"author":1,"featured_media":0,"parent":0,"menu_order":0,"comment_status":"closed","ping_status":"open","template":"","meta":{"_et_pb_use_builder":"on","_et_pb_old_content":"<!-- wp:paragraph -->\n<p>This is an example page. It's different from a blog post because it will stay in one place and will show up in your site navigation (in most themes). Most people start with an About page that introduces them to potential site visitors. It might say something like this:<\/p>\n<!-- \/wp:paragraph -->\n\n<!-- wp:quote -->\n<blockquote class=\"wp-block-quote\"><!-- wp:paragraph -->\n<p>Hi there! I'm a bike messenger by day, aspiring actor by night, and this is my website. I live in Los Angeles, have a great dog named Jack, and I like pi\u00f1a coladas. (And gettin' caught in the rain.)<\/p>\n<!-- \/wp:paragraph --><\/blockquote>\n<!-- \/wp:quote -->\n\n<!-- wp:paragraph -->\n<p>...or something like this:<\/p>\n<!-- \/wp:paragraph -->\n\n<!-- wp:quote -->\n<blockquote class=\"wp-block-quote\"><!-- wp:paragraph -->\n<p>The XYZ Doohickey Company was founded in 1971, and has been providing quality doohickeys to the public ever since. Located in Gotham City, XYZ employs over 2,000 people and does all kinds of awesome things for the Gotham community.<\/p>\n<!-- \/wp:paragraph --><\/blockquote>\n<!-- \/wp:quote -->\n\n<!-- wp:paragraph -->\n<p>As a new WordPress user, you should go to <a href=\"https:\/\/www.aquadivo.com\/wp-admin\/\">your dashboard<\/a> to delete this page and create new pages for your content. Have fun!<\/p>\n<!-- \/wp:paragraph -->","_et_gb_content_width":"","footnotes":""},"class_list":["post-2","page","type-page","status-publish","hentry"],"_links":{"self":[{"href":"https:\/\/www.aquadivo.com\/sk\/wp-json\/wp\/v2\/pages\/2","targetHints":{"allow":["GET"]}}],"collection":[{"href":"https:\/\/www.aquadivo.com\/sk\/wp-json\/wp\/v2\/pages"}],"about":[{"href":"https:\/\/www.aquadivo.com\/sk\/wp-json\/wp\/v2\/types\/page"}],"author":[{"embeddable":true,"href":"https:\/\/www.aquadivo.com\/sk\/wp-json\/wp\/v2\/users\/1"}],"replies":[{"embeddable":true,"href":"https:\/\/www.aquadivo.com\/sk\/wp-json\/wp\/v2\/comments?post=2"}],"version-history":[{"count":0,"href":"https:\/\/www.aquadivo.com\/sk\/wp-json\/wp\/v2\/pages\/2\/revisions"}],"wp:attachment":[{"href":"https:\/\/www.aquadivo.com\/sk\/wp-json\/wp\/v2\/media?parent=2"}],"curies":[{"name":"wp","href":"https:\/\/api.w.org\/{rel}","templated":true}]}}