{"id":38,"date":"2023-02-20T15:19:08","date_gmt":"2023-02-20T15:19:08","guid":{"rendered":"https:\/\/www.aquadivo.com\/?page_id=38"},"modified":"2023-04-13T09:38:23","modified_gmt":"2023-04-13T08:38:23","slug":"aussenbereich","status":"publish","type":"page","link":"https:\/\/www.aquadivo.com\/sk\/vonkajsi-areal\/","title":{"rendered":"vonkaj\u0161\u00ed are\u00e1l"},"content":{"rendered":"<p>[et_pb_section fb_built=&#8221;1&#8243; _builder_version=&#8221;4.19.5&#8243; _module_preset=&#8221;1b58ed5b-6370-4c81-9ae9-39a9863c86e3&#8243; background_image=&#8221;https:\/\/www.aquadivo.com\/wp-content\/uploads\/2023\/03\/wasserfall-brunnen-banner1800x650-02.jpg&#8221; parallax=&#8221;off&#8221; height_tablet=&#8221;600px&#8221; height_phone=&#8221;490px&#8221; height_last_edited=&#8221;on|phone&#8221; animation_duration=&#8221;1000ms&#8221; animation_delay=&#8221;300ms&#8221; animation_intensity_slide=&#8221;2%&#8221; animation_duration_tablet=&#8221;1000ms&#8221; animation_duration_phone=&#8221;500ms&#8221; animation_duration_last_edited=&#8221;on|phone&#8221; global_colors_info=&#8221;{}&#8221;][\/et_pb_section][et_pb_section fb_built=&#8221;1&#8243; custom_padding_last_edited=&#8221;on|phone&#8221; _builder_version=&#8221;4.19.5&#8243; _module_preset=&#8221;default&#8221; custom_padding=&#8221;8vh||8vh||true|false&#8221; custom_padding_tablet=&#8221;6vh||6vh||true|false&#8221; custom_padding_phone=&#8221;4vh||4vh||true|false&#8221; global_colors_info=&#8221;{}&#8221;][et_pb_row custom_padding_last_edited=&#8221;on|phone&#8221; _builder_version=&#8221;4.19.5&#8243; _module_preset=&#8221;default&#8221; width=&#8221;100%&#8221; width_tablet=&#8221;90%&#8221; width_phone=&#8221;90%&#8221; width_last_edited=&#8221;on|tablet&#8221; max_width=&#8221;1200px&#8221; max_width_tablet=&#8221;1200px&#8221; max_width_phone=&#8221;1200px&#8221; max_width_last_edited=&#8221;on|phone&#8221; custom_padding=&#8221;0px||||false|false&#8221; custom_padding_tablet=&#8221;0px||0px||false|false&#8221; custom_padding_phone=&#8221;0px||0px||false|false&#8221; animation_style=&#8221;slide&#8221; animation_direction=&#8221;bottom&#8221; animation_delay=&#8221;300ms&#8221; animation_intensity_slide=&#8221;2%&#8221; animation_delay_tablet=&#8221;200ms&#8221; animation_delay_phone=&#8221;100ms&#8221; animation_delay_last_edited=&#8221;on|phone&#8221; global_colors_info=&#8221;{}&#8221;][et_pb_column type=&#8221;4_4&#8243; _builder_version=&#8221;4.19.5&#8243; _module_preset=&#8221;default&#8221; global_colors_info=&#8221;{}&#8221;][et_pb_text _builder_version=&#8221;4.19.5&#8243; _module_preset=&#8221;7ea19da9-fe49-4ff8-89fe-69ba67c08c82&#8243; header_2_font=&#8221;barlow condensed bold||||||||&#8221; custom_margin=&#8221;||6vh||false|false&#8221; custom_margin_tablet=&#8221;||4vh||false|false&#8221; custom_margin_phone=&#8221;||3vh||false|false&#8221; custom_margin_last_edited=&#8221;on|phone&#8221; custom_padding=&#8221;||||false|false&#8221; animation_style=&#8221;none&#8221; text_font_size_tablet=&#8221;1.1rem&#8221; text_font_size_phone=&#8221;1rem&#8221; text_font_size_last_edited=&#8221;on|phone&#8221; header_2_font_size_tablet=&#8221;2.3rem&#8221; header_2_font_size_phone=&#8221;1.8rem&#8221; header_2_font_size_last_edited=&#8221;on|phone&#8221; header_3_font_size_tablet=&#8221;1.7rem&#8221; header_3_font_size_phone=&#8221;1.3rem&#8221; header_3_font_size_last_edited=&#8221;on|phone&#8221; inline_fonts=&#8221;Barlow Bold,barlow bold&#8221; global_colors_info=&#8221;{}&#8221;]<\/p>\n<h2><strong>Vonkaj\u0161ie - \u0161t\u00fdlov\u00e9 font\u00e1ny a materi\u00e1ly<\/strong><\/h2>\n<h3><strong><\/strong><\/h3>\n<h3><strong>Font\u00e1na ako estetick\u00fd prvok pre vonkaj\u0161ie zariadenia<\/strong><\/h3>\n<p>Vonku je \u010dasto ide\u00e1lna pr\u00edle\u017eitos\u0165 pre font\u00e1nu. \u010ci u\u017e v parku, na s\u00fakromnom pozemku alebo vo firemn\u00fdch priestoroch. \u013dudia to ber\u00fa <span style=\"font-family: 'barlow bold'; font-weight: normal;\"><strong>pozit\u00edvny vplyv font\u00e1ny<\/strong><\/span> na nej <span style=\"font-family: 'barlow bold'; font-weight: normal;\"><strong>blahobyt<\/strong><\/span> pravda a zhroma\u017edi\u0165 sa pri studni. Tam si m\u00f4\u017eu odd\u00fdchnu\u0165, odd\u00fdchnu\u0165 si a vychutna\u0165 si chladn\u00fd vzduch okolo font\u00e1ny.<\/p>\n<p>S r\u00f4znymi <span style=\"font-family: 'barlow bold'; font-weight: normal;\"><strong>povaha materi\u00e1lov<\/strong><\/span>, ako aj<span style=\"font-family: 'barlow bold'; font-weight: normal;\"> <strong>dizajn<\/strong><\/span> z\u00e1hradn\u00e9 font\u00e1ny vytv\u00e1raj\u00fa efekt\u00edvny akcent v ka\u017edej vonkaj\u0161ej oblasti. Font\u00e1ny presvitaj\u00fa<span style=\"font-family: 'barlow bold'; font-weight: normal;\"> <strong>osvetlenie <\/strong><\/span>aj v noci v jednom <span style=\"font-family: 'barlow bold'; font-weight: normal;\"><strong>jedine\u010dn\u00e1 estetika<\/strong><\/span> a ponorte svoje okolie do m\u00e4kk\u00e9ho svetla. konkr\u00e9tne v <span style=\"font-family: 'barlow bold'; font-weight: normal;\"><strong>Rak\u00fasko vyrobilo sveteln\u00fa font\u00e1nu<\/strong><\/span> vyroben\u00e9 z kvalitn\u00e9ho &quot;S\u00f6lker&quot; mramoru \u017eiaria najm\u00e4 v noci a vstupuj\u00fa do z\u00e1hrad<span style=\"font-family: 'barlow bold'; font-weight: normal;\"> <strong>dychber\u00faca atmosf\u00e9ra.<\/strong><\/span><\/p>\n<p>[\/et_pb_text][et_pb_text _builder_version=&#8221;4.19.5&#8243; _module_preset=&#8221;7ea19da9-fe49-4ff8-89fe-69ba67c08c82&#8243; custom_margin_tablet=&#8221;||4vh||false|false&#8221; custom_margin_phone=&#8221;||3vh||false|false&#8221; custom_margin_last_edited=&#8221;on|phone&#8221; animation_style=&#8221;none&#8221; text_font_size_tablet=&#8221;1.1rem&#8221; text_font_size_phone=&#8221;1rem&#8221; text_font_size_last_edited=&#8221;on|phone&#8221; header_3_font_size_tablet=&#8221;1.7rem&#8221; header_3_font_size_phone=&#8221;1.3rem&#8221; header_3_font_size_last_edited=&#8221;on|phone&#8221; inline_fonts=&#8221;Barlow Bold,barlow bold&#8221; global_colors_info=&#8221;{}&#8221;]<\/p>\n<h3><strong>Oce\u013e, pr\u00edrodn\u00e9 a drah\u00e9 kamene - u\u0161\u013eachtil\u00e9 materi\u00e1ly<\/strong><\/h3>\n<p>D\u00f4le\u017eit\u00fdm faktorom je aj materi\u00e1l pre exteri\u00e9r.<span style=\"font-family: 'barlow bold'; font-weight: normal;\"> <strong>nehrdzavej\u00faca oce\u013e <\/strong><\/span>spl\u00fdva do jedn\u00e9ho <span style=\"font-family: 'barlow bold'; font-weight: normal;\"><strong>modern\u00e9 prostredie<\/strong><\/span> \u00fa\u017easn\u00fd. Naproti tomu ponuky <span style=\"font-family: 'barlow bold'; font-weight: normal;\"><strong>kortenovej ocele <\/strong><\/span>tepl\u00e1 verzia z nehrdzavej\u00facej ocele. Cez <strong>na <span style=\"font-family: 'barlow bold'; font-weight: normal;\">\u010dervenkast\u00e1 farba<\/span><\/strong> vonkaj\u0161ia vrstva hrdze, materi\u00e1l p\u00f4sob\u00ed teplej\u0161ie a mo\u017eno ho \u013eah\u0161ie \u010disti\u0165 <span style=\"font-family: 'barlow bold'; font-weight: normal;\"><strong>pr\u00edrodn\u00fd \u0161t\u00fdl<\/strong> <\/span>by\u0165 kombinovan\u00e9.<\/p>\n<p>Ako pr\u00edrodn\u00fd kame\u0148 m\u00f4\u017eeme <span style=\"font-family: 'barlow bold'; font-weight: normal;\"><strong>Pieskovec, \u017eula a in\u00e9 pr\u00edrodn\u00e9 kamene<\/strong><\/span> pon\u00faknu\u0165. Tieto s\u00fa vhodn\u00e9 najm\u00e4 pre... <span style=\"font-family: 'barlow bold'; font-weight: normal;\"><strong>Stredomorsk\u00fd a staro\u017eitn\u00fd \u0161t\u00fdl<\/strong><\/span>. Av\u0161ak aj s t\u00fdm <span style=\"font-family: 'barlow bold'; font-weight: normal;\"><strong>Font\u00e1na Sourcestone<\/strong><\/span> vyroben\u00e9. Zdrojov\u00fd kame\u0148 je pr\u00edrodn\u00fd kame\u0148, ktor\u00fd m\u00e1 a <span style=\"font-family: 'barlow bold';\"><strong>vertik\u00e1lne v\u0155tanie<\/strong><\/span> je k dispoz\u00edcii. Na\u0161a spolo\u010dnos\u0165 dod\u00e1va aj pr\u00edrodn\u00e9 kamene, ako s\u00fa pieskovce v <strong>v\u00e4\u010d\u0161ie mno\u017estv\u00e1<\/strong> na \u010fal\u0161ie vlastn\u00e9 spracovanie alebo na \u010fal\u0161\u00ed predaj.<\/p>\n<p>[\/et_pb_text][\/et_pb_column][\/et_pb_row][et_pb_row custom_padding_last_edited=&#8221;on|phone&#8221; _builder_version=&#8221;4.19.5&#8243; _module_preset=&#8221;default&#8221; width=&#8221;100%&#8221; width_tablet=&#8221;90%&#8221; width_phone=&#8221;90%&#8221; width_last_edited=&#8221;on|tablet&#8221; max_width=&#8221;1200px&#8221; custom_padding=&#8221;||0px||false|false&#8221; custom_padding_tablet=&#8221;0px||0px||false|false&#8221; custom_padding_phone=&#8221;0px||0px||false|false&#8221; animation_style=&#8221;slide&#8221; animation_direction=&#8221;bottom&#8221; animation_delay=&#8221;300ms&#8221; animation_intensity_slide=&#8221;2%&#8221; animation_duration_tablet=&#8221;1000ms&#8221; animation_duration_phone=&#8221;0ms&#8221; animation_duration_last_edited=&#8221;on|phone&#8221; animation_delay_tablet=&#8221;100ms&#8221; animation_delay_phone=&#8221;0ms&#8221; animation_delay_last_edited=&#8221;on|phone&#8221; global_colors_info=&#8221;{}&#8221;][et_pb_column type=&#8221;4_4&#8243; _builder_version=&#8221;4.19.5&#8243; _module_preset=&#8221;default&#8221; global_colors_info=&#8221;{}&#8221;][et_pb_text _builder_version=&#8221;4.19.5&#8243; _module_preset=&#8221;7ea19da9-fe49-4ff8-89fe-69ba67c08c82&#8243; animation_style=&#8221;none&#8221; text_font_size_tablet=&#8221;1.1rem&#8221; text_font_size_phone=&#8221;1rem&#8221; text_font_size_last_edited=&#8221;on|phone&#8221; header_3_font_size_tablet=&#8221;1.7rem&#8221; header_3_font_size_phone=&#8221;1.3rem&#8221; header_3_font_size_last_edited=&#8221;on|phone&#8221; inline_fonts=&#8221;Barlow Bold,barlow bold&#8221; global_colors_info=&#8221;{}&#8221;]<\/p>\n<h3>Na\u0161a ponuka pre v\u00e1s<\/h3>\n<p>Chceli by ste zaradi\u0165 na\u0161e produkty do svojho sortimentu? M\u00e1te kreat\u00edvne n\u00e1vrhy a n\u00e1pady pre svoj vlastn\u00fd sortiment?<br \/>Pon\u00fakame v\u00e1m mo\u017enos\u0165 <span style=\"font-family: 'barlow bold';\"><strong>kvalitat\u00edvne obchodn\u00e9 partnerstvo.<\/strong><\/span><\/p>\n<p>[\/et_pb_text][et_pb_button button_text=&#8221;Jetzt Vertriebspartner werden!&#8221; _builder_version=&#8221;4.19.5&#8243; _module_preset=&#8221;aa163f75-f00b-419a-aa44-e001467aabec&#8221; custom_margin=&#8221;2vh||2vh|0px|true|false&#8221; custom_margin_phone=&#8221;|||0vw|false|false&#8221; button_text_size_phone=&#8221;1.1em&#8221; global_colors_info=&#8221;{}&#8221; button_border_color__hover=&#8221;&#8221; button_border_color__hover_enabled=&#8221;on|desktop&#8221;][\/et_pb_button][et_pb_text _builder_version=&#8221;4.19.5&#8243; _module_preset=&#8221;default&#8221; text_font_size=&#8221;1.3rem&#8221; text_line_height=&#8221;1.72em&#8221; link_text_color=&#8221;#00AFEF&#8221; text_font_size_tablet=&#8221;1.1rem&#8221; text_font_size_phone=&#8221;1rem&#8221; text_font_size_last_edited=&#8221;on|phone&#8221; global_colors_info=&#8221;{}&#8221; link_text_color__hover_enabled=&#8221;on|hover&#8221; link_text_color__hover=&#8221;#244F8A&#8221;]<\/p>\n<p>Okrem toho sa m\u00f4\u017eete dozvedie\u0165 o <a href=\"https:\/\/www.aquadivo.com\/sk\/vyvoj-produktov\/\">v\u00fdvoj produktov <\/a>a <a href=\"https:\/\/www.aquadivo.com\/sk\/vyvoj-produktov\/\">vyroben\u00e9 na mieru<\/a> informova\u0165.<\/p>\n<p>[\/et_pb_text][\/et_pb_column][\/et_pb_row][\/et_pb_section][et_pb_section fb_built=&#8221;1&#8243; admin_label=&#8221;button_vertrieb&#8221; _builder_version=&#8221;4.19.5&#8243; _module_preset=&#8221;default&#8221; custom_padding=&#8221;0px||0px||false|false&#8221; global_colors_info=&#8221;{}&#8221;][et_pb_row _builder_version=&#8221;4.19.5&#8243; _module_preset=&#8221;default&#8221; width=&#8221;100%&#8221; max_width=&#8221;100%&#8221; custom_padding=&#8221;0px||0px||false|false&#8221; global_colors_info=&#8221;{}&#8221;][et_pb_column type=&#8221;4_4&#8243; _builder_version=&#8221;4.19.5&#8243; _module_preset=&#8221;default&#8221; global_colors_info=&#8221;{}&#8221;][et_pb_button button_url=&#8221;@ET-DC@eyJkeW5hbWljIjp0cnVlLCJjb250ZW50IjoicG9zdF9saW5rX3VybF9wYWdlIiwic2V0dGluZ3MiOnsicG9zdF9pZCI6IjQ0In19@&#8221; button_text=&#8221;Vertriebspartner werden&#8221; button_alignment=&#8221;right&#8221; _builder_version=&#8221;4.19.5&#8243; _dynamic_attributes=&#8221;button_url&#8221; _module_preset=&#8221;aa163f75-f00b-419a-aa44-e001467aabec&#8221; positioning=&#8221;fixed&#8221; position_origin_f=&#8221;bottom_right&#8221; vertical_offset=&#8221;10px&#8221; horizontal_offset=&#8221;10px&#8221; z_index=&#8221;9998&#8243; global_colors_info=&#8221;{}&#8221;][\/et_pb_button][\/et_pb_column][\/et_pb_row][\/et_pb_section]<\/p>","protected":false},"excerpt":{"rendered":"<p>Outdoor \u2013 stilvolle Brunnen und Materialien Brunnen als \u00e4sthetisches Element f\u00fcr Au\u00dfenanlagen Im Au\u00dfenbereich bietet sich oftmals die perfekte Gelegenheit f\u00fcr einen Brunnen. Ob im Park, auf einem Privatgrundst\u00fcck oder auf einem Firmengel\u00e4nde. Die Menschen nehmen den positiven Einfluss des Brunnens auf ihr Wohlbefinden wahr und sammeln sich in der N\u00e4he des Brunnens. Dort k\u00f6nnen [&hellip;]<\/p>","protected":false},"author":1,"featured_media":0,"parent":0,"menu_order":0,"comment_status":"closed","ping_status":"closed","template":"","meta":{"_et_pb_use_builder":"on","_et_pb_old_content":"<!-- wp:divi\/placeholder \/-->","_et_gb_content_width":"","footnotes":""},"class_list":["post-38","page","type-page","status-publish","hentry"],"_links":{"self":[{"href":"https:\/\/www.aquadivo.com\/sk\/wp-json\/wp\/v2\/pages\/38","targetHints":{"allow":["GET"]}}],"collection":[{"href":"https:\/\/www.aquadivo.com\/sk\/wp-json\/wp\/v2\/pages"}],"about":[{"href":"https:\/\/www.aquadivo.com\/sk\/wp-json\/wp\/v2\/types\/page"}],"author":[{"embeddable":true,"href":"https:\/\/www.aquadivo.com\/sk\/wp-json\/wp\/v2\/users\/1"}],"replies":[{"embeddable":true,"href":"https:\/\/www.aquadivo.com\/sk\/wp-json\/wp\/v2\/comments?post=38"}],"version-history":[{"count":0,"href":"https:\/\/www.aquadivo.com\/sk\/wp-json\/wp\/v2\/pages\/38\/revisions"}],"wp:attachment":[{"href":"https:\/\/www.aquadivo.com\/sk\/wp-json\/wp\/v2\/media?parent=38"}],"curies":[{"name":"wp","href":"https:\/\/api.w.org\/{rel}","templated":true}]}}