{"id":44,"date":"2023-02-20T15:21:33","date_gmt":"2023-02-20T15:21:33","guid":{"rendered":"https:\/\/www.aquadivo.com\/?page_id=44"},"modified":"2023-03-30T00:24:19","modified_gmt":"2023-03-29T23:24:19","slug":"vertriebspartner-werden","status":"publish","type":"page","link":"https:\/\/www.aquadivo.com\/sk\/stat-sa-obchodnym-partnerom\/","title":{"rendered":"sta\u0165 sa obchodn\u00fdm partnerom"},"content":{"rendered":"<p>[et_pb_section fb_built=&#8221;1&#8243; _builder_version=&#8221;4.19.5&#8243; _module_preset=&#8221;1b58ed5b-6370-4c81-9ae9-39a9863c86e3&#8243; background_image=&#8221;https:\/\/www.aquadivo.com\/wp-content\/uploads\/2023\/03\/gartenbrunnen-startseite-banner-edelstahl.jpg&#8221; parallax=&#8221;off&#8221; height_tablet=&#8221;600px&#8221; height_phone=&#8221;490px&#8221; height_last_edited=&#8221;on|phone&#8221; animation_duration=&#8221;1000ms&#8221; animation_delay=&#8221;300ms&#8221; animation_intensity_slide=&#8221;2%&#8221; animation_duration_tablet=&#8221;&#8221; animation_duration_phone=&#8221;500ms&#8221; animation_duration_last_edited=&#8221;on|phone&#8221; global_colors_info=&#8221;{}&#8221;][\/et_pb_section][et_pb_section fb_built=&#8221;1&#8243; custom_padding_last_edited=&#8221;on|phone&#8221; _builder_version=&#8221;4.19.5&#8243; _module_preset=&#8221;default&#8221; custom_padding=&#8221;8vh||8vh||true|false&#8221; custom_padding_tablet=&#8221;6vh||6vh||true|false&#8221; custom_padding_phone=&#8221;4vh||4vh||true|false&#8221; animation_style=&#8221;slide&#8221; animation_direction=&#8221;bottom&#8221; animation_delay=&#8221;300ms&#8221; animation_intensity_slide=&#8221;2%&#8221; global_colors_info=&#8221;{}&#8221;][et_pb_row custom_padding_last_edited=&#8221;on|phone&#8221; _builder_version=&#8221;4.19.5&#8243; _module_preset=&#8221;default&#8221; width=&#8221;95%&#8221; width_tablet=&#8221;90%&#8221; width_phone=&#8221;90%&#8221; width_last_edited=&#8221;on|desktop&#8221; max_width=&#8221;1200px&#8221; custom_padding=&#8221;0px||||false|false&#8221; custom_padding_tablet=&#8221;0px||0px||false|false&#8221; custom_padding_phone=&#8221;0px||0px||true|false&#8221; animation_direction=&#8221;bottom&#8221; animation_direction_tablet=&#8221;bottom&#8221; animation_direction_phone=&#8221;bottom&#8221; animation_direction_last_edited=&#8221;on|phone&#8221; animation_delay_tablet=&#8221;500ms&#8221; animation_delay_phone=&#8221;200ms&#8221; animation_delay_last_edited=&#8221;on|phone&#8221; animation_intensity_slide_tablet=&#8221;2%&#8221; animation_intensity_slide_phone=&#8221;2%&#8221; animation_intensity_slide_last_edited=&#8221;on|desktop&#8221; global_colors_info=&#8221;{}&#8221;][et_pb_column type=&#8221;4_4&#8243; _builder_version=&#8221;4.19.5&#8243; _module_preset=&#8221;default&#8221; global_colors_info=&#8221;{}&#8221;][et_pb_text _builder_version=&#8221;4.19.5&#8243; _module_preset=&#8221;7ea19da9-fe49-4ff8-89fe-69ba67c08c82&#8243; ol_font_size=&#8221;1.3rem&#8221; ol_line_height=&#8221;1.7rem&#8221; header_2_font=&#8221;||||||||&#8221; header_2_line_height=&#8221;1.3em&#8221; custom_margin=&#8221;||3vh||false|false&#8221; custom_margin_tablet=&#8221;||2vh||false|false&#8221; custom_margin_phone=&#8221;||0vh||false|false&#8221; custom_margin_last_edited=&#8221;on|phone&#8221; animation_style=&#8221;none&#8221; animation_direction=&#8221;bottom&#8221; text_font_size_tablet=&#8221;1.1rem&#8221; text_font_size_phone=&#8221;1rem&#8221; text_font_size_last_edited=&#8221;on|desktop&#8221; ol_font_size_tablet=&#8221;1.1rem&#8221; ol_font_size_phone=&#8221;1rem&#8221; ol_font_size_last_edited=&#8221;on|phone&#8221; header_2_font_size_tablet=&#8221;2.3rem&#8221; header_2_font_size_phone=&#8221;1.8rem&#8221; header_2_font_size_last_edited=&#8221;on|phone&#8221; inline_fonts=&#8221;Barlow Bold,barlow bold&#8221; global_colors_info=&#8221;{}&#8221;]<\/p>\n<h2><strong><\/strong><\/h2>\n<h2><strong>sta\u0165 sa obchodn\u00fdm partnerom<\/strong><\/h2>\n<p>M\u00e1te z\u00e1ujem o obchodn\u00e9 partnerstvo? Radi V\u00e1s priv\u00edtame osobne.<\/p>\n<p>Aby sme v\u00e1s trochu lep\u0161ie spoznali, \u017eiadame v\u00e1s <a href=\"\/sk\/wp_aquadivo\/nainstalovat-teraz\/\">registra\u010dn\u00fd formul\u00e1r<\/a> aby predajcovia alebo obchodn\u00ed partneri vyplnili \u010do naj\u00faplnej\u0161ie. Zv\u00e1\u017ete na\u0161e z\u00e1sady ochrany osobn\u00fdch \u00fadajov.<\/p>\n<p>Radi spolupracujeme s partnermi, ktor\u00ed s\u00fa nad\u0161en\u00ed a oddan\u00ed svojim predajn\u00fdm a marketingov\u00fdm aktivit\u00e1m. V ka\u017edom pr\u00edpade od n\u00e1s dostanete kompetentn\u00e9 poradenstvo a z\u00e1kazn\u00edcku podporu, ktor\u00e1 vych\u00e1dza z po\u017eiadaviek pr\u00edslu\u0161nej spolo\u010dnosti.<\/p>\n<p>Bez oh\u013eadu na to, \u010di ste mikropodnikate\u013e, stredn\u00e1 firma alebo n\u00e1kupca z obchodn\u00e9ho re\u0165azca, m\u00e1me lukrat\u00edvnu ponuku pre ka\u017ed\u00fa ve\u013ekos\u0165 spolo\u010dnosti.<\/p>\n<p>Tento proces ukazuje, ako je to mo\u017en\u00e9 <span style=\"font-family: 'barlow bold'; font-weight: normal;\"><strong>N\u00e1\u0161 obchodn\u00fd partner <\/strong><\/span>do<span style=\"font-family: 'barlow bold'; font-weight: normal;\"><strong> sta\u0165 sa<\/strong><\/span>:<\/p>\n<ol>\n<li>Prihl\u00e1ste sa na Aquadivo.com.<\/li>\n<li>Po\u010das pod\u00e1vania \u017eiadosti nahrajte svoju \u017eivnostensk\u00fa licenciu<\/li>\n<li>Toto skontrolujeme my<\/li>\n<li>\u00davodn\u00e1 diskusia v r\u00e1mci partnerskej spolupr\u00e1ce<\/li>\n<li>Po overen\u00ed bude v\u00e1\u0161 \u00fa\u010det aktivovan\u00fd<\/li>\n<li>V oblasti s\u0165ahovania si potom m\u00f4\u017eete stiahnu\u0165 produkty a cenn\u00edky<\/li>\n<\/ol>\n<p>&nbsp;<\/p>\n<p>Ste na jednom? <span style=\"font-family: 'barlow bold'; font-weight: normal;\"><strong>Z\u00e1ujem o predajn\u00e9 partnerstvo<\/strong><\/span>?<\/p>\n<p>[\/et_pb_text][et_pb_button button_url=&#8221;@ET-DC@eyJkeW5hbWljIjp0cnVlLCJjb250ZW50IjoicG9zdF9saW5rX3VybF9wYWdlIiwic2V0dGluZ3MiOnsicG9zdF9pZCI6IjE4ODkifX0=@&#8221; button_text=&#8221;Jetzt bewerben!&#8221; _builder_version=&#8221;4.19.5&#8243; _dynamic_attributes=&#8221;button_url&#8221; _module_preset=&#8221;aa163f75-f00b-419a-aa44-e001467aabec&#8221; custom_margin=&#8221;||6vh|0px|false|false&#8221; custom_margin_tablet=&#8221;||4vh|0px|false|false&#8221; custom_margin_phone=&#8221;2vh||3vh|0vw|false|false&#8221; button_text_size_phone=&#8221;1.1em&#8221; global_colors_info=&#8221;{}&#8221;][\/et_pb_button][et_pb_text _builder_version=&#8221;4.19.5&#8243; _module_preset=&#8221;7ea19da9-fe49-4ff8-89fe-69ba67c08c82&#8243; header_2_line_height=&#8221;1.3em&#8221; custom_margin_tablet=&#8221;&#8221; custom_margin_phone=&#8221;||0vh||false|false&#8221; custom_margin_last_edited=&#8221;on|phone&#8221; animation_style=&#8221;none&#8221; animation_direction=&#8221;bottom&#8221; text_font_size_tablet=&#8221;1.1rem&#8221; text_font_size_phone=&#8221;1rem&#8221; text_font_size_last_edited=&#8221;on|desktop&#8221; header_3_font_size_tablet=&#8221;1.7rem&#8221; header_3_font_size_phone=&#8221;1.3rem&#8221; header_3_font_size_last_edited=&#8221;on|phone&#8221; animation_delay_tablet=&#8221;&#8221; animation_delay_phone=&#8221;200ms&#8221; animation_delay_last_edited=&#8221;on|phone&#8221; inline_fonts=&#8221;Barlow Bold,barlow bold&#8221; global_colors_info=&#8221;{}&#8221;]<\/p>\n<h3><strong>dropshipping<\/strong><\/h3>\n<p>Pon\u00fakame v r\u00e1mci <span style=\"font-family: 'barlow bold'; font-weight: normal;\"><strong>akt\u00edvne \u010dlensk\u00e9 \u0161t\u00e1ty Eur\u00f3pskej \u00fanie<\/strong><\/span> dropshipping na. Pri tomto sp\u00f4sobe dopravy na\u0161i obchodn\u00ed partneri prezentuj\u00fa vybran\u00e9 produkty z n\u00e1\u0161ho sortimentu vo svojom internetovom obchode.<\/p>\n<p>Ak sa potom tak\u00fdto produkt zak\u00fapi, objedn\u00e1vka bude ma\u0165 formu a <span style=\"font-family: 'barlow bold'; font-weight: normal;\"><strong>dodac\u00ed list<\/strong><\/span> preposlan\u00e9 n\u00e1m. Ak produkt e\u0161te nie je dostupn\u00fd na sklade, potom sa vyrob\u00ed a zabal\u00ed. Nakoniec bal\u00edk vyzdvihne a doru\u010d\u00ed \u0161ped\u00edcia n\u00e1\u0161ho obchodn\u00e9ho partnera. Pre na\u0161ich obchodn\u00fdch partnerov z toho vypl\u00fdva v\u00fdhoda, \u017ee oni <span style=\"font-family: 'barlow bold';\"><strong>\u017eiadny invent\u00e1r<\/strong><\/span> vy\u017eadova\u0165.<\/p>\n<p>[\/et_pb_text][\/et_pb_column][\/et_pb_row][\/et_pb_section]<\/p>","protected":false},"excerpt":{"rendered":"<p>Vertriebspartner werden Sie sind an einer Vertriebspartnerschaft interessiert? Wir freuen uns Sie pers\u00f6nlich begr\u00fc\u00dfen zu d\u00fcrfen. Um Sie ein wenig besser kennenzulernen, bitten wir Sie, das Anmeldeformular f\u00fcr Vertriebspartner bzw. Handelspartner m\u00f6glichst vollst\u00e4ndig auszuf\u00fcllen. Bitte ber\u00fccksichtigen Sie unsere Datenschutzhinweise. Wir arbeiten gerne mit Partnern zusammen, die Ihren Vertriebs- und Marketingt\u00e4tigkeiten mit Enthusiasmus und Engagement nachgehen. [&hellip;]<\/p>","protected":false},"author":1,"featured_media":0,"parent":0,"menu_order":0,"comment_status":"closed","ping_status":"closed","template":"","meta":{"_et_pb_use_builder":"on","_et_pb_old_content":"<!-- wp:divi\/placeholder \/-->","_et_gb_content_width":"","footnotes":""},"class_list":["post-44","page","type-page","status-publish","hentry"],"_links":{"self":[{"href":"https:\/\/www.aquadivo.com\/sk\/wp-json\/wp\/v2\/pages\/44","targetHints":{"allow":["GET"]}}],"collection":[{"href":"https:\/\/www.aquadivo.com\/sk\/wp-json\/wp\/v2\/pages"}],"about":[{"href":"https:\/\/www.aquadivo.com\/sk\/wp-json\/wp\/v2\/types\/page"}],"author":[{"embeddable":true,"href":"https:\/\/www.aquadivo.com\/sk\/wp-json\/wp\/v2\/users\/1"}],"replies":[{"embeddable":true,"href":"https:\/\/www.aquadivo.com\/sk\/wp-json\/wp\/v2\/comments?post=44"}],"version-history":[{"count":0,"href":"https:\/\/www.aquadivo.com\/sk\/wp-json\/wp\/v2\/pages\/44\/revisions"}],"wp:attachment":[{"href":"https:\/\/www.aquadivo.com\/sk\/wp-json\/wp\/v2\/media?parent=44"}],"curies":[{"name":"wp","href":"https:\/\/api.w.org\/{rel}","templated":true}]}}